{"id":1190,"date":"2014-08-07T14:41:36","date_gmt":"2014-08-07T14:41:36","guid":{"rendered":"http:\/\/odk-ergon.pl\/?page_id=1190"},"modified":"2023-03-24T22:48:16","modified_gmt":"2023-03-24T21:48:16","slug":"ausbildung-ohs-warschau","status":"publish","type":"page","link":"https:\/\/odk-ergon.pl\/de\/szkolenia\/szkolenia-bhp-warszawa\/","title":{"rendered":"Sicherheitstraining"},"content":{"rendered":"<div style=\"float: left; padding-right: 10px;\"><img decoding=\"async\" src=\"\/wp-content\/uploads\/2014\/08\/bezp-praca_m.jpg\" alt=\"\" \/><\/div>\n<div class=\"wyjustuj\">\n<p>Im ERGON Personalschulungszentrum f\u00fchren wir Gesundheits- und Sicherheitsschulungen f\u00fcr Arbeitnehmer und Arbeitgeber durch. Wir bieten Erst- und regelm\u00e4\u00dfige Gesundheits- und Sicherheitsschulungen f\u00fcr alle Arbeitspl\u00e4tze an. Wenn Sie also umfassende Unterst\u00fctzung ben\u00f6tigen, stehen wir Ihnen zur Verf\u00fcgung. Wir lehren \u00fcber den Tellerrand hinaus und legen Wert auf die aktive Aneignung von Wissen durch die Teilnehmer, weshalb unsere Kurse vor der ersten Arbeitsaufnahme und danach regelm\u00e4\u00dfig zu Arbeitssicherheit und Gesundheitsschutz sehr effektiv sind und die Zufriedenheit der Unternehmen genie\u00dfen! Bei Arbeitsschutzschulungen f\u00fcr Mitarbeiter erhalten diese Informationen zu m\u00f6glichen Gefahren am Arbeitsplatz und Methoden zu deren Beseitigung sowie zu allgemeinen Grunds\u00e4tzen des Arbeits- und Gesundheitsschutzes. Wir f\u00fchren auch Gesundheits- und Sicherheitsschulungen f\u00fcr Arbeitgeber und F\u00fchrungskr\u00e4fte durch.<\/p>\n<h2><strong>Termine und G\u00fcltigkeit der Ausbildung<\/strong><\/h2>\n<h3><strong>Erstes OHS-Training:<\/strong><\/h3>\n<ul>\n<li>bestimmt f\u00fcr neu eingestellte Mitarbeiter in Verwaltungs- und B\u00fcro-, Ingenieur- und technischen Arbeiterpositionen - die G\u00fcltigkeitsdauer betr\u00e4gt 1 Jahr<\/li>\n<li>bestimmt f\u00fcr Neueinstellungen von leitenden Angestellten, d.h. f\u00fcr eine F\u00fchrungsposition - die G\u00fcltigkeitsdauer betr\u00e4gt 6 Monate<\/li>\n<\/ul>\n<h3><strong>Regelm\u00e4\u00dfige Gesundheits- und Sicherheitsschulungen:<\/strong><\/h3>\n<ul>\n<li>bestimmt f\u00fcr Personen, die in Arbeiter- und Ingenieurs-, technischen und leitenden Positionen arbeiten und besonders gef\u00e4hrliche Arbeiten ausf\u00fchren - das Verfallsdatum betr\u00e4gt 1 Jahr oder 6 Monate, je nach Gef\u00e4hrdung und Berufsrisiko<\/li>\n<li>bestimmt f\u00fcr Arbeiter in Arbeiterpositionen - die G\u00fcltigkeitsdauer betr\u00e4gt 3 Jahre<\/li>\n<li>bestimmt f\u00fcr Arbeitgeber und leitende Angestellte - die G\u00fcltigkeitsdauer betr\u00e4gt 5 Jahre<\/li>\n<li>bestimmt f\u00fcr Mitarbeiter in Ingenieur- und technischen Berufen - die G\u00fcltigkeitsdauer betr\u00e4gt 5 Jahre<\/li>\n<li>bestimmt f\u00fcr Mitarbeiter in Verwaltungs- und B\u00fcrot\u00e4tigkeiten - die G\u00fcltigkeitsdauer betr\u00e4gt 6 Jahre<\/li>\n<li>bestimmt f\u00fcr Besch\u00e4ftigte des Arbeitsschutzdienstes - die ersten 12 Monate nach Abschluss, danach alle 5 Jahre<\/li>\n<\/ul>\n<p>Gem\u00e4\u00df \u00a7 14, 15 der Verordnung des Ministers f\u00fcr Wirtschaft und Arbeit vom 27. Juli 2004 \u00fcber die Ausbildung auf dem Gebiet des Arbeitsschutzes (Gesetzblatt Nr. 180 Pos. 1860 in der jeweils geltenden Fassung).<\/p>\n<h3><strong>Eine moderne Form des Dirigierens von Unterricht<\/strong><\/h3>\n<p>Jede periodische Arbeitsschutz- und Einf\u00fchrungsschulung in unserem Zentrum wird gesetzeskonform durchgef\u00fchrt und zeichnet sich durch eine attraktive Form der Unterrichtsf\u00fchrung aus. Anstelle von langen Vortr\u00e4gen f\u00fchren wir Kurse durch, die auf die Aktivierung der Teilnehmer und ihre dynamische Beteiligung am Wissenserwerb im Bereich Gesundheit und Sicherheit abzielen und damit viel besser etabliert sind als bei traditionellen Lehrmethoden. Aus diesem Grund wird unser Angebot so oft von Arbeitgebern gew\u00e4hlt, denen die maximale Sicherheit ihrer Mitarbeiter wichtig ist, insbesondere in Positionen, in denen sie ernsthaften Bedrohungen ausgesetzt sind.<\/p>\n<h3><strong>Thema, Ort und Zeit abgestimmt auf Ihre Bed\u00fcrfnisse<\/strong><\/h3>\n<p>Im Bereich Arbeitsschutz f\u00fchren wir Schulungen in unserem Zentrum in der Stadt Warschau durch \u2013 wir haben umfassend vorbereitete H\u00f6rs\u00e4le, erreichen aber auch Kunden in der Woiwodschaft Masowien und in ganz Polen.<\/p>\n<p>Offener Unterricht findet t\u00e4glich nach Stundenplan statt. Zum anderen werden geschlossene Arbeitsschutzschulungen zu kundenfreundlichen Zeiten organisiert, die thematisch individuell auf Ihre Bed\u00fcrfnisse zugeschnitten werden k\u00f6nnen, beispielsweise die Besonderheiten der Positionen der Mitarbeiter.<\/p>\n<p>Wir zeichnen uns durch einen attraktiven Kurspreis aus. Wenn Sie also regelm\u00e4\u00dfige Arbeitsschutz- oder Einf\u00fchrungsschulungen in Auftrag geben m\u00f6chten, m\u00fcssen Sie dank uns nicht zu viel bezahlen. Unser <a href=\"https:\/\/odk-ergon.pl\/de\/cennik\/\">Preisliste<\/a> Es wird nicht im Voraus auferlegt, daher k\u00f6nnen wir f\u00fcr gr\u00f6\u00dfere Gruppen attraktive Rabatte anbieten. Wenn Sie daran interessiert sind, unsere Dienstleistungen in Anspruch zu nehmen, kontaktieren Sie uns bitte, um die Details zu besprechen - unsere Mitarbeiter erstellen Ihnen ein detailliertes Angebot.<\/p>\n<p><a href=\"https:\/\/odk-ergon.pl\/de\/o-firmie\/\">ERGON Personalschulungszentrum<\/a> - OHS-Schulung in Warschau - wir laden Sie ein, unser Angebot zu w\u00e4hlen!<\/p>\n<\/div>","protected":false},"excerpt":{"rendered":"<p>W O\u015brodku Doskonalenia Kadr ERGON powadzimy szkolenia BHP dla pracownik\u00f3w oraz dla pracodawc\u00f3w. Realizujemy wst\u0119pne i okresowe szkolenie BHP na wszystkie stanowiska pracy, dlatego je\u017celi Potrzebuj\u0105 Pa\u0144stwo kompleksowego wsparcia, jeste\u015bmy do dyspozycji. Uczymy nieszablonowo i k\u0142adziemy nacisk na aktywne zdobywanie wiedzy przez uczestnik\u00f3w, dlatego nasze zaj\u0119cia wyr\u00f3\u017cniaj\u0105 si\u0119 wysok\u0105 skuteczno\u015bci\u0105 i ciesz\u0105 si\u0119 zadowoleniem w\u015br\u00f3d firm!Przypominamy, \u017ce zgodnie z przepisami Unii Europejskiej ka\u017cdy pracodawca ma obowi\u0105zek przeprowadzi\u0107 kurs BHP dla swoich pracownik\u00f3w, aby przekaza\u0107 im kluczow\u0105 wiedz\u0119 na temat bezpiecze\u0144stwa i higieny pracy przed pierwszym rozpocz\u0119ciem pracy, a nast\u0119pnie okresowo. Podczas szkolenia BHP dla pracownik\u00f3w otrzymuj\u0105 oni informacje dotycz\u0105ce mo\u017cliwych zagro\u017ce\u0144 na stanowisku pracy oraz sposob\u00f3w ich eliminowania, a tak\u017ce og\u00f3lnych zasad bezpiecze\u0144stwa i higieny pracy. Tak\u017ce prowadzimy szkolenia BHP dla pracodawc\u00f3w i os\u00f3b kieruj\u0105cych pracownikami. Terminy i wa\u017cno\u015bci szkole\u0144 Szkolenie BHP wst\u0119pne: przeznaczone dla pracownik\u00f3w nowozatrudnionych na stanowiskach administracyjno-biurowych, in\u017cynieryjno-technicznych, robotniczych \u2013 termin wa\u017cno\u015bci to 1 rok przeznaczone dla os\u00f3b nowozatrudnionych kieruj\u0105cych pracownikami, czyli na stanowisko kierownicze \u2013 termin wa\u017cno\u015bci to 6 miesi\u0119cy Szkolenie BHP okresowe: przeznaczone dla os\u00f3b pracuj\u0105cych na stanowiskach robotniczo-in\u017cynieryjnych, technicznych i kierowniczych, wykonuj\u0105cych prace szczeg\u00f3lnie niebezpieczne \u2013 termin wa\u017cno\u015bci to 1 rok lub 6 miesi\u0119cy zale\u017cnie od zagro\u017ce\u0144 i ryzyka zawodowego przeznaczone dla pracownik\u00f3w na stanowiskach robotniczych \u2013 termin wa\u017cno\u015bci to 3 lata przeznaczone dla pracodawc\u00f3w i os\u00f3b kieruj\u0105cych pracownikami \u2013 termin wa\u017cno\u015bci to 5 lat przeznaczone dla pracownik\u00f3w na stanowiskach in\u017cynieryjno-technicznych \u2013 termin wa\u017cno\u015bci to 5 lat przeznaczone dla pracownik\u00f3w zatrudnionych na stanowiskach administracyjno-biurowych \u2013 termin wa\u017cno\u015bci to 6 lat przeznaczone dla pracownik\u00f3w s\u0142u\u017cby Bezpiecze\u0144stwa i Higieny Pracy \u2013 [&hellip;]<\/p>\n","protected":false},"author":1,"featured_media":1424,"parent":65,"menu_order":0,"comment_status":"closed","ping_status":"closed","template":"page-templates\/template-podkategorie.php","meta":{"sfsi_plus_gutenberg_text_before_share":"","sfsi_plus_gutenberg_show_text_before_share":"","sfsi_plus_gutenberg_icon_type":"","sfsi_plus_gutenberg_icon_alignemt":"","sfsi_plus_gutenburg_max_per_row":"","footnotes":""},"class_list":["post-1190","page","type-page","status-publish","has-post-thumbnail","hentry","has_thumb"],"aioseo_notices":[],"_links":{"self":[{"href":"https:\/\/odk-ergon.pl\/de\/wp-json\/wp\/v2\/pages\/1190","targetHints":{"allow":["GET"]}}],"collection":[{"href":"https:\/\/odk-ergon.pl\/de\/wp-json\/wp\/v2\/pages"}],"about":[{"href":"https:\/\/odk-ergon.pl\/de\/wp-json\/wp\/v2\/types\/page"}],"author":[{"embeddable":true,"href":"https:\/\/odk-ergon.pl\/de\/wp-json\/wp\/v2\/users\/1"}],"replies":[{"embeddable":true,"href":"https:\/\/odk-ergon.pl\/de\/wp-json\/wp\/v2\/comments?post=1190"}],"version-history":[{"count":8,"href":"https:\/\/odk-ergon.pl\/de\/wp-json\/wp\/v2\/pages\/1190\/revisions"}],"predecessor-version":[{"id":1919,"href":"https:\/\/odk-ergon.pl\/de\/wp-json\/wp\/v2\/pages\/1190\/revisions\/1919"}],"up":[{"embeddable":true,"href":"https:\/\/odk-ergon.pl\/de\/wp-json\/wp\/v2\/pages\/65"}],"wp:featuredmedia":[{"embeddable":true,"href":"https:\/\/odk-ergon.pl\/de\/wp-json\/wp\/v2\/media\/1424"}],"wp:attachment":[{"href":"https:\/\/odk-ergon.pl\/de\/wp-json\/wp\/v2\/media?parent=1190"}],"curies":[{"name":"wp","href":"https:\/\/api.w.org\/{rel}","templated":true}]}}