{"id":1195,"date":"2014-08-07T14:55:40","date_gmt":"2014-08-07T14:55:40","guid":{"rendered":"http:\/\/odk-ergon.pl\/?page_id=1195"},"modified":"2014-08-10T18:25:31","modified_gmt":"2014-08-10T18:25:31","slug":"bhp-service","status":"publish","type":"page","link":"https:\/\/odk-ergon.pl\/de\/uslugi-bhp\/obsluga-bhp\/","title":{"rendered":"Gesundheits- und Sicherheitsdienst"},"content":{"rendered":"<div class=\"wyjustuj\">Gem\u00e4\u00df dem Gesetz muss jeder Unternehmer seinen Mitarbeitern und sich selbst angemessene Bedingungen am Arbeitsplatz gem\u00e4\u00df den Anforderungen des Arbeitsschutzes bieten, da die Mitarbeiterschulung und die Erstellung von Anweisungen die Gefahr von Arbeitsunf\u00e4llen verringern. Das Arbeitsgesetzbuch weist darauf hin, dass diese Dienstleistungen Fachleuten von au\u00dferhalb des Arbeitsplatzes anvertraut werden k\u00f6nnen. Im ERGON Personalschulungszentrum bieten wir Ihnen umfassende Gesundheits- und Sicherheitsdienstleistungen und <a href=\"https:\/\/odk-ergon.pl\/de\/szkolenia\/szkolenie-ppoz-przeciwpozarowe\/\">Feuer<\/a>. Wir bieten unsere Dienstleistungen als Outsourcing an, sodass Sie bei der Wahl unseres Angebots kein eigenes Mitarbeiterteam bilden m\u00fcssen, das f\u00fcr Arbeitsschutzfragen im Unternehmen verantwortlich ist. Unsere Spezialisten auf diesem Gebiet sorgen umfassend daf\u00fcr, dass Ihr Unternehmen alle gesetzlichen Anforderungen erf\u00fcllt und die Mitarbeiter stets gut geschult sind.Der OHS-Service in unserem Center umfasst folgende Leistungen:<\/p>\n<ul>\n<li>Schulung von Arbeitnehmern und Arbeitgebern f\u00fcr alle Positionen - Einf\u00fchrungs- und Weiterbildung<\/li>\n<li>Schulung von Mitarbeitern an Arbeitspl\u00e4tzen<\/li>\n<li>Aufsicht am Arbeitsplatz<\/li>\n<li>technische und rechtliche Beratung<\/li>\n<li>Vorbereitung der erforderlichen Dokumentation - Analysen, Berufsrisikobewertungen, allgemeine und Arbeitsanweisungen, Dokumentation nach Unf\u00e4llen<\/li>\n<li>regelm\u00e4\u00dfige Gesundheits- und Sicherheitskontrollen im Unternehmen<\/li>\n<\/ul>\n<p>Wenn Sie unsere Dienstleistungen nutzen m\u00f6chten, kontaktieren Sie uns bitte und unsere Mitarbeiter erstellen Ihnen ein individuelles Angebot unter Ber\u00fccksichtigung Ihrer Bed\u00fcrfnisse. Wir arbeiten in der Stadt Warschau sowie in der gesamten Woiwodschaft Masowien und in Polen.<\/p>\n<p><a href=\"https:\/\/odk-ergon.pl\/de\/kontakt\/\">Wir laden Sie herzlich ein!<\/a><\/p>\n<\/div>","protected":false},"excerpt":{"rendered":"<p>Laut Gesetz muss jeder Unternehmer seinen Mitarbeitern und sich selbst angemessene Bedingungen am Arbeitsplatz gem\u00e4\u00df den Anforderungen des Arbeitsschutzes bieten, denn Mitarbeiterschulungen und die Erstellung von Unterweisungen verringern die Gefahr von Arbeitsunf\u00e4llen. Das Arbeitsgesetzbuch weist darauf hin, dass diese Dienstleistungen Fachleuten von au\u00dferhalb des Arbeitsplatzes anvertraut werden k\u00f6nnen. Im ERGON Personalschulungszentrum bieten wir umfassende Arbeitsschutz- und Brandschutzleistungen an. Wir bieten unsere Dienstleistungen als Outsourcing an, sodass Sie bei der Wahl unseres Angebots kein eigenes Mitarbeiterteam bilden m\u00fcssen, das f\u00fcr Arbeitsschutzfragen im Unternehmen verantwortlich ist. Unsere Spezialisten auf diesem Gebiet sorgen umfassend daf\u00fcr, dass Ihr Unternehmen alle gesetzlichen Anforderungen erf\u00fcllt und die Mitarbeiter immer gut geschult sind Arbeitsaufsicht am Arbeitsplatz technische und rechtliche Beratung Erstellung der erforderlichen Dokumentation - Analysen, Gef\u00e4hrdungsbeurteilungen, allgemeine und Arbeitsanweisungen, Unfalldokumentation Regelm\u00e4\u00dfige Gesundheits- und Sicherheitsbegehungen im Unternehmen Wenn Sie unsere Dienstleistungen in Anspruch nehmen m\u00f6chten, kontaktieren Sie uns bitte und unsere Mitarbeiter erstellen eine individuelle Bewertung unter Ber\u00fccksichtigung Ihrer Bed\u00fcrfnisse. Wir arbeiten in der Stadt Warschau sowie in der gesamten Woiwodschaft Masowien und in Polen. Wir laden Sie herzlich ein!<\/p>","protected":false},"author":1,"featured_media":0,"parent":1193,"menu_order":0,"comment_status":"closed","ping_status":"closed","template":"","meta":{"sfsi_plus_gutenberg_text_before_share":"","sfsi_plus_gutenberg_show_text_before_share":"","sfsi_plus_gutenberg_icon_type":"","sfsi_plus_gutenberg_icon_alignemt":"","sfsi_plus_gutenburg_max_per_row":"","footnotes":""},"class_list":["post-1195","page","type-page","status-publish","hentry","has_no_thumb"],"aioseo_notices":[],"_links":{"self":[{"href":"https:\/\/odk-ergon.pl\/de\/wp-json\/wp\/v2\/pages\/1195","targetHints":{"allow":["GET"]}}],"collection":[{"href":"https:\/\/odk-ergon.pl\/de\/wp-json\/wp\/v2\/pages"}],"about":[{"href":"https:\/\/odk-ergon.pl\/de\/wp-json\/wp\/v2\/types\/page"}],"author":[{"embeddable":true,"href":"https:\/\/odk-ergon.pl\/de\/wp-json\/wp\/v2\/users\/1"}],"replies":[{"embeddable":true,"href":"https:\/\/odk-ergon.pl\/de\/wp-json\/wp\/v2\/comments?post=1195"}],"version-history":[{"count":4,"href":"https:\/\/odk-ergon.pl\/de\/wp-json\/wp\/v2\/pages\/1195\/revisions"}],"predecessor-version":[{"id":1516,"href":"https:\/\/odk-ergon.pl\/de\/wp-json\/wp\/v2\/pages\/1195\/revisions\/1516"}],"up":[{"embeddable":true,"href":"https:\/\/odk-ergon.pl\/de\/wp-json\/wp\/v2\/pages\/1193"}],"wp:attachment":[{"href":"https:\/\/odk-ergon.pl\/de\/wp-json\/wp\/v2\/media?parent=1195"}],"curies":[{"name":"wp","href":"https:\/\/api.w.org\/{rel}","templated":true}]}}