{"id":1197,"date":"2014-08-07T14:56:30","date_gmt":"2014-08-07T14:56:30","guid":{"rendered":"http:\/\/odk-ergon.pl\/?page_id=1197"},"modified":"2014-08-07T18:44:56","modified_gmt":"2014-08-07T18:44:56","slug":"management","status":"publish","type":"page","link":"https:\/\/odk-ergon.pl\/de\/uslugi-bhp\/zarzadzanie\/","title":{"rendered":"Management"},"content":{"rendered":"<div class=\"wyjustuj\">\n<p>Im ERGON Personalschulungszentrum besch\u00e4ftigen wir uns mit dem Arbeitsschutzmanagement - Implementierung fortschrittlicher Managementsysteme gem\u00e4\u00df den Standards PN-N-18001 und OHSAS 18001. <a href=\"https:\/\/odk-ergon.pl\/de\/szkolenia\/szkolenie-ppoz-przeciwpozarowe\/\">Feuer<\/a>.<\/p>\n<p>Das Arbeitsschutzmanagement umfasst haupts\u00e4chlich zwei Systeme: PN-N-18001 und OHSAS 18001, wobei letzteres in ausl\u00e4ndischen Unternehmen bekannter und au\u00dferhalb Polens besser erkennbar ist. Im <a href=\"https:\/\/odk-ergon.pl\/de\/o-firmie\/\">ODK ERGON<\/a> Wir sind auf die Implementierung dieser beiden Managementsysteme spezialisiert und k\u00f6nnen sie daher individuell an Ihre Bed\u00fcrfnisse anpassen.<\/p>\n<p><strong>Managementsysteme, sowohl PN-N-18001 als auch OHSAS 18001, umfassen die folgenden Elemente:<\/strong><\/p>\n<ul>\n<li>Entwicklung einer Arbeitssicherheitsrichtlinie<\/li>\n<li>Planung - allgemeine und spezifische Ziele<\/li>\n<li>Implementierung und Betrieb von Systemen<\/li>\n<li>\u00dcberwachung, Korrektur und m\u00f6gliche Umsetzung von Pr\u00e4ventivma\u00dfnahmen<\/li>\n<li>Managementbewertung<\/li>\n<\/ul>\n<p>Wir besch\u00e4ftigen uns auch mit der umfassenden Entwicklung von Anweisungen und Verfahren f\u00fcr Gesundheit, Sicherheit und Brandschutz. In jedem Unternehmen sollte das Streben nach maximaler Sicherheit \u00fcbergeordnet sein und den in den Vorschriften angegebenen gesetzlichen Standards entsprechen. Wir bieten volle Unterst\u00fctzung bei der Erstellung von Anweisungen und Verfahren f\u00fcr Arbeitspl\u00e4tze im Bereich Gesundheit und Sicherheit.<\/p>\n<p>Unser Angebot richtet sich an Kunden aus Warschau, der Woiwodschaft Masowien und ganz Polen. Unsere Mitarbeiter erreichen Sie und bieten Service vor Ort sowie Beratung und Beratung.<\/p>\n<p><a href=\"https:\/\/odk-ergon.pl\/de\/kontakt\/\">Wir laden Sie herzlich ein, unsere Dienste zu nutzen<\/a>!<\/p>\n<\/div>","protected":false},"excerpt":{"rendered":"<p>Im ERGON-Personalschulungszentrum besch\u00e4ftigen wir uns mit dem Arbeitsschutzmanagement - Implementierung fortschrittlicher Managementsysteme gem\u00e4\u00df den Standards PN-N-18001 und OHSAS 18001. Wir bieten auch professionelle Unterst\u00fctzung bei der Entwicklung von Anweisungen und Verfahren f\u00fcr den Arbeitsschutz und Sicherheit und Brandschutz. Das Arbeitsschutzmanagement umfasst haupts\u00e4chlich zwei Systeme: PN-N-18001 und OHSAS 18001, wobei letzteres in ausl\u00e4ndischen Unternehmen bekannter und au\u00dferhalb Polens besser erkennbar ist. Wir von ODK ERGON sind auf die Implementierung dieser beiden Managementsysteme spezialisiert und passen sie daher individuell an Ihre Bed\u00fcrfnisse an. Managementsysteme, sowohl PN-N-18001 als auch OHSAS 18001, umfassen die folgenden Elemente: Planung der Entwicklung der Arbeitssicherheitspolitik - allgemeine und detaillierte Ziele Implementierung und Betrieb von Systemen \u00dcberwachung, Korrektur und m\u00f6gliche Einf\u00fchrung von Pr\u00e4ventivma\u00dfnahmen Managementbewertung Wir besch\u00e4ftigen uns auch mit umfassender Vorbereitung von Anweisungen und Arbeitsschutz- und Brandschutzverfahren. In jedem Unternehmen sollte das Streben nach maximaler Sicherheit \u00fcbergeordnet sein und den in den Vorschriften angegebenen gesetzlichen Standards entsprechen. Wir bieten volle Unterst\u00fctzung bei der Erstellung von Anweisungen und Verfahren f\u00fcr Arbeitspl\u00e4tze im Bereich Gesundheit und Sicherheit. Unser Angebot richtet sich an Kunden aus Warschau, der Woiwodschaft Masowien und ganz Polen. Unsere Mitarbeiter erreichen Sie und bieten Service vor Ort sowie Beratung und Beratung. Wir laden Sie herzlich ein, unsere Dienste zu nutzen!<\/p>","protected":false},"author":1,"featured_media":0,"parent":1193,"menu_order":0,"comment_status":"closed","ping_status":"closed","template":"","meta":{"sfsi_plus_gutenberg_text_before_share":"","sfsi_plus_gutenberg_show_text_before_share":"","sfsi_plus_gutenberg_icon_type":"","sfsi_plus_gutenberg_icon_alignemt":"","sfsi_plus_gutenburg_max_per_row":"","footnotes":""},"class_list":["post-1197","page","type-page","status-publish","hentry","has_no_thumb"],"aioseo_notices":[],"_links":{"self":[{"href":"https:\/\/odk-ergon.pl\/de\/wp-json\/wp\/v2\/pages\/1197","targetHints":{"allow":["GET"]}}],"collection":[{"href":"https:\/\/odk-ergon.pl\/de\/wp-json\/wp\/v2\/pages"}],"about":[{"href":"https:\/\/odk-ergon.pl\/de\/wp-json\/wp\/v2\/types\/page"}],"author":[{"embeddable":true,"href":"https:\/\/odk-ergon.pl\/de\/wp-json\/wp\/v2\/users\/1"}],"replies":[{"embeddable":true,"href":"https:\/\/odk-ergon.pl\/de\/wp-json\/wp\/v2\/comments?post=1197"}],"version-history":[{"count":3,"href":"https:\/\/odk-ergon.pl\/de\/wp-json\/wp\/v2\/pages\/1197\/revisions"}],"predecessor-version":[{"id":1199,"href":"https:\/\/odk-ergon.pl\/de\/wp-json\/wp\/v2\/pages\/1197\/revisions\/1199"}],"up":[{"embeddable":true,"href":"https:\/\/odk-ergon.pl\/de\/wp-json\/wp\/v2\/pages\/1193"}],"wp:attachment":[{"href":"https:\/\/odk-ergon.pl\/de\/wp-json\/wp\/v2\/media?parent=1197"}],"curies":[{"name":"wp","href":"https:\/\/api.w.org\/{rel}","templated":true}]}}