{"id":1205,"date":"2014-08-07T15:01:03","date_gmt":"2014-08-07T15:01:03","guid":{"rendered":"http:\/\/odk-ergon.pl\/?page_id=1205"},"modified":"2014-08-07T18:46:19","modified_gmt":"2014-08-07T18:46:19","slug":"unfallverfahren","status":"publish","type":"page","link":"https:\/\/odk-ergon.pl\/de\/uslugi-bhp\/postepowania-powypadkowe\/","title":{"rendered":"Unfallverfahren"},"content":{"rendered":"<div class=\"wyjustuj\">\n<p>Bei einem Arbeitsunfall ist eine Unfalluntersuchung durchzuf\u00fchren. In unserem Zentrum unterst\u00fctzen wir Sie umfassend in diesem Bereich und unsere Spezialisten sorgen daf\u00fcr, dass die Arbeiten nach den geltenden Arbeitsschutzvorschriften durchgef\u00fchrt werden.<\/p>\n<p>Gem\u00e4\u00df den Vorschriften, einschlie\u00dflich Art. 3.Abschnitt 1. des Gesetzes vom 30. Oktober 2002 \u00fcber die Sozialversicherung, Arbeitsunf\u00e4lle, definieren wir einen Unfall, der mit der Ausf\u00fchrung der Anweisungen des Arbeitgebers durch den Arbeitnehmer zusammenh\u00e4ngt - allt\u00e4gliche T\u00e4tigkeiten oder wenn der Arbeitnehmer seinen Vorgesetzten auf dem Weg zwischen ihnen zur Verf\u00fcgung steht der Sitz des Unternehmens und die mit der ausge\u00fcbten Funktion verbundene Arbeitsst\u00e4tte.<\/p>\n<p><strong>Die Unfallnachsorge umfasst folgende T\u00e4tigkeiten:<\/strong><\/p>\n<ul>\n<li>Vorschriftsm\u00e4\u00dfige Qualifizierung des Ereignisses - Angabe, ob der Unfall ein Arbeitsunfall ist, einem Arbeitsunfall gleichgestellt ist, ein Weg- oder Wegunfall, ein Unfall mit Beteiligung der Unfallversicherung oder ein Unfall ist bei der landwirtschaftlichen Arbeit<\/li>\n<li>Feststellung der Umst\u00e4nde der Unfallursachen, die f\u00fcr Entsch\u00e4digungsleistungen erforderlich sind<\/li>\n<li>Festlegung von Schlussfolgerungen und vorbeugenden Ma\u00dfnahmen, die darauf abzielen, das Auftreten \u00e4hnlicher Unf\u00e4lle am Arbeitsplatz in Zukunft zu verhindern<\/li>\n<\/ul>\n<p>Wir bieten Ihnen umfassende Unterst\u00fctzung, die alle oben beschriebenen notwendigen Schritte umfasst. Wir stellen Arbeitgebern und zust\u00e4ndigen Beh\u00f6rden Nachunfalldokumentationen zur Verf\u00fcgung. Bei uns wird das Verfahren immer zeitnah und korrekt durchgef\u00fchrt.<\/p>\n<p>Wir laden Sie ein, unsere Dienstleistungen zu w\u00e4hlen!<\/p>\n<\/div>","protected":false},"excerpt":{"rendered":"<p>Bei einem Arbeitsunfall ist eine Unfalluntersuchung durchzuf\u00fchren. In unserem Zentrum unterst\u00fctzen wir Sie umfassend in diesem Bereich und unsere Spezialisten sorgen daf\u00fcr, dass die Arbeiten nach den geltenden Arbeitsschutzvorschriften durchgef\u00fchrt werden. Gem\u00e4\u00df den Vorschriften, einschlie\u00dflich Art. 3.Abschnitt 1. des Gesetzes vom 30. Oktober 2002 \u00fcber die Sozialversicherung, Arbeitsunf\u00e4lle, definieren wir einen Unfall, der mit der Erf\u00fcllung der Anweisungen des Arbeitgebers durch den Arbeitnehmer zusammenh\u00e4ngt - allt\u00e4gliche T\u00e4tigkeiten oder wenn der Arbeitnehmer seinen Vorgesetzten auf dem Weg zwischen ihnen zur Verf\u00fcgung steht der Sitz des Unternehmens und die Arbeitsst\u00e4tte im Zusammenhang mit der ausge\u00fcbten Funktion. Das Unfallnachsorgeverfahren besteht aus folgenden T\u00e4tigkeiten: Qualifizierung des Ereignisses nach Vorschrift - Angabe, ob es sich um einen Arbeitsunfall handelt, einem Arbeitsunfall gleichgestellt wird, ein Wegeunfall ist oder aus der Arbeit, einem Unfall mit Unfallversicherung oder einem Arbeitsunfall, bei landwirtschaftlichen Arbeiten die Feststellung der Umst\u00e4nde der Unfallursache, die f\u00fcr Entsch\u00e4digungsleistungen erforderlich sind, die Antragstellung und vorbeugende Ma\u00dfnahmen, die darauf abzielen, das Eintreten gleichartiger Unf\u00e4lle zu verhindern Arbeitsplatz der Zukunft Wir unterst\u00fctzen Sie umfassend, einschlie\u00dflich aller oben beschriebenen notwendigen Aktivit\u00e4ten. Wir stellen Arbeitgebern und zust\u00e4ndigen Beh\u00f6rden Nachunfalldokumentationen zur Verf\u00fcgung. Bei uns wird das Verfahren immer zeitnah und korrekt durchgef\u00fchrt. Wir laden Sie ein, unsere Dienstleistungen zu w\u00e4hlen!<\/p>","protected":false},"author":1,"featured_media":0,"parent":1193,"menu_order":0,"comment_status":"closed","ping_status":"closed","template":"","meta":{"sfsi_plus_gutenberg_text_before_share":"","sfsi_plus_gutenberg_show_text_before_share":"","sfsi_plus_gutenberg_icon_type":"","sfsi_plus_gutenberg_icon_alignemt":"","sfsi_plus_gutenburg_max_per_row":"","footnotes":""},"class_list":["post-1205","page","type-page","status-publish","hentry","has_no_thumb"],"aioseo_notices":[],"_links":{"self":[{"href":"https:\/\/odk-ergon.pl\/de\/wp-json\/wp\/v2\/pages\/1205","targetHints":{"allow":["GET"]}}],"collection":[{"href":"https:\/\/odk-ergon.pl\/de\/wp-json\/wp\/v2\/pages"}],"about":[{"href":"https:\/\/odk-ergon.pl\/de\/wp-json\/wp\/v2\/types\/page"}],"author":[{"embeddable":true,"href":"https:\/\/odk-ergon.pl\/de\/wp-json\/wp\/v2\/users\/1"}],"replies":[{"embeddable":true,"href":"https:\/\/odk-ergon.pl\/de\/wp-json\/wp\/v2\/comments?post=1205"}],"version-history":[{"count":2,"href":"https:\/\/odk-ergon.pl\/de\/wp-json\/wp\/v2\/pages\/1205\/revisions"}],"predecessor-version":[{"id":1501,"href":"https:\/\/odk-ergon.pl\/de\/wp-json\/wp\/v2\/pages\/1205\/revisions\/1501"}],"up":[{"embeddable":true,"href":"https:\/\/odk-ergon.pl\/de\/wp-json\/wp\/v2\/pages\/1193"}],"wp:attachment":[{"href":"https:\/\/odk-ergon.pl\/de\/wp-json\/wp\/v2\/media?parent=1205"}],"curies":[{"name":"wp","href":"https:\/\/api.w.org\/{rel}","templated":true}]}}