{"id":1208,"date":"2014-08-07T15:01:54","date_gmt":"2014-08-07T15:01:54","guid":{"rendered":"http:\/\/odk-ergon.pl\/?page_id=1208"},"modified":"2014-08-07T19:55:50","modified_gmt":"2014-08-07T19:55:50","slug":"umweltforschung","status":"publish","type":"page","link":"https:\/\/odk-ergon.pl\/de\/uslugi-bhp\/badania-srodowiskowe\/","title":{"rendered":"Umweltforschung"},"content":{"rendered":"<div class=\"wyjustuj\">\n<p>Im ERGON Center f\u00fchren wir Umwelttests auf sch\u00e4dliche oder st\u00f6rende Faktoren durch. Sie sind unverzichtbar an Arbeitspl\u00e4tzen, an denen das Risiko von Arbeitsunf\u00e4llen und Berufskrankheiten steigt. Dar\u00fcber hinaus sind Arbeitgeber gem\u00e4\u00df den Arbeitsvorschriften verpflichtet, diesbez\u00fcglich st\u00e4ndige Kontrollen durchzuf\u00fchren.<\/p>\n<p><strong>Unsere OHS-Spezialisten f\u00fchren umfassende Messungen der Arbeitsumgebung durch, die die folgenden sch\u00e4dlichen oder st\u00f6renden Faktoren umfassen:<\/strong><\/p>\n<ul>\n<li>L\u00e4rm im Arbeitsumfeld<\/li>\n<li>Grundbeleuchtung - Gleichm\u00e4\u00dfigkeit der Beleuchtung und Lichtintensit\u00e4t am Arbeitsplatz<\/li>\n<li>Mikroklima in der Arbeitsumgebung<\/li>\n<li>allgemeine mechanische Schwingungen<\/li>\n<li>mechanische Vibrationen, die die oberen Gliedma\u00dfen betreffen<\/li>\n<\/ul>\n<p>Wir f\u00fchren regelm\u00e4\u00dfige Tests auf Schad- und Bel\u00e4stigungsfaktoren an Arbeitspl\u00e4tzen und im Arbeitsumfeld durch. Dar\u00fcber hinaus beraten wir Unternehmen im Rahmen der Messung des Arbeitsumfelds und untersuchen Faktoren, die die Mitarbeiter belasten. Wir verf\u00fcgen \u00fcber moderne Ger\u00e4te zur Messung der Konzentration von Chemikalien, Metallen, Gasen, lungeng\u00e4ngigen und Gesamtstaubkonzentrationen sowie zur Pr\u00fcfung elektromagnetischer Felder.<\/p>\n<p>Wir erbringen Dienstleistungen insbesondere in der Woiwodschaft Masowien, einschlie\u00dflich Warschau, wo sich unser Unternehmen befindet, und erbringen auch Dienstleistungen f\u00fcr landesweite Kunden. Wenn Sie Fragen zu unseren Umweltforschungs- und OHS-Dienstleistungen haben, z\u00f6gern Sie bitte nicht, uns zu kontaktieren.<\/p>\n<p>Wir laden Sie herzlich ein, unsere Dienstleistungen zu w\u00e4hlen!<\/p>\n<\/div>","protected":false},"excerpt":{"rendered":"<p>Im ERGON Center f\u00fchren wir Umwelttests auf sch\u00e4dliche oder st\u00f6rende Faktoren durch. Sie sind unverzichtbar an Arbeitspl\u00e4tzen, an denen das Risiko von Arbeitsunf\u00e4llen und Berufskrankheiten steigt. Dar\u00fcber hinaus sind Arbeitgeber gem\u00e4\u00df den Arbeitsvorschriften verpflichtet, diesbez\u00fcglich st\u00e4ndige Kontrollen durchzuf\u00fchren. Unsere Arbeitsschutzspezialisten f\u00fchren umfassende Messungen der Arbeitsumgebung durch, die folgende sch\u00e4dliche oder st\u00f6rende Faktoren umfassen: L\u00e4rm in der Arbeitsumgebung Grundbeleuchtung - Gleichm\u00e4\u00dfigkeit der Beleuchtung und Lichtintensit\u00e4t am Arbeitsplatz Mikroklima in der Arbeitsumgebung mechanische Vibrationen mit allgemeiner Wirkung mechanisch Vibrationen, die die oberen Gliedma\u00dfen betreffen Wir f\u00fchren regelm\u00e4\u00dfig Untersuchungen zu sch\u00e4dlichen und st\u00f6renden Faktoren am Arbeitsplatz und in der Arbeitsumgebung durch. Wir beraten Unternehmen auch im Rahmen von Arbeitsumfeldmessungen und untersuchen Faktoren, die sich nachteilig auf Mitarbeiter auswirken. Wir verf\u00fcgen \u00fcber moderne Ger\u00e4te zur Messung der Konzentration von Chemikalien, Metallen, Gasen, lungeng\u00e4ngigen und Gesamtstaubkonzentrationen sowie zur Pr\u00fcfung elektromagnetischer Felder. Wir erbringen Dienstleistungen insbesondere in der Woiwodschaft Masowien, einschlie\u00dflich Warschau, wo sich unser Unternehmen befindet, und erbringen auch Dienstleistungen f\u00fcr landesweite Kunden. Wenn Sie Fragen zu unseren Umweltforschungs- und OHS-Dienstleistungen haben, z\u00f6gern Sie bitte nicht, uns zu kontaktieren. Wir laden Sie herzlich ein, unsere Dienstleistungen zu w\u00e4hlen!<\/p>","protected":false},"author":1,"featured_media":0,"parent":1193,"menu_order":0,"comment_status":"closed","ping_status":"closed","template":"","meta":{"sfsi_plus_gutenberg_text_before_share":"","sfsi_plus_gutenberg_show_text_before_share":"","sfsi_plus_gutenberg_icon_type":"","sfsi_plus_gutenberg_icon_alignemt":"","sfsi_plus_gutenburg_max_per_row":"","footnotes":""},"class_list":["post-1208","page","type-page","status-publish","hentry","has_no_thumb"],"aioseo_notices":[],"_links":{"self":[{"href":"https:\/\/odk-ergon.pl\/de\/wp-json\/wp\/v2\/pages\/1208","targetHints":{"allow":["GET"]}}],"collection":[{"href":"https:\/\/odk-ergon.pl\/de\/wp-json\/wp\/v2\/pages"}],"about":[{"href":"https:\/\/odk-ergon.pl\/de\/wp-json\/wp\/v2\/types\/page"}],"author":[{"embeddable":true,"href":"https:\/\/odk-ergon.pl\/de\/wp-json\/wp\/v2\/users\/1"}],"replies":[{"embeddable":true,"href":"https:\/\/odk-ergon.pl\/de\/wp-json\/wp\/v2\/comments?post=1208"}],"version-history":[{"count":2,"href":"https:\/\/odk-ergon.pl\/de\/wp-json\/wp\/v2\/pages\/1208\/revisions"}],"predecessor-version":[{"id":1494,"href":"https:\/\/odk-ergon.pl\/de\/wp-json\/wp\/v2\/pages\/1208\/revisions\/1494"}],"up":[{"embeddable":true,"href":"https:\/\/odk-ergon.pl\/de\/wp-json\/wp\/v2\/pages\/1193"}],"wp:attachment":[{"href":"https:\/\/odk-ergon.pl\/de\/wp-json\/wp\/v2\/media?parent=1208"}],"curies":[{"name":"wp","href":"https:\/\/api.w.org\/{rel}","templated":true}]}}