{"id":1210,"date":"2014-08-07T15:02:54","date_gmt":"2014-08-07T15:02:54","guid":{"rendered":"http:\/\/odk-ergon.pl\/?page_id=1210"},"modified":"2014-08-07T19:56:56","modified_gmt":"2014-08-07T19:56:56","slug":"audit-sicherheit-und-brandschutz","status":"publish","type":"page","link":"https:\/\/odk-ergon.pl\/de\/uslugi-bhp\/audyt-bhp-i-ppoz\/","title":{"rendered":"Gesundheits- und Sicherheits- und Brandschutzaudit"},"content":{"rendered":"<div class=\"wyjustuj\">\n<p>Laut Gesetz muss jedes Unternehmen L\u00f6sungen im Bereich Arbeitssicherheit und Gesundheitsschutz implementieren, um den Mitarbeitern angemessene Arbeitsbedingungen zu bieten, die die Gesundheit und das Leben der Mitarbeiter nicht gef\u00e4hrden. Um den aktuellen Gesundheits- und Sicherheitsstatus eines Unternehmens zu \u00fcberpr\u00fcfen, werden Audits durchgef\u00fchrt, die auch den Zustand umfassen <a href=\"https:\/\/odk-ergon.pl\/de\/szkolenia\/szkolenie-ppoz-przeciwpozarowe\/\">Feuer<\/a>.<\/p>\n<p><strong>Im ERGON Personalschulungszentrum bieten wir umfassende Gesundheits- und Sicherheitspr\u00fcfungsdienste an. Wir bieten zwei Varianten von Dienstleistungen an:<\/strong><\/p>\n<ul>\n<li>Minikontrolle - umfasst insbesondere die \u00dcberpr\u00fcfung der Richtigkeit arbeitsschutzrechtlicher Vorgaben sowie deren Einhaltung. Die Inspektion besteht aus einer Begutachtung der allgemeinen R\u00e4umlichkeiten des Unternehmens sowie einem Gespr\u00e4ch mit den Mitarbeitern<\/li>\n<li>Maxi-Kontrolle - deckt ein breiteres Arbeitsspektrum ab und besteht aus regelm\u00e4\u00dfigen Besuchen unserer Spezialisten am Arbeitsplatz. Die Dienstleistungen umfassen auch die Beratung und Unterst\u00fctzung bei \u00c4nderungen von Vorschriften, falls erforderlich, sowie Nachuntersuchungen nach Unf\u00e4llen.<\/li>\n<\/ul>\n<p>Wir f\u00fchren bei ERGON Audits gem\u00e4\u00df den Standards PN-N-18001 und OHSAS 18001 durch, wobei wir verschiedene Varianten von Risikoanalysemethoden anwenden, darunter FMEA - Failure Mode and Effect Analysis und HAZOP - Hazard and Operability Study.<\/p>\n<p>Unsere Mitarbeiter kommen zu Ihnen und f\u00fchren alle erforderlichen Arbeiten zur \u00dcberpr\u00fcfung des Gesundheits- und Sicherheitszustands durch und stellen nach dem Audit relevante Dokumente zur Verf\u00fcgung, die die durchgef\u00fchrten Aktivit\u00e4ten zusammen mit den vorgeschlagenen \u00c4nderungen zusammenfassen, wenn diese gerechtfertigt sind.<\/p>\n<p><a href=\"https:\/\/odk-ergon.pl\/de\/kontakt\/\">Wir laden Sie herzlich ein!<\/a><\/p>\n<\/div>","protected":false},"excerpt":{"rendered":"<p>Laut Gesetz muss jedes Unternehmen L\u00f6sungen im Bereich Arbeitssicherheit und Gesundheitsschutz implementieren, um den Mitarbeitern angemessene Arbeitsbedingungen zu bieten, die die Gesundheit und das Leben der Mitarbeiter nicht gef\u00e4hrden. Um den aktuellen Gesundheits- und Sicherheitszustand im Betrieb zu \u00fcberpr\u00fcfen, werden Audits durchgef\u00fchrt, die auch den Zustand des Brandschutzes umfassen. Im ERGON Personalschulungszentrum bieten wir umfassende Gesundheits- und Sicherheitsaudits an. Wir bieten zwei Leistungsvarianten an: Minikontrolle - beinhaltet insbesondere die \u00dcberpr\u00fcfung der Richtigkeit arbeitsschutzrechtlicher Vorgaben sowie deren Einhaltung. Die Inspektion besteht aus der allgemeinen Begutachtung des Firmensitzes sowie der Befragung der Mitarbeiter Maxi-Inspektion - deckt einen breiteren Arbeitsbereich ab und besteht aus regelm\u00e4\u00dfigen Besuchen unserer Spezialisten am Arbeitsplatz. Die Dienste bieten bei Bedarf auch Beratung und Unterst\u00fctzung bei \u00c4nderungen der Vorschriften sowie bei Post-Unfall-Audits. Audits werden bei ERGON gem\u00e4\u00df den Standards PN-N-18001 und OHSAS 18001 unter Verwendung mehrerer Varianten von Risikoanalysemethoden durchgef\u00fchrt. einschlie\u00dflich FMEA - Failure Mode and Effect Analysis und HAZOP - Hazard and Operability Study. Unsere Mitarbeiter kommen zu Ihnen und f\u00fchren alle erforderlichen Arbeiten zur \u00dcberpr\u00fcfung des Gesundheits- und Sicherheitszustands durch und stellen nach Abschluss des Audits relevante Dokumente zur Verf\u00fcgung, die die durchgef\u00fchrten Aktivit\u00e4ten zusammen mit den vorgeschlagenen \u00c4nderungen zusammenfassen, wenn diese gerechtfertigt sind. Wir laden Sie herzlich ein!<\/p>","protected":false},"author":1,"featured_media":0,"parent":1193,"menu_order":0,"comment_status":"closed","ping_status":"closed","template":"","meta":{"sfsi_plus_gutenberg_text_before_share":"","sfsi_plus_gutenberg_show_text_before_share":"","sfsi_plus_gutenberg_icon_type":"","sfsi_plus_gutenberg_icon_alignemt":"","sfsi_plus_gutenburg_max_per_row":"","footnotes":""},"class_list":["post-1210","page","type-page","status-publish","hentry","has_no_thumb"],"aioseo_notices":[],"_links":{"self":[{"href":"https:\/\/odk-ergon.pl\/de\/wp-json\/wp\/v2\/pages\/1210","targetHints":{"allow":["GET"]}}],"collection":[{"href":"https:\/\/odk-ergon.pl\/de\/wp-json\/wp\/v2\/pages"}],"about":[{"href":"https:\/\/odk-ergon.pl\/de\/wp-json\/wp\/v2\/types\/page"}],"author":[{"embeddable":true,"href":"https:\/\/odk-ergon.pl\/de\/wp-json\/wp\/v2\/users\/1"}],"replies":[{"embeddable":true,"href":"https:\/\/odk-ergon.pl\/de\/wp-json\/wp\/v2\/comments?post=1210"}],"version-history":[{"count":2,"href":"https:\/\/odk-ergon.pl\/de\/wp-json\/wp\/v2\/pages\/1210\/revisions"}],"predecessor-version":[{"id":1325,"href":"https:\/\/odk-ergon.pl\/de\/wp-json\/wp\/v2\/pages\/1210\/revisions\/1325"}],"up":[{"embeddable":true,"href":"https:\/\/odk-ergon.pl\/de\/wp-json\/wp\/v2\/pages\/1193"}],"wp:attachment":[{"href":"https:\/\/odk-ergon.pl\/de\/wp-json\/wp\/v2\/media?parent=1210"}],"curies":[{"name":"wp","href":"https:\/\/api.w.org\/{rel}","templated":true}]}}