{"id":1214,"date":"2014-08-07T15:04:41","date_gmt":"2014-08-07T15:04:41","guid":{"rendered":"http:\/\/odk-ergon.pl\/?page_id=1214"},"modified":"2014-08-07T19:51:29","modified_gmt":"2014-08-07T19:51:29","slug":"beurteilung-von-arbeitsplatzen-fur-behinderte-menschen","status":"publish","type":"page","link":"https:\/\/odk-ergon.pl\/de\/uslugi-bhp\/ocena-stanowisk-dla-osob-niepelnosprawnych\/","title":{"rendered":"Bewertung von Arbeitspl\u00e4tzen f\u00fcr behinderte Menschen"},"content":{"rendered":"<div class=\"wyjustuj\">\n<p>Im ERGON Personalschulungszentrum f\u00fchren wir umfassende Arbeitsplatzbewertungen auch f\u00fcr Menschen mit Behinderungen durch. In \u00dcbereinstimmung mit den Vorschriften der Europ\u00e4ischen Union und den nationalen Vorschriften zur Bereitstellung sicherer Arbeitsbedingungen f\u00fcr Arbeitnehmer ist es auch notwendig, Menschen mit Behinderungen angemessene M\u00f6glichkeiten zu bieten, um ein freundliches Arbeitsumfeld zu schaffen, das ihren Bed\u00fcrfnissen entspricht.<\/p>\n<p>Wir besch\u00e4ftigen uns mit der professionellen Bewertung von Stellen f\u00fcr Menschen mit Behinderungen auf der Grundlage des geltenden Rechts, wir bieten Beratungsdienste an, dank derer die Stelle f\u00fcr diese Art von Menschen in Ihrem Unternehmen je nach Grad der Behinderung richtig ausgearbeitet wird.<\/p>\n<p><strong>Wir f\u00fchren unter anderem folgende T\u00e4tigkeiten durch:<\/strong><\/p>\n<ul>\n<li>wir pr\u00fcfen, ob der mitarbeiter in der lage ist, eine bestimmte t\u00e4tigkeit auszu\u00fcben und ob sie f\u00fcr ihn ein risiko darstellt<\/li>\n<li>Wir pr\u00fcfen, ob die Anwesenheit eines Mitarbeiters am Arbeitsplatz keine Gefahr f\u00fcr andere Mitarbeiter darstellt<\/li>\n<li>wir definieren arbeitsbedingungen und die damit verbundenen risiken<\/li>\n<li>Wir geben die Ger\u00e4te und Materialien an, die vom Mitarbeiter verwendet werden k\u00f6nnen<\/li>\n<li>Wir geben Aufgaben sowie deren Zeit und H\u00e4ufigkeit an, die von einem Mitarbeiter ausgef\u00fchrt werden k\u00f6nnen<\/li>\n<li>wir definieren die grenzen der arbeitszeit und des arbeitssystems<\/li>\n<li>wir definieren die eigenschaften der sozialen und sanit\u00e4ren einrichtungen<\/li>\n<li>Wir sch\u00e4tzen das berufliche Risiko f\u00fcr eine bestimmte Position ein, die von einer behinderten Person besetzt werden muss<\/li>\n<\/ul>\n<p>Weitere Informationen zur Arbeitsbewertung f\u00fcr Menschen mit Behinderungen erhalten Sie von unseren Gesundheits- und Sicherheitsspezialisten.<\/p>\n<p><a href=\"https:\/\/odk-ergon.pl\/de\/kontakt\/\">Wir laden Sie herzlich ein, unsere Dienste zu nutzen<\/a>!<\/p>\n<\/div>","protected":false},"excerpt":{"rendered":"<p>Im ERGON Personalschulungszentrum f\u00fchren wir umfassende Arbeitsplatzbewertungen auch f\u00fcr Menschen mit Behinderungen durch. In \u00dcbereinstimmung mit den Vorschriften der Europ\u00e4ischen Union und den nationalen Vorschriften zur Bereitstellung sicherer Arbeitsbedingungen f\u00fcr Arbeitnehmer ist es auch notwendig, angemessene M\u00f6glichkeiten f\u00fcr behinderte Menschen bereitzustellen, um ein freundliches Arbeitsumfeld zu schaffen, das ihren Bed\u00fcrfnissen entspricht. Wir besch\u00e4ftigen uns mit der professionellen Bewertung von Stellen f\u00fcr Menschen mit Behinderungen auf der Grundlage des geltenden Rechts, wir bieten Beratungsdienste an, dank derer die Stelle f\u00fcr diese Art von Person in Ihrem Unternehmen je nach Grad der Behinderung richtig ausgearbeitet wird. Wir f\u00fchren unter anderem folgende T\u00e4tigkeiten durch: Wir pr\u00fcfen, ob der Arbeitnehmer in der Lage ist, eine bestimmte Arbeit auszuf\u00fchren und ob sie f\u00fcr ihn kein Risiko darstellt. Wir pr\u00fcfen, ob die Anwesenheit des Arbeitnehmers am Arbeitsplatz keine Gefahr f\u00fcr ihn darstellt andere Mitarbeiter, wir bestimmen die Arbeitsbedingungen und die damit verbundenen Risiken, wir geben die Ger\u00e4te und Materialien an, die von einem Mitarbeiter verwendet werden k\u00f6nnen, wir geben die Aufgaben sowie deren Zeit und H\u00e4ufigkeit an, die der Mitarbeiter ausf\u00fchren kann. Sie k\u00f6nnen das Thema Arbeitsbewertung erhalten f\u00fcr Menschen mit Behinderungen von unseren Gesundheits- und Sicherheitsspezialisten. Wir laden Sie herzlich ein, unsere Dienste zu nutzen!<\/p>","protected":false},"author":1,"featured_media":0,"parent":1193,"menu_order":0,"comment_status":"closed","ping_status":"closed","template":"","meta":{"sfsi_plus_gutenberg_text_before_share":"","sfsi_plus_gutenberg_show_text_before_share":"","sfsi_plus_gutenberg_icon_type":"","sfsi_plus_gutenberg_icon_alignemt":"","sfsi_plus_gutenburg_max_per_row":"","footnotes":""},"class_list":["post-1214","page","type-page","status-publish","hentry","has_no_thumb"],"aioseo_notices":[],"_links":{"self":[{"href":"https:\/\/odk-ergon.pl\/de\/wp-json\/wp\/v2\/pages\/1214","targetHints":{"allow":["GET"]}}],"collection":[{"href":"https:\/\/odk-ergon.pl\/de\/wp-json\/wp\/v2\/pages"}],"about":[{"href":"https:\/\/odk-ergon.pl\/de\/wp-json\/wp\/v2\/types\/page"}],"author":[{"embeddable":true,"href":"https:\/\/odk-ergon.pl\/de\/wp-json\/wp\/v2\/users\/1"}],"replies":[{"embeddable":true,"href":"https:\/\/odk-ergon.pl\/de\/wp-json\/wp\/v2\/comments?post=1214"}],"version-history":[{"count":2,"href":"https:\/\/odk-ergon.pl\/de\/wp-json\/wp\/v2\/pages\/1214\/revisions"}],"predecessor-version":[{"id":1499,"href":"https:\/\/odk-ergon.pl\/de\/wp-json\/wp\/v2\/pages\/1214\/revisions\/1499"}],"up":[{"embeddable":true,"href":"https:\/\/odk-ergon.pl\/de\/wp-json\/wp\/v2\/pages\/1193"}],"wp:attachment":[{"href":"https:\/\/odk-ergon.pl\/de\/wp-json\/wp\/v2\/media?parent=1214"}],"curies":[{"name":"wp","href":"https:\/\/api.w.org\/{rel}","templated":true}]}}