{"id":1216,"date":"2014-08-07T15:05:28","date_gmt":"2014-08-07T15:05:28","guid":{"rendered":"http:\/\/odk-ergon.pl\/?page_id=1216"},"modified":"2014-08-07T19:52:50","modified_gmt":"2014-08-07T19:52:50","slug":"ergonomie-bewertung","status":"publish","type":"page","link":"https:\/\/odk-ergon.pl\/de\/uslugi-bhp\/ocena-ergonomiczna\/","title":{"rendered":"Ergonomische Bewertung"},"content":{"rendered":"<div class=\"wyjustuj\">\n<p>Wir erstellen ergonomische Gutachten f\u00fcr Arbeitspl\u00e4tze. Die Durchf\u00fchrung einer solchen Bewertung liegt in der Verantwortung des Arbeitgebers, der f\u00fcr die Ergonomie der von den Arbeitnehmern eingenommenen Arbeitspl\u00e4tze verantwortlich ist \u2013 wenn der Arbeitsplatz ergonomisch ist, dann k\u00f6nnen die Arbeitnehmer ihre Aufgaben einfacher und schneller erledigen und das Risiko von Berufskrankheiten und Unf\u00e4llen wird gemindert Die Arbeit wird zus\u00e4tzlich reduziert.<\/p>\n<p><strong>Bei der ergonomischen Beurteilung der Arbeit an einem Arbeitsplatz werden folgende Faktoren ber\u00fccksichtigt:<\/strong><\/p>\n<ul>\n<li>Einsch\u00e4tzung der k\u00f6rperlichen Belastung<\/li>\n<li>Einsch\u00e4tzung der psychischen Belastung des Arbeitnehmers<\/li>\n<li>Anthropometrische Bewertung des Arbeitsplatzes<\/li>\n<li>Bewertung der Platzierung von Steuer- und Lenksystemen<\/li>\n<li>Bewertung der Arbeitsumgebung in Bezug auf Mikroklima, Vibration, L\u00e4rm, Hygienestandards<\/li>\n<\/ul>\n<p>Wir helfen Arbeitgebern bei der Umsetzung ergonomischer L\u00f6sungen. Dazu f\u00fchren wir eine Bewertung der Arbeit und ihrer Bestandteile durch, um optimale Vorgehensweisen zur Verbesserung der Ergonomie an verschiedenen Arbeitspl\u00e4tzen aufzuzeigen. W\u00e4hrend der Arbeit f\u00fchren unsere Spezialisten unter anderem Gespr\u00e4che mit F\u00fchrungskr\u00e4ften und Mitarbeitern, dokumentieren Arbeitspositionen und erstellen detaillierte Analysen und Bewertungen. Nach Abschluss der Arbeiten erh\u00e4lt der Kunde ein spezielles ergonomisches Programm.<\/p>\n<p><strong>Wir verwenden verschiedene Methoden zur Bewertung des ergonomischen Arbeitsplatzes, darunter:<\/strong><\/p>\n<ul>\n<li>KIM-Methode f\u00fcr manuelles Heben<\/li>\n<li>REBA - Schnelle Beurteilung des gesamten K\u00f6rpers<\/li>\n<li>OWAS - Ovako Working Posture Analysis System - ein Verfahren zur statischen Belastungsanalyse<\/li>\n<\/ul>\n<p><a href=\"https:\/\/odk-ergon.pl\/de\/kontakt\/\">Wir laden Sie herzlich ein, unsere Dienste zu nutzen<\/a> Gesundheit und Sicherheit!<\/p>\n<\/div>","protected":false},"excerpt":{"rendered":"<p>Wir erstellen ergonomische Gutachten f\u00fcr Arbeitspl\u00e4tze. Die Durchf\u00fchrung einer solchen Bewertung liegt in der Verantwortung des Arbeitgebers, der f\u00fcr die Ergonomie der von den Arbeitnehmern eingenommenen Arbeitspl\u00e4tze verantwortlich ist \u2013 wenn der Arbeitsplatz ergonomisch ist, dann k\u00f6nnen die Arbeitnehmer ihre Aufgaben einfacher und schneller erledigen und das Risiko von Berufskrankheiten und Unf\u00e4llen wird gemindert Die Arbeit wird zus\u00e4tzlich reduziert. Bei der Beurteilung der Arbeit in einer Position im Hinblick auf ergonomische Anforderungen werden folgende Faktoren ber\u00fccksichtigt: Beurteilung der k\u00f6rperlichen Arbeitsbelastung Beurteilung der psychischen Belastung des Mitarbeiters Anthropometrische Beurteilung des Arbeitsplatzes Beurteilung der Platzierung von Steuer- und Lenksystemen Beurteilung des Arbeitsumfelds in Bezug auf Mikroklima, Vibration, L\u00e4rm, Hygienestandards Wir helfen Arbeitgebern bei der Umsetzung ergonomischer L\u00f6sungen. Dazu f\u00fchren wir eine Bewertung der Arbeit und ihrer Bestandteile durch, um optimale Vorgehensweisen zur Verbesserung der Ergonomie an verschiedenen Arbeitspl\u00e4tzen aufzuzeigen. W\u00e4hrend der Arbeit f\u00fchren unsere Spezialisten unter anderem Gespr\u00e4che mit F\u00fchrungskr\u00e4ften und Mitarbeitern, dokumentieren Arbeitspositionen und erstellen detaillierte Analysen und Bewertungen. Nach Abschluss der Arbeiten erh\u00e4lt der Kunde ein spezielles ergonomisches Programm. Wir verwenden verschiedene Methoden zur Bewertung des ergonomischen Arbeitsplatzes, darunter: KIM-Methode f\u00fcr manuelles Heben REBA - Schnelle Ganzk\u00f6rperbewertung OWAS - Ovako Working Posture Analysis System - Statische Belastungsanalysemethode Wir laden Sie ein, unsere OHS-Services zu nutzen!<\/p>","protected":false},"author":1,"featured_media":0,"parent":1193,"menu_order":0,"comment_status":"closed","ping_status":"closed","template":"","meta":{"sfsi_plus_gutenberg_text_before_share":"","sfsi_plus_gutenberg_show_text_before_share":"","sfsi_plus_gutenberg_icon_type":"","sfsi_plus_gutenberg_icon_alignemt":"","sfsi_plus_gutenburg_max_per_row":"","footnotes":""},"class_list":["post-1216","page","type-page","status-publish","hentry","has_no_thumb"],"aioseo_notices":[],"_links":{"self":[{"href":"https:\/\/odk-ergon.pl\/de\/wp-json\/wp\/v2\/pages\/1216","targetHints":{"allow":["GET"]}}],"collection":[{"href":"https:\/\/odk-ergon.pl\/de\/wp-json\/wp\/v2\/pages"}],"about":[{"href":"https:\/\/odk-ergon.pl\/de\/wp-json\/wp\/v2\/types\/page"}],"author":[{"embeddable":true,"href":"https:\/\/odk-ergon.pl\/de\/wp-json\/wp\/v2\/users\/1"}],"replies":[{"embeddable":true,"href":"https:\/\/odk-ergon.pl\/de\/wp-json\/wp\/v2\/comments?post=1216"}],"version-history":[{"count":2,"href":"https:\/\/odk-ergon.pl\/de\/wp-json\/wp\/v2\/pages\/1216\/revisions"}],"predecessor-version":[{"id":1497,"href":"https:\/\/odk-ergon.pl\/de\/wp-json\/wp\/v2\/pages\/1216\/revisions\/1497"}],"up":[{"embeddable":true,"href":"https:\/\/odk-ergon.pl\/de\/wp-json\/wp\/v2\/pages\/1193"}],"wp:attachment":[{"href":"https:\/\/odk-ergon.pl\/de\/wp-json\/wp\/v2\/media?parent=1216"}],"curies":[{"name":"wp","href":"https:\/\/api.w.org\/{rel}","templated":true}]}}