{"id":1220,"date":"2014-08-07T15:08:17","date_gmt":"2014-08-07T15:08:17","guid":{"rendered":"http:\/\/odk-ergon.pl\/?page_id=1220"},"modified":"2021-07-17T20:45:38","modified_gmt":"2021-07-17T19:45:38","slug":"erste-hilfe-kurs-warszawa","status":"publish","type":"page","link":"https:\/\/odk-ergon.pl\/de\/szkolenia\/kurs-pierwszej-pomocy-warszawa\/","title":{"rendered":"Erste Hilfe Kurs"},"content":{"rendered":"<div style=\"float: left; padding-right: 10px;\"><img decoding=\"async\" src=\"\/wp-content\/uploads\/2014\/08\/medycyna_m.jpg\" alt=\"\" \/><\/div>\n<div class=\"wyjustuj\">\n<p>Im ERGON Personalschulungszentrum bieten wir Erste-Hilfe-Schulungen an unserem Hauptsitz in der Stadt Warschau und unterwegs an jedem Ort Ihrer Wahl an. Wir f\u00fchren einen qualifizierten Erste-Hilfe-Kurs nach den neuesten gesetzlichen Bestimmungen durch. Wer sich f\u00fcr einen Erste-Hilfe-Kurs entscheiden m\u00f6chte, ist herzlich eingeladen, unsere Dienstleistungen in Anspruch zu nehmen!<\/p>\n<p>Gem\u00e4\u00df Art. 209 \u00a7 1 Punkt 2 des Arbeitsgesetzbuchs sind alle Arbeitgeber verpflichtet, Arbeitnehmer einzustellen, die einen Erste-Hilfe-Kurs absolvieren und zu deren Aufgaben am Arbeitsplatz die Erste Hilfe geh\u00f6rt. Auf Grundlage dieser Vorschriften bieten wir Ihnen in unserem Zentrum eine Erste-Hilfe-Schulung an, die Ihnen hilft, die gestellten gesetzlichen Anforderungen zu erf\u00fcllen.<\/p>\n<p>Jeder Kurs \u201eErste Hilfe in Lebens- und Gesundheitsnotf\u00e4llen\u201c beinhaltet theoretische und praktische Teile. Ein speziell entwickeltes Curriculum erm\u00f6glicht es den Studierenden, sich mit allen Aspekten des Themas vertraut zu machen. W\u00e4hrend des Unterrichts verwenden wir spezielle Trainingsger\u00e4te, darunter moderne Mannequins, einschlie\u00dflich Phantome, dank denen der qualifizierte Erste-Hilfe-Kurs den Teilnehmern vollst\u00e4ndige Kompetenzen vermittelt. Erfahrene Rettungsschwimmer-Instruktoren mit langj\u00e4hriger Erfahrung im Beruf \u00fcberwachen die ganze Zeit den Parcours.<\/p>\n<p>Lehrform: Vorlesung und praktische \u00dcbungen<br \/>\nUnterrichtsdauer: 5 Lektionen \u00e0 45 Minuten<br \/>\nUnterrichtsort: Warschau oder andere vom Kunden angegebene Orte<\/p>\n<h2><strong>Zu den Standardthemen unserer Erste-Hilfe-Kurse geh\u00f6ren:<\/strong><\/h2>\n<ul>\n<li>Legale Aspekte<\/li>\n<li>den Inhalt des Erste-Hilfe-Kastens<\/li>\n<li>Notrufnummern mit einer Beschreibung der Regeln f\u00fcr das Rufen eines Krankenwagens<\/li>\n<li>ausreichende Sicherung des Veranstaltungsortes<\/li>\n<li>Regeln f\u00fcr die Evakuierung der Verletzten<\/li>\n<li>Vorstellung der Methode der Herz-Lungen-Wiederbelebung (\u00dcberpr\u00fcfung der grundlegenden Lebensaktivit\u00e4ten des Opfers, seines Bewusstseinszustands, Prinzipien der Herzmassage, Mund-zu-Mund-Beatmung)<\/li>\n<li>Vorstellung der Methode der Herz-Lungen-Wiederbelebung bei Kindern<\/li>\n<li>die Regeln f\u00fcr die Lagerung des Verletzten in einer sicheren Seitenlage<\/li>\n<li>Regeln zur Behandlung verschiedener Arten von Verletzungen - Blutungen, Verbrennungen, Erfrierungen, Frakturen, Verletzungen der Bauchh\u00f6hle, des Kopfes, der Brust, Fremdk\u00f6rper in der Wunde, traumatische Amputation<\/li>\n<li>Verhaltensregeln in folgenden F\u00e4llen - Epilepsie, Vergiftung, Ohnmacht, Herzinfarkt, Ersticken, Stromschlag oder Blitzschlag<\/li>\n<\/ul>\n<h3><strong>Unser Erste-Hilfe-Kurs beinhaltet folgende praktische Lektionen:<\/strong><\/h3>\n<ul>\n<li>Reanimation<\/li>\n<li>Auswahl der Opfer und Organisation der Evakuierung<\/li>\n<li>Verfahren bei Verkehrsunf\u00e4llen<\/li>\n<li>Bestimmung der sicheren Seitenlage<\/li>\n<li>Verhaltensregeln bei Verdacht auf Wirbels\u00e4ulensch\u00e4den<\/li>\n<li>Verfahren bei Ertrinken, Ohnmacht, Stromschlag, Ersticken, Epilepsieanf\u00e4llen<\/li>\n<\/ul>\n<p>Wir f\u00fchren Erste-Hilfe-Kurse offen - sie stehen allen Interessierten offen - und auch geschlossen - f\u00fcr bestimmte Mitarbeitergruppen oder andere etablierte Gruppen durch. Bei geschlossenen Gruppen sind wir in der Lage, einen qualifizierten Erste-Hilfe-Kurs individuell auf die Bed\u00fcrfnisse des Kunden abzustimmen. Wir f\u00fchren Kurse an unserem Hauptsitz in der Stadt Warschau durch, k\u00f6nnen aber auch nach Ihren W\u00fcnschen den Ort in der Woiwodschaft Masowien und in ganz Polen erreichen.<\/p>\n<p>Wir stellen sicher, dass der Preis unserer Kurse f\u00fcr Sie immer erschwinglich ist. Bei der Organisation von Schulungen f\u00fcr eine gr\u00f6\u00dfere Gruppe bieten wir attraktive Rabatte an. Bitte kontaktieren Sie uns und unsere Mitarbeiter erstellen Ihnen ein Serviceangebot. Wir beantworten auch alle Ihre Fragen zu den Kursen.<\/p>\n<p>Die Kurse \u201eErste Hilfe im Lebens- und Gesundheitsnotfall\u201c vermitteln n\u00fctzliche und wissenswerte F\u00e4higkeiten, denn nur so k\u00f6nnen Sie Verletzten helfen und Leben retten. Bei uns k\u00f6nnen Sie sie umfassend in Theorie und Praxis und von Spezialisten ihres Fachs kennenlernen.<\/p>\n<p>Wir laden Sie zu Schulungen in unserem ein <a href=\"https:\/\/odk-ergon.pl\/de\/o-firmie\/\">ERGON Personalschulungszentrum<\/a>!<\/p>\n<\/div>","protected":false},"excerpt":{"rendered":"<p>W O\u015brodku Doskonalenia Kadr ERGON oferujemy Pa\u0144stwu szkolenia pierwsza pomoc w naszej siedzibie w mie\u015bcie Warszawa oraz wyjazdowo w dowolnie wskazanym miejscu. Prowadzimy kurs kwalifikowanej pierwszej pomocy na bazie najnowszych przepis\u00f3w prawa. Tych z Pa\u0144stwa, kt\u00f3rzy chc\u0105 wybra\u0107 kurs pierwszej pomocy, zapraszamy do skorzystania z naszych us\u0142ug! Wed\u0142ug art. 209 \u00a7 1 pkt. 2 Kodeksu pracy wszyscy pracodawcy s\u0105 zobowi\u0105zani do wyznaczenia pracownik\u00f3w, kt\u00f3rzy odb\u0119d\u0105 kurs pierwszej pomocy i do kt\u00f3rych zada\u0144 w zak\u0142adzie pracy b\u0119dzie nale\u017ca\u0142a pierwsza pomoc. Na podstawie tych przepis\u00f3w proponujemy Pa\u0144stwu zrealizowanie szkolenia pierwsza pomoc w naszym O\u015brodku, kt\u00f3re pomo\u017ce Pa\u0144stwu w spe\u0142nieniu przedstawionych wymog\u00f3w prawnych. Ka\u017cde zaj\u0119cia \u201ePierwsza pomoc w stanach zagro\u017cenia \u017cycia i zdrowia\u201d w\u0142\u0105czaj\u0105 cz\u0119\u015b\u0107 teoretyczn\u0105 oraz cz\u0119\u015b\u0107 praktyczn\u0105. Specjalnie dopracowany program nauczania pozwala kursantom na zapoznanie si\u0119 ze wszystkimi aspektami tematu. Podczas zaj\u0119\u0107 wykorzystujemy specjalny sprz\u0119t szkoleniowy, w tym nowoczesne manekiny, w tym fantomy, dzi\u0119ki kt\u00f3rym kurs kwalifikowanej pierwszej pomocy przekazuje kompletne kompetencje uczestnikom. Nad przebiegiem przez ca\u0142y czas czuwaj\u0105 do\u015bwiadczeni instruktorzy ratownicy z wieloletnim sta\u017cem w zawodzie. Forma zaj\u0119\u0107: wyk\u0142ady i \u0107wiczenia praktyczne Czas trwania zaj\u0119\u0107: 5 lekcji po 45 minut Miejsce zaj\u0119\u0107: Warszawa lub inne wskazane przez klienta Standardowy zakres tematyczny, kt\u00f3ry obejmuj\u0105 nasze kursy pierwszej pomocy, to mi\u0119dzy innymi: aspekty prawne zawarto\u015b\u0107 apteczki numery ratunkowe wraz z opisem zasad wzywania karetki pogotowia ratunkowego odpowiednie zabezpieczenie miejsca zdarzenia regu\u0142y prowadzenia ewakuacji os\u00f3b poszkodowanych przedstawienie metody resuscytacji kr\u0105\u017ceniowo-oddechowej (sprawdzanie podstawowych czynno\u015bci \u017cyciowych poszkodowanego, jego stanu \u015bwiadomo\u015bci, zasady wykonania masa\u017cu serca, prowadzenia wentylacji usta-usta) przedstawienie metody resuscytacji kr\u0105\u017ceniowo-oddechowej u dzieci zasady ustawiania poszkodowanego w pozycji bocznej bezpiecznej [&hellip;]<\/p>\n","protected":false},"author":1,"featured_media":1408,"parent":65,"menu_order":1,"comment_status":"closed","ping_status":"closed","template":"","meta":{"sfsi_plus_gutenberg_text_before_share":"","sfsi_plus_gutenberg_show_text_before_share":"","sfsi_plus_gutenberg_icon_type":"","sfsi_plus_gutenberg_icon_alignemt":"","sfsi_plus_gutenburg_max_per_row":"","footnotes":""},"class_list":["post-1220","page","type-page","status-publish","has-post-thumbnail","hentry","has_thumb"],"aioseo_notices":[],"_links":{"self":[{"href":"https:\/\/odk-ergon.pl\/de\/wp-json\/wp\/v2\/pages\/1220","targetHints":{"allow":["GET"]}}],"collection":[{"href":"https:\/\/odk-ergon.pl\/de\/wp-json\/wp\/v2\/pages"}],"about":[{"href":"https:\/\/odk-ergon.pl\/de\/wp-json\/wp\/v2\/types\/page"}],"author":[{"embeddable":true,"href":"https:\/\/odk-ergon.pl\/de\/wp-json\/wp\/v2\/users\/1"}],"replies":[{"embeddable":true,"href":"https:\/\/odk-ergon.pl\/de\/wp-json\/wp\/v2\/comments?post=1220"}],"version-history":[{"count":6,"href":"https:\/\/odk-ergon.pl\/de\/wp-json\/wp\/v2\/pages\/1220\/revisions"}],"predecessor-version":[{"id":1808,"href":"https:\/\/odk-ergon.pl\/de\/wp-json\/wp\/v2\/pages\/1220\/revisions\/1808"}],"up":[{"embeddable":true,"href":"https:\/\/odk-ergon.pl\/de\/wp-json\/wp\/v2\/pages\/65"}],"wp:featuredmedia":[{"embeddable":true,"href":"https:\/\/odk-ergon.pl\/de\/wp-json\/wp\/v2\/media\/1408"}],"wp:attachment":[{"href":"https:\/\/odk-ergon.pl\/de\/wp-json\/wp\/v2\/media?parent=1220"}],"curies":[{"name":"wp","href":"https:\/\/api.w.org\/{rel}","templated":true}]}}