{"id":1222,"date":"2014-08-07T15:11:13","date_gmt":"2014-08-07T15:11:13","guid":{"rendered":"http:\/\/odk-ergon.pl\/?page_id=1222"},"modified":"2021-07-17T20:44:22","modified_gmt":"2021-07-17T19:44:22","slug":"feuerwehr-ausbildung","status":"publish","type":"page","link":"https:\/\/odk-ergon.pl\/de\/szkolenia\/szkolenie-ppoz-przeciwpozarowe\/","title":{"rendered":"Feuertraining"},"content":{"rendered":"<div style=\"float: left; padding-right: 10px;\"><img decoding=\"async\" src=\"\/wp-content\/uploads\/2014\/08\/strazak_m.jpg\" alt=\"\" \/><\/div>\n<div class=\"wyjustuj\">\n<p><a href=\"https:\/\/odk-ergon.pl\/de\/o-firmie\/\">ERGON Personalschulungszentrum<\/a> l\u00e4dt Sie zu Brandschutzschulungen ein. Wir verf\u00fcgen \u00fcber langj\u00e4hrige Erfahrung in der Branche, ein Team kompetenter Dozenten und eigene H\u00f6rs\u00e4le. Wir sind auch in der Lage, Brandschutzschulungen f\u00fcr Mitarbeiter an jedem Ort Ihrer Wahl in der Woiwodschaft Masowien und in ganz Polen anzubieten.<\/p>\n<p>Laut Gesetz ist es Aufgabe des Arbeitgebers, f\u00fcr den Brandschutz am Arbeitsplatz zu sorgen.<\/p>\n<h2><strong>Verantwortlichkeiten des Arbeitgebers<\/strong><\/h2>\n<ul>\n<li>Der Eigent\u00fcmer, Verwalter oder Nutzer des Geb\u00e4udes ist verpflichtet:<\/li>\n<li>einen Mitarbeiter benennen und zu einem Brandbek\u00e4mpfungskurs schicken, der f\u00fcr die Evakuierungsma\u00dfnahmen im Brandfall verantwortlich ist<\/li>\n<li>Festlegung von Verfahren bei Br\u00e4nden, Naturkatastrophen und anderen Bedrohungen<\/li>\n<li>Stellen Sie den Mitarbeitern Brandschutzvorschriften zur Verf\u00fcgung<\/li>\n<li>allen Personen im Geb\u00e4ude oder auf dessen Gel\u00e4nde eine sichere Evakuierung zu erm\u00f6glichen<\/li>\n<li>Ausr\u00fcstung des Geb\u00e4udes oder des Bereichs mit geeigneten Feuerl\u00f6schger\u00e4ten, einschlie\u00dflich Feuerl\u00f6schern<\/li>\n<li>regelm\u00e4\u00dfige Wartung von Feuerl\u00f6schger\u00e4ten, einschlie\u00dflich Feuerl\u00f6schern, durchf\u00fchren, damit sie jederzeit ordnungsgem\u00e4\u00df funktionieren<\/li>\n<\/ul>\n<h3><strong>Brandschutz in der Anlage<\/strong><\/h3>\n<ul>\n<li>Jeder Eigent\u00fcmer, Verwalter oder Nutzer eines Geb\u00e4udes, ausgenommen Einfamilienh\u00e4user, ist verpflichtet:<\/li>\n<li>das Geb\u00e4ude mit Brandbek\u00e4mpfungseinrichtungen und Feuerl\u00f6schern auszustatten und diese st\u00e4ndig funktionst\u00fcchtig und technisch einsatzbereit zu halten<\/li>\n<li>Ausr\u00fcstung des Geb\u00e4udes gem\u00e4\u00df den technischen und baulichen Vorschriften mit geeigneten Brandschutzschaltern<\/li>\n<li>An sichtbaren Stellen eine Anleitung f\u00fcr den Brandfall und eine Liste mit aktuellen Notrufnummern anbringen<\/li>\n<li>Bereiten Sie Markierungen f\u00fcr Fluchtwege, Stellen mit Feuerl\u00f6schern, Stromschaltern, Gash\u00e4hnen vor - verwenden Sie Schilder gem\u00e4\u00df den polnischen Standards<\/li>\n<\/ul>\n<p>Um den dargestellten gesetzlichen Anforderungen gerecht zu werden, empfehlen wir Brandschutzschulungen. in unserem ERGON Center, in dem Mitarbeiter alles \u00fcber das vorgestellte Thema erfahren k\u00f6nnen, und wir bieten umfassende Beratungsleistungen an. Wenn Sie sich f\u00fcr unsere Brandschutzkurse entscheiden, k\u00f6nnen Sie sicher sein, dass alle Verfahren eingehalten werden.<\/p>\n<p>Jeder Brandschutzkurs basiert nicht nur auf gesetzlichen Vorschriften, sondern auch auf unserer langj\u00e4hrigen Branchenerfahrung. Deshalb verwenden wir propriet\u00e4re Programme und moderne Hilfsmittel, dank denen jeder Kursteilnehmer umfangreiche theoretische Kenntnisse und F\u00e4higkeiten erh\u00e4lt.<\/p>\n<h3><strong>Brandschutzausbildung umfasst unter anderem:<\/strong><\/h3>\n<ul>\n<li>Verhaltensregeln bei der Brandbek\u00e4mpfung<\/li>\n<li>die Theorie der Verwendung von Handfeuerl\u00f6schger\u00e4ten sowie deren Konstruktion<\/li>\n<li>Vorf\u00fchrung des Modellfeuerl\u00f6schens durch den Ausbilder<\/li>\n<li>praktische \u00dcbungen<\/li>\n<\/ul>\n<p>Brandschutzschulungen f\u00fcr Mitarbeiter sind f\u00fcr Gruppen bis zu 15 Personen vorgesehen.<\/p>\n<p>Unsere Spezialit\u00e4t seit \u00fcber 15 Jahren ist <a href=\"https:\/\/odk-ergon.pl\/de\/szkolenia\/szkolenia-bhp-warszawa\/\">Sicherheitstraining<\/a> und Brandschutz. Wir bearbeiten diese umfassend und kompetent und orientieren uns dabei stets an den Bed\u00fcrfnissen unserer Kunden, weshalb wir jede Arbeitsschutz- und Brandschutzschulung individuell an Ihre Bed\u00fcrfnisse anpassen k\u00f6nnen.<\/p>\n<p>Wir f\u00fchren Feuerwehrschulungen an unserem Hauptsitz in Warschau durch, wo ein moderner H\u00f6rsaal zur Verf\u00fcgung steht. Auch Brandschutzschulungen Wir treten f\u00fcr Kunden an bestimmten Orten auf, haupts\u00e4chlich in der Zentrale. Wir k\u00f6nnen praktisch \u00fcberall im Land hingehen - bitte kontaktieren Sie uns, um die Einzelheiten des Dienstes zu vereinbaren.<\/p>\n<p>Wir sind in der Lage, jede Brandschutzschulung inhaltlich individuell auf die Bed\u00fcrfnisse des Auftraggebers abzustimmen, so dass sie auch die Besonderheiten des Arbeitsplatzes und des Arbeitsplatzes mit einbezieht. Unsere Instruktoren werden Kurse durchf\u00fchren, um alle Ihre Anforderungen zu erf\u00fcllen.<\/p>\n<p>Gleichzeitig zeichnet sich unser Zentrum auch durch den attraktiven Preis der Kurse aus. Wir wenden keine im Voraus festgelegten Preise an, und die endg\u00fcltigen Geb\u00fchren h\u00e4ngen von der Anzahl der Teilnehmer ab. Wenn Sie also ungef\u00e4hre Preise wissen m\u00f6chten, empfehlen wir Ihnen, eine E-Mail oder ein Telefon mit einer Anfrage zu senden.<\/p>\n<p>ERGON Personalschulungszentrum - Brandschutzschulung Warschau - wir laden Sie ein, unsere Dienstleistungen zu nutzen!<\/p>\n<\/div>","protected":false},"excerpt":{"rendered":"<p>O\u015brodek Doskonalenia Kadr ERGON zaprasza na szkolenia PPO\u017b. Mamy wieloletnie do\u015bwiadczenie w bran\u017cy i dysponujemy kadr\u0105 kompetentnych instruktor\u00f3w oraz w\u0142asnymi salami wyk\u0142adowymi. Tak\u017ce jeste\u015bmy w stanie zrealizowa\u0107 szkolenie przeciwpo\u017carowe pracownik\u00f3w w dowolnie wskazanym przez Pa\u0144stwa miejscu w wojew\u00f3dztwie mazowieckim i na terenie ca\u0142ej Polski. Wed\u0142ug przepis\u00f3w prawa zadaniem pracodawcy jest zapewnienie ochrony przeciwpo\u017carowej w miejscu pracy. Obowi\u0105zki pracodawcy Posiadacz, zarz\u0105dca lub u\u017cytkownik budynku jest zobowi\u0105zany do: wskazania i wys\u0142ania na kurs przeciwpo\u017carowy pracownika, kt\u00f3ry b\u0119dzie odpowiada\u0142 za procedury ewakuacyjne w sytuacji wyst\u0105pienia po\u017caru okre\u015blenia procedur na wypadek po\u017car\u00f3w, kl\u0119sk \u017cywio\u0142owych i innych zagro\u017ce\u0144 przedstawienia pracownikom przepis\u00f3w przeciwpo\u017carowych zapewnienia ka\u017cdej osobie znajduj\u0105cej si\u0119 w budynku lub na jego terenie bezpiecznej ewakuacji wyposa\u017cenia budynku lub terenu w odpowiednie urz\u0105dzenia przeciwpo\u017carowe, w tym w ga\u015bnice prowadzenia regularnych konserwacji urz\u0105dze\u0144 przeciwpo\u017carowych, w tym ga\u015bnic, aby stale dzia\u0142a\u0142y one prawid\u0142owo Bezpiecze\u0144stwo przeciwpo\u017carowe w obiekcie Ka\u017cdy posiadacz, zarz\u0105dca czy te\u017c u\u017cytkownik budynku, za wyj\u0105tkiem budynk\u00f3w jednorodzinnych, jest zobowi\u0105zany: wyposa\u017cy\u0107 budynek w urz\u0105dzenia przeciwpo\u017carowe oraz ga\u015bnice, a tak\u017ce utrzyma\u0107 je stale w stanie sprawno\u015bci funkcjonalnej i technicznej wyposa\u017cy\u0107 budynek wed\u0142ug przepis\u00f3w techniczno-budowlanych w odpowiednie przeciwpo\u017carowe wy\u0142\u0105czniki pr\u0105du w widocznych miejscach zamontowa\u0107 instrukcje post\u0119powania w wypadku wyst\u0105pienia po\u017caru oraz wykaz aktualnych telefon\u00f3w alarmowych przygotowa\u0107 oznaczenia dr\u00f3g ewakuacyjnych, miejsc, w kt\u00f3rych znajduj\u0105 si\u0119 ga\u015bnice, wy\u0142\u0105czniki pr\u0105du, kurki gazowe \u2013 nale\u017cy wykorzysta\u0107 znaki zgodne z Polskimi Normami Aby spe\u0142ni\u0107 przedstawione wymogi prawne, polecamy Pa\u0144stwu szkolenia p.po\u017c. w naszym O\u015brodku ERGON, podczas kt\u00f3rych pracownicy mog\u0105 dowiedzie\u0107 si\u0119 wszystkiego w przedstawionym temacie, a tak\u017ce s\u0142u\u017cymy kompleksowymi us\u0142ugami doradczymi. Wybieraj\u0105c nasze kursy PPO\u017b, maj\u0105 Pa\u0144stwo pewno\u015b\u0107, \u017ce wszystkie [&hellip;]<\/p>\n","protected":false},"author":1,"featured_media":1410,"parent":65,"menu_order":0,"comment_status":"closed","ping_status":"closed","template":"","meta":{"sfsi_plus_gutenberg_text_before_share":"","sfsi_plus_gutenberg_show_text_before_share":"","sfsi_plus_gutenberg_icon_type":"","sfsi_plus_gutenberg_icon_alignemt":"","sfsi_plus_gutenburg_max_per_row":"","footnotes":""},"class_list":["post-1222","page","type-page","status-publish","has-post-thumbnail","hentry","has_thumb"],"aioseo_notices":[],"_links":{"self":[{"href":"https:\/\/odk-ergon.pl\/de\/wp-json\/wp\/v2\/pages\/1222","targetHints":{"allow":["GET"]}}],"collection":[{"href":"https:\/\/odk-ergon.pl\/de\/wp-json\/wp\/v2\/pages"}],"about":[{"href":"https:\/\/odk-ergon.pl\/de\/wp-json\/wp\/v2\/types\/page"}],"author":[{"embeddable":true,"href":"https:\/\/odk-ergon.pl\/de\/wp-json\/wp\/v2\/users\/1"}],"replies":[{"embeddable":true,"href":"https:\/\/odk-ergon.pl\/de\/wp-json\/wp\/v2\/comments?post=1222"}],"version-history":[{"count":5,"href":"https:\/\/odk-ergon.pl\/de\/wp-json\/wp\/v2\/pages\/1222\/revisions"}],"predecessor-version":[{"id":1807,"href":"https:\/\/odk-ergon.pl\/de\/wp-json\/wp\/v2\/pages\/1222\/revisions\/1807"}],"up":[{"embeddable":true,"href":"https:\/\/odk-ergon.pl\/de\/wp-json\/wp\/v2\/pages\/65"}],"wp:featuredmedia":[{"embeddable":true,"href":"https:\/\/odk-ergon.pl\/de\/wp-json\/wp\/v2\/media\/1410"}],"wp:attachment":[{"href":"https:\/\/odk-ergon.pl\/de\/wp-json\/wp\/v2\/media?parent=1222"}],"curies":[{"name":"wp","href":"https:\/\/api.w.org\/{rel}","templated":true}]}}