{"id":1228,"date":"2014-08-07T15:14:27","date_gmt":"2014-08-07T15:14:27","guid":{"rendered":"http:\/\/odk-ergon.pl\/?page_id=1228"},"modified":"2022-02-26T02:06:56","modified_gmt":"2022-02-26T01:06:56","slug":"gesundheits-und-sicherheitsvorschriften","status":"publish","type":"page","link":"https:\/\/odk-ergon.pl\/de\/baza-wiedzy\/przepisy-bhp\/","title":{"rendered":"Gesundheits- und Sicherheitsvorschriften"},"content":{"rendered":"<div style=\"float: left; padding-right: 10px;\"><img decoding=\"async\" src=\"\/wp-content\/uploads\/2014\/08\/08-przepisy-zdjecie.jpg\" alt=\"\" \/><\/div>\n<div class=\"wyjustuj\">\n<p>Arbeitssicherheit und Gesundheitsschutz sind eine Reihe von Vorschriften, die angeben, wie die zugewiesenen Aufgaben an verschiedenen Arbeitspl\u00e4tzen sicher und hygienisch ausgef\u00fchrt werden k\u00f6nnen. Die f\u00fcr die Einhaltung der Arbeitsschutzvorschriften zust\u00e4ndige Stelle ist die Nationale Arbeitsinspektion (PIP).<\/p>\n<p>Grundlegende Arbeitsschutzvorschriften finden sich im Arbeitsgesetzbuch, Abschnitt X. Sie sind auch in vielen Verordnungen enthalten, darunter der Verordnung \u00fcber den allgemeinen Arbeitsschutz (Gesetzblatt 1997, Nr. 129, Pos. 844 mit sp\u00e4tere \u00c4nderungen) sowie in den Polnischen Normen.<\/p>\n<p><strong>Die Vorschriften definieren unter anderem Folgendes:<\/strong><\/p>\n<ul>\n<li>Durchf\u00fchrung von \u00e4rztlichen Untersuchungen der Mitarbeiter<\/li>\n<li>Mitarbeiterschulungen im Bereich Arbeitssicherheit und Gesundheitsschutz<\/li>\n<li>Bel\u00e4stigung und sch\u00e4dliche Faktoren in der Arbeitsumgebung<\/li>\n<li>junge Arbeitskr\u00e4fte einzustellen<\/li>\n<li>Schutz der Frau<\/li>\n<li>Berufsbedingte Krankheit<\/li>\n<li>Unf\u00e4lle bei der Arbeit<\/li>\n<li>Angestelltenbonus<\/li>\n<\/ul>\n<p>Gem\u00e4\u00df den Vorschriften kann der Arbeitgeber Aufgaben des Arbeitsschutzes auf externe Fachkr\u00e4fte f\u00fcr Sicherheit und Gesundheitsschutz \u00fcbertragen, die nicht am Arbeitsplatz besch\u00e4ftigt sind, aber die diesbez\u00fcglichen gesetzlichen Anforderungen erf\u00fcllen. Arbeitnehmer und Arbeitgeber m\u00fcssen auch mit den geltenden allgemeinen und spezifischen Vorschriften f\u00fcr einen bestimmten Arbeitsplatz vertraut gemacht werden, f\u00fcr die eine Erstausbildung und regelm\u00e4\u00dfige Schulung vorgesehen ist.<\/p>\n<p>Die Einhaltung der Arbeitsschutzvorschriften erm\u00f6glicht es, die Zahl der Arbeitsunf\u00e4lle zu minimieren und das Risiko von Berufskrankheiten zu senken. Arbeitgeber, die die Anforderungen nicht erf\u00fcllen, m\u00fcssen mit Geldstrafen rechnen.<\/p>\n<p><strong>Arbeitsschutzvorschriften gelten sowohl f\u00fcr Arbeitgeber als auch f\u00fcr Arbeitnehmer, die verpflichtet sind, diese gewissenhaft einzuhalten.<\/strong><\/p>\n<p>Rechtsgrundlage: Gesetz vom 26. Juni 1974, Arbeitsgesetzbuch, konsolidierter Text: Journal Der Gesetze von 1998, Nr. 21, Punkt 94 mit \u00c4nderungen Die Regelungen finden sich insbesondere in Art. 100 \u00a7 2 Nummer 3 ArbGB, Art. 211-212 des Arbeitsgesetzbuches<\/p>\n<p>Die Mitarbeiter sind verpflichtet, die Arbeitsschutz- und Brandschutzvorschriften einzuhalten.<\/p>\n<p><strong>Der Arbeitnehmer muss insbesondere:<\/strong><\/p>\n<ul>\n<li>die f\u00fcr ihn geltenden Sicherheitsvorschriften kennt sowie an Schulungen und Unterweisungen auf diesem Gebiet teilnimmt, hat er sich au\u00dferdem Pr\u00fcfungen zur \u00dcberpr\u00fcfung seiner Kenntnisse zu unterziehen<\/li>\n<li>erf\u00fcllen ihre Aufgaben in \u00dcbereinstimmung mit den Grunds\u00e4tzen des Arbeitsschutzes und befolgen gegebenenfalls zus\u00e4tzliche diesbez\u00fcgliche Empfehlungen ihrer Vorgesetzten<\/li>\n<li>k\u00fcmmere dich um die Werkzeuge, Ger\u00e4te und Maschinen, die du verwendest, sowie um Ordnung am Arbeitsplatz<\/li>\n<li>Verwenden Sie kollektive Schutzma\u00dfnahmen, einschlie\u00dflich Kleidung und Schuhwerk, die f\u00fcr den Arbeitsplatz geeignet sind<\/li>\n<li>m\u00fcssen sich gem\u00e4\u00df den gesetzlichen Bestimmungen \u00e4rztlichen Erst-, Wiederholungs- und Folgeuntersuchungen sowie sonstigen \u00e4rztlichen Untersuchungen unterziehen<\/li>\n<li>bei einem Arbeitsunfall, bei Gefahr f\u00fcr die Gesundheit oder das Leben von Menschen, hat er unverz\u00fcglich seinen Vorgesetzten zu benachrichtigen und seine Mitarbeiter vor der Gefahr zu warnen<\/li>\n<li>aktiv mit Vorgesetzten und dem Arbeitgeber zusammenarbeiten, um den Arbeits- und Gesundheitsschutz im Unternehmen zu verbessern<\/li>\n<\/ul>\n<\/div>","protected":false},"excerpt":{"rendered":"<p>Bezpiecze\u0144stwo i higiena pracy to zbi\u00f3r przepis\u00f3w, kt\u00f3re wskazuj\u0105, jak bezpiecznie i higienicznie wykonywa\u0107 zlecone zadania na r\u00f3\u017cnych stanowiskach pracy. Organem, kt\u00f3ry odpowiada za przestrzeganie przepis\u00f3w w ramach bezpiecze\u0144stwa i higieny pracy, jest Pa\u0144stwowa Inspekcja Pracy (PIP). Podstawowe przepisy dotycz\u0105ce BHP znajduj\u0105 si\u0119 w Kodeksie pracy, w dziale X. R\u00f3wnie\u017c znajduj\u0105 si\u0119 one w wielu rozporz\u0105dzeniach, w tym w Rozporz\u0105dzeniu w sprawie og\u00f3lnych przepis\u00f3w bezpiecze\u0144stwa i higieny pracy (Dz. U. z 1997 r. Nr 129, poz. 844 z p\u00f3\u017aniejszymi zmianami), a tak\u017ce w Polskich Normach. Przepisy okre\u015blaj\u0105 mi\u0119dzy innymi nast\u0119puj\u0105ce kwestie: przeprowadzanie bada\u0144 lekarskich u pracownik\u00f3w szkolenia pracownik\u00f3w w ramach bezpiecze\u0144stwa i higieny pracy czynniki uci\u0105\u017cliwe i szkodliwe w \u015brodowisku pracy zatrudnianie pracownik\u00f3w m\u0142odocianych ochrona kobiet choroby zawodowe wypadki przy pracy \u015bwiadczenia pracownicze Wed\u0142ug przepis\u00f3w pracodawca mo\u017ce powierzy\u0107 zadania w ramach bezpiecze\u0144stwa i higieny pracy zewn\u0119trznym specjalistom BHP, kt\u00f3rzy nie s\u0105 zatrudnieni w zak\u0142adzie pracy, ale spe\u0142niaj\u0105 wymagania prawne w tym zakresie. Z bie\u017c\u0105cymi przepisami og\u00f3lnymi i szczeg\u00f3\u0142owymi dotycz\u0105cymi danego stanowiska pracy musz\u0105 by\u0107 zapoznani tak\u017ce pracownicy i pracodawcy, do czego s\u0142u\u017c\u0105 szkolenia wst\u0119pne i okresowe. Przestrzeganie przepis\u00f3w bezpiecze\u0144stwa i higieny pracy pozwala na zminimalizowanie liczby wypadk\u00f3w przy pracy i obni\u017ca ryzyko wyst\u0119powania chor\u00f3b zawodowych. Pracodawcy nieprzestrzegaj\u0105cy wymog\u00f3w s\u0105 nara\u017ceni na kary finansowe. Przepisy BHP dotycz\u0105 zar\u00f3wno pracodawc\u00f3w, jak i pracownik\u00f3w, kt\u00f3rzy zobowi\u0105zani s\u0105 do ich sumiennego przestrzegania. Podstawa prawna: Ustawa z dnia 26 czerwca 1974 r. Kodeks pracy, tekst jedn.: Dz. U. z 1998 r. Nr 21, poz. 94 ze zm. Przepisy znajduj\u0105 si\u0119 w szczeg\u00f3lno\u015bci w art. 100 \u00a7 2 pkt 3 k.p., [&hellip;]<\/p>\n","protected":false},"author":1,"featured_media":0,"parent":1226,"menu_order":0,"comment_status":"closed","ping_status":"closed","template":"","meta":{"sfsi_plus_gutenberg_text_before_share":"","sfsi_plus_gutenberg_show_text_before_share":"","sfsi_plus_gutenberg_icon_type":"","sfsi_plus_gutenberg_icon_alignemt":"","sfsi_plus_gutenburg_max_per_row":"","footnotes":""},"class_list":["post-1228","page","type-page","status-publish","hentry","has_thumb"],"aioseo_notices":[],"_links":{"self":[{"href":"https:\/\/odk-ergon.pl\/de\/wp-json\/wp\/v2\/pages\/1228","targetHints":{"allow":["GET"]}}],"collection":[{"href":"https:\/\/odk-ergon.pl\/de\/wp-json\/wp\/v2\/pages"}],"about":[{"href":"https:\/\/odk-ergon.pl\/de\/wp-json\/wp\/v2\/types\/page"}],"author":[{"embeddable":true,"href":"https:\/\/odk-ergon.pl\/de\/wp-json\/wp\/v2\/users\/1"}],"replies":[{"embeddable":true,"href":"https:\/\/odk-ergon.pl\/de\/wp-json\/wp\/v2\/comments?post=1228"}],"version-history":[{"count":10,"href":"https:\/\/odk-ergon.pl\/de\/wp-json\/wp\/v2\/pages\/1228\/revisions"}],"predecessor-version":[{"id":1805,"href":"https:\/\/odk-ergon.pl\/de\/wp-json\/wp\/v2\/pages\/1228\/revisions\/1805"}],"up":[{"embeddable":true,"href":"https:\/\/odk-ergon.pl\/de\/wp-json\/wp\/v2\/pages\/1226"}],"wp:attachment":[{"href":"https:\/\/odk-ergon.pl\/de\/wp-json\/wp\/v2\/media?parent=1228"}],"curies":[{"name":"wp","href":"https:\/\/api.w.org\/{rel}","templated":true}]}}