{"id":1232,"date":"2014-08-07T15:17:44","date_gmt":"2014-08-07T15:17:44","guid":{"rendered":"http:\/\/odk-ergon.pl\/?page_id=1232"},"modified":"2022-02-26T02:23:16","modified_gmt":"2022-02-26T01:23:16","slug":"sicherheitsanforderungen","status":"publish","type":"page","link":"https:\/\/odk-ergon.pl\/de\/baza-wiedzy\/wymagania-bhp\/","title":{"rendered":"Gesundheits- und Sicherheitsanforderungen"},"content":{"rendered":"<div style=\"float:left; padding-right:10px;\"><img decoding=\"async\" src=\"\/wp-content\/uploads\/2014\/08\/wymagania.jpg\" alt=\"\"><\/div>\n<div class=\"wyjustuj\">\n<p>Jeder Arbeitgeber, der mindestens einen Arbeitnehmer besch\u00e4ftigt, ist verpflichtet, sich um einen angemessenen Schutz seines Lebens und seiner Gesundheit am Arbeitsplatz zu bem\u00fchen. Dazu dienen Arbeitsschutzvorschriften, die sichere und hygienische Arbeitsbedingungen an unterschiedlichen Arbeitspl\u00e4tzen genau definieren.<\/p>\n<p><strong>Pflichten des Arbeitgebers im Bereich Gesundheit und Sicherheit:<\/strong><\/p>\n<ul>\n<li>ist verpflichtet, die Gesundheit und das Leben seiner Mitarbeiter zu sch\u00fctzen<\/li>\n<li>ist f\u00fcr den Arbeits- und Gesundheitsschutz am Arbeitsplatz verantwortlich<\/li>\n<li>muss die Arbeit im Einklang mit dem Gesetz organisieren<\/li>\n<li>auf die diesbez\u00fcglichen Bed\u00fcrfnisse der Mitarbeiter eingehen<\/li>\n<li>sich um die Politik zur Verh\u00fctung von Arbeitsunf\u00e4llen und Berufskrankheiten k\u00fcmmern<\/li>\n<li>Ausf\u00fchrung von Anordnungen, Entscheidungen und Anordnungen von Stellen, die die Arbeitsbedingungen \u00fcberwachen<\/li>\n<li>dem Arbeitnehmer Informationen \u00fcber Berufsrisiken, m\u00f6gliche Gefahren f\u00fcr Gesundheit und Leben am Arbeitsplatz und Ma\u00dfnahmen zur Verringerung und Beseitigung dieser Risiken zur Verf\u00fcgung stellen<\/li>\n<li>Mitarbeiter f\u00fcr Erste Hilfe, Brandbek\u00e4mpfung und Evakuierung ernennen<\/li>\n<li>Arbeitspl\u00e4tze und Maschinen richtig ausstatten<\/li>\n<li>einen Koordinator benennen, dessen Aufgabe es ist, den Arbeitsschutz zu \u00fcberwachen<\/li>\n<li>bieten Mitarbeitern Erstausbildung und regelm\u00e4\u00dfige Schulungen an<\/li>\n<li>kostenlose Bereitstellung von pers\u00f6nlicher Schutzausr\u00fcstung, Schuhen und Kleidung<\/li>\n<\/ul>\n<p>Weitere Informationen zu den Pflichten von Unternehmen erhalten Sie von Spezialisten auf diesem Gebiet, auch in unserem Unternehmen. Wir bieten Ihnen immer eine umfassende Unterst\u00fctzung im Zusammenhang mit der Umsetzung der obligatorischen Aktivit\u00e4ten im Einklang mit dem Gesetz.<\/p>\n<\/div>","protected":false},"excerpt":{"rendered":"<p>Jeder Arbeitgeber, der mindestens einen Arbeitnehmer besch\u00e4ftigt, ist verpflichtet, sich um einen angemessenen Schutz seines Lebens und seiner Gesundheit am Arbeitsplatz zu bem\u00fchen. Dazu dienen Arbeitsschutzvorschriften, die sichere und hygienische Arbeitsbedingungen an unterschiedlichen Arbeitspl\u00e4tzen genau definieren. Pflichten des Arbeitgebers im Bereich Arbeitssicherheit und Gesundheitsschutz: ist verpflichtet, Gesundheit und Leben seiner Arbeitnehmer zu sch\u00fctzen, ist f\u00fcr den Arbeits- und Gesundheitsschutz am Arbeitsplatz verantwortlich, muss die Arbeit gesetzeskonform organisieren, auf die Erfordernisse in diesem Zusammenhang zu erf\u00fcllen, sich um die Unfallverh\u00fctungspolitik und um Berufskrankheiten zu k\u00fcmmern, Anordnungen, Entscheidungen, Anordnungen von Organen zur \u00dcberwachung der Arbeitsbedingungen umzusetzen, den Arbeitnehmer \u00fcber Berufsrisiken, m\u00f6gliche Gesundheits- und Lebensgefahren am Arbeitsplatz und \u00fcber angestrebte Aktivit\u00e4ten zu informieren bei deren Reduzierung und Beseitigung Besch\u00e4ftigte f\u00fcr die Durchf\u00fchrung von Erster Hilfe, Brandbek\u00e4mpfung und Evakuierung ernennen Arbeitspl\u00e4tze und Maschinen angemessen ausstatten einen Koordinator ernennen, dessen Aufgabe es ist, den Arbeits- und Gesundheitsschutz zu \u00fcberwachen Mitarbeiter mit Erstausbildung und regelm\u00e4\u00dfigen Schulungen versehen kostenlose pers\u00f6nliche Schutzausr\u00fcstung, Schuhe, Kleidung zur Verf\u00fcgung stellen mehr Informationen zu den Pflichten von Unternehmen erhalten Sie von Spezialisten auf diesem Gebiet, auch in unserem Unternehmen. Wir bieten Ihnen immer umfassende Unterst\u00fctzung bei der Umsetzung der gesetzlich vorgeschriebenen T\u00e4tigkeiten.<\/p>","protected":false},"author":1,"featured_media":0,"parent":1226,"menu_order":0,"comment_status":"closed","ping_status":"closed","template":"","meta":{"sfsi_plus_gutenberg_text_before_share":"","sfsi_plus_gutenberg_show_text_before_share":"","sfsi_plus_gutenberg_icon_type":"","sfsi_plus_gutenberg_icon_alignemt":"","sfsi_plus_gutenburg_max_per_row":"","footnotes":""},"class_list":["post-1232","page","type-page","status-publish","hentry","has_thumb"],"aioseo_notices":[],"_links":{"self":[{"href":"https:\/\/odk-ergon.pl\/de\/wp-json\/wp\/v2\/pages\/1232","targetHints":{"allow":["GET"]}}],"collection":[{"href":"https:\/\/odk-ergon.pl\/de\/wp-json\/wp\/v2\/pages"}],"about":[{"href":"https:\/\/odk-ergon.pl\/de\/wp-json\/wp\/v2\/types\/page"}],"author":[{"embeddable":true,"href":"https:\/\/odk-ergon.pl\/de\/wp-json\/wp\/v2\/users\/1"}],"replies":[{"embeddable":true,"href":"https:\/\/odk-ergon.pl\/de\/wp-json\/wp\/v2\/comments?post=1232"}],"version-history":[{"count":2,"href":"https:\/\/odk-ergon.pl\/de\/wp-json\/wp\/v2\/pages\/1232\/revisions"}],"predecessor-version":[{"id":1376,"href":"https:\/\/odk-ergon.pl\/de\/wp-json\/wp\/v2\/pages\/1232\/revisions\/1376"}],"up":[{"embeddable":true,"href":"https:\/\/odk-ergon.pl\/de\/wp-json\/wp\/v2\/pages\/1226"}],"wp:attachment":[{"href":"https:\/\/odk-ergon.pl\/de\/wp-json\/wp\/v2\/media?parent=1232"}],"curies":[{"name":"wp","href":"https:\/\/api.w.org\/{rel}","templated":true}]}}