{"id":1234,"date":"2014-08-07T15:18:47","date_gmt":"2014-08-07T15:18:47","guid":{"rendered":"http:\/\/odk-ergon.pl\/?page_id=1234"},"modified":"2022-02-26T02:25:16","modified_gmt":"2022-02-26T01:25:16","slug":"erste-hilfe-rezepte","status":"publish","type":"page","link":"https:\/\/odk-ergon.pl\/de\/baza-wiedzy\/pierwsza-pomoc-przepisy\/","title":{"rendered":"Erste Hilfe - Rezepte"},"content":{"rendered":"<div style=\"float:left; padding-right:10px;\"><img decoding=\"async\" src=\"\/wp-content\/uploads\/2014\/08\/16-szkolenie-z-pierwszej-pomocy-przepisy.jpg\" alt=\"\"><\/div>\n<div class=\"wyjustuj\">\n<p>Erste Hilfe von der gesetzlichen Seite wird durch einschl\u00e4gige Bestimmungen geregelt, darunter das Arbeitsgesetzbuch, das Strafgesetzbuch sowie Verordnungen und Gesetze. Sie definieren die Anforderungen an Arbeitgeber, Fahrzeugf\u00fchrer, Lehrer und jeden, der eine Person in einer Position sieht, in der schwere Gesundheitssch\u00e4den oder der Verlust des Lebens drohen k\u00f6nnen.<\/p>\n<p><strong>Pflicht zur Erstversorgung<\/strong><br \/>\nDie Vorschriften besagen, dass im Falle des Vers\u00e4umnisses, einer Person Erste Hilfe zu leisten, die unmittelbar mit dem Tod oder einem schweren Gesundheitsschaden bedroht ist, eine Person mit einer Freiheitsstrafe von bis zu 3 Jahren belegt werden kann.<\/p>\n<p><strong>Pflichten des Arbeitgebers am Arbeitsplatz<\/strong><br \/>\nGem\u00e4\u00df den Vorschriften ist der Arbeitgeber verpflichtet, seinen Arbeitnehmern angemessene Hygienema\u00dfnahmen, sanit\u00e4re und hygienische Einrichtungen sowie Hilfsmittel zur Verf\u00fcgung zu stellen, die dazu bestimmt sind, im Falle eines Unfalls Hilfe zu leisten. Jeder Arbeitsplatz muss mit einem Erste-Hilfe-Kasten ausgestattet sein. Der Erste-Hilfe-Kasten muss je nach Art der Arbeit und Anzahl der Personen am Arbeitsplatz Produkte enthalten. Der Arbeitgeber ist au\u00dferdem verpflichtet, eine Person im dargestellten Umfang zu schulen und einen Mitarbeiter zu benennen, der Erste Hilfe leistet.<\/p>\n<p><strong>Rechtliche Grundlage:<\/strong><\/p>\n<ul>\n<li>Arbeitsgesetzbuch - das Gesetz zur \u00c4nderung des Gesetzes vom 21. November 2008 (Gesetzblatt Nr. 223, Pos. 1460), Kunst. 2091<\/li>\n<li>Verordnung des Ministers f\u00fcr Arbeit und Sozialpolitik vom 26. September 1997 \u00fcber allgemeine Bestimmungen \u00fcber Gesundheit und Sicherheit am Arbeitsplatz (Gesetzblatt von 2003, Nr. 169, Pos. 1650, in der ge\u00e4nderten Fassung)<\/li>\n<li>Das Gesetz vom 6. Juni 1997 - Strafgesetzbuch, Kunst. 26 und 162<\/li>\n<li>Das Stra\u00dfenverkehrsgesetz<\/li>\n<li>Gesetz vom 8. September 2006 \u00fcber die staatliche medizinische Rettung<\/li>\n<\/ul>\n<\/div>","protected":false},"excerpt":{"rendered":"<p>Erste Hilfe von der gesetzlichen Seite wird durch einschl\u00e4gige Bestimmungen geregelt, darunter das Arbeitsgesetzbuch, das Strafgesetzbuch sowie Verordnungen und Gesetze. Sie definieren die Anforderungen an Arbeitgeber, Fahrzeugf\u00fchrer, Lehrer und jeden, der eine Person in einer Position sieht, die zu schweren Gesundheitssch\u00e4den oder Todesf\u00e4llen f\u00fchren kann. Die Verpflichtung zur Leistung erster Hilfe Die Bestimmungen sehen vor, dass im Falle des Unterlassens der Leistung einer Person, Erste Hilfe zu leisten, einer Person, die unmittelbar mit dem Tod oder einem schweren Gesundheitsschaden bedroht ist, eine Freiheitsstrafe bis zu einer H\u00f6chststrafe drohen kann bis 3 Jahre. Pflichten des Arbeitgebers am Arbeitsplatz Nach den Vorschriften ist der Arbeitgeber verpflichtet, seinen Arbeitnehmern angemessene Hygienema\u00dfnahmen, sanit\u00e4re und hygienische Einrichtungen sowie Ma\u00dfnahmen zur Hilfeleistung bei Unf\u00e4llen zur Verf\u00fcgung zu stellen. Jeder Arbeitsplatz muss mit einem Erste-Hilfe-Kasten ausgestattet sein. Der Erste-Hilfe-Kasten muss je nach Art der Arbeit und Anzahl der Personen am Arbeitsplatz Produkte enthalten. Der Arbeitgeber ist au\u00dferdem verpflichtet, eine Person im dargestellten Umfang zu schulen und einen Mitarbeiter zu benennen, der Erste Hilfe leistet. Rechtsgrundlage: Arbeitsgesetzbuch \u2013 Gesetz zur \u00c4nderung des Gesetzes vom 21. November 2008 (Gesetzblatt Nr. 223, Pos. 1460), Art. 2091 Verordnung des Ministers f\u00fcr Arbeit und Sozialpolitik vom 26. September 1997 \u00fcber allgemeine Bestimmungen \u00fcber Gesundheit und Sicherheit am Arbeitsplatz (Gesetzblatt von 2003, Nr. 169, Pos. 1650, in der ge\u00e4nderten Fassung) Gesetz vom 6. Juni 1997 r. - Strafgesetzbuch, Art. 26 und 162 Gesetz \u00fcber den Stra\u00dfenverkehr Das Gesetz vom 8. September 2006 \u00fcber die staatliche medizinische Rettung<\/p>","protected":false},"author":1,"featured_media":0,"parent":1226,"menu_order":7,"comment_status":"closed","ping_status":"closed","template":"","meta":{"sfsi_plus_gutenberg_text_before_share":"","sfsi_plus_gutenberg_show_text_before_share":"","sfsi_plus_gutenberg_icon_type":"","sfsi_plus_gutenberg_icon_alignemt":"","sfsi_plus_gutenburg_max_per_row":"","footnotes":""},"class_list":["post-1234","page","type-page","status-publish","hentry","has_thumb"],"aioseo_notices":[],"_links":{"self":[{"href":"https:\/\/odk-ergon.pl\/de\/wp-json\/wp\/v2\/pages\/1234","targetHints":{"allow":["GET"]}}],"collection":[{"href":"https:\/\/odk-ergon.pl\/de\/wp-json\/wp\/v2\/pages"}],"about":[{"href":"https:\/\/odk-ergon.pl\/de\/wp-json\/wp\/v2\/types\/page"}],"author":[{"embeddable":true,"href":"https:\/\/odk-ergon.pl\/de\/wp-json\/wp\/v2\/users\/1"}],"replies":[{"embeddable":true,"href":"https:\/\/odk-ergon.pl\/de\/wp-json\/wp\/v2\/comments?post=1234"}],"version-history":[{"count":2,"href":"https:\/\/odk-ergon.pl\/de\/wp-json\/wp\/v2\/pages\/1234\/revisions"}],"predecessor-version":[{"id":1395,"href":"https:\/\/odk-ergon.pl\/de\/wp-json\/wp\/v2\/pages\/1234\/revisions\/1395"}],"up":[{"embeddable":true,"href":"https:\/\/odk-ergon.pl\/de\/wp-json\/wp\/v2\/pages\/1226"}],"wp:attachment":[{"href":"https:\/\/odk-ergon.pl\/de\/wp-json\/wp\/v2\/media?parent=1234"}],"curies":[{"name":"wp","href":"https:\/\/api.w.org\/{rel}","templated":true}]}}