{"id":1238,"date":"2014-08-07T15:20:40","date_gmt":"2014-08-07T15:20:40","guid":{"rendered":"http:\/\/odk-ergon.pl\/?page_id=1238"},"modified":"2014-08-08T12:55:05","modified_gmt":"2014-08-08T12:55:05","slug":"brandschutzbestimmungen","status":"publish","type":"page","link":"https:\/\/odk-ergon.pl\/de\/baza-wiedzy\/ppoz-przepisy\/","title":{"rendered":"Brandschutz - Vorschriften"},"content":{"rendered":"<div style=\"float:left; padding-right:10px;\"><img decoding=\"async\" src=\"\/wp-content\/uploads\/2014\/08\/przepisy-przeciwpozarowe.jpg\" alt=\"\"><\/div>\n<div class=\"wyjustuj\">\n<p>Es gibt viele Brandschutzvorschriften, die sich sowohl auf grundlegende als auch auf spezifische Sicherheitsfragen beziehen <a href=\"https:\/\/odk-ergon.pl\/de\/szkolenia\/szkolenie-ppoz-przeciwpozarowe\/\">Feuer<\/a>.<\/p>\n<p><strong>Die wichtigsten Rechtsakte, die in diesem Bereich anwendbar sind:<\/strong><\/p>\n<ul>\n<li>Gesetz vom 24. August 1991 \u00fcber den Brandschutz. (Gesetzblatt von 1991, Nr. 81, Punkt 351, in der ge\u00e4nderten Fassung)<\/li>\n<li>Verordnung des Ministers f\u00fcr Inneres und Verwaltung vom 24. Juli 2009 \u00fcber die L\u00f6schwasserversorgung und Feuerwehrwege. (Gesetzblatt von 2009, Nr. 124, Pos. 1030)<\/li>\n<li>Verordnung des Ministers f\u00fcr Inneres und Verwaltung vom 7. Juni 2010 \u00fcber den Brandschutz von Geb\u00e4uden, anderen Bauwerken und Fl\u00e4chen (Gesetzblatt von 2010, Nr. 109, Pos. 719)<\/li>\n<li>Verordnung des Ministers f\u00fcr Infrastruktur vom 12. April 2002 \u00fcber technische Anforderungen an Geb\u00e4ude und ihren Standort (Gesetzblatt von 2002, Nr. 75, Pos. 690, in der ge\u00e4nderten Fassung)<\/li>\n<\/ul>\n<p><strong>Es gelten auch polnische Normen:<\/strong><\/p>\n<ul>\n<li>PN-92 \/ N-01256\/01 im Thema Sicherheitszeichen. Brandschutz<\/li>\n<li>PN-92 \/ N-01256\/02 auf Sicherheitszeichen. Evakuierung<\/li>\n<li>PN-N-01256-5 im Thema Sicherheitszeichen. Regeln f\u00fcr das Anbringen von Sicherheitszeichen auf Fluchtwegen und Feuerwegen<\/li>\n<li>PN-B-02852: 2001 mit dem Titel Berechnung der Brandlastdichte und Bestimmung der relativen Branddauer.<\/li>\n<\/ul>\n<p>Nach dem Brandschutzgesetz ist der Eigent\u00fcmer, Verwalter oder Nutzer des Geb\u00e4udes f\u00fcr einen ordnungsgem\u00e4\u00dfen Brandschutz verantwortlich. Dabei k\u00f6nnen Sie sich mit externen Brandschutzleistungen aus unserem Angebot unterst\u00fctzen.<\/p>\n<\/div>","protected":false},"excerpt":{"rendered":"<p>Es gibt viele Brandschutzvorschriften, die sich sowohl auf grundlegende als auch auf spezifische Fragen des Brandschutzes beziehen. Die wichtigsten Rechtsakte, die in diesem Bereich gelten: Das Brandschutzgesetz vom 24. August 1991. (Gesetzblatt von 1991, Nr. 81, Pos. 351, mit \u00c4nderungen) Verordnung des Ministers f\u00fcr Inneres und Verwaltung vom 24. Juli 2009 \u00fcber die L\u00f6schwasserversorgung und Feuerwehrwege. (Gesetzblatt von 2009 Nr. 124 Pos. 1030) Verordnung des Ministers f\u00fcr Inneres und Verwaltung vom 7. Juni 2010 \u00fcber den Brandschutz von Geb\u00e4uden, anderen Bauwerken und Fl\u00e4chen (Gesetzblatt von 2010 Nr. 109 Pos. 719) Verordnung des Minister f\u00fcr Infrastruktur vom 12. April 2002 \u00fcber die technischen Bedingungen f\u00fcr Geb\u00e4ude und ihren Standort (Gesetzblatt von 2002, Nr. 75, Pos. 690, in der ge\u00e4nderten Fassung) Es gelten auch die polnischen Normen: PN-92 \/ N-01256\/ 01 in Sicherheitszeichen. Brandschutz PN-92 \/ N-01256\/02 im Thema Sicherheitszeichen. Evakuierung PN-N-01256-5 im Thema Sicherheitszeichen. Grunds\u00e4tze f\u00fcr das Anbringen von Sicherheitszeichen auf Fluchtwegen und Brandwegen PN-B-02852: 2001 mit dem Titel Berechnung der Brandlastdichte und Bestimmung der relativen Dauer eines Brandes. Nach dem Brandschutzgesetz ist der Eigent\u00fcmer, Verwalter oder Nutzer des Geb\u00e4udes f\u00fcr einen ordnungsgem\u00e4\u00dfen Brandschutz verantwortlich. Dabei k\u00f6nnen Sie sich mit externen Brandschutzleistungen aus unserem Angebot unterst\u00fctzen.<\/p>","protected":false},"author":1,"featured_media":0,"parent":1226,"menu_order":5,"comment_status":"closed","ping_status":"closed","template":"","meta":{"sfsi_plus_gutenberg_text_before_share":"","sfsi_plus_gutenberg_show_text_before_share":"","sfsi_plus_gutenberg_icon_type":"","sfsi_plus_gutenberg_icon_alignemt":"","sfsi_plus_gutenburg_max_per_row":"","footnotes":""},"class_list":["post-1238","page","type-page","status-publish","hentry","has_thumb"],"aioseo_notices":[],"_links":{"self":[{"href":"https:\/\/odk-ergon.pl\/de\/wp-json\/wp\/v2\/pages\/1238","targetHints":{"allow":["GET"]}}],"collection":[{"href":"https:\/\/odk-ergon.pl\/de\/wp-json\/wp\/v2\/pages"}],"about":[{"href":"https:\/\/odk-ergon.pl\/de\/wp-json\/wp\/v2\/types\/page"}],"author":[{"embeddable":true,"href":"https:\/\/odk-ergon.pl\/de\/wp-json\/wp\/v2\/users\/1"}],"replies":[{"embeddable":true,"href":"https:\/\/odk-ergon.pl\/de\/wp-json\/wp\/v2\/comments?post=1238"}],"version-history":[{"count":4,"href":"https:\/\/odk-ergon.pl\/de\/wp-json\/wp\/v2\/pages\/1238\/revisions"}],"predecessor-version":[{"id":1378,"href":"https:\/\/odk-ergon.pl\/de\/wp-json\/wp\/v2\/pages\/1238\/revisions\/1378"}],"up":[{"embeddable":true,"href":"https:\/\/odk-ergon.pl\/de\/wp-json\/wp\/v2\/pages\/1226"}],"wp:attachment":[{"href":"https:\/\/odk-ergon.pl\/de\/wp-json\/wp\/v2\/media?parent=1238"}],"curies":[{"name":"wp","href":"https:\/\/api.w.org\/{rel}","templated":true}]}}