{"id":1240,"date":"2014-08-07T15:21:58","date_gmt":"2014-08-07T15:21:58","guid":{"rendered":"http:\/\/odk-ergon.pl\/?page_id=1240"},"modified":"2014-08-08T12:54:59","modified_gmt":"2014-08-08T12:54:59","slug":"anforderungen-an-den-brandschutz","status":"publish","type":"page","link":"https:\/\/odk-ergon.pl\/de\/baza-wiedzy\/ppoz-wymagania\/","title":{"rendered":"Brandschutz - Anforderungen"},"content":{"rendered":"<div style=\"float:left; padding-right:10px;\"><img decoding=\"async\" src=\"\/wp-content\/uploads\/2014\/08\/zdj-wymagania.jpg\" alt=\"\"><\/div>\n<div class=\"wyjustuj\">\n<p>Gesetz vom 24. August 1991 \u00fcber den Brandschutz. (Gesetzblatt von 1991, Nr. 81, Pos. 351, in der ge\u00e4nderten Fassung) enth\u00e4lt die wichtigsten Informationen zu den Pflichten des Unternehmens im Bereich des Brandschutzes. Gem\u00e4\u00df den Vorschriften ist jede Person - nat\u00fcrliche, juristische Person, Institution oder Organisation, die eine bestimmte Anlage und das angrenzende Gebiet oder das Gebiet selbst nutzt, verpflichtet, ihre angemessene Sicherheit vorzubereiten.<\/p>\n<p><strong>Der Verwalter des Geb\u00e4udes, Grundst\u00fccks oder der Anlage, sein Eigent\u00fcmer oder Nutzer ist insbesondere verpflichtet:<\/strong><\/p>\n<ul>\n<li>Einhaltung der baulichen, technologischen und anlagentechnischen Anforderungen im Brandschutzbereich<\/li>\n<li>Ausstattung der Anlage, des Gel\u00e4ndes oder des Geb\u00e4udes mit geeigneten Rettungs- und Brandbek\u00e4mpfungsmitteln, einschlie\u00dflich L\u00f6schmitteln - Informationen dazu finden sich auch in gesonderten Vorschriften<\/li>\n<li>sorgen f\u00fcr regelm\u00e4\u00dfige Wartungs- und Reparaturarbeiten an Feuerwehr- und Rettungsger\u00e4ten, damit diese jederzeit zuverl\u00e4ssig funktionieren<\/li>\n<li>bereiten Sie das Geb\u00e4ude, den Bereich oder die Einrichtung so vor, dass seine Benutzer, falls erforderlich, die Evakuierungs- oder Rettungsaktion nutzen k\u00f6nnen<\/li>\n<li>Machen Sie Ihre Mitarbeiter mit den Vorschriften vertraut <a href=\"https:\/\/odk-ergon.pl\/de\/szkolenia\/szkolenie-ppoz-przeciwpozarowe\/\">Feuer<\/a> - Dies kann auf der Grundlage von Schulungen erfolgen, die theoretische und praktische Informationen beinhalten<\/li>\n<li>Geben Sie an, was im Falle eines \u00f6rtlichen Notfalls zu tun ist, z. B. Feuer, Naturkatastrophe<\/li>\n<\/ul>\n<p>Der Verwalter, Benutzer oder Eigent\u00fcmer ist f\u00fcr die Verletzung der Vorschriften verantwortlich und kann bei Nichteinhaltung mit Strafen belegt werden. Die Aufsicht erfolgt durch Kommandanten der Landesfeuerwehr, die zur Durchf\u00fchrung von Kontrollen befugt sind.<\/p>\n<\/div>","protected":false},"excerpt":{"rendered":"<p>Gesetz vom 24. August 1991 \u00fcber den Brandschutz. (Gesetzblatt von 1991, Nr. 81, Pos. 351, in der ge\u00e4nderten Fassung) enth\u00e4lt die wichtigsten Informationen zu den Pflichten des Unternehmens im Bereich des Brandschutzes. Gem\u00e4\u00df den Vorschriften ist jede nat\u00fcrliche, juristische Person, Institution oder Organisation, die eine bestimmte Anlage und das angrenzende Gebiet oder das Gebiet selbst nutzt, verpflichtet, ihre angemessene Sicherheit vorzubereiten. Der Verwalter des Geb\u00e4udes, Gel\u00e4ndes oder der Anlage, sein Eigent\u00fcmer oder Nutzer ist insbesondere verpflichtet: die baulichen, technischen und anlagentechnischen Anforderungen im Bereich des Brandschutzes einzuhalten, die Anlage, das Gel\u00e4nde oder das Geb\u00e4ude mit geeigneten Rettungs- und Brandbek\u00e4mpfungsmitteln auszustatten, einschlie\u00dflich L\u00f6schmittel - Informationen dazu finden Sie auch in gesonderten Vorschriften sorgen f\u00fcr regelm\u00e4\u00dfige Wartungs- und Instandsetzungsarbeiten von Feuer- und Rettungsger\u00e4ten, damit diese jederzeit zuverl\u00e4ssig arbeiten k\u00f6nnen bereiten Sie ein Geb\u00e4ude, Areal oder eine Anlage vor, damit deren Nutzer sie benutzen k\u00f6nnen Evakuierung oder Rettungseinsatz, machen ihre Mitarbeiter gegebenenfalls mit den Brandschutzbestimmungen vertraut - dies kann auf der Grundlage von Schulungen erfolgen, die theoretische und praktische Informationen enthalten und zeigen, wie im Falle einer lokalen Gefahr, z. Der Verwalter, Benutzer oder Eigent\u00fcmer ist f\u00fcr Verst\u00f6\u00dfe gegen die Vorschriften verantwortlich und kann mit Strafen belegt werden deren Nichteinhaltung. Die Aufsicht erfolgt durch Kommandanten der Landesfeuerwehr, die zur Durchf\u00fchrung von Kontrollen befugt sind.<\/p>","protected":false},"author":1,"featured_media":0,"parent":1226,"menu_order":6,"comment_status":"closed","ping_status":"closed","template":"","meta":{"sfsi_plus_gutenberg_text_before_share":"","sfsi_plus_gutenberg_show_text_before_share":"","sfsi_plus_gutenberg_icon_type":"","sfsi_plus_gutenberg_icon_alignemt":"","sfsi_plus_gutenburg_max_per_row":"","footnotes":""},"class_list":["post-1240","page","type-page","status-publish","hentry","has_thumb"],"aioseo_notices":[],"_links":{"self":[{"href":"https:\/\/odk-ergon.pl\/de\/wp-json\/wp\/v2\/pages\/1240","targetHints":{"allow":["GET"]}}],"collection":[{"href":"https:\/\/odk-ergon.pl\/de\/wp-json\/wp\/v2\/pages"}],"about":[{"href":"https:\/\/odk-ergon.pl\/de\/wp-json\/wp\/v2\/types\/page"}],"author":[{"embeddable":true,"href":"https:\/\/odk-ergon.pl\/de\/wp-json\/wp\/v2\/users\/1"}],"replies":[{"embeddable":true,"href":"https:\/\/odk-ergon.pl\/de\/wp-json\/wp\/v2\/comments?post=1240"}],"version-history":[{"count":3,"href":"https:\/\/odk-ergon.pl\/de\/wp-json\/wp\/v2\/pages\/1240\/revisions"}],"predecessor-version":[{"id":1381,"href":"https:\/\/odk-ergon.pl\/de\/wp-json\/wp\/v2\/pages\/1240\/revisions\/1381"}],"up":[{"embeddable":true,"href":"https:\/\/odk-ergon.pl\/de\/wp-json\/wp\/v2\/pages\/1226"}],"wp:attachment":[{"href":"https:\/\/odk-ergon.pl\/de\/wp-json\/wp\/v2\/media?parent=1240"}],"curies":[{"name":"wp","href":"https:\/\/api.w.org\/{rel}","templated":true}]}}