{"id":1242,"date":"2014-08-07T15:24:04","date_gmt":"2014-08-07T15:24:04","guid":{"rendered":"http:\/\/odk-ergon.pl\/?page_id=1242"},"modified":"2022-02-26T02:15:23","modified_gmt":"2022-02-26T01:15:23","slug":"arbeitsschutzberechtigungen","status":"publish","type":"page","link":"https:\/\/odk-ergon.pl\/de\/baza-wiedzy\/uprawnienia-bhp\/","title":{"rendered":"Gesundheits- und Sicherheitsbefugnisse"},"content":{"rendered":"<div style=\"float: left; padding-right: 10px;\"><img decoding=\"async\" src=\"\/wp-content\/uploads\/2014\/08\/uprawnienia.jpg\" alt=\"\" \/><\/div>\n<div class=\"wyjustuj\">\n<p>F\u00fcr die Aus\u00fcbung einer T\u00e4tigkeit im Bereich Arbeitssicherheit und Gesundheitsschutz sind entsprechende Qualifikationen erforderlich, die auf der Grundlage einer Ausbildung in diesem Bereich erworben werden - ein Studium, ein Studium, einschlie\u00dflich eines Aufbaustudiums, ein Studium und dann ein Praktikum im Rahmen davon Vollzeitbesch\u00e4ftigung, d. h. es wird ein Vertrag \u00fcber einen Job ben\u00f6tigt.<\/p>\n<p>Mindestens Hauptschulabschluss und der Titel Arbeitssicherheitstechniker sind Voraussetzung, die besten Aussichten haben aber diejenigen, die ihre Ausbildung abgeschlossen haben. Der Karriereweg eines Arbeitsschutzbeauftragten beginnt mit einem Inspektor, dann einem Oberinspektor, einem Spezialisten, einem Oberspezialisten und einem Chefspezialisten.<br \/>\nBesonders:<\/p>\n<ul>\n<li>ein Inspektor ist eine Person, die den Beruf eines Gesundheits- und Sicherheitstechnikers aus\u00fcbt<\/li>\n<li>Ein leitender Inspektor ist eine Person, die den Beruf eines Technikers aus\u00fcbt und \u00fcber mindestens 3 Jahre Berufserfahrung verf\u00fcgt oder \u00fcber eine Hochschulausbildung oder ein postgraduales Studium verf\u00fcgt<\/li>\n<li>Fachkraft ist eine Person mit Hochschul- oder Aufbaustudium sowie mindestens 1 Jahr Praktikum im Gesundheits- und Sicherheitsdienst<\/li>\n<li>ein hochrangiger Spezialist ist eine Person, die mindestens \u00fcber eine Hochschulausbildung oder ein Aufbaustudium und mindestens 3 Jahre Berufspraxis verf\u00fcgt<\/li>\n<li>Der Hauptspezialist ist eine Person, die eine Hochschulbildung in einem bestimmten Studienbereich oder einer bestimmten Spezialisierung, ein Aufbaustudium und mindestens 5 Jahre Berufserfahrung hat<\/li>\n<\/ul>\n<p>Derzeit ist die Erlangung der Qualifikationen nicht kompliziert. Es gibt viele Schulen, die umfassende Kurse f\u00fcr diejenigen anbieten, die in den Beruf einsteigen m\u00f6chten.<\/p>\n<\/div>","protected":false},"excerpt":{"rendered":"<p>F\u00fcr die Aus\u00fcbung einer T\u00e4tigkeit im Bereich Arbeitssicherheit und Gesundheitsschutz sind entsprechende Qualifikationen erforderlich, die auf der Grundlage einer Ausbildung in diesem Bereich erworben werden - ein Studium, ein Studium, einschlie\u00dflich eines Aufbaustudiums, ein Studium und dann ein Praktikum im Rahmen von Vollzeitbesch\u00e4ftigung, d. h. es wird ein Vertrag \u00fcber einen Job ben\u00f6tigt. Mindestens Sekundarschulabschluss und der Titel Arbeitssicherheitstechniker sind Voraussetzung, die besten Aussichten haben jedoch Personen mit abgeschlossener Hochschulausbildung. Der Karriereweg eines Arbeitsschutzbeauftragten beginnt mit einem Inspektor, dann einem Oberinspektor, einem Spezialisten, einem Oberspezialisten und einem Chefspezialisten. Insbesondere: ein Inspektor ist eine Person, die den Beruf eines Sicherheits- und Gesundheitstechnikers aus\u00fcbt, ein leitender Inspektor eine Person, die den Beruf eines Technikers aus\u00fcbt und \u00fcber mindestens 3 Jahre Berufserfahrung verf\u00fcgt oder \u00fcber eine Hochschul- oder Aufbauausbildung verf\u00fcgt, a Spezialist ist eine Person, die eine Hochschulausbildung oder ein Aufbaustudium sowie mindestens 1 Jahr Praktikum im Gesundheits- und Sicherheitsdienst hat, ein leitender Spezialist ist eine Person, die mindestens eine Hochschulausbildung oder ein Aufbaustudium und mindestens 3 Jahre absolviert hat Praxis im Beruf, der Hauptspezialist ist eine Person, die eine Hochschulbildung in einem bestimmten Bereich oder einer bestimmten Spezialisierung, ein Aufbaustudium und ein mindestens 5-j\u00e4hriges Praktikum im Beruf hat. Derzeit ist der Erwerb von Qualifikationen nicht kompliziert. Es gibt viele Schulen, die umfassende Kurse f\u00fcr diejenigen anbieten, die in den Beruf einsteigen m\u00f6chten.<\/p>","protected":false},"author":1,"featured_media":0,"parent":1226,"menu_order":0,"comment_status":"closed","ping_status":"closed","template":"","meta":{"sfsi_plus_gutenberg_text_before_share":"","sfsi_plus_gutenberg_show_text_before_share":"","sfsi_plus_gutenberg_icon_type":"","sfsi_plus_gutenberg_icon_alignemt":"","sfsi_plus_gutenburg_max_per_row":"","footnotes":""},"class_list":["post-1242","page","type-page","status-publish","hentry","has_thumb"],"aioseo_notices":[],"_links":{"self":[{"href":"https:\/\/odk-ergon.pl\/de\/wp-json\/wp\/v2\/pages\/1242","targetHints":{"allow":["GET"]}}],"collection":[{"href":"https:\/\/odk-ergon.pl\/de\/wp-json\/wp\/v2\/pages"}],"about":[{"href":"https:\/\/odk-ergon.pl\/de\/wp-json\/wp\/v2\/types\/page"}],"author":[{"embeddable":true,"href":"https:\/\/odk-ergon.pl\/de\/wp-json\/wp\/v2\/users\/1"}],"replies":[{"embeddable":true,"href":"https:\/\/odk-ergon.pl\/de\/wp-json\/wp\/v2\/comments?post=1242"}],"version-history":[{"count":4,"href":"https:\/\/odk-ergon.pl\/de\/wp-json\/wp\/v2\/pages\/1242\/revisions"}],"predecessor-version":[{"id":2047,"href":"https:\/\/odk-ergon.pl\/de\/wp-json\/wp\/v2\/pages\/1242\/revisions\/2047"}],"up":[{"embeddable":true,"href":"https:\/\/odk-ergon.pl\/de\/wp-json\/wp\/v2\/pages\/1226"}],"wp:attachment":[{"href":"https:\/\/odk-ergon.pl\/de\/wp-json\/wp\/v2\/media?parent=1242"}],"curies":[{"name":"wp","href":"https:\/\/api.w.org\/{rel}","templated":true}]}}