{"id":1245,"date":"2014-08-07T15:25:10","date_gmt":"2014-08-07T15:25:10","guid":{"rendered":"http:\/\/odk-ergon.pl\/?page_id=1245"},"modified":"2021-07-17T20:38:31","modified_gmt":"2021-07-17T19:38:31","slug":"berechtigungsfeuer","status":"publish","type":"page","link":"https:\/\/odk-ergon.pl\/de\/baza-wiedzy\/uprawnienia-ppoz\/","title":{"rendered":"Genehmigungen zum Brandschutz"},"content":{"rendered":"<div style=\"float: left; padding-right: 10px;\"><img decoding=\"async\" src=\"\/wp-content\/uploads\/2014\/08\/uprawnienia-pozarowe.jpg\" alt=\"\" \/><\/div>\n<div class=\"wyjustuj\">\n<p>Um die entsprechenden Qualifikationen im Bereich Feuerwehr zu erlangen, m\u00fcssen Sie insbesondere \u00fcber eine entsprechende Ausbildung verf\u00fcgen.<\/p>\n<h2><strong>Berechtigungen k\u00f6nnen auf zwei Arten eingeholt werden:<\/strong><\/h2>\n<ul>\n<li>Abschluss einer Feuerwehrschule, zum Beispiel der Hauptfeuerwehrschule in Warschau oder der Anw\u00e4rterschule der Staatlichen Feuerwehr in Krakau, Pozna\u0144 an der Zentralschule der Staatlichen Feuerwehr in Cz\u0119stochowa. Nach Abschluss der Ausbildung an der Warschauer Schule erh\u00e4lt der Teilnehmer den Titel eines Brandingenieurs, bei Aspirantenschulen den Titel eines Brandingenieurs.<\/li>\n<li>Abschluss von Kursen, die von Ausbildungszentren und Feuerwehrschulen organisiert werden, die sich in der Provinzdirektion der staatlichen Feuerwehr befinden. Nach Abschluss des Lehrgangs erh\u00e4lt der Teilnehmer den Titel Brandschutzfachkraft, wenn er\/sie einen von der Hauptfeuerwehrschule veranstalteten Lehrgang besucht hat. F\u00fcr andere Schulen erh\u00e4lt er den Titel eines Brandschutzinspektors<\/li>\n<\/ul>\n<h2><strong>Inspektor und Brandschutzfachmann<\/strong><\/h2>\n<p>Die Unterschiede zwischen den beiden Positionen liegen in unterschiedlichen Befugnissen. Der Inspektor ist befugt, T\u00e4tigkeiten im Rahmen von durchzuf\u00fchren <a href=\"https:\/\/odk-ergon.pl\/de\/szkolenia\/szkolenie-ppoz-przeciwpozarowe\/\">Feuer<\/a>die sich auf die Pflichten des Eigent\u00fcmers eines Geb\u00e4udes, Bauobjekts oder eines bestimmten Bereichs beziehen, w\u00e4hrend ein Fachmann auf diesem Gebiet \u00fcber breitere Qualifikationen verf\u00fcgt, die ihn berechtigen, auch in anderen Bereichen, beispielsweise in einer Gemeinde oder Woiwodschaft, zu arbeiten.<\/p>\n<p>Die G\u00fcltigkeit der erworbenen Brandschutzqualifikationen betr\u00e4gt 5 Jahre. Nach diesem Zeitraum sollten Sie Ihr Wissen durch die Teilnahme an der n\u00e4chsten Schulung auffrischen.<\/p>\n<\/div>","protected":false},"excerpt":{"rendered":"<p>Um die entsprechenden Brandschutzqualifikationen zu erlangen, muss man insbesondere \u00fcber eine entsprechende Ausbildung verf\u00fcgen. Die Erlaubnis kann auf zwei Arten erlangt werden: Abschluss einer Feuerwehrschule, zum Beispiel der Hauptschule der Feuerwehr in Warschau oder der Schule der Anw\u00e4rter der staatlichen Feuerwehr in Krakau, Pozna\u0144 an der Zentralschule der staatlichen Feuerwehr in Cz\u0119stochowa. Nach Abschluss der Ausbildung an der Warschauer Schule erh\u00e4lt der Teilnehmer den Titel eines Feuerwehringenieurs, w\u00e4hrend es sich bei den Aspirantenschulen um den Titel eines Feuerwehrtechnikers handelt - Abschluss von Kursen, die von Ausbildungszentren und Feuerwehrschulen organisiert werden, die sich in der Woiwodschaftsdirektion befinden Staatliche Feuerwehr. Nach Abschluss des Lehrgangs erh\u00e4lt der Teilnehmer den Titel Brandschutzfachkraft, wenn er\/sie einen von der Hauptfeuerwehrschule veranstalteten Lehrgang besucht hat. F\u00fcr die \u00fcbrigen Schulen erh\u00e4lt er den Titel Brandschutzinspektor Inspektor und Brandschutzfachmann Die Unterschiede zwischen den beiden \u00c4mtern liegen in unterschiedlichen Befugnissen. Der Inspektor ist befugt, T\u00e4tigkeiten im Bereich des Brandschutzes auszuf\u00fchren, die sich auf die Pflichten des Eigent\u00fcmers des Geb\u00e4udes, des Bauobjekts oder eines bestimmten Bereichs beziehen, w\u00e4hrend ein Fachmann auf diesem Gebiet \u00fcber umfassendere Qualifikationen verf\u00fcgt, die ihn berechtigen, auch in anderen Bereichen zu arbeiten Gebieten, zum Beispiel in einer Gemeinde oder Woiwodschaft. Die G\u00fcltigkeit der erworbenen Brandschutzqualifikationen betr\u00e4gt 5 Jahre. Nach diesem Zeitraum sollten Sie Ihr Wissen durch die Teilnahme an der n\u00e4chsten Schulung auffrischen.<\/p>","protected":false},"author":1,"featured_media":1372,"parent":1226,"menu_order":5,"comment_status":"closed","ping_status":"closed","template":"","meta":{"sfsi_plus_gutenberg_text_before_share":"","sfsi_plus_gutenberg_show_text_before_share":"","sfsi_plus_gutenberg_icon_type":"","sfsi_plus_gutenberg_icon_alignemt":"","sfsi_plus_gutenburg_max_per_row":"","footnotes":""},"class_list":["post-1245","page","type-page","status-publish","has-post-thumbnail","hentry","has_thumb"],"aioseo_notices":[],"_links":{"self":[{"href":"https:\/\/odk-ergon.pl\/de\/wp-json\/wp\/v2\/pages\/1245","targetHints":{"allow":["GET"]}}],"collection":[{"href":"https:\/\/odk-ergon.pl\/de\/wp-json\/wp\/v2\/pages"}],"about":[{"href":"https:\/\/odk-ergon.pl\/de\/wp-json\/wp\/v2\/types\/page"}],"author":[{"embeddable":true,"href":"https:\/\/odk-ergon.pl\/de\/wp-json\/wp\/v2\/users\/1"}],"replies":[{"embeddable":true,"href":"https:\/\/odk-ergon.pl\/de\/wp-json\/wp\/v2\/comments?post=1245"}],"version-history":[{"count":4,"href":"https:\/\/odk-ergon.pl\/de\/wp-json\/wp\/v2\/pages\/1245\/revisions"}],"predecessor-version":[{"id":1803,"href":"https:\/\/odk-ergon.pl\/de\/wp-json\/wp\/v2\/pages\/1245\/revisions\/1803"}],"up":[{"embeddable":true,"href":"https:\/\/odk-ergon.pl\/de\/wp-json\/wp\/v2\/pages\/1226"}],"wp:featuredmedia":[{"embeddable":true,"href":"https:\/\/odk-ergon.pl\/de\/wp-json\/wp\/v2\/media\/1372"}],"wp:attachment":[{"href":"https:\/\/odk-ergon.pl\/de\/wp-json\/wp\/v2\/media?parent=1245"}],"curies":[{"name":"wp","href":"https:\/\/api.w.org\/{rel}","templated":true}]}}