{"id":1249,"date":"2014-08-07T15:27:27","date_gmt":"2014-08-07T15:27:27","guid":{"rendered":"http:\/\/odk-ergon.pl\/?page_id=1249"},"modified":"2014-08-10T18:11:48","modified_gmt":"2014-08-10T18:11:48","slug":"arbeitsschutzspezialist","status":"publish","type":"page","link":"https:\/\/odk-ergon.pl\/de\/baza-wiedzy\/specjalista-bhp\/","title":{"rendered":"Fachkraft f\u00fcr Arbeitssicherheit und Gesundheitsschutz"},"content":{"rendered":"<div style=\"float:left; padding-right:10px;\"><img decoding=\"async\" src=\"\/wp-content\/uploads\/2014\/08\/specjalista.jpg\" alt=\"\"><\/div>\n<div class=\"wyjustuj\">\n<p>Ein Gesundheits- und Sicherheitsfachmann ist eine Person, die \u00fcber die entsprechende Ausbildung und Praxis verf\u00fcgt, um in diesem Beruf zu arbeiten. Besonders:<\/p>\n<ul style=\"padding-left:190px;\">\n<li>Ein Spezialist ist eine Person mit Hochschul- oder Aufbaustudium und mindestens 1 Jahr Praktikum<\/li>\n<li>ein hochrangiger Spezialist ist eine Person, die eine Hochschulbildung in einem bestimmten Studienbereich oder einer bestimmten Spezialisierung, ein Aufbaustudium und mindestens 3 Jahre Praxis hat<\/li>\n<li>Der Hauptspezialist ist eine Person mit einer Hochschulausbildung in einem bestimmten Studienbereich oder einer bestimmten Spezialisierung, einem Aufbaustudium und mindestens 5 Jahren Praxis<\/li>\n<\/ul>\n<p><strong>Laut Gesetz ist eine Fachkraft f\u00fcr Sicherheit und Gesundheitsschutz verpflichtet, die Empfehlungen umzusetzen, die sich aus Gesetzen und Vorschriften ergeben, darunter unter anderem:<\/strong><\/p>\n<ul>\n<li>st\u00e4ndige Kontrolle der Arbeitsbedingungen<\/li>\n<li>Erstellung von Arbeitsplatzrisikobewertungen und Aufbewahrung anderer Arten von Dokumentationen<\/li>\n<li>Durchf\u00fchrung von Nachsorgeverfahren<\/li>\n<li>Kontrolle der Richtigkeit von Vorschriften im Unternehmen<\/li>\n<li>Durchf\u00fchrung von Erst- und Weiterbildungen, Mitarbeiterschulungen<\/li>\n<li>Erstellen und Aktualisieren von Verfahren<\/li>\n<li>Zusammenarbeit mit Kontrollbeh\u00f6rden<\/li>\n<li>Sicherheit im Unternehmen f\u00f6rdern<\/li>\n<\/ul>\n<p>Derzeit m\u00fcssen Unternehmer keine eigenen Spezialisten einstellen, sondern k\u00f6nnen Arbeiten an externe Unternehmen \u00fcbertragen. Dies gilt f\u00fcr Unternehmen mit weniger als 100 Besch\u00e4ftigten. Es gibt auch andere Anforderungen.<\/p>\n<p>Unsere Mitarbeiter k\u00fcmmern sich umfassend um den Zustand Ihres Unternehmens im Bereich des Arbeits- und Gesundheitsschutzes und w\u00e4hlen im Rahmen der aktuellen gesetzlichen Regelungen geeignete L\u00f6sungen aus. Dadurch kann Ihr Unternehmen danach handeln und ein hohes Ma\u00df an Sicherheit f\u00fcr die Mitarbeiter bieten.<\/p>\n<\/div>","protected":false},"excerpt":{"rendered":"<p>Ein Gesundheits- und Sicherheitsfachmann ist eine Person, die \u00fcber die entsprechende Ausbildung und Praxis verf\u00fcgt, um in diesem Beruf zu arbeiten. Insbesondere: Ein Spezialist ist eine Person, die eine Hochschulausbildung in einem bestimmten Studienbereich oder Aufbaustudium und mindestens 1 Jahr Praktikum absolviert hat, ein leitender Spezialist ist eine Person, die eine Hochschulausbildung in einem bestimmten Bereich oder einer bestimmten Spezialisierung, ein Aufbaustudium und bei Mindestens 3 Jahre Praxis, Hauptfachkraft ist eine Person, die einen Universit\u00e4tsabschluss in einer bestimmten Studienrichtung oder Spezialisierung, ein Aufbaustudium und mindestens 5 Jahre Praxis hat Empfehlungen, die sich aus Gesetzen und Vorschriften ergeben, einschlie\u00dflich: st\u00e4ndige Kontrolle der Arbeitsbedingungen, Erstellung von Arbeitsplatzrisikobewertungen und Aufbewahrung anderer Arten von Dokumentationen Durchf\u00fchrung von Verfahren nach Unf\u00e4llen \u00dcberpr\u00fcfung der Korrektheit der Vorschriften im Unternehmen Durchf\u00fchrung von Erst- und Wiederholungsschulungen, Schulung von Mitarbeitern Erstellung von Verfahren und Aktualisierung Zusammenarbeit mit Kontrollbeh\u00f6rden F\u00f6rderung der Sicherheit im Unternehmen Derzeit m\u00fcssen Unternehmer keine eigenen Fachkr\u00e4fte besch\u00e4ftigen, sie k\u00f6nnen es aber die Arbeit an externe Firmen vergeben. Dies gilt f\u00fcr Unternehmen mit weniger als 100 Besch\u00e4ftigten. Es gibt auch andere Anforderungen. Unsere Mitarbeiter k\u00fcmmern sich umfassend um den Zustand Ihres Unternehmens in Bezug auf Arbeitssicherheit und Gesundheitsschutz und w\u00e4hlen geeignete L\u00f6sungen im Rahmen der geltenden gesetzlichen Bestimmungen aus. Dadurch kann Ihr Unternehmen danach handeln und ein hohes Ma\u00df an Sicherheit f\u00fcr die Mitarbeiter bieten.<\/p>","protected":false},"author":1,"featured_media":0,"parent":1226,"menu_order":0,"comment_status":"closed","ping_status":"closed","template":"","meta":{"sfsi_plus_gutenberg_text_before_share":"","sfsi_plus_gutenberg_show_text_before_share":"","sfsi_plus_gutenberg_icon_type":"","sfsi_plus_gutenberg_icon_alignemt":"","sfsi_plus_gutenburg_max_per_row":"","footnotes":""},"class_list":["post-1249","page","type-page","status-publish","hentry","has_thumb"],"aioseo_notices":[],"_links":{"self":[{"href":"https:\/\/odk-ergon.pl\/de\/wp-json\/wp\/v2\/pages\/1249","targetHints":{"allow":["GET"]}}],"collection":[{"href":"https:\/\/odk-ergon.pl\/de\/wp-json\/wp\/v2\/pages"}],"about":[{"href":"https:\/\/odk-ergon.pl\/de\/wp-json\/wp\/v2\/types\/page"}],"author":[{"embeddable":true,"href":"https:\/\/odk-ergon.pl\/de\/wp-json\/wp\/v2\/users\/1"}],"replies":[{"embeddable":true,"href":"https:\/\/odk-ergon.pl\/de\/wp-json\/wp\/v2\/comments?post=1249"}],"version-history":[{"count":6,"href":"https:\/\/odk-ergon.pl\/de\/wp-json\/wp\/v2\/pages\/1249\/revisions"}],"predecessor-version":[{"id":1509,"href":"https:\/\/odk-ergon.pl\/de\/wp-json\/wp\/v2\/pages\/1249\/revisions\/1509"}],"up":[{"embeddable":true,"href":"https:\/\/odk-ergon.pl\/de\/wp-json\/wp\/v2\/pages\/1226"}],"wp:attachment":[{"href":"https:\/\/odk-ergon.pl\/de\/wp-json\/wp\/v2\/media?parent=1249"}],"curies":[{"name":"wp","href":"https:\/\/api.w.org\/{rel}","templated":true}]}}