{"id":1251,"date":"2014-08-07T15:28:17","date_gmt":"2014-08-07T15:28:17","guid":{"rendered":"http:\/\/odk-ergon.pl\/?page_id=1251"},"modified":"2014-08-08T12:55:03","modified_gmt":"2014-08-08T12:55:03","slug":"fachkraft-fur-brandschutz","status":"publish","type":"page","link":"https:\/\/odk-ergon.pl\/de\/baza-wiedzy\/specjalista-ppoz\/","title":{"rendered":"Brandspezialist"},"content":{"rendered":"<div style=\"float:left; padding-right:10px;\"><img decoding=\"async\" src=\"\/wp-content\/uploads\/2014\/08\/inspektor-ppoz.jpg\" alt=\" Brandschutzexperte (Gutachter)\"><\/div>\n<div class=\"wyjustuj\">\n<p>In \u00dcbereinstimmung mit den Bestimmungen des Brandschutzgesetzes sind T\u00e4tigkeiten im Schutz enthalten <a href=\"https:\/\/odk-ergon.pl\/de\/szkolenia\/szkolenie-ppoz-przeciwpozarowe\/\">Feuer<\/a> in Geb\u00e4uden, Bauwerken und Fl\u00e4chen m\u00fcssen von Personen ausgef\u00fchrt werden, die \u00fcber die entsprechende Qualifikation verf\u00fcgen. Sie sind Inspektoren oder Spezialisten mit unterschiedlichen Befugnissen.<\/p>\n<p>Der Fachmann hat weitergehende Befugnisse, weil die Arbeit nicht nur an einem bestimmten Arbeitsplatz, sondern in einem weiteren Bereich durchgef\u00fchrt werden kann. Bei der Ausbildung zum Brandschutzbeauftragten werden unter anderem folgende Informationen vermittelt:<\/p>\n<ul>\n<li>Organisation des Brandschutzes, Pflichten nat\u00fcrlicher und juristischer Personen, Institutionen und Organisationen, die Anlagen, Geb\u00e4ude oder Fl\u00e4chen nutzen<\/li>\n<li>Brandschutzvorschriften<\/li>\n<li>Gefahren erkennen und einsch\u00e4tzen<\/li>\n<li>Brandanforderungen, einschlie\u00dflich Wasserversorgung und Brandwege<\/li>\n<li>Ma\u00dfnahmen zur Bek\u00e4mpfung von Br\u00e4nden, Naturkatastrophen und anderen Bedrohungen<\/li>\n<li>geeignete formelle, rechtliche und organisatorische Rahmenbedingungen zu schaffen, die f\u00fcr die Sicherheit von Personen und Sachwerten verantwortlich sind, die Auswirkungen mindern und Gefahren vorbeugen<\/li>\n<\/ul>\n<p>Um Brandschutzfachkraft zu werden, m\u00fcssen Sie eine Ausbildung an der Hauptfeuerwehrschule absolvieren. Personen mit der Berufsbezeichnung Brandingenieur sind nach dem Gesetz einem Fachmann gleichgestellt. Da das Studium an dieser Schule l\u00e4nger dauert, verf\u00fcgt der Spezialist \u00fcber viel mehr Wissen als der Inspektor, und aus diesem Grund ist sein T\u00e4tigkeitsbereich breiter.<\/p>\n<\/div>","protected":false},"excerpt":{"rendered":"<p>Gem\u00e4\u00df den Bestimmungen des Brandschutzgesetzes m\u00fcssen zum Brandschutz geh\u00f6rende T\u00e4tigkeiten in Geb\u00e4uden, Bauwerken und Fl\u00e4chen von Personen durchgef\u00fchrt werden, die \u00fcber die entsprechende Qualifikation f\u00fcr diesen Zweck verf\u00fcgen. Sie sind Inspektoren oder Spezialisten mit unterschiedlichen Befugnissen. Der Fachmann hat weitergehende Befugnisse, da die Arbeiten nicht nur an einem bestimmten Arbeitsplatz, sondern auch in einem weiteren Bereich durchgef\u00fchrt werden k\u00f6nnen. W\u00e4hrend der Ausbildung zum\/r Brandfachmann\/-frau werden folgende Informationen vermittelt: Organisation des Brandschutzes, Pflichten nat\u00fcrlicher und juristischer Personen, Institutionen und Organisationen, die Anlagen, Geb\u00e4ude oder Fl\u00e4chen nutzen, Grunds\u00e4tze des Brandschutzes, Ermittlung und Bewertung von Bedrohungen, Brandanforderungen, einschlie\u00dflich Fragestellungen von Wasserversorgung und Brandwegen Ma\u00dfnahmen zur Bek\u00e4mpfung von Br\u00e4nden, Naturkatastrophen und anderen Bedrohungen Schaffung angemessener formaler, rechtlicher und organisatorischer Voraussetzungen, die der Sicherheit von Personen und Sachwerten, der Minimierung der Auswirkungen und der Abwehr von Bedrohungen dienen. Brandschutzfachkraft, Ausbildung muss an der Hauptschule der Feuerwehr absolviert werden. Personen mit der Berufsbezeichnung Brandingenieur sind nach dem Gesetz einem Fachmann gleichgestellt. Da die Ausbildung an dieser Schule l\u00e4nger dauert, verf\u00fcgt der Spezialist \u00fcber viel mehr Wissen als der Inspektor und aus diesem Grund ist sein T\u00e4tigkeitsbereich breiter.<\/p>","protected":false},"author":1,"featured_media":0,"parent":1226,"menu_order":5,"comment_status":"closed","ping_status":"closed","template":"","meta":{"sfsi_plus_gutenberg_text_before_share":"","sfsi_plus_gutenberg_show_text_before_share":"","sfsi_plus_gutenberg_icon_type":"","sfsi_plus_gutenberg_icon_alignemt":"","sfsi_plus_gutenburg_max_per_row":"","footnotes":""},"class_list":["post-1251","page","type-page","status-publish","hentry","has_thumb"],"aioseo_notices":[],"_links":{"self":[{"href":"https:\/\/odk-ergon.pl\/de\/wp-json\/wp\/v2\/pages\/1251","targetHints":{"allow":["GET"]}}],"collection":[{"href":"https:\/\/odk-ergon.pl\/de\/wp-json\/wp\/v2\/pages"}],"about":[{"href":"https:\/\/odk-ergon.pl\/de\/wp-json\/wp\/v2\/types\/page"}],"author":[{"embeddable":true,"href":"https:\/\/odk-ergon.pl\/de\/wp-json\/wp\/v2\/users\/1"}],"replies":[{"embeddable":true,"href":"https:\/\/odk-ergon.pl\/de\/wp-json\/wp\/v2\/comments?post=1251"}],"version-history":[{"count":4,"href":"https:\/\/odk-ergon.pl\/de\/wp-json\/wp\/v2\/pages\/1251\/revisions"}],"predecessor-version":[{"id":1379,"href":"https:\/\/odk-ergon.pl\/de\/wp-json\/wp\/v2\/pages\/1251\/revisions\/1379"}],"up":[{"embeddable":true,"href":"https:\/\/odk-ergon.pl\/de\/wp-json\/wp\/v2\/pages\/1226"}],"wp:attachment":[{"href":"https:\/\/odk-ergon.pl\/de\/wp-json\/wp\/v2\/media?parent=1251"}],"curies":[{"name":"wp","href":"https:\/\/api.w.org\/{rel}","templated":true}]}}