{"id":1567,"date":"2016-11-19T19:40:52","date_gmt":"2016-11-19T19:40:52","guid":{"rendered":"http:\/\/odk-ergon.pl\/?page_id=1567"},"modified":"2022-06-15T13:43:53","modified_gmt":"2022-06-15T11:43:53","slug":"ausbildung-sep","status":"publish","type":"page","link":"https:\/\/odk-ergon.pl\/de\/szkolenia\/szkolenia-sep\/","title":{"rendered":"G1-, G2-, G3-Schulungen"},"content":{"rendered":"<div style=\"float: left; margin-right: 5px; margin-bottom: 10px; text-align: justify;\"><div id=\"metaslider-id-1537\" style=\"max-width: 200px;\" class=\"ml-slider-3-108-0 metaslider metaslider-flex metaslider-1537 ml-slider ms-theme-default nav-hidden\" role=\"region\" aria-label=\"GEIER\" data-height=\"150\" data-width=\"200\">\n    <div id=\"metaslider_container_1537\">\n        <div id=\"metaslider_1537\" class=\"flexslider\">\n            <ul class='slides'>\n                <li style=\"display: block; width: 100%;\" class=\"slide-1538 ms-image\" aria-roledescription=\"slide\" data-date=\"2016-11-19 19:03:38\" data-filename=\"current-1391747_640-200x150.jpg\" data-slide-type=\"image\"><img loading=\"lazy\" decoding=\"async\" src=\"https:\/\/odk-ergon.pl\/wp-content\/uploads\/2016\/11\/current-1391747_640-200x150.jpg\" height=\"150\" width=\"200\" alt=\"\" class=\"slider-1537 slide-1538 msDefaultImage\" \/><\/li>\n                <li style=\"display: none; width: 100%;\" class=\"slide-1398 ms-image\" aria-roledescription=\"slide\" data-date=\"2014-08-08 13:13:08\" data-filename=\"1-certyfikacja-maszyn.jpg\" data-slide-type=\"image\"><img loading=\"lazy\" decoding=\"async\" src=\"https:\/\/odk-ergon.pl\/wp-content\/uploads\/2014\/08\/1-certyfikacja-maszyn.jpg\" height=\"150\" width=\"200\" alt=\"\" class=\"slider-1537 slide-1398 msDefaultImage\" \/><\/li>\n                <li style=\"display: none; width: 100%;\" class=\"slide-1539 ms-image\" aria-roledescription=\"slide\" data-date=\"2016-11-19 19:04:45\" data-filename=\"electrician-1080573_640-200x150.jpg\" data-slide-type=\"image\"><img loading=\"lazy\" decoding=\"async\" src=\"https:\/\/odk-ergon.pl\/wp-content\/uploads\/2016\/11\/electrician-1080573_640-200x150.jpg\" height=\"150\" width=\"200\" alt=\"\" class=\"slider-1537 slide-1539 msDefaultImage\" \/><\/li>\n                <li style=\"display: none; width: 100%;\" class=\"slide-1540 ms-image\" aria-roledescription=\"slide\" data-date=\"2016-11-19 19:05:08\" data-filename=\"electric-948208_640-e1479583762925-200x150.jpg\" data-slide-type=\"image\"><img loading=\"lazy\" decoding=\"async\" src=\"https:\/\/odk-ergon.pl\/wp-content\/uploads\/2016\/11\/electric-948208_640-e1479583762925-200x150.jpg\" height=\"150\" width=\"200\" alt=\"\" class=\"slider-1537 slide-1540 msDefaultImage\" \/><\/li>\n            <\/ul>\n        <\/div>\n        \n    <\/div>\n<\/div><\/div>\n<p><a href=\"https:\/\/odk-ergon.pl\/de\/o-firmie\/\">ERGON Personalschulungszentrum<\/a> sind professionelle Vorbereitungskurse f\u00fcr Pr\u00fcfungen vor den Komitees SEP, PSE, SIMP und SITPS, die den Erwerb von Qualifikationen sowie von der Polnischen Vereinigung f\u00fcr Elektroinstallationen (PSE) verliehene Berufszertifikate sicherstellen. Es lohnt sich also, auf unsere modernen Vorbereitungskurse f\u00fcr Pr\u00fcfungen vor SEP-, PSE-, SIMP- und SITPS-Gremien zu setzen. Wir bieten auch Kurse an, die es Ihnen erm\u00f6glichen, Zertifikate zu erhalten, die vom Verband der polnischen Mechanikingenieure (SIMP), dem Verband der Ingenieure und Techniker der Lebensmittelindustrie (SITPS oder SITSpo\u017c) und vielen anderen vom Energieregulierungsamt (URE) ernannten Komitees verliehen werden.<br \/>\n<strong>Wir bieten unter anderem:<\/strong><\/p>\n<ul>\n<li>G-1-Kurs - im Bereich Energietechnik,<\/li>\n<li>G-2-Kurs - im Bereich W\u00e4rme,<\/li>\n<li>G-3-Kurs - im Bereich Gase.<\/li>\n<\/ul>\n<p>Der Verband Polnischer Elektroingenieure ist eine Organisation namens SEP, die sich mit der Integration von Personen befasst, die im Beruf des Elektrikers t\u00e4tig sind. Seine Mission ist es auch, Themen auf dem Gebiet der Energietechnik zu erziehen und bekannt zu machen.<\/p>\n<p>Die Anf\u00e4nge des Polnischen Elektroinstallationsverbandes gehen auf das Jahr 2007 zur\u00fcck, als er von den gr\u00f6\u00dften Unternehmen im Bereich Elektroinstallationen in Polen gegr\u00fcndet wurde.<\/p>\n<p>Der Verband Polnischer Mechaniker und Techniker wurde 1926 von Professor Henryk Mierzejewski gegr\u00fcndet. Zu dieser Gruppe geh\u00f6ren Ingenieure und Techniker sowie Mechaniker verschiedener Fachrichtungen.<\/p>\n<p>Im Falle des Vereins der Ingenieure und Techniker der Lebensmittelindustrie reicht die Geschichte bis ins Jahr 1946 zur\u00fcck. Es ist eine Einrichtung, deren Aufgabe es ist, Wissenschaft und Technologie in Bezug auf die Lebensmittelwirtschaft zu entwickeln.<\/p>\n<p>Alle Verb\u00e4nde haben eigene Pr\u00fcfungsaussch\u00fcsse. Abschlusspr\u00fcfungen werden nach den Standards des Energierechts durchgef\u00fchrt. Auf diese Weise k\u00f6nnen Sie die f\u00fcr diesen Beruf notwendigen elektrotechnischen Qualifikationen und Zertifikate erwerben.<\/p>\n<p>Das Energieministerium befasst sich mit Fragen der weit gefassten Energiewirtschaft. Wir haben es hier mit energiepolitischen und -strategischen Vorgaben zu tun, aber auch mit Blick auf den Energiemarkt und alternative Energiequellen. UDT wiederum befasst sich mit der Auswahl geeigneter Ger\u00e4te.<\/p>\n<p>Das Energiegesetz regelt, dass Personen, die mit Anlagen des Stromnetzes arbeiten wollen, \u00fcber eine entsprechende elektrotechnische Qualifikation verf\u00fcgen m\u00fcssen. Am h\u00e4ufigsten besch\u00e4ftigen wir uns mit solchen Anforderungen wie Qualifikationen, die durch einen Kurs zur Vorbereitung auf Pr\u00fcfungen vor SEP-, PSE-, SIMP- und SITPS-Aussch\u00fcssen erworben werden k\u00f6nnen. Schlie\u00dflich haben wir es mit einer Pr\u00fcfung zu tun, die in Gremien in ganz Polen abgelegt werden kann, und dann werden die entsprechenden Qualifikationen erworben.<\/p>\n<p>In unserem Zentrum bieten wir ein modernes und effektives Training zur Vorbereitung auf Pr\u00fcfungen vor SEP, PSE, SIMP, SITPS und vielen anderen an. Am Ende kann jeder die Privilegien erhalten, die er m\u00f6chte. Dies ist eine notwendige Voraussetzung f\u00fcr Personen, die elektrische Qualifikationen bis 1 kV erwerben m\u00f6chten.<br \/>\nDie Vorbereitung auf von uns organisierte Pr\u00fcfungen vor SEP, PSE, SIMP, SITPS und vielen anderen Gremien ist sowohl praktisch als auch theoretisch. Wir haben hier Probleme im Zusammenhang mit Energie-, Heizungs- und Gasinstallationen. W\u00e4hrend unseres Unterrichts kann sich jeder angemessen vorbereiten, um f\u00fcr Pr\u00fcfungen vor SEP-, PSE-, SIMP- und SITPS-Gremien zugelassen zu werden, und auch viel lernen, was dann f\u00fcr die sp\u00e4tere Arbeit verwendet werden kann.<\/p>\n<h2>G-1-Kurs - Elektrische Energietechnik<\/h2>\n<p>Wir empfehlen Ihnen, an unseren Schulungen teilzunehmen, die Sie auf den Erwerb der 1-kV-Lizenz vorbereiten. Auf diese Weise k\u00f6nnen Sie mit der Bedienung und \u00dcberwachung von Ger\u00e4ten und Stromnetzen arbeiten. Im Rahmen dieser Ausbildung kann sich jeder Studierende Kenntnisse in folgenden Bereichen aneignen:<\/p>\n<ul>\n<li>\u00a0Handbuch und Dokumentation von Betrieb und Techniken,<\/li>\n<li>\u00a0Kontroll- und Messarbeiten,<\/li>\n<li>\u00a0Bauart und Betrieb sowie technischer Zustand von Ger\u00e4ten, Netzen und Anlagen,<\/li>\n<li>\u00a0Installation und Ger\u00e4teanschl\u00fcsse,<\/li>\n<li>\u00a0Netzwerk- und Ger\u00e4teinstallationsunterst\u00fctzung.<\/li>\n<\/ul>\n<h2>G-2-Kurs - warm<\/h2>\n<p>Im Rahmen dieser Schulung bieten wir spezifisches theoretisches Wissen und praktische Kurse an, dank denen Sie lernen k\u00f6nnen, mit der Bedienung und \u00dcberwachung von Ger\u00e4ten zu arbeiten, deren Arbeit auf W\u00e4rme basiert. Im Rahmen dieser Lehrveranstaltungen erwerben die Studierenden Kenntnisse in folgenden Bereichen:<\/p>\n<ul>\n<li>Gesundheit und Sicherheit i <a href=\"https:\/\/odk-ergon.pl\/de\/szkolenia\/kurs-pierwszej-pomocy-warszawa\/\">Erste Hilfe<\/a>,<\/li>\n<li>Kontrolle und Messungen,<\/li>\n<li>Technisches und betriebliches Handbuch und Dokumentation<\/li>\n<li>Betriebsvorschriften,<\/li>\n<li>Programmierung von Netzwerken, Ger\u00e4ten und Anlagen,<\/li>\n<li>technische Bedingungen f\u00fcr Ger\u00e4te, Netze und Anlagen,<\/li>\n<li>Anschlie\u00dfen von Anlagen und Ger\u00e4ten an das Netzwerk.<\/li>\n<\/ul>\n<h2>G-3-Kurs - Gase<\/h2>\n<h3>Energiequalifizierung von ODK Ergon<\/h3>\n<p>Die Ausbildung richtet sich an Personen, die sich mit dem Betrieb und der \u00dcberwachung von Netzen, Anlagen und Gasger\u00e4ten besch\u00e4ftigen wollen. Ihre Aufgabe ist es, Gas zu produzieren, zu verarbeiten, zu speichern, zu transportieren und zu verbrauchen. Im Rahmen dieses Kurses erwerben die Teilnehmer Kenntnisse in den Bereichen:<\/p>\n<ul>\n<li>Arbeitsschutz und Erste Hilfe,<\/li>\n<li>Messungen und Kontrollen,<\/li>\n<li>Betriebsordnung,<\/li>\n<li>Betriebs- und technische Handb\u00fccher und Dokumentationen,<\/li>\n<li>Planung und Betrieb von Ger\u00e4ten, Netzen und Anlagen,<\/li>\n<li>Programmierung von Anlagen, Netzwerken und Ger\u00e4ten,<\/li>\n<li>Anschluss und Montage von Ger\u00e4ten, Installation im Netzwerk.<\/li>\n<\/ul>\n<p>Heute wird der F\u00fchrerschein f\u00fcr 5 Jahre ausgestellt, danach muss man sich noch einmal auffrischen und die Abschlusspr\u00fcfung bestehen.<\/p>\n<p>Unser Zentrum ist voll von Professionalit\u00e4t und spezifischen Kursen f\u00fcr Arbeitspl\u00e4tze, die den Bed\u00fcrfnissen unserer Kunden entsprechen. Wir empfehlen Ihnen, unser Angebot im Bereich der geschlossenen Ausbildung zu nutzen, das durch die Qualifikation f\u00fcr Elektrogeb\u00e4ude sowie das Wissen und die Praxis bereitgestellt wird, die uns am wichtigsten sind.<\/p>\n<p>Wir besch\u00e4ftigen die besten, qualifizierten Spezialisten, dank denen sich jeder f\u00fcr Pr\u00fcfungsvorbereitungskurse vor SEP-, PSE-, SIMP-, SITPS-Aussch\u00fcssen anmelden kann, <a href=\"https:\/\/odk-ergon.pl\/de\/cennik\/\">Preis<\/a> Es ist sehr vorteilhaft, also lohnt es sich, unserem Unternehmen zu vertrauen.<\/p>\n<p>ERGON Personalschulungszentrum in Warschau und ganz Polen. Immer die niedrigsten Preise! <a href=\"https:\/\/odk-ergon.pl\/de\/kontakt\/\">Wir laden Sie herzlich ein!<\/a><\/p>\n<p><em>Die Informationen auf der Website stellen kein kommerzielles Angebot dar und wurden entwickelt, damit der Auszubildende sich der M\u00f6glichkeit bewusst ist, Qualifikationen von verschiedenen Ausbildungseinrichtungen f\u00fcr Elektriker zu erwerben.<\/em><\/p>","protected":false},"excerpt":{"rendered":"<p>O\u015brodek Doskonalenia Kadr ERGON to profesjonalne kursy przygotowuj\u0105ce do egzamin\u00f3w przed komisjami SEP, PSE, SIMP, SITPS, jakie zapewniaj\u0105 uzyskanie uprawnienia, a tak\u017ce certyfikaty zawodowe przyznawane przez Polskie Stowarzyszenie Elektroinstalacyjne (PSE). Warto, zatem postawi\u0107 na nasze nowoczesne kursy przygotowuj\u0105ce do egzamin\u00f3w przed komisjami SEP, PSE, SIMP, SITPS. Zapewniamy tak\u017ce kursy, dzi\u0119ki kt\u00f3rym mo\u017cna zyska\u0107 certyfikaty nadawane przez Stowarzyszenie In\u017cynier\u00f3w Mechanik\u00f3w Polskich (SIMP), Stowarzyszenie In\u017cynier\u00f3w i Technik\u00f3w Przemys\u0142u Spo\u017cywczego (SITPS lub SITSpo\u017c) oraz wiele innych komisji, jakie s\u0105 powo\u0142ywane przez Urz\u0105d Regulacji Energetyki (URE). Zapewniamy mi\u0119dzy innymi: kurs G-1 \u2013 z zakresu elektroenergetyki, kurs G-2 \u2013 z zakresu ciep\u0142a, kurs G-3 \u2013 z zakresu gaz\u00f3w. Stowarzyszenie Elektryk\u00f3w Polskich to organizacja, znana pod nazw\u0105 SEP, zajmuje si\u0119 integracj\u0105 os\u00f3b pracuj\u0105cych w zawodzie elektryka. Jego misj\u0105 jest tak\u017ce edukacja i popularyzowanie zagadnie\u0144 z zakresu elektroenergetyki. Je\u015bli chodzi o Polskie Stowarzyszenie Elektroinstalacyjne, to pocz\u0105tki si\u0119gaj\u0105 2007 roku, kiedy to zosta\u0142o zainicjowane przez najwi\u0119ksze firmy zajmuj\u0105ce si\u0119 instalacjami elektrycznymi w Polsce. Stowarzyszenie In\u017cynier\u00f3w i Technik\u00f3w Mechanik\u00f3w Polskich zosta\u0142o za\u0142o\u017cone w 1926 roku przez profesora Henryka Mierzejewskiego. W tym gronie znajduj\u0105 si\u0119 in\u017cynierowie i technicy, a tak\u017ce mechanicy z r\u00f3\u017cnorodnych specjalno\u015bci. W przypadku Stowarzyszenia In\u017cynier\u00f3w i Technik\u00f3w Przemys\u0142u Spo\u017cywczego, mamy do czynienia z histori\u0105 si\u0119gaj\u0105c\u0105 1946 roku. To podmiot, kt\u00f3rego zadaniem jest rozw\u00f3j nauki i techniki w odniesieniu do gospodarki \u017cywno\u015bciowej. Wszystkie stowarzyszenia posiadaj\u0105 osobne komisje egzaminacyjne. Egzaminy ko\u0144cowe s\u0105 przeprowadzane zgodnie ze standardami prawa energetycznego. W ten spos\u00f3b mo\u017cna uzyska\u0107 uprawnienia budowlane elektryczne i niezb\u0119dne w tym zawodzie certyfikaty. Ministerstwo Energii zajmuje si\u0119 zagadnieniami zwi\u0105zanymi z szeroko poj\u0119t\u0105 bran\u017c\u0105 energii. Mamy [&hellip;]<\/p>\n","protected":false},"author":1,"featured_media":1588,"parent":65,"menu_order":0,"comment_status":"closed","ping_status":"closed","template":"","meta":{"sfsi_plus_gutenberg_text_before_share":"","sfsi_plus_gutenberg_show_text_before_share":"","sfsi_plus_gutenberg_icon_type":"","sfsi_plus_gutenberg_icon_alignemt":"","sfsi_plus_gutenburg_max_per_row":"","footnotes":""},"class_list":["post-1567","page","type-page","status-publish","has-post-thumbnail","hentry","has_thumb"],"aioseo_notices":[],"_links":{"self":[{"href":"https:\/\/odk-ergon.pl\/de\/wp-json\/wp\/v2\/pages\/1567","targetHints":{"allow":["GET"]}}],"collection":[{"href":"https:\/\/odk-ergon.pl\/de\/wp-json\/wp\/v2\/pages"}],"about":[{"href":"https:\/\/odk-ergon.pl\/de\/wp-json\/wp\/v2\/types\/page"}],"author":[{"embeddable":true,"href":"https:\/\/odk-ergon.pl\/de\/wp-json\/wp\/v2\/users\/1"}],"replies":[{"embeddable":true,"href":"https:\/\/odk-ergon.pl\/de\/wp-json\/wp\/v2\/comments?post=1567"}],"version-history":[{"count":16,"href":"https:\/\/odk-ergon.pl\/de\/wp-json\/wp\/v2\/pages\/1567\/revisions"}],"predecessor-version":[{"id":2242,"href":"https:\/\/odk-ergon.pl\/de\/wp-json\/wp\/v2\/pages\/1567\/revisions\/2242"}],"up":[{"embeddable":true,"href":"https:\/\/odk-ergon.pl\/de\/wp-json\/wp\/v2\/pages\/65"}],"wp:featuredmedia":[{"embeddable":true,"href":"https:\/\/odk-ergon.pl\/de\/wp-json\/wp\/v2\/media\/1588"}],"wp:attachment":[{"href":"https:\/\/odk-ergon.pl\/de\/wp-json\/wp\/v2\/media?parent=1567"}],"curies":[{"name":"wp","href":"https:\/\/api.w.org\/{rel}","templated":true}]}}