{"id":1585,"date":"2016-11-19T20:13:00","date_gmt":"2016-11-19T20:13:00","guid":{"rendered":"http:\/\/odk-ergon.pl\/?page_id=1585"},"modified":"2022-06-15T15:36:33","modified_gmt":"2022-06-15T13:36:33","slug":"kategorien-sep","status":"publish","type":"page","link":"https:\/\/odk-ergon.pl\/de\/baza-wiedzy\/kategorie-sep\/","title":{"rendered":"Kategorien G1, G2, G3"},"content":{"rendered":"<p><a href=\"http:\/\/odk-ergon.pl\/wp-content\/uploads\/2016\/11\/wire-1098059_640.jpg\"><img loading=\"lazy\" decoding=\"async\" class=\"size-medium wp-image-1588 alignleft\" src=\"http:\/\/odk-ergon.pl\/wp-content\/uploads\/2016\/11\/wire-1098059_640-300x168.jpg\" alt=\"Draht-1098059_640\" width=\"300\" height=\"168\" srcset=\"https:\/\/odk-ergon.pl\/wp-content\/uploads\/2016\/11\/wire-1098059_640-300x168.jpg 300w, https:\/\/odk-ergon.pl\/wp-content\/uploads\/2016\/11\/wire-1098059_640-624x351.jpg 624w, https:\/\/odk-ergon.pl\/wp-content\/uploads\/2016\/11\/wire-1098059_640.jpg 640w\" sizes=\"auto, (max-width: 300px) 100vw, 300px\" \/><\/a>Wer Ger\u00e4te, Netze und Energieanlagen betreiben will, muss SEP, PSE, SIMP, SITPS und viele mehr haben. Wir bieten professionelle SEP-, PSE-, SIMP- und SITPS-Kurse an, dank denen jeder die Pr\u00fcfung gut vorbereitet ablegen kann.<\/p>\n<p>Heute werden Einzelvollmachten von folgenden K\u00f6rperschaften erteilt: Verband polnischer Elektroingenieure, Verband polnischer Elektroinstallationen (PSE), Verband polnischer Mechanikingenieure (SIMP), Verband der Ingenieure und Techniker der Lebensmittelindustrie (SITPS oder SITSpo\u017c) und viele andere . Abschlusspr\u00fcfungen k\u00f6nnen bundesweit abgelegt werden. Daher empfehlen wir Ihnen, unser Angebot zu nutzen.<\/p>\n<p>Bei unseren SEP-, PSE-, SIMP-, SITPS-Schulungen und anderen Kursen bieten wir:<\/p>\n<ul>\n<li>G-1-Kurs f\u00fcr die Energiewirtschaft,<\/li>\n<li>G-2-Kurs f\u00fcr Hitze,<\/li>\n<li>G-3 Kurs f\u00fcr Gase.<\/li>\n<\/ul>\n<p>Jede Art von Training wird mit verschiedenen Ger\u00e4ten durchgef\u00fchrt.<\/p>\n<p>Heute befasst sich das Energieministerium mit allen Belangen der Energiepolitik sowie dem Energiemarkt und der Nutzung einzelner Energietr\u00e4ger. Dar\u00fcber hinaus funktioniert es auch in dieser Hinsicht <a href=\"https:\/\/odk-ergon.pl\/de\/szkolenia\/szkolenia-na-suwnice\/uprawnienia\/\">UDT<\/a>.<\/p>\n<p>Im Falle von SEP, PSE, SIMP, SITPS werden G-1-Ausbildungen im Bereich Energietechnik, Energieerzeugungsger\u00e4te, Netze und Energieanlagen mit Spannungen unter und \u00fcber 1 kV verwendet. Wir bieten auch Stromaggregate mit einer Leistung von \u00fcber 50 W sowie elektrische Netze f\u00fcr die Stra\u00dfenbeleuchtung oder Ger\u00e4te f\u00fcr die Elektrolyse, elektrothermische Anlagen sowie explosionsgesch\u00fctzte Ger\u00e4te, elektrische Traktionsnetze sowie moderne Mess- und Steuersysteme Ger\u00e4te, also lohnt es sich, unser Training aufzusparen.<\/p>\n<p>Wenn es darum geht <a href=\"https:\/\/odk-ergon.pl\/de\/szkolenia\/szkolenia-sep\/\">SEP-Schulung<\/a>, PSE, SIMP, SITPS G-2 im Bereich W\u00e4rme werden Ger\u00e4te zur Erzeugung, Verarbeitung, Verbrauch und \u00dcbertragung von W\u00e4rme eingesetzt. Dies k\u00f6nnen beispielsweise Dampf- und Wasserkessel sowie Anlagen und W\u00e4rmenetze einschlie\u00dflich Nebenaggregate mit einer Leistung \u00fcber 50kW sein. Dazu geh\u00f6ren auch Wasser- und Dampfturbinen, Klimaanlagen, L\u00fcftungen und Industrieanlagen zur Erzeugung von hei\u00dfem Wasser und Dampf. Wir arbeiten auch mit Gebl\u00e4sen, Pumpen und L\u00fcftern sowie Saugn\u00e4pfen und Kompressoren mit einer Leistung \u00fcber 20kW.<\/p>\n<p>Die Schulungen SEP, PSE, SIMP, SITPS G-3 im Bereich Gasinstallationen und -netze sind in erster Linie moderne Gasgeneratoren, Ausr\u00fcstung f\u00fcr die Behandlung und \u00dcbertragung von Gasbrennstoffen sowie Gastransportnetze mit einem Druck von mehr als 0,5 MPa. Sie sind auch Speicherger\u00e4te, Verteilungsnetze sowie Gasturbinen, Brennstoffempf\u00e4nger und andere Mess- und Kontrollger\u00e4te.<\/p>\n<p>Die Firma ERGON bietet eine professionelle Elektroausbildung im Bereich G-1, G-2, G-3, sowie eine hervorragende Vorbereitung auf Pr\u00fcfungen, die vor SEP, PSE, SIMP, SITPS abgelegt werden.<\/p>\n<p>Die Informationen auf der Website stellen kein kommerzielles Angebot dar und wurden entwickelt, damit die Person, die die Schulung durchf\u00fchrt, sich der M\u00f6glichkeit bewusst ist, Qualifikationen von verschiedenen Ausbildungseinrichtungen f\u00fcr Elektriker in Polen zu erhalten.<\/p>","protected":false},"excerpt":{"rendered":"<p>Je\u015bli chcemy obs\u0142ugiwa\u0107 urz\u0105dzenia, sieci oraz instalacje energetyczne, nale\u017cy posiada\u0107 uprawnienia SEP, PSE, SIMP, SITPS oraz wiele innych. Zapewniamy profesjonalne kursy SEP, PSE, SIMP, SITPS, dzi\u0119ki kt\u00f3rym ka\u017cdy mo\u017ce odpowiednio przygotowany podej\u015b\u0107 do egzaminu. Dzisiaj poszczeg\u00f3lne uprawnienia przyznaj\u0105 nast\u0119puj\u0105ce podmioty: Stowarzyszenie Elektryk\u00f3w Polskich, Polskie Stowarzyszenie Elektroinstalacyjne (PSE), Stowarzyszenie In\u017cynier\u00f3w Mechanik\u00f3w Polskich (SIMP), Stowarzyszenie In\u017cynier\u00f3w i Technik\u00f3w Przemys\u0142u Spo\u017cywczego (SITPS lub SITSpo\u017c), a tak\u017ce wiele innych. Egzaminy ko\u0144cowe mo\u017cna zdawa\u0107 na terenie ca\u0142ego kraju. Zach\u0119camy, zatem do skorzystania z naszej oferty. Na naszym szkoleniu SEP, PSE, SIMP, SITPS oraz innych kurs\u00f3w, zapewniamy: kurs G-1 dla elektroenergetyki, kurs G-2 dla ciep\u0142a, kurs G-3 dla gaz\u00f3w. Ka\u017cdy rodzaj szkolenia jest prowadzony z wykorzystaniem urozmaiconych urz\u0105dze\u0144. Dzisiaj Ministerstwo Energii zajmuje si\u0119 prowadzeniem wszelkich spraw w zakresie polityki energetycznej, a tak\u017ce rynku energii oraz wykorzystania poszczeg\u00f3lnych \u017ar\u00f3de\u0142 energii. Dodatkowo w tym zakresie funkcjonuje tak\u017ce UDT. W przypadku szkole\u0144\u00a0 SEP, PSE, SIMP, SITPS G-1 w zakresie elektroenergetyki, wykorzystywane s\u0105 urz\u0105dzenia pr\u0105dotw\u00f3rcze, sieci i instalacji elektroenergetyczne o napi\u0119ciu poni\u017cej i powy\u017cej 1kV. Zapewniamy tak\u017ce zespo\u0142y pr\u0105dotw\u00f3rcze z moc\u0105 powy\u017cej 50W, a tak\u017ce sieci elektryczne dotycz\u0105ce o\u015bwietlenia ulic, czy te\u017c urz\u0105dzenia, jakie wykorzystuje si\u0119 do elektrolizy, sprz\u0119t elektrotermiczny, a tak\u017ce urz\u0105dzenia przewciwwybuchowe, elektryczne sieci trakcyjne, a tak\u017ce nowoczesne urz\u0105dzenia pomiarowe i kontrolne, dlatego warto zapisa\u0107 si\u0119 na nasze szkolenia. Je\u015bli chodzi o szkolenia SEP, PSE, SIMP, SITPS G-2 w zakresie ciep\u0142a wykorzystywane s\u0105 urz\u0105dzenia zajmuj\u0105ce si\u0119 wytwarzaniem, przetwarzaniem, zu\u017cywaniem i przesy\u0142aniem ciep\u0142a. Mog\u0105 to by\u0107 chocia\u017cby kot\u0142y parowe i wodne, a tak\u017ce instalacje i sieci cieplne, \u0142\u0105cznie z urz\u0105dzeniami pomocniczymi, jakie maj\u0105 moc [&hellip;]<\/p>\n","protected":false},"author":1,"featured_media":0,"parent":1226,"menu_order":0,"comment_status":"closed","ping_status":"closed","template":"","meta":{"sfsi_plus_gutenberg_text_before_share":"","sfsi_plus_gutenberg_show_text_before_share":"","sfsi_plus_gutenberg_icon_type":"","sfsi_plus_gutenberg_icon_alignemt":"","sfsi_plus_gutenburg_max_per_row":"","footnotes":""},"class_list":["post-1585","page","type-page","status-publish","hentry","has_thumb"],"aioseo_notices":[],"_links":{"self":[{"href":"https:\/\/odk-ergon.pl\/de\/wp-json\/wp\/v2\/pages\/1585","targetHints":{"allow":["GET"]}}],"collection":[{"href":"https:\/\/odk-ergon.pl\/de\/wp-json\/wp\/v2\/pages"}],"about":[{"href":"https:\/\/odk-ergon.pl\/de\/wp-json\/wp\/v2\/types\/page"}],"author":[{"embeddable":true,"href":"https:\/\/odk-ergon.pl\/de\/wp-json\/wp\/v2\/users\/1"}],"replies":[{"embeddable":true,"href":"https:\/\/odk-ergon.pl\/de\/wp-json\/wp\/v2\/comments?post=1585"}],"version-history":[{"count":7,"href":"https:\/\/odk-ergon.pl\/de\/wp-json\/wp\/v2\/pages\/1585\/revisions"}],"predecessor-version":[{"id":2254,"href":"https:\/\/odk-ergon.pl\/de\/wp-json\/wp\/v2\/pages\/1585\/revisions\/2254"}],"up":[{"embeddable":true,"href":"https:\/\/odk-ergon.pl\/de\/wp-json\/wp\/v2\/pages\/1226"}],"wp:attachment":[{"href":"https:\/\/odk-ergon.pl\/de\/wp-json\/wp\/v2\/media?parent=1585"}],"curies":[{"name":"wp","href":"https:\/\/api.w.org\/{rel}","templated":true}]}}