{"id":1592,"date":"2016-11-19T20:16:21","date_gmt":"2016-11-19T20:16:21","guid":{"rendered":"http:\/\/odk-ergon.pl\/?page_id=1592"},"modified":"2022-06-15T15:25:16","modified_gmt":"2022-06-15T13:25:16","slug":"prufung-sep","status":"publish","type":"page","link":"https:\/\/odk-ergon.pl\/de\/baza-wiedzy\/egzamin-sep\/","title":{"rendered":"Pr\u00fcfung G1, G2, G3"},"content":{"rendered":"<p><a href=\"http:\/\/odk-ergon.pl\/wp-content\/uploads\/2016\/11\/test-986769_640.jpg\"><img loading=\"lazy\" decoding=\"async\" class=\"size-medium wp-image-1595 alignleft\" src=\"http:\/\/odk-ergon.pl\/wp-content\/uploads\/2016\/11\/test-986769_640-300x225.jpg\" alt=\"test-986769_640\" width=\"300\" height=\"225\" srcset=\"https:\/\/odk-ergon.pl\/wp-content\/uploads\/2016\/11\/test-986769_640-300x225.jpg 300w, https:\/\/odk-ergon.pl\/wp-content\/uploads\/2016\/11\/test-986769_640-624x468.jpg 624w, https:\/\/odk-ergon.pl\/wp-content\/uploads\/2016\/11\/test-986769_640.jpg 640w\" sizes=\"auto, (max-width: 300px) 100vw, 300px\" \/><\/a>Jede Person, die eine berufliche Qualifikation erwerben m\u00f6chte, muss eine Pr\u00fcfung bestehen, die heute zu den h\u00e4ufigsten Pr\u00fcfungen geh\u00f6rt, die von Fachleuten gew\u00e4hlt werden. Unser <a href=\"https:\/\/odk-ergon.pl\/de\/o-firmie\/\">ERGON Personalschulungszentrum<\/a> ist eine moderne Ausbildung, in die es sich in solchen Momenten wirklich lohnt, zu investieren. Wir bieten Kurse zur Vorbereitung auf Pr\u00fcfungen vor PSE-, SIMP-, SITPS-Aussch\u00fcssen und vielen anderen an, die vom ERO (Energy Regulatory Office) ernannt werden. Wir empfehlen Ihnen, unser Angebot zu nutzen und sich f\u00fcr eine geeignete Berufsausbildung anzumelden.<\/p>\n<p>Wissenswert ist, dass der ber\u00fchmte Verband Polnischer Elektroingenieure im 19.\/20. Jahrhundert gegr\u00fcndet wurde. Hier besteht die wichtigste Aufgabe darin, Wissen im Bereich Energie zu vermitteln und zu verbreiten. Wir besch\u00e4ftigen uns hier auch mit der Konformit\u00e4tsbewertung von elektrischen Niederspannungsprodukten. Der Polnische Elektroinstallationsverband wiederum besteht seit 2007 und wurde auf Initiative der gr\u00f6\u00dften Energieunternehmen Polens gegr\u00fcndet. Wir haben auch den Verband Polnischer Mechaniker und Techniker, der in den 1920er Jahren von Professor Henryk Mierzejewski gegr\u00fcndet wurde. Dar\u00fcber hinaus haben wir auch den Verband der Ingenieure und Techniker der Lebensmittelindustrie, der in den 1940er Jahren des vorigen Jahrhunderts gegr\u00fcndet wurde.<\/p>\n<p>Wir empfehlen Ihnen, sich f\u00fcr unsere Schulungskurse anzumelden, die Sie auf die SEP-, PSE-, SIMP- und SITPS-Pr\u00fcfungen vorbereiten. Es ist eine gro\u00dfartige Vorbereitung und praktisches Wissen, das sp\u00e4ter in Ihrer t\u00e4glichen Arbeit verwendet werden kann. Wir stellen auch Beispielfragen f\u00fcr bestimmte Gruppen zur Verf\u00fcgung: G-1, G-2, G-3.<\/p>\n<p>Heute kann sich jeder beruflich qualifizieren und sich in die entsprechenden PSE-, SIM-, SITPS- und SEP-Kurse einschreiben. Sie m\u00fcssen sich mit einem g\u00fcltigen Ausweis zur Pr\u00fcfung anmelden. Wir haben Komitees im ganzen Land, sodass Sie einen geeigneten Standort ausw\u00e4hlen k\u00f6nnen. F\u00fcr die SEP 1 kV-Pr\u00fcfung und viele andere, die von PSE, SIMP, SITPS durchgef\u00fchrt werden, m\u00fcssen Sie sich schriftlich anmelden. Alle Formalit\u00e4ten k\u00f6nnen \u00fcber unser Zentrum geregelt werden. Die Geb\u00fchr f\u00fcr die staatliche SEP-Pr\u00fcfung betr\u00e4gt derzeit 168 PLN und ist vor der Pr\u00fcfung zu entrichten. Wir empfehlen Ihnen, die Einzelheiten auf der Website der SEP und anderer Verb\u00e4nde zu lesen.<\/p>\n<p>Wir empfehlen Ihnen auch, sich \u00fcber Musterpr\u00fcfungsfragen zu informieren.<\/p>\n<p><em>Die Informationen auf der Website stellen kein Angebot dar. Sie wurden pr\u00e4sentiert, damit die Person, die die Ausbildung durchf\u00fchrt, die M\u00f6glichkeit kennt, Qualifikationen von Ausbildungseinrichtungen f\u00fcr Elektriker in ganz Polen zu erwerben.<\/em><\/p>","protected":false},"excerpt":{"rendered":"<p>Ka\u017cda osoba, jaka chce uzyska\u0107 uprawnienia zawodowe, musi zda\u0107 egzamin, kt\u00f3ry jest dzisiaj jednym z najcz\u0119stszych, na jakie decyduj\u0105 si\u0119 specjali\u015bci. Nasz O\u015brodek Doskonalenia Kadr ERGON to nowoczesne szkolenia, na jakie rzeczywi\u015bcie warto postawi\u0107 w takim momencie. Zapewniamy kursy, jakie przygotowuj\u0105 do egzamin\u00f3w przed komisjami PSE, SIMP, SITPS oraz wieloma innymi, jakie s\u0105 mianowane przez URE (Urz\u0105d Regulacji Energetyki). Zach\u0119camy do skorzystania z naszej oferty i zapisania si\u0119 na dogodne dla siebie szkolenia zawodowe. Warto wiedzie\u0107, \u017ce s\u0142ynne Stowarzyszenie Elektryk\u00f3w Polskich powsta\u0142o w XIX\/XX wieku. Tutaj najwa\u017cniejsz\u0105 misj\u0105 jest edukacja oraz popularyzowanie wiedzy w zakresie energetyki. Mamy tutaj do czynienia tak\u017ce z ocen\u0105 zgodno\u015bci wyrob\u00f3w elektrycznych niskiego napi\u0119cia. Polskie Stowarzyszenie Elektroinstalacyjne dzia\u0142a z kolei od 2007 roku, a powsta\u0142o z inicjatywy najwi\u0119kszych firm energetycznych w Polsce. Mamy tak\u017ce Stowarzyszenie In\u017cynier\u00f3w i technik\u00f3w Mechanik\u00f3w Polskich, kt\u00f3re zosta\u0142o za\u0142o\u017cone w latach dwudziestych ubieg\u0142ego wieku przez profesora Henryka Mierzejewskiego. Dodatkowo mamy jeszcze Stowarzyszenie In\u017cynier\u00f3w i Technik\u00f3w Przemys\u0142u Spo\u017cywczego, kt\u00f3re powsta\u0142o w latach czterdziestych w poprzednim stuleciu. Zach\u0119camy do zapisywania si\u0119 na nasze szkolenia, jakie przygotowuj\u0105 do egzamin\u00f3w SEP, PSE, SIMP oraz SITPS. To \u015bwietne przygotowanie i wiedza praktyczna, jak\u0105 p\u00f3\u017aniej mo\u017cna wykorzysta\u0107 w swojej codziennej pracy. Zapewniamy tak\u017ce przyk\u0142adowe pytania do konkretnych grup: G-1, G-2, G-3. Dzisiaj ka\u017cdy mo\u017ce zyska\u0107 kwalifikacje zawodowe i zapisa\u0107 si\u0119 na odpowiednie kursy PSE, SIM, SITPS, oraz SEP. Na egzamin nale\u017cy zg\u0142osi\u0107 si\u0119 z wa\u017cnym dowodem to\u017csamo\u015bci. Mamy komisje na terenie ca\u0142ego kraju, wi\u0119c mo\u017cna wybra\u0107 dogodn\u0105 lokalizacj\u0119. Je\u015bli chodzi o egzamin SEP 1 kV oraz wiele innych prowadzonych przez PSE, SIMP, SITPS, [&hellip;]<\/p>\n","protected":false},"author":1,"featured_media":0,"parent":1226,"menu_order":0,"comment_status":"closed","ping_status":"closed","template":"","meta":{"sfsi_plus_gutenberg_text_before_share":"","sfsi_plus_gutenberg_show_text_before_share":"","sfsi_plus_gutenberg_icon_type":"","sfsi_plus_gutenberg_icon_alignemt":"","sfsi_plus_gutenburg_max_per_row":"","footnotes":""},"class_list":["post-1592","page","type-page","status-publish","hentry","has_thumb"],"aioseo_notices":[],"_links":{"self":[{"href":"https:\/\/odk-ergon.pl\/de\/wp-json\/wp\/v2\/pages\/1592","targetHints":{"allow":["GET"]}}],"collection":[{"href":"https:\/\/odk-ergon.pl\/de\/wp-json\/wp\/v2\/pages"}],"about":[{"href":"https:\/\/odk-ergon.pl\/de\/wp-json\/wp\/v2\/types\/page"}],"author":[{"embeddable":true,"href":"https:\/\/odk-ergon.pl\/de\/wp-json\/wp\/v2\/users\/1"}],"replies":[{"embeddable":true,"href":"https:\/\/odk-ergon.pl\/de\/wp-json\/wp\/v2\/comments?post=1592"}],"version-history":[{"count":6,"href":"https:\/\/odk-ergon.pl\/de\/wp-json\/wp\/v2\/pages\/1592\/revisions"}],"predecessor-version":[{"id":2245,"href":"https:\/\/odk-ergon.pl\/de\/wp-json\/wp\/v2\/pages\/1592\/revisions\/2245"}],"up":[{"embeddable":true,"href":"https:\/\/odk-ergon.pl\/de\/wp-json\/wp\/v2\/pages\/1226"}],"wp:attachment":[{"href":"https:\/\/odk-ergon.pl\/de\/wp-json\/wp\/v2\/media?parent=1592"}],"curies":[{"name":"wp","href":"https:\/\/api.w.org\/{rel}","templated":true}]}}