{"id":1614,"date":"2017-12-04T15:37:28","date_gmt":"2017-12-04T15:37:28","guid":{"rendered":"http:\/\/odk-ergon.pl\/?page_id=1614"},"modified":"2025-05-22T22:21:46","modified_gmt":"2025-05-22T20:21:46","slug":"bergsteigerschein","status":"publish","type":"page","link":"https:\/\/odk-ergon.pl\/de\/szkolenia\/uprawnienia-alpinistyczne\/","title":{"rendered":"Bergsteigen (H\u00f6he) Qualifikationen"},"content":{"rendered":"<div style=\"float: left; padding-right: 10px;\"><div id=\"metaslider-id-636\" style=\"max-width: 200px;\" class=\"ml-slider-3-108-0 metaslider metaslider-flex metaslider-636 ml-slider ms-theme-default nav-hidden\" role=\"region\" aria-label=\"\u00fcber-unternehmen-verkauf\" data-height=\"150\" data-width=\"200\">\n    <div id=\"metaslider_container_636\">\n        <div id=\"metaslider_636\" class=\"flexslider\">\n            <ul class='slides'>\n                <li style=\"display: block; width: 100%;\" class=\"slide-651 ms-image\" aria-roledescription=\"slide\" data-date=\"2014-04-13 12:21:19\" data-filename=\"01-sale-szkoleniowe1.jpeg\" data-slide-type=\"image\"><img loading=\"lazy\" decoding=\"async\" src=\"https:\/\/odk-ergon.pl\/wp-content\/uploads\/2014\/04\/01-sale-szkoleniowe1.jpeg\" height=\"150\" width=\"200\" alt=\"\" class=\"slider-636 slide-651 msDefaultImage\" \/><\/li>\n                <li style=\"display: none; width: 100%;\" class=\"slide-652 ms-image\" aria-roledescription=\"slide\" data-date=\"2014-04-13 12:21:19\" data-filename=\"02-sala-szkoleniowa1.jpeg\" data-slide-type=\"image\"><img loading=\"lazy\" decoding=\"async\" src=\"https:\/\/odk-ergon.pl\/wp-content\/uploads\/2014\/04\/02-sala-szkoleniowa1.jpeg\" height=\"150\" width=\"200\" alt=\"\" class=\"slider-636 slide-652 msDefaultImage\" \/><\/li>\n                <li style=\"display: none; width: 100%;\" class=\"slide-653 ms-image\" aria-roledescription=\"slide\" data-date=\"2014-04-13 12:21:21\" data-filename=\"03-sala-szkolenia-udt1.jpeg\" data-slide-type=\"image\"><img loading=\"lazy\" decoding=\"async\" src=\"https:\/\/odk-ergon.pl\/wp-content\/uploads\/2014\/04\/03-sala-szkolenia-udt1.jpeg\" height=\"150\" width=\"200\" alt=\"\" class=\"slider-636 slide-653 msDefaultImage\" \/><\/li>\n            <\/ul>\n        <\/div>\n        \n    <\/div>\n<\/div><\/div>\n<div class=\"wyjustuj\">\n<p><strong>ERGON Personalschulungszentrum - UDT-, G1-, G2-, G3- und H\u00f6henschulungen <\/strong>Im ERGON-Personalentwicklungszentrum bieten wir professionelle Ausbildungsdienstleistungen an. Wir sind eine nicht-\u00f6ffentliche Bildungseinrichtung mit 15 Jahren Erfahrung. Wir bieten G1-, G2- und G3-Schulungen, UDT-Schulungen, OHS- und PPO\u017b-Schulungen, Erste-Hilfe-Kurse sowie H\u00f6henkurse an. Dar\u00fcber hinaus bieten wir Dienstleistungen in den Bereichen Gesundheit und Sicherheit am Arbeitsplatz sowie Brandschutz an. Wir bieten Service auf h\u00f6chstem Niveau!<\/p>\n<p>Alle in unserem Angebot verf\u00fcgbaren Kurse erf\u00fcllen die aktuellen Anforderungen der UDT und anderer Branchenorganisationen wie (SEP, PSE, SIMP, SITPS). Sie werden auf Basis unserer firmeneigenen Programme von erfahrenen und qualifizierten Instruktoren mit modernen Methoden durchgef\u00fchrt. Dank dessen hat unser Zentrum einen so hohen Prozentsatz an bestandenen Pr\u00fcfungen.<\/p>\n<div class=\"filmw\">\n<div class=\"responsive-youtube\" style=\"text-align: center;\"><iframe loading=\"lazy\" title=\"YouTube-Video-Player\" src=\"https:\/\/www.youtube.com\/embed\/esNZek7JXgI\" width=\"560\" height=\"315\" frameborder=\"0\" allowfullscreen=\"allowfullscreen\"><\/iframe><\/div>\n<\/div>\n<p><strong>Warum ERGON Personalschulungszentrum? <\/strong><\/p>\n<ul>\n<li>Unser Angebot umfasst ein breites Spektrum an Kursen<\/li>\n<li>wir trainieren schnell und effektiv<\/li>\n<li>Wir bieten erschwingliche Preise und Rabatte<\/li>\n<li>Wir f\u00fchren offene und geschlossene Klassen durch<\/li>\n<li>Wir haben professionelles Personal und moderne Einrichtungen<\/li>\n<li>Wir sind im ganzen Land t\u00e4tig<\/li>\n<li>Wir werden von nicht weniger als 98%-Studenten empfohlen<\/li>\n<\/ul>\n<p><a href=\"https:\/\/odk-ergon.pl\/wp-content\/uploads\/2022\/10\/123.jpeg\"><img loading=\"lazy\" decoding=\"async\" class=\"aligncenter wp-image-2515\" src=\"https:\/\/odk-ergon.pl\/wp-content\/uploads\/2022\/10\/123-300x200.jpeg\" alt=\"\" width=\"750\" height=\"500\" srcset=\"https:\/\/odk-ergon.pl\/wp-content\/uploads\/2022\/10\/123-300x200.jpeg 300w, https:\/\/odk-ergon.pl\/wp-content\/uploads\/2022\/10\/123-1024x683.jpeg 1024w, https:\/\/odk-ergon.pl\/wp-content\/uploads\/2022\/10\/123-768x512.jpeg 768w, https:\/\/odk-ergon.pl\/wp-content\/uploads\/2022\/10\/123-1536x1024.jpeg 1536w, https:\/\/odk-ergon.pl\/wp-content\/uploads\/2022\/10\/123-18x12.jpeg 18w, https:\/\/odk-ergon.pl\/wp-content\/uploads\/2022\/10\/123-624x416.jpeg 624w, https:\/\/odk-ergon.pl\/wp-content\/uploads\/2022\/10\/123.jpeg 1600w\" sizes=\"auto, (max-width: 750px) 100vw, 750px\" \/><\/a><\/p>\n<p>Der Sitz des ERGON Personalschulungszentrums befindet sich in der Stadt Warschau, aber wir sind auch an anderen Orten verf\u00fcgbar. Wir f\u00fchren Kurse in regionalen Niederlassungen in den St\u00e4dten Bia\u0142ystok, Bielsko-Bia\u0142a, Bydgoszcz, Gda\u0144sk, Gdynia, Katowice, Krak\u00f3w, Lublin, \u0141\u00f3d\u017a, Pozna\u0144, Szczecin, Wroc\u0142aw durch.<\/p>\n<p>Aktuelle Informationen zu unseren Schulungen finden Sie auf unserer Website und telefonisch. Bei geschlossenen Schulungen k\u00f6nnen unsere Mitarbeiter diese an einem zuvor vereinbarten Ort und Zeitpunkt durchf\u00fchren.<\/p>\n<p>ERGON Kadr Training Center ist eine Einrichtung, die unter der Nummer 699 \/ K \/ 95r im Register der Schulen und nicht \u00f6ffentlichen Einrichtungen der Stadt Warschau eingetragen ist.<\/p>\n<p>Bei weiteren Fragen wenden Sie sich bitte an unsere Spezialisten.<\/p>\n<p>Wir empfehlen Ihnen, sich mit den auf unserer Website vorgestellten Schulungen vertraut zu machen, und wir laden Sie ein, unsere Dienstleistungen zu nutzen!<\/p>\n<\/div>","protected":false},"excerpt":{"rendered":"<p>O\u015brodek Doskonalenia Kadr ERGON \u2013 szkolenia UDT, G1, G2, G3, wysoko\u015bciowe W O\u015brodku Doskonalenia Kadr ERGON oferujemy profesjonalne us\u0142ugi szkoleniowe. Jeste\u015bmy niepubliczn\u0105 plac\u00f3wk\u0105 o\u015bwiatow\u0105 posiadaj\u0105c\u0105 15-letnie do\u015bwiadczenie. Prowadzimy szkolenia G1, G2, G3, szkolenia UDT, szkolenia BHP i PPO\u017b, kursy pierwszej pomocy, a tak\u017ce kursy wysoko\u015bciowe. Ponadto \u015bwiadczymy us\u0142ugi BHP i PPO\u017b. Zapewniamy obs\u0142ug\u0119 na najwy\u017cszym poziomie! Wszystkie dost\u0119pne w naszej ofercie kursy odpowiadaj\u0105 aktualnym wymogom UDT i innych organizacji bran\u017cowych, takich jak (SEP, PSE, SIMP, SITPS). Prowadzone s\u0105 na bazie naszych autorskich program\u00f3w przez do\u015bwiadczonych i wykwalifikowanych instruktor\u00f3w z u\u017cyciem nowoczesnych metod. Dzi\u0119ki temu nasz O\u015brodek ma tak wysoki procent zdawalno\u015bci egzamin\u00f3w. Dlaczego O\u015brodek Doskonalenia Kadr ERGON? w naszej ofercie znajduje si\u0119 szeroka gama kurs\u00f3w szkolimy szybko i skutecznie zapewniamy przyst\u0119pne ceny i rabaty prowadzimy zaj\u0119cia otwarte i zamkni\u0119te mamy profesjonaln\u0105 kadr\u0119 i nowoczesne zaplecze dzia\u0142amy w ca\u0142ym kraju poleca nas a\u017c 98% kursant\u00f3w Siedziba O\u015brodka Doskonalenia Kadr ERGON znajduje si\u0119 w mie\u015bcie Warszawa, ale jeste\u015bmy dost\u0119pni te\u017c w innych miejscowo\u015bciach. Prowadzimy kursy w oddzia\u0142ach regionalnych w miastach Bia\u0142ystok, Bielsko-Bia\u0142a, Bydgoszcz, Gda\u0144sk, Gdynia, Katowice, Krak\u00f3w, Lublin, \u0141\u00f3d\u017a, Pozna\u0144, Szczecin, Wroc\u0142aw. Bie\u017c\u0105ce informacje dotycz\u0105ce prowadzonych przez nas szkole\u0144 zaprezentowane s\u0105 na naszej stronie internetowej i dost\u0119pne s\u0105 telefonicznie. W przypadku szkole\u0144 w formie zamkni\u0119tej nasi pracownicy mog\u0105 przeprowadzi\u0107 je we wcze\u015bniej uzgodnionym miejscu i czasie. O\u015brodek Doskonalenia Kadr ERGON jest podmiotem zarejestrowanym pod numerem 699\/K\/95r w ewidencji szk\u00f3\u0142 i plac\u00f3wek niepublicznych miasta Warszawa. W razie dodatkowych pyta\u0144 zach\u0119camy do kontaktu z naszymi specjalistami. Zach\u0119camy do bli\u017cszego zapoznania si\u0119 ze szkoleniami zaprezentowanymi na naszej stronie internetowej i [&hellip;]<\/p>\n","protected":false},"author":1,"featured_media":2515,"parent":65,"menu_order":0,"comment_status":"closed","ping_status":"closed","template":"","meta":{"sfsi_plus_gutenberg_text_before_share":"","sfsi_plus_gutenberg_show_text_before_share":"","sfsi_plus_gutenberg_icon_type":"","sfsi_plus_gutenberg_icon_alignemt":"","sfsi_plus_gutenburg_max_per_row":"","footnotes":""},"class_list":["post-1614","page","type-page","status-publish","has-post-thumbnail","hentry","has_thumb"],"aioseo_notices":[],"_links":{"self":[{"href":"https:\/\/odk-ergon.pl\/de\/wp-json\/wp\/v2\/pages\/1614","targetHints":{"allow":["GET"]}}],"collection":[{"href":"https:\/\/odk-ergon.pl\/de\/wp-json\/wp\/v2\/pages"}],"about":[{"href":"https:\/\/odk-ergon.pl\/de\/wp-json\/wp\/v2\/types\/page"}],"author":[{"embeddable":true,"href":"https:\/\/odk-ergon.pl\/de\/wp-json\/wp\/v2\/users\/1"}],"replies":[{"embeddable":true,"href":"https:\/\/odk-ergon.pl\/de\/wp-json\/wp\/v2\/comments?post=1614"}],"version-history":[{"count":8,"href":"https:\/\/odk-ergon.pl\/de\/wp-json\/wp\/v2\/pages\/1614\/revisions"}],"predecessor-version":[{"id":3654,"href":"https:\/\/odk-ergon.pl\/de\/wp-json\/wp\/v2\/pages\/1614\/revisions\/3654"}],"up":[{"embeddable":true,"href":"https:\/\/odk-ergon.pl\/de\/wp-json\/wp\/v2\/pages\/65"}],"wp:featuredmedia":[{"embeddable":true,"href":"https:\/\/odk-ergon.pl\/de\/wp-json\/wp\/v2\/media\/2515"}],"wp:attachment":[{"href":"https:\/\/odk-ergon.pl\/de\/wp-json\/wp\/v2\/media?parent=1614"}],"curies":[{"name":"wp","href":"https:\/\/api.w.org\/{rel}","templated":true}]}}