{"id":1622,"date":"2017-12-04T15:46:21","date_gmt":"2017-12-04T15:46:21","guid":{"rendered":"http:\/\/odk-ergon.pl\/?page_id=1622"},"modified":"2022-11-24T12:35:20","modified_gmt":"2022-11-24T11:35:20","slug":"berechtigungen","status":"publish","type":"page","link":"https:\/\/odk-ergon.pl\/de\/szkolenia\/szkolenia-na-suwnice\/uprawnienia\/","title":{"rendered":"UDT-Qualifikationen f\u00fcr Br\u00fcckenkrane"},"content":{"rendered":"<div style=\"float: left; margin-right: 5px; margin-bottom: 10px; text-align: justify;\"><div id=\"metaslider-id-1635\" style=\"max-width: 200px;\" class=\"ml-slider-3-108-0 metaslider metaslider-flex metaslider-1635 ml-slider ms-theme-default nav-hidden\" role=\"region\" aria-label=\"Kran\" data-height=\"150\" data-width=\"200\">\n    <div id=\"metaslider_container_1635\">\n        <div id=\"metaslider_1635\" class=\"flexslider\">\n            <ul class='slides'>\n                <li style=\"display: block; width: 100%;\" class=\"slide-1637 ms-image\" aria-roledescription=\"slide\" data-date=\"2017-12-05 13:02:19\" data-filename=\"133849-200x150.jpeg\" data-slide-type=\"image\"><img loading=\"lazy\" decoding=\"async\" src=\"https:\/\/odk-ergon.pl\/wp-content\/uploads\/2017\/12\/133849-200x150.jpeg\" height=\"150\" width=\"200\" alt=\"\" class=\"slider-1635 slide-1637 msDefaultImage\" \/><\/li>\n            <\/ul>\n        <\/div>\n        \n    <\/div>\n<\/div><\/div>\n<p><strong>Genehmigungen f\u00fcr Laufkr\u00e4ne <\/strong><\/p>\n<p>Die Verwendung von Laufkranen ohne vorherige Genehmigung ist verboten und kann zu schweren Unf\u00e4llen f\u00fchren, bei denen die Gesundheit und das Leben des Laufkrans und anderer Personen gef\u00e4hrdet sind.<\/p>\n<p>Die Gantry-Qualifikation k\u00f6nnen Sie nach Anmeldung zum Gantry-Lehrgang und bestandener Pr\u00fcfung vor dem T\u00dcV-Ausschuss erwerben. Der T\u00dcV unterscheidet zwei Kategorien von Br\u00fcckenlizenzen.<\/p>\n<div class=\"filmw\">\n<div class=\"responsive-youtube\" style=\"text-align: center;\"><iframe loading=\"lazy\" title=\"YouTube-Video-Player\" src=\"https:\/\/www.youtube.com\/embed\/sfP7oV2iCs4\" width=\"560\" height=\"315\" frameborder=\"0\" allowfullscreen=\"allowfullscreen\"><\/iframe><\/div>\n<\/div>\n<p><strong>Kategorien von UDT-Lizenzen f\u00fcr Krane: <\/strong><\/p>\n<ul>\n<li><a href=\"https:\/\/odk-ergon.pl\/de\/szkolenia\/szkolenia-na-suwnice\/\">IIS.<\/a> - Kr\u00e4ne, Hebezeuge und Winden, die von der Arbeitsebene aus betrieben werden, und station\u00e4re Werkstattkr\u00e4ne<\/li>\n<li>IS - Kr\u00e4ne, Hebezeuge und Winden, die von der Arbeitsebene oder von der Kabine aus betrieben werden, und station\u00e4re Werkstattkr\u00e4ne<\/li>\n<\/ul>\n<p>Die IS-Kategorie ist h\u00f6her als die Kategorie II S. Sie unterscheiden sich in der Art der Bedienung der Ger\u00e4te \u2013 bei der IS-Kategorie ist es auch m\u00f6glich, die Ger\u00e4te von der Kabine aus zu bedienen. Personen, die UDT-Lizenzen f\u00fcr Laufkrane erworben haben, erhalten auch Lizenzen zum Bedienen von Hebezeugen, Winden und station\u00e4ren Werkstattkranen.<\/p>\n<p><a href=\"https:\/\/odk-ergon.pl\/wp-content\/uploads\/2022\/10\/4.jpeg\"><img loading=\"lazy\" decoding=\"async\" class=\"aligncenter wp-image-2533\" src=\"https:\/\/odk-ergon.pl\/wp-content\/uploads\/2022\/10\/4-300x225.jpeg\" alt=\"\" width=\"750\" height=\"563\" srcset=\"https:\/\/odk-ergon.pl\/wp-content\/uploads\/2022\/10\/4-300x225.jpeg 300w, https:\/\/odk-ergon.pl\/wp-content\/uploads\/2022\/10\/4-1024x768.jpeg 1024w, https:\/\/odk-ergon.pl\/wp-content\/uploads\/2022\/10\/4-768x576.jpeg 768w, https:\/\/odk-ergon.pl\/wp-content\/uploads\/2022\/10\/4-1536x1152.jpeg 1536w, https:\/\/odk-ergon.pl\/wp-content\/uploads\/2022\/10\/4-16x12.jpeg 16w, https:\/\/odk-ergon.pl\/wp-content\/uploads\/2022\/10\/4-640x480.jpeg 640w, https:\/\/odk-ergon.pl\/wp-content\/uploads\/2022\/10\/4-624x468.jpeg 624w, https:\/\/odk-ergon.pl\/wp-content\/uploads\/2022\/10\/4.jpeg 1600w\" sizes=\"auto, (max-width: 750px) 100vw, 750px\" \/><\/a><\/p>\n<p>UDT-Lizenzen f\u00fcr Laufkrane sind unbefristet. Daher muss eine Person, die Kranlizenzen erhalten hat, diese nicht erneuern, sie gelten sowohl in Polen als auch in anderen L\u00e4ndern.<\/p>\n<p>Bei Interesse melden Sie sich bitte zum Krankurs an \u2013 Preise, Termine und Orte finden Sie auf unserer Website. Seit Jahren organisieren wir UDT-Schulungen sowie andere Schulungen, darunter G1, G2, G3, OHS, <a href=\"https:\/\/odk-ergon.pl\/de\/szkolenia\/szkolenie-ppoz-przeciwpozarowe\/\">Feuer<\/a>. Wir sind in der Stadt Warschau und anderen St\u00e4dten in Polen t\u00e4tig. F\u00fcr weitere Fragen stehen wir Ihnen gerne zur Verf\u00fcgung.<\/p>\n<div class=\"button_styl\" style=\"float: right; padding-left: 15px; padding-bottom: 8px; margin-bottom: 5px;\"><a class=\"myButton myButton_maly\" href=\"https:\/\/platformaedukacji.pl\/login\/signup.php\" target=\"_blank\" rel=\"nofollow noopener\"><span style=\"color: white;\">Melden Sie sich zum Training an<\/span><\/a><\/div>\n<div style=\"padding-top: 70px;\">\n<h2>Mehr Informationen:<\/h2>\n<div style=\"text-align: center; font-size: 85%; line-height: 120%;\">\n<div style=\"float: left; margin-right: 40px; height: 290px;\">\n<p><a href=\"\/de\/ausbildung\/ausbildung-am-kran\/aktion-verboten\/\"><img decoding=\"async\" style=\"width: 300px; height: 225px;\" src=\"\/wp-content\/uploads\/2017\/12\/zabronione_m.jpg\" alt=\"\" \/><\/a><\/p>\n<div style=\"width: 300px; font-size: 130%;\"><strong><a href=\"https:\/\/odk-ergon.pl\/de\/szkolenia\/szkolenia-na-suwnice\/czynnosci-zabronione\/\">Verbotene Aktivit\u00e4ten<\/a><\/strong><\/div>\n<p>&nbsp;<\/p>\n<\/div>\n<div style=\"float: left; margin-right: 40px; height: 290px;\">\n<p><a href=\"\/de\/ausbildung\/ausbildung-am-kran\/kranfuhrer\/\"><img decoding=\"async\" style=\"width: 300px; height: 225px;\" src=\"\/wp-content\/uploads\/2017\/12\/Foto-suwnice-200x150.jpg\" alt=\"\" \/><\/a><\/p>\n<div style=\"width: 300px; font-size: 130%;\"><strong>Kranf\u00fchrer<\/strong><\/div>\n<p>&nbsp;<\/p>\n<\/div>\n<\/div>\n<div style=\"clear: both;\"><\/div>\n<div style=\"text-align: center; font-size: 85%; line-height: 120%;\">\n<div style=\"float: left; margin-right: 40px; height: 290px;\">\n<p><a href=\"\/de\/ausbildung\/ausbildung-am-kran\/grundlegende-kranstrukturen\/\"><img decoding=\"async\" style=\"width: 300px; height: 225px;\" src=\"\/wp-content\/uploads\/2017\/12\/220_Suwnica_bramowa_jaworzno-1-200x150.jpg\" alt=\"\" \/><\/a><\/p>\n<div style=\"width: 300px; font-size: 130%;\"><strong><a href=\"https:\/\/odk-ergon.pl\/de\/szkolenia\/szkolenia-na-suwnice\/podstawowe-konstrukcje-suwnic\/\">Grundlegende Kranstrukturen<\/a><\/strong><\/div>\n<p>&nbsp;<\/p>\n<\/div>\n<div style=\"float: left; margin-right: 40px; height: 290px;\">\n<p><a href=\"\/de\/ausbildung\/ausbildung-am-kran\/vorschriften\/\"><img decoding=\"async\" style=\"width: 300px; height: 225px;\" src=\"\/wp-content\/uploads\/2017\/12\/12-0-200x150.jpg\" alt=\"\" \/><\/a><\/p>\n<div style=\"width: 300px; font-size: 130%;\"><strong>Bestimmungen im Zusammenhang mit <a href=\"https:\/\/odk-ergon.pl\/de\/szkolenia\/szkolenia-na-suwnice\/przepisy\/\">Einsatz von Laufkr\u00e4nen<\/a><\/strong><\/div>\n<p>&nbsp;<\/p>\n<\/div>\n<\/div>\n<div style=\"text-align: center; font-size: 85%; line-height: 120%;\">\n<div style=\"float: left; margin-right: 40px; height: 290px;\">\n<p><a href=\"\/de\/ausbildung\/ausbildung-am-kran\/\"><img decoding=\"async\" style=\"width: 300px; height: 225px;\" src=\"\/wp-content\/uploads\/2014\/04\/suwnice.jpeg\" alt=\"\" \/><\/a><\/p>\n<div style=\"width: 300px; font-size: 130%;\"><strong>UDT-Qualifikationen f\u00fcr Br\u00fcckenkrane<\/strong><\/div>\n<p>&nbsp;<\/p>\n<\/div>\n<\/div>\n<div style=\"text-align: center; font-size: 85%; line-height: 120%;\">\n<div style=\"float: left; margin-right: 40px; height: 290px;\">\n<p><a href=\"\/de\/ausbildung\/ausbildung-am-kran\/berechtigungen\/\"><img decoding=\"async\" style=\"width: 300px; height: 225px;\" src=\"\/wp-content\/uploads\/2017\/10\/welder-working-at-height2-200x150.jpg\" alt=\"\" \/><\/a><\/p>\n<div style=\"width: 300px; font-size: 130%;\"><strong>Lehrgang f\u00fcr Br\u00fcckenkrane<\/strong><\/div>\n<\/div>\n<\/div>\n<\/div>\n<p><a href=\"https:\/\/odk-ergon.pl\/wp-content\/uploads\/2022\/11\/32-suwnice-odk-ergon.pl_.png\"><img loading=\"lazy\" decoding=\"async\" class=\"aligncenter wp-image-2548\" src=\"https:\/\/odk-ergon.pl\/wp-content\/uploads\/2022\/11\/32-suwnice-odk-ergon.pl_-300x175.png\" alt=\"\" width=\"750\" height=\"438\" srcset=\"https:\/\/odk-ergon.pl\/wp-content\/uploads\/2022\/11\/32-suwnice-odk-ergon.pl_-300x175.png 300w, https:\/\/odk-ergon.pl\/wp-content\/uploads\/2022\/11\/32-suwnice-odk-ergon.pl_-1024x597.png 1024w, https:\/\/odk-ergon.pl\/wp-content\/uploads\/2022\/11\/32-suwnice-odk-ergon.pl_-768x448.png 768w, https:\/\/odk-ergon.pl\/wp-content\/uploads\/2022\/11\/32-suwnice-odk-ergon.pl_-18x12.png 18w, https:\/\/odk-ergon.pl\/wp-content\/uploads\/2022\/11\/32-suwnice-odk-ergon.pl_-624x364.png 624w, https:\/\/odk-ergon.pl\/wp-content\/uploads\/2022\/11\/32-suwnice-odk-ergon.pl_.png 1200w\" sizes=\"auto, (max-width: 750px) 100vw, 750px\" \/><\/a><\/p>","protected":false},"excerpt":{"rendered":"<p>Qualifikationen f\u00fcr Br\u00fcckenkrane Die Verwendung von Br\u00fcckenkranen ohne vorherige Genehmigung ist verboten und kann zu schweren Unf\u00e4llen f\u00fchren, bei denen die Gesundheit und das Leben des Br\u00fcckenkrans und umstehender Personen gef\u00e4hrdet sind. Die Gantry-Qualifikation k\u00f6nnen Sie nach Anmeldung zum Gantry-Lehrgang und bestandener Pr\u00fcfung vor der T\u00dcV-Kommission erwerben. Der T\u00dcV unterscheidet zwei Kategorien von Br\u00fcckenlizenzen. Kategorien von UDT-Lizenzen f\u00fcr Krane: II S - Krane, Hebezeuge und Winden, die von der Arbeitsebene aus betrieben werden, und station\u00e4re Werkstattkrane IS - Krane, Hebezeuge und Winden, die von der Arbeitsebene oder von der Kabine aus betrieben werden, und station\u00e4re Werkstattkrane Die IS-Kategorie ist h\u00f6her als die Kategorie II S. die Art der Bedienung der Ger\u00e4te - bei der Kategorie IS ist es auch m\u00f6glich, die Ger\u00e4te von der Kabine aus zu bedienen. Personen, die UDT-Lizenzen f\u00fcr Br\u00fcckenkrane erworben haben, erhalten auch Lizenzen zum Bedienen von Hebezeugen, Winden und station\u00e4ren Werkstattkranen. UDT-Lizenzen f\u00fcr Laufkrane sind unbefristet. Daher muss eine Person, die die Kranlizenz erhalten hat, diese nicht erneuern, sie gilt sowohl in Polen als auch in anderen L\u00e4ndern. Bei Interesse melden Sie sich bitte zum Krankurs an \u2013 Preise, Termine und Orte finden Sie auf unserer Website. Seit Jahren organisieren wir UDT-Schulungen sowie andere Schulungen, darunter G1, G2, G3, OHS, Brandschutz. Wir sind in der Stadt Warschau und anderen St\u00e4dten in Polen t\u00e4tig. F\u00fcr weitere Fragen stehen wir Ihnen gerne zur Verf\u00fcgung. Melden Sie sich f\u00fcr die Schulung an Weitere Informationen: Verbotene T\u00e4tigkeiten Kranf\u00fchrer Grundlegende Krankonstruktionen Vorschriften f\u00fcr die Verwendung von Laufkranen UDT-Lizenzen f\u00fcr Laufkrane Lehrgang f\u00fcr Laufkrane<\/p>","protected":false},"author":1,"featured_media":2533,"parent":1616,"menu_order":0,"comment_status":"closed","ping_status":"closed","template":"","meta":{"sfsi_plus_gutenberg_text_before_share":"","sfsi_plus_gutenberg_show_text_before_share":"","sfsi_plus_gutenberg_icon_type":"","sfsi_plus_gutenberg_icon_alignemt":"","sfsi_plus_gutenburg_max_per_row":"","footnotes":""},"class_list":["post-1622","page","type-page","status-publish","has-post-thumbnail","hentry","has_thumb"],"aioseo_notices":[],"_links":{"self":[{"href":"https:\/\/odk-ergon.pl\/de\/wp-json\/wp\/v2\/pages\/1622","targetHints":{"allow":["GET"]}}],"collection":[{"href":"https:\/\/odk-ergon.pl\/de\/wp-json\/wp\/v2\/pages"}],"about":[{"href":"https:\/\/odk-ergon.pl\/de\/wp-json\/wp\/v2\/types\/page"}],"author":[{"embeddable":true,"href":"https:\/\/odk-ergon.pl\/de\/wp-json\/wp\/v2\/users\/1"}],"replies":[{"embeddable":true,"href":"https:\/\/odk-ergon.pl\/de\/wp-json\/wp\/v2\/comments?post=1622"}],"version-history":[{"count":11,"href":"https:\/\/odk-ergon.pl\/de\/wp-json\/wp\/v2\/pages\/1622\/revisions"}],"predecessor-version":[{"id":2549,"href":"https:\/\/odk-ergon.pl\/de\/wp-json\/wp\/v2\/pages\/1622\/revisions\/2549"}],"up":[{"embeddable":true,"href":"https:\/\/odk-ergon.pl\/de\/wp-json\/wp\/v2\/pages\/1616"}],"wp:featuredmedia":[{"embeddable":true,"href":"https:\/\/odk-ergon.pl\/de\/wp-json\/wp\/v2\/media\/2533"}],"wp:attachment":[{"href":"https:\/\/odk-ergon.pl\/de\/wp-json\/wp\/v2\/media?parent=1622"}],"curies":[{"name":"wp","href":"https:\/\/api.w.org\/{rel}","templated":true}]}}