{"id":1921,"date":"2021-09-26T22:52:42","date_gmt":"2021-09-26T21:52:42","guid":{"rendered":"https:\/\/odk-ergon.pl\/?page_id=1921"},"modified":"2022-11-24T13:41:57","modified_gmt":"2022-11-24T12:41:57","slug":"betreiber-mobile-plattformen","status":"publish","type":"page","link":"https:\/\/odk-ergon.pl\/de\/szkolenia\/uprawnienia-udt-tdt\/operator-podestow-ruchomych\/","title":{"rendered":"Kurs \u00fcber den Betrieb und die Wartung von mobilen Plattformen"},"content":{"rendered":"<p><a href=\"https:\/\/odk-ergon.pl\/wp-content\/uploads\/2021\/09\/platforma_1.jpg\"><img loading=\"lazy\" decoding=\"async\" class=\"obrazekpadding wp-image-1922 size-medium alignright\" src=\"https:\/\/odk-ergon.pl\/wp-content\/uploads\/2021\/09\/platforma_1-300x215.jpg\" alt=\"Mobile Plattformen - Ger\u00e4te, die in der Bau-, Renovierungs-, Werbe- und Transportbranche verwendet werden\" width=\"300\" height=\"215\" srcset=\"https:\/\/odk-ergon.pl\/wp-content\/uploads\/2021\/09\/platforma_1-300x215.jpg 300w, https:\/\/odk-ergon.pl\/wp-content\/uploads\/2021\/09\/platforma_1-1024x732.jpg 1024w, https:\/\/odk-ergon.pl\/wp-content\/uploads\/2021\/09\/platforma_1-768x549.jpg 768w, https:\/\/odk-ergon.pl\/wp-content\/uploads\/2021\/09\/platforma_1-624x446.jpg 624w, https:\/\/odk-ergon.pl\/wp-content\/uploads\/2021\/09\/platforma_1.jpg 1499w\" sizes=\"auto, (max-width: 300px) 100vw, 300px\" \/><\/a>Es ist eine Schulung, die es Ihnen erm\u00f6glicht, die Teilnehmer darauf vorzubereiten, die erforderlichen Qualifikationen f\u00fcr die Arbeit mit Hubarbeitsb\u00fchnen und anderen Arten von Ger\u00e4ten zu erhalten. Das Spektrum der w\u00e4hrend des Unterrichts besprochenen Themen umfasst die am h\u00e4ufigsten verwendeten Arten von Plattformen: zum Laden und Heben von G\u00fctern und Personen, f\u00fcr Bauarbeiten in der H\u00f6he, auf Autos montiert und freistehend. Der Schulungsinhalt entspricht dem Umfang der Pr\u00fcfungen, die vom Amt f\u00fcr Technische Inspektion und Verkehrstechnische \u00dcberwachung organisiert werden.<\/p>\n<h2>UDT-Pr\u00fcfung - Qualifikationen, die nach dem Kurs erworben werden k\u00f6nnen<\/h2>\n<p>Bedienerschulungen bereiten Sie darauf vor, sich f\u00fcr Folgendes zu qualifizieren <a href=\"https:\/\/odk-ergon.pl\/de\/szkolenia\/uprawnienia-udt-tdt\/podeste-ruchome\/\">mobile Plattformen<\/a>:<\/p>\n<ul>\n<li>Mobil (Bewilligungen ausgestellt f\u00fcr 5 Jahre)<\/li>\n<li>Station\u00e4r (Lizenzen ausgestellt f\u00fcr 10 Jahre)<\/li>\n<li>Anh\u00e4ngig (10-Jahres-Befugnisse)<\/li>\n<li>Mast (10-Jahres-Lizenz)<\/li>\n<li>Auf Schienenfahrzeugen (Lizenzen ausgestellt f\u00fcr 10 Jahre)<\/li>\n<\/ul>\n<p>Neben der letzten (obigen) Teilung gilt f\u00fcr 5 Jahre ab Inkrafttreten des Gesetzes \u00fcber die Technische \u00dcberwachung folgender Umfang der erteilten Rechte:<\/p>\n<ul>\n<li>Qualifikationen der IP-Kategorie, einschlie\u00dflich langsam fahrender mobiler Zugangsplattformen (Scherenb\u00fchnen), selbstfahrender mobiler Plattformen (Hubarbeitsb\u00fchnen), mobiler Plattformen<\/li>\n<li>Qualifikation der Kategorie II P, einschlie\u00dflich H\u00e4nge-, Mast- und station\u00e4rer mobiler Plattformen<\/li>\n<\/ul>\n<h2>Zeitlicher Ablauf<\/h2>\n<h3>Umfang f\u00fcr den Kurs Plattformservice:<\/h3>\n<p><strong>1. Theoretischer Teil:<\/strong><\/p>\n<ul>\n<li>Einf\u00fchrung - allgemeine Informationen<\/li>\n<li>Mobile Plattformen - ihre Stabilit\u00e4t und Langlebigkeit<\/li>\n<li>Sicherheitsausr\u00fcstungen<\/li>\n<li>St\u00fctzstrukturen und Fahrwerk<\/li>\n<li>Arbeitsplattform<\/li>\n<li>Tragkonstruktionen der Arbeitsplattform - Antriebsmechanismen<\/li>\n<li>Bedienungsanleitungen f\u00fcr Plattformen<\/li>\n<li>Testverfahren und Testdurchf\u00fchrung auf Plattformen<\/li>\n<li>Regeln f\u00fcr den Betrieb von Ger\u00e4ten<\/li>\n<li>Technische \u00dcberpr\u00fcfung<\/li>\n<\/ul>\n<p><strong>2. Praktischer Teil:<\/strong><\/p>\n<ul>\n<li>T\u00e4tigkeiten vor, w\u00e4hrend und nach der Arbeit<\/li>\n<li>Sicherheits\u00fcberpr\u00fcfung vor Arbeitsbeginn<\/li>\n<li>Vorgehen in Notsituationen - Notabsenkung des Ger\u00e4tes<\/li>\n<\/ul>\n<p><a href=\"https:\/\/odk-ergon.pl\/wp-content\/uploads\/2022\/10\/34.jpeg\"><img loading=\"lazy\" decoding=\"async\" class=\"aligncenter wp-image-2526\" src=\"https:\/\/odk-ergon.pl\/wp-content\/uploads\/2022\/10\/34-300x200.jpeg\" alt=\"\" width=\"750\" height=\"500\" srcset=\"https:\/\/odk-ergon.pl\/wp-content\/uploads\/2022\/10\/34-300x200.jpeg 300w, https:\/\/odk-ergon.pl\/wp-content\/uploads\/2022\/10\/34-1024x683.jpeg 1024w, https:\/\/odk-ergon.pl\/wp-content\/uploads\/2022\/10\/34-768x512.jpeg 768w, https:\/\/odk-ergon.pl\/wp-content\/uploads\/2022\/10\/34-1536x1024.jpeg 1536w, https:\/\/odk-ergon.pl\/wp-content\/uploads\/2022\/10\/34-18x12.jpeg 18w, https:\/\/odk-ergon.pl\/wp-content\/uploads\/2022\/10\/34-624x416.jpeg 624w, https:\/\/odk-ergon.pl\/wp-content\/uploads\/2022\/10\/34.jpeg 1600w\" sizes=\"auto, (max-width: 750px) 100vw, 750px\" \/><\/a><\/p>\n<h3>Umfang des Bahnsteigpflegekurses:<\/h3>\n<p><strong>1. Theoretischer Teil:<\/strong><\/p>\n<ul>\n<li><a href=\"https:\/\/odk-ergon.pl\/de\/szkolenia\/uprawnienia-udt-tdt\/konserwacja-utb-udt\/\">Handhabungsger\u00e4te<\/a>einschlie\u00dflich der technischen \u00dcberwachung<\/li>\n<li>\u00dcberwachung von technischen Ger\u00e4ten - das Verfahren<\/li>\n<li>Arten von technischen Pr\u00fcfungen, die von technischen Pr\u00fcfern durchgef\u00fchrt werden, und Umfang der durchgef\u00fchrten T\u00e4tigkeiten<\/li>\n<li>Gef\u00e4hrliche Sch\u00e4den und Unf\u00e4lle im Zusammenhang mit dem Betrieb eines technischen Ger\u00e4tes - das Vorgehen des Ger\u00e4tebetreibers und Wartungstechnikers<\/li>\n<li>Gesundheits- und Sicherheitsregeln, die die Wartung von Ger\u00e4ten begleiten<\/li>\n<li>Plattformwartungseinheiten und -elemente - mechanischer und elektrischer Teil<\/li>\n<\/ul>\n<p><strong>2. Praktischer Teil:<\/strong><\/p>\n<ul>\n<li>\u00dcberpr\u00fcfung des technischen Zustands der Plattform<\/li>\n<li>\u00dcberpr\u00fcfung des Verschlei\u00dfgrades der Mechanismen und der Richtigkeit ihres Betriebs<\/li>\n<li>Austausch verschlissener und besch\u00e4digter Ger\u00e4teteile<\/li>\n<li>Vorgehen in Notfallsituationen<\/li>\n<li>Wartung von Ger\u00e4tekomponenten, Baugruppen und Sicherheitseinrichtungen<\/li>\n<li>\u00dcberpr\u00fcfung der korrekten Funktion und Einstellung von Elementen und Sicherheitseinrichtungen<\/li>\n<li>T\u00e4tigkeiten und Pflichten, die mit dem Wechsel des Einsatzortes des Ger\u00e4tes in einer Situation einhergehen, die eine Demontage und Remontage erfordert<\/li>\n<li>\u00c4ndern der Montageversion von Ger\u00e4ten<\/li>\n<li>Beispiele f\u00fcr die h\u00e4ufigsten Betriebsst\u00f6rungen und deren Beseitigung<\/li>\n<\/ul>\n<h2>Warum lohnt sich die Teilnahme an einem Kurs f\u00fcr mobile Plattformen?<\/h2>\n<p><a href=\"https:\/\/odk-ergon.pl\/wp-content\/uploads\/2021\/09\/platforma_2.jpg\"><img loading=\"lazy\" decoding=\"async\" class=\"obrazekpadding wp-image-1924 size-medium alignright\" src=\"https:\/\/odk-ergon.pl\/wp-content\/uploads\/2021\/09\/platforma_2-200x300.jpg\" alt=\"Mobile Plattformen sind Ger\u00e4te zum Heben von G\u00fctern, Personen und Baumaterialien\" width=\"200\" height=\"300\" srcset=\"https:\/\/odk-ergon.pl\/wp-content\/uploads\/2021\/09\/platforma_2-200x300.jpg 200w, https:\/\/odk-ergon.pl\/wp-content\/uploads\/2021\/09\/platforma_2-683x1024.jpg 683w, https:\/\/odk-ergon.pl\/wp-content\/uploads\/2021\/09\/platforma_2-768x1152.jpg 768w, https:\/\/odk-ergon.pl\/wp-content\/uploads\/2021\/09\/platforma_2-1024x1536.jpg 1024w, https:\/\/odk-ergon.pl\/wp-content\/uploads\/2021\/09\/platforma_2-624x936.jpg 624w, https:\/\/odk-ergon.pl\/wp-content\/uploads\/2021\/09\/platforma_2.jpg 1066w\" sizes=\"auto, (max-width: 200px) 100vw, 200px\" \/><\/a>Die vom Zentrum erstellten Schulungsprogramme sind eine Antwort auf die Bed\u00fcrfnisse sowohl einzelner Kunden, die ihre Qualifikationen verbessern m\u00f6chten, als auch von Arbeitgebern, die an die Entwicklung ihres Unternehmens denken.<\/p>\n<h3>Vorteile f\u00fcr Arbeitgeber:<\/h3>\n<ul>\n<li>Das Unterrichtsprogramm wird individuell mit den Vertretern des Zentrums festgelegt. Das bedeutet, dass sowohl Personen ohne Erfahrung als auch solche, die sich bereits mit mobilen Plattformen auseinandergesetzt haben, an der Schulung teilnehmen k\u00f6nnen. Der Kurs ist sowohl hinsichtlich des inhaltlichen Umfangs als auch der Dauer auf die Bed\u00fcrfnisse der Mitarbeiter zugeschnitten. Dadurch k\u00f6nnen Arbeitgeber, die Mitarbeiter mit etwas Erfahrung im Betrieb oder der Wartung von Plattformen einstellen, ihre Mitarbeiter schneller schulen.<\/li>\n<li>Die Erlangung der Berechtigung zum Betrieb und zur Wartung dieser Art von Ger\u00e4ten durch die Mitarbeiter er\u00f6ffnet dem Unternehmen den Weg, neue, profitable Auftr\u00e4ge zu gewinnen und bei Ausschreibungen zu starten. Mobile Podeste werden bei Bauarbeiten, bei der Instandhaltung historischer Geb\u00e4ude, bei der Renovierung und Fassadend\u00e4mmung, der Installation von gro\u00dfformatigen Werbungen und dem Waschen von gro\u00dfen Glasfl\u00e4chen eingesetzt. Arbeiten dieser Art werden von Wohnungsbaugenossenschaften, Wohngemeinschaften und Kommunalverwaltungen in Auftrag gegeben.<\/li>\n<li>Das Zentrum bietet maximale inhaltliche und organisatorische Unterst\u00fctzung. Die Vorbereitung der Schulung f\u00fcr das Unternehmen umfasst ein gr\u00fcndliches Gespr\u00e4ch und eine Diagnose der Bed\u00fcrfnisse der Mitarbeiter. Die Termine werden so festgelegt, dass sie optimal auf die von der UDT organisierten Pr\u00fcfungen abgestimmt sind. Die Schulung kann am Hauptsitz des Zentrums in Warschau oder in den Zweigstellen Krakau, Danzig, Kattowitz und anderen Gro\u00dfst\u00e4dten stattfinden. Bei Bedarf kann das Zentrum bei der Organisation von Unterkunft oder Verpflegung der Teilnehmer vermitteln.<\/li>\n<li>Das Serviceangebot des Zentrums umfasst neben der Schulung auch die Betreuung nach Abschluss. Die Teilnehmer erhalten Zugang zu einer Bildungsplattform mit Materialien, Videos und Tests, die sie w\u00e4hrend ihrer Vorbereitung auf die Pr\u00fcfung verwenden k\u00f6nnen. Das Zentrum fungiert auch als Vermittler in organisatorischen Fragen rund um die Pr\u00fcfung an der UDT oder TDT. Dank der langj\u00e4hrigen Erfahrung des Zentrums ist es m\u00f6glich, den Kursunterricht so zu organisieren, dass die Pr\u00fcfung innerhalb weniger Werktage nach Abschluss stattfindet. All dies erh\u00f6ht die Erfolgsquote der Studierenden deutlich und der Arbeitgeber, der Mitarbeiter in den Kurs schickt, hat mehr Vertrauen, dass sich die Investition schnell amortisiert.<\/li>\n<\/ul>\n<h3>Vorteile f\u00fcr Privatkunden<\/h3>\n<ul>\n<li>Spezialisierung ist der Schl\u00fcssel zum Erfolg auf dem Arbeitsmarkt. Seit einigen Jahren besteht eine gro\u00dfe Nachfrage nach Mitarbeitern aus der technischen Industrie, die \u00fcber <a href=\"https:\/\/odk-ergon.pl\/de\/szkolenia\/szkolenia-na-suwnice\/uprawnienia\/\">UDT-Qualifikationen<\/a> f\u00fcr den Betrieb und die Wartung von Spezialger\u00e4ten. Die Betreiber mobiler Plattformen k\u00f6nnen mit einer schnellen Anstellung rechnen, sowie mit einer deutlich h\u00f6heren Verg\u00fctung als in weniger spezialisierten Berufen, z.B. allgemeiner Bauarbeiter oder Kraftfahrer.<\/li>\n<li>Der Anwendungsbereich des Materials ist breit - es behandelt Probleme im Zusammenhang mit beliebten Hubarbeitsb\u00fchnen, auf Autos montierten Plattformen, mit Seilen befestigte Plattformen f\u00fcr Geb\u00e4uded\u00e4cher und andere. Der Abschluss des Studiums und das Bestehen der Pr\u00fcfung berechtigen zum Einsatz in der Bau-, Transport- und Werbebranche.<\/li>\n<li>Dieses Training ist von Grund auf neu, auch f\u00fcr Menschen ohne Erfahrung. Bereitet umfassend auf die Pr\u00fcfung vor, deren positives Ergebnis zur Erlangung der Qualifikation f\u00fchrt. Der Kurs besteht sowohl im Betrieb als auch in der Wartung aus einem umfangreichen theoretischen und praktischen Teil. Das Zentrum verf\u00fcgt \u00fcber eine eigene Ausr\u00fcstungsbasis, dank der sich die Teilnehmer gr\u00fcndlich mit der Bedienung der Plattformen vertraut machen und Erfahrungen im Umgang mit dieser Art von Ausr\u00fcstung sammeln k\u00f6nnen.<\/li>\n<li>Flexible Form - ein Kurs \u00fcber die sogenannte Steigerungen k\u00f6nnen station\u00e4r oder online in Form von Webinaren stattfinden. Das Zentrum bietet eine Vielzahl offener Schulungstermine an, an denen jeder interessierte Teilnehmer teilnehmen kann.<\/li>\n<\/ul>\n<h2>Fragen und Antworten<\/h2>\n<div id=\"accordion\">\n<h3>Was kostet der Kurs und was beinhaltet er?<\/h3>\n<div>Die Kosten f\u00fcr die Teilnahme an den Kursen werden individuell festgelegt. Finale <a href=\"https:\/\/odk-ergon.pl\/de\/cennik\/\">Preis<\/a> h\u00e4ngt von mehreren Faktoren ab: der Form des Kurses (offen - f\u00fcr einzelne Teilnehmer und geschlossen - f\u00fcr Mitarbeiter eines bestimmten Unternehmens), dem Umfang des Kurses in Abh\u00e4ngigkeit von der Erfahrung der Teilnehmer, dem Schulungsort, zus\u00e4tzlichen Dienstleistungen.<br \/>\nTraining f\u00fcr mobile Plattformen - der Preis beinhaltet:<\/p>\n<ul>\n<li>Durchf\u00fchrung von theoretischem (station\u00e4r oder Webinar) und praktischem Unterricht<\/li>\n<li>Bereitstellung einer Bildungsplattform f\u00fcr die Teilnehmer mit Schulungsmaterialien, Videos und Tests zur Vorbereitung auf die Pr\u00fcfung<\/li>\n<li>Ausgabe einer vereinfachten Erg\u00e4nzung f\u00fcr Absolventen der Ausbildung<\/li>\n<li>Ausstellung eines Zertifikats nach ISO 18878 (Plastikkarte mit Foto)<\/li>\n<li>Gesundheits- und Sicherheitsausr\u00fcstung, Gurte, Westen, die w\u00e4hrend des praktischen Unterrichts erforderlich sind<\/li>\n<li>Zugriff auf Ger\u00e4te, die w\u00e4hrend des Unterrichts besprochen wurden<\/li>\n<li>Auf Wunsch von Kunden, die Schulungen f\u00fcr das Unternehmen bestellen: Unterst\u00fctzung bei der Unterbringung, Organisation von Mahlzeiten<\/li>\n<li>In den Unterrichtspausen: Kaffee, Tee, Kekse<\/li>\n<\/ul>\n<\/div>\n<h3>Wie lange dauern die Kurse und welche Form haben sie?<\/h3>\n<div>Der Kurs kann station\u00e4r oder online als Webinar durchgef\u00fchrt werden, das von Spezialisten des Zentrums durchgef\u00fchrt wird. Bei Personen ohne Erfahrung ist es notwendig, das Online-Formular mit praktischem Unterricht zu erg\u00e4nzen.<br \/>\nKlassenzimmer k\u00f6nnen in ganz Polen organisiert werden \u2013 f\u00fcr Einzelheiten wenden Sie sich bitte an das Zentrum. Auf der Plattform werden Online-Kurse durchgef\u00fchrt, f\u00fcr die die Teilnehmer ein Login und ein Passwort erhalten. Die Plattform steht f\u00fcr die gesamte Dauer des Studiums und auch nach dessen Abschluss zur Verf\u00fcgung.<br \/>\nDie Anzahl der Stunden h\u00e4ngt von individuellen Vereinbarungen mit dem Kunden ab. Dabei kommt es darauf an, ob die Teilnehmer bereits Erfahrung im Betrieb mobiler Plattformen haben oder noch keinen Kontakt mit diesen Ger\u00e4ten hatten.<br \/>\nDie angegebenen Dauerzeiten sind Richtwerte und betragen:<\/p>\n<ul>\n<li>8-10 Stunden - f\u00fcr Personen, die bereits praktische Erfahrung in der Bedienung dieser Art von Ger\u00e4ten haben<\/li>\n<li>18-20 Stunden - f\u00fcr Personen mit Grundkenntnissen und -fertigkeiten<\/li>\n<li>35 Stunden - f\u00fcr Personen ohne praktische Erfahrung und theoretische Kenntnisse<\/li>\n<\/ul>\n<p>Ungef\u00e4hre Unterrichtsdauer f\u00fcr Restauratoren:<\/p>\n<ul>\n<li>Personen, die die Mindestanforderungen erf\u00fcllen und Erfahrung im Bereich Elektrotechnik oder Maschinenbau (f\u00fcr einen Ger\u00e4tetyp) haben - ca. 32 Stunden<\/li>\n<li>Personen, die zus\u00e4tzliche Kenntnisse zur Wartung von 2 Ger\u00e4tetypen oder -typen ben\u00f6tigen - ca. 58 Stunden<\/li>\n<li>Personen ohne Erfahrung in der Wartung von Plattformen - 96 Stunden - gelten f\u00fcr Schulungen f\u00fcr 2-3 Typen oder Ger\u00e4tetypen<\/li>\n<\/ul>\n<\/div>\n<h3>Kann jeder an den Kursen teilnehmen?<\/h3>\n<div>\n<p>Der Kurs richtet sich an Personen, die die Mindestvoraussetzungen erf\u00fcllen:<\/p>\n<ul>\n<li>Sie sind 18 Jahre oder \u00e4lter<\/li>\n<li>Sie haben mindestens Grundschulbildung<\/li>\n<li>Ein \u00e4rztliches Attest vorlegen, aus dem hervorgeht, dass keine Kontraindikationen f\u00fcr die Arbeit in einer bestimmten Position bestehen (oder schriftlich erkl\u00e4ren, dass keine Kontraindikationen vorliegen)<\/li>\n<\/ul>\n<p>Der Unterricht wird in einer geschlossenen (f\u00fcr Mitarbeiter des Unternehmens) und einer offenen Form organisiert, an der jeder interessierte Kunde teilnehmen kann. F\u00fcr Termine und Details kontaktieren Sie uns bitte telefonisch oder per E-Mail.<\/p>\n<\/div>\n<h3>Ich habe bereits einige Erfahrung mit mobilen Plattformen. Ist der Kurs f\u00fcr mich?<\/h3>\n<div>F\u00fcr Personen, die bereits mobile Plattformen in ihrer Arbeit nutzen, ist die Teilnahme am Kurs eine M\u00f6glichkeit, ihre Qualifikationen zu best\u00e4tigen und die erforderlichen Qualifikationen zu erwerben. Wenn der Klient einen solchen Bedarf \u00e4u\u00dfert, kann das Zentrum einen Kurs f\u00fcr die sog Plattformen und andere Arten von Plattformen f\u00fcr Menschen, die ihr Wissen erg\u00e4nzen m\u00f6chten. Die Dauer solcher Kurse ist k\u00fcrzer als die Standardkurse, und der Umfang des Materials wird an das bereits vorhandene Wissen der Teilnehmer angepasst.<\/div>\n<h3>Ich bin eine Person ohne Erfahrung, aber ich m\u00f6chte lernen, wie man Plattformen benutzt. Kann ich mich anmelden?<\/h3>\n<div>Jeder, auch Personen ohne Erfahrung, kann sich f\u00fcr den Betrieb oder die Wartung der Plattformen qualifizieren. In diesem Fall ist die Dauer des Kurses l\u00e4nger als bei denen, die sich bereits mit solchen Ger\u00e4ten auseinandergesetzt haben. Entscheidet sich der Kunde f\u00fcr die Teilnahme an den Online-Klassen, sollte er daran denken, dass er diese dann um einen praktischen Teil erg\u00e4nzen muss.<\/div>\n<h3>TDT\/UDT-Pr\u00fcfung und Training \u2013 wie bereitet man sich auf die Pr\u00fcfung vor?<\/h3>\n<div>Der Umfang der besprochenen Fragen entspricht den inhaltlichen Anforderungen der Pr\u00fcfungen des Amtes f\u00fcr T\u00dcV und Verkehrstechnische \u00dcberwachung. Der Abschluss des Kurses ist der erste Schritt, um die Pr\u00fcfungen erfolgreich zu bestehen und die erforderlichen Arbeitsberechtigungen zu erhalten. Alle Studierenden erhalten Zugang zu einer Plattform, auf der sie unter anderem Tests zu den w\u00e4hrend der Pr\u00fcfung geforderten Inhalten nutzen k\u00f6nnen.<br \/>\nDank langj\u00e4hriger Erfahrung in der Organisation von Kursen kann das Zentrum Kunden bei Kontakten mit UDT oder TDT vertreten. Die Daten der Kursklassen ber\u00fccksichtigen immer die Daten der Pr\u00fcfungen, die von UDT Warszawa oder anderen Abteilungen organisiert werden. Bei entsprechender zeitlicher Vorlaufzeit ist es m\u00f6glich, die Pr\u00fcfungen auch innerhalb weniger Arbeitstage nach Ausbildungsende zu absolvieren. So gehen Sie mit frisch erworbenem Wissen an die Pr\u00fcfung heran und haben gleichzeitig Zeit, den Stoff anhand der Informationen der Bildungsplattform zu \u00fcberarbeiten.<\/div>\n<div><a href=\"https:\/\/odk-ergon.pl\/wp-content\/uploads\/2022\/11\/konserwacja-podestow-ruchomych-odk-ergon.pl_.png\"><img loading=\"lazy\" decoding=\"async\" class=\"aligncenter wp-image-2558\" src=\"https:\/\/odk-ergon.pl\/wp-content\/uploads\/2022\/11\/konserwacja-podestow-ruchomych-odk-ergon.pl_-300x175.png\" alt=\"\" width=\"750\" height=\"438\" srcset=\"https:\/\/odk-ergon.pl\/wp-content\/uploads\/2022\/11\/konserwacja-podestow-ruchomych-odk-ergon.pl_-300x175.png 300w, https:\/\/odk-ergon.pl\/wp-content\/uploads\/2022\/11\/konserwacja-podestow-ruchomych-odk-ergon.pl_-1024x597.png 1024w, https:\/\/odk-ergon.pl\/wp-content\/uploads\/2022\/11\/konserwacja-podestow-ruchomych-odk-ergon.pl_-768x448.png 768w, https:\/\/odk-ergon.pl\/wp-content\/uploads\/2022\/11\/konserwacja-podestow-ruchomych-odk-ergon.pl_-18x12.png 18w, https:\/\/odk-ergon.pl\/wp-content\/uploads\/2022\/11\/konserwacja-podestow-ruchomych-odk-ergon.pl_-624x364.png 624w, https:\/\/odk-ergon.pl\/wp-content\/uploads\/2022\/11\/konserwacja-podestow-ruchomych-odk-ergon.pl_.png 1200w\" sizes=\"auto, (max-width: 750px) 100vw, 750px\" \/><\/a><\/div>\n<\/div>","protected":false},"excerpt":{"rendered":"<p>To szkolenie, kt\u00f3re pozwala na przygotowanie uczestnik\u00f3w do zdobycia uprawnie\u0144 niezb\u0119dnych do pracy z podno\u015bnikami koszowymi i innymi typami urz\u0105dze\u0144. Zakres zagadnie\u0144 poruszanych na zaj\u0119ciach obejmuje najcz\u0119\u015bciej wykorzystywane rodzaje podest\u00f3w: do za\u0142adunku i podnoszenia towar\u00f3w i os\u00f3b, do prac budowlanych na wysoko\u015bciach, montowanych na samochodach i wolnostoj\u0105cych. Tre\u015bci szkoleniowe s\u0105 zgodne z zakresem egzamin\u00f3w organizowanych przez Urz\u0105d Dozoru Technicznego i Transportowy Doz\u00f3r Techniczny. Egzamin UDT \u2013 uprawnienia, kt\u00f3re mo\u017cna zdoby\u0107 po kursie Kursy dla operator\u00f3w przygotowuj\u0105 do zdobycia uprawnie\u0144 na nast\u0119puj\u0105ce podesty ruchome: Przejezdne (uprawnienia wydawane na 5 lat) Stacjonarne (uprawnienia wydawane na 10 lat) Wisz\u0105ce (uprawnienia wydawane na 10 lat) Masztowe (uprawnienia wydawane na 10 lat) Na pojazdach kolejowych (uprawnienia wydawane na 10 lat) Opr\u00f3cz najnowszego (powy\u017cszego) podzia\u0142u, przez 5 lat od wej\u015bcia w \u017cycie Ustawy o dozorze technicznym obowi\u0105zuje nast\u0119puj\u0105cy zakres wydawanych uprawnie\u0144: Uprawnienia kategorii I P, obejmuj\u0105ce podesty ruchome przejezdne wolnobie\u017cne (podno\u015bniki no\u017cycowe), podesty ruchome samojezdne (podno\u015bniki koszowe), podesty przewo\u017ane Uprawnienia kategorii II P, obejmuj\u0105ce podesty ruchome wisz\u0105ce, masztowe i stacjonarne Program zaj\u0119\u0107 Zakres dla kursu obs\u0142ugi podest\u00f3w: 1. Cz\u0119\u015b\u0107 teoretyczna: Wst\u0119p &#8211; informacje og\u00f3lne Podesty ruchome \u2013 ich stateczno\u015b\u0107 i wytrzyma\u0142o\u015b\u0107 Urz\u0105dzenia zabezpieczaj\u0105ce Konstrukcje wsporcze i podwozia podest\u00f3w Platforma robocza Konstrukcje wsporcze platformy roboczej \u2013 mechanizmy nap\u0119dowe Instrukcje obs\u0142ugi podest\u00f3w Sposoby badania i przeprowadzania pr\u00f3b na podestach Zasady obowi\u0105zuj\u0105ce przy eksploatacji urz\u0105dze\u0144 Doz\u00f3r techniczny 2. Cz\u0119\u015b\u0107 praktyczna: Czynno\u015bci wykonywane przed, w czasie i po zako\u0144czeniu pracy Weryfikacja zabezpiecze\u0144 przed rozpocz\u0119ciem pracy Post\u0119powanie w sytuacjach awaryjnych \u2013 opuszczanie awaryjne urz\u0105dzenia Zakres dla kursu konserwacji podest\u00f3w: 1. Cz\u0119\u015b\u0107 teoretyczna: Urz\u0105dzenia transportu bliskiego, kt\u00f3re [&hellip;]<\/p>\n","protected":false},"author":1,"featured_media":1922,"parent":1828,"menu_order":0,"comment_status":"closed","ping_status":"closed","template":"","meta":{"sfsi_plus_gutenberg_text_before_share":"","sfsi_plus_gutenberg_show_text_before_share":"","sfsi_plus_gutenberg_icon_type":"","sfsi_plus_gutenberg_icon_alignemt":"","sfsi_plus_gutenburg_max_per_row":"","footnotes":""},"class_list":["post-1921","page","type-page","status-publish","has-post-thumbnail","hentry","has_thumb"],"aioseo_notices":[],"_links":{"self":[{"href":"https:\/\/odk-ergon.pl\/de\/wp-json\/wp\/v2\/pages\/1921","targetHints":{"allow":["GET"]}}],"collection":[{"href":"https:\/\/odk-ergon.pl\/de\/wp-json\/wp\/v2\/pages"}],"about":[{"href":"https:\/\/odk-ergon.pl\/de\/wp-json\/wp\/v2\/types\/page"}],"author":[{"embeddable":true,"href":"https:\/\/odk-ergon.pl\/de\/wp-json\/wp\/v2\/users\/1"}],"replies":[{"embeddable":true,"href":"https:\/\/odk-ergon.pl\/de\/wp-json\/wp\/v2\/comments?post=1921"}],"version-history":[{"count":11,"href":"https:\/\/odk-ergon.pl\/de\/wp-json\/wp\/v2\/pages\/1921\/revisions"}],"predecessor-version":[{"id":2559,"href":"https:\/\/odk-ergon.pl\/de\/wp-json\/wp\/v2\/pages\/1921\/revisions\/2559"}],"up":[{"embeddable":true,"href":"https:\/\/odk-ergon.pl\/de\/wp-json\/wp\/v2\/pages\/1828"}],"wp:featuredmedia":[{"embeddable":true,"href":"https:\/\/odk-ergon.pl\/de\/wp-json\/wp\/v2\/media\/1922"}],"wp:attachment":[{"href":"https:\/\/odk-ergon.pl\/de\/wp-json\/wp\/v2\/media?parent=1921"}],"curies":[{"name":"wp","href":"https:\/\/api.w.org\/{rel}","templated":true}]}}