{"id":1935,"date":"2021-09-27T20:37:25","date_gmt":"2021-09-27T19:37:25","guid":{"rendered":"https:\/\/odk-ergon.pl\/?page_id=1935"},"modified":"2023-03-13T10:34:14","modified_gmt":"2023-03-13T09:34:14","slug":"scherenhebebuhnen","status":"publish","type":"page","link":"https:\/\/odk-ergon.pl\/de\/szkolenia\/uprawnienia-udt-tdt\/podesty-nozycowe\/","title":{"rendered":"Ein Kurs \u00fcber Scherenhebeb\u00fchnen zur Vorbereitung auf die UDT-Pr\u00fcfung"},"content":{"rendered":"<p><a href=\"https:\/\/odk-ergon.pl\/wp-content\/uploads\/2021\/09\/podesty_nozycowy_2.jpg\"><img loading=\"lazy\" decoding=\"async\" class=\"obrazekpadding alignleft wp-image-1937 size-medium\" src=\"https:\/\/odk-ergon.pl\/wp-content\/uploads\/2021\/09\/podesty_nozycowy_2-300x200.jpg\" alt=\"Scherenarbeitsb\u00fchnen kommen auf Baustellen, in Lagern und Fabrikhallen zum Einsatz\" width=\"300\" height=\"200\" srcset=\"https:\/\/odk-ergon.pl\/wp-content\/uploads\/2021\/09\/podesty_nozycowy_2-300x200.jpg 300w, https:\/\/odk-ergon.pl\/wp-content\/uploads\/2021\/09\/podesty_nozycowy_2-1024x683.jpg 1024w, https:\/\/odk-ergon.pl\/wp-content\/uploads\/2021\/09\/podesty_nozycowy_2-768x512.jpg 768w, https:\/\/odk-ergon.pl\/wp-content\/uploads\/2021\/09\/podesty_nozycowy_2-1536x1024.jpg 1536w, https:\/\/odk-ergon.pl\/wp-content\/uploads\/2021\/09\/podesty_nozycowy_2-624x416.jpg 624w, https:\/\/odk-ergon.pl\/wp-content\/uploads\/2021\/09\/podesty_nozycowy_2.jpg 1539w\" sizes=\"auto, (max-width: 300px) 100vw, 300px\" \/><\/a> Scherenhebeb\u00fchnen d\u00fcrfen, wie alle bauaufsichtlich erfassten Ger\u00e4te, nur von Personen mit entsprechender Qualifikation bedient werden. In Polen wird der Prozess der Qualifikationspr\u00fcfung unter anderem vom Amt f\u00fcr Technische Inspektion durchgef\u00fchrt - die von dieser Institution ausgestellte Qualifikationsbest\u00e4tigung erm\u00f6glicht Ihnen die Arbeit an der sog Erh\u00f6hungen im In- und Ausland, sofern in einem bestimmten Land polnische Anspr\u00fcche anerkannt werden k\u00f6nnen. Der vom Zentrum organisierte Kurs ist eine M\u00f6glichkeit, sich effektiv auf die Pr\u00fcfung vorzubereiten. Ihr Umfang umfasst nicht nur das Erlernen des Umgangs mit Ger\u00e4ten, sondern auch Kenntnisse \u00fcber den Aufbau, die Funktionsweise und die technische \u00dcberwachung. Diese Informationen sind sowohl f\u00fcr Personen n\u00fctzlich, die sich noch nie mit der Arbeit eines Bedieners befasst haben, als auch f\u00fcr diejenigen, die Scherenarbeitsb\u00fchnen t\u00e4glich bei der Arbeit verwenden. Die Ergebnisse der durchgef\u00fchrten Umfragen unter den Teilnehmern zeigen, dass auch Personen mit umfangreicher Praxiserfahrung best\u00e4tigen, dass sie einen gro\u00dfen Mehrwert in Bezug auf den sicheren Betrieb der Plattformen erhalten haben.<\/p>\n<div class=\"filmw\">\n<div class=\"responsive-youtube\" style=\"text-align: center;\"><iframe loading=\"lazy\" title=\"YouTube-Video-Player\" src=\"https:\/\/www.youtube.com\/embed\/CLZn05fOBfI\" width=\"560\" height=\"315\" frameborder=\"0\" allowfullscreen=\"allowfullscreen\"><\/iframe><\/div>\n<\/div>\n<h2>Details zum Liftkurs<\/h2>\n<ul>\n<li>Dauer des Kurses: individuell festgelegt, basierend auf der Untersuchung des Schulungsbedarfs der Teilnehmer. F\u00fcr Unge\u00fcbte ca. 20 bis 36 Trainingsstunden (Theorie und Praxis).<\/li>\n<li>Form des Unterrichts: vor Ort oder online (f\u00fcr Personen ohne Erfahrung ist praktischer Unterricht vor der UDT-Pr\u00fcfung erforderlich). Die Schulungen k\u00f6nnen offen - zu den auf der Website des Zentrums angegebenen Zeiten und Orten - oder geschlossen - nur f\u00fcr die vom Kunden benannten Mitarbeiter - sein.<\/li>\n<li><a href=\"https:\/\/odk-ergon.pl\/de\/cennik\/\">Preis<\/a>: individuell bestimmt mit Kandidaten f\u00fcr Hebebediener. Der Preis richtet sich nach Kursdauer, Kursform und Zusatzleistungen.<\/li>\n<li>Unterrichtsablauf: Das Programm ist streng an die UDT-Pr\u00fcfungsanforderungen angepasst. Die w\u00e4hrend der Schulung besprochenen Themen betreffen unter anderem: allgemeine Informationen \u00fcber Scherenarbeitsb\u00fchnen, Konstruktion der Arbeitsplattform und des Fahrgestells, Stabilit\u00e4t und Haltbarkeit der Ger\u00e4te, Regeln f\u00fcr den sicheren Betrieb, technische \u00dcberwachung<\/li>\n<\/ul>\n<div style=\"width: 640px;\" class=\"wp-video\"><video id=\"video-1935-1\" width=\"640\" height=\"360\" poster=\"https:\/\/odk-ergon.pl\/wp-content\/uploads\/2023\/03\/20230127_031102_0000.jpg\" preload=\"metadata\" controls=\"controls\"><source type=\"video\/mp4\" src=\"https:\/\/odk-ergon.pl\/wp-content\/uploads\/2023\/03\/ACCEPTED-operator-podestow-4K-odk-ergon.mp4?_=1\" \/><a href=\"https:\/\/odk-ergon.pl\/wp-content\/uploads\/2023\/03\/ACCEPTED-operator-podestow-4K-odk-ergon.mp4\">https:\/\/odk-ergon.pl\/wp-content\/uploads\/2023\/03\/ACCEPTED-operator-podestow-4K-odk-ergon.mp4<\/a><\/video><\/div>\n<h2>Kurs und UDT-Pr\u00fcfung<\/h2>\n<p>Der Abschluss der Ausbildung ist nicht gleichbedeutend mit dem Erwerb einer Berufsqualifikation. Zur Erlangung der Qualifikation ist ein positives Ergebnis der von der UDT organisierten Pr\u00fcfung erforderlich. Die Termine der vom Zentrum organisierten offenen Schulungen werden so vereinbart, dass die Wartezeit f\u00fcr die Pr\u00fcfung in einer bestimmten UDT-Zweigstelle so kurz wie m\u00f6glich ist, soweit dies von der Kommission m\u00f6glich ist. Auch bei geschlossenen Schulungen f\u00fcr Betriebe kann, sofern zeitlich planbar, die Zeit vom Abschluss der Schulung bis zum Ablegen der Pr\u00fcfung auf den n\u00e4chsten Werktag angesetzt werden.<\/p>\n<h2>Arbeiten Sie nach einem Kurs auf einer Scherenhebeb\u00fchne<\/h2>\n<p><a href=\"https:\/\/odk-ergon.pl\/wp-content\/uploads\/2021\/09\/podesty_nozycowy_1.jpg\"><img loading=\"lazy\" decoding=\"async\" class=\"obrazekpadding alignright wp-image-1938 size-medium\" src=\"https:\/\/odk-ergon.pl\/wp-content\/uploads\/2021\/09\/podesty_nozycowy_1-200x300.jpg\" alt=\"Die Bedienung von Scherenarbeitsb\u00fchnen erfordert eine theoretische und praktische Vorbereitung\" width=\"200\" height=\"300\" srcset=\"https:\/\/odk-ergon.pl\/wp-content\/uploads\/2021\/09\/podesty_nozycowy_1-200x300.jpg 200w, https:\/\/odk-ergon.pl\/wp-content\/uploads\/2021\/09\/podesty_nozycowy_1-683x1024.jpg 683w, https:\/\/odk-ergon.pl\/wp-content\/uploads\/2021\/09\/podesty_nozycowy_1-768x1152.jpg 768w, https:\/\/odk-ergon.pl\/wp-content\/uploads\/2021\/09\/podesty_nozycowy_1-1024x1536.jpg 1024w, https:\/\/odk-ergon.pl\/wp-content\/uploads\/2021\/09\/podesty_nozycowy_1-624x936.jpg 624w, https:\/\/odk-ergon.pl\/wp-content\/uploads\/2021\/09\/podesty_nozycowy_1.jpg 1067w\" sizes=\"auto, (max-width: 200px) 100vw, 200px\" \/><\/a>Das Ausbildungsprogramm wurde f\u00fcr Personen entwickelt, die als Aufzugsbetreiber in einer unabh\u00e4ngigen Position arbeiten oder ihr eigenes Gesch\u00e4ft durch das Anbieten von Vermietungsdiensten entwickeln m\u00f6chten.<\/p>\n<p>Die Erh\u00f6hungsberechtigung bietet viele Besch\u00e4ftigungsm\u00f6glichkeiten:<\/p>\n<ul>\n<li>Als Teamworker in Bau- und Renovierungsunternehmen<\/li>\n<li>Als Monteur oder Installateur in Energieunternehmen, im Beleuchtungsdienst<\/li>\n<li>In Hochregallagern<\/li>\n<li>In Werbeunternehmen, die auf gro\u00dfformatige Werbung spezialisiert sind<\/li>\n<li>In spezialisierten Unternehmen, die die Reinigung von B\u00fcrogeb\u00e4uden aus Glas anbieten<\/li>\n<\/ul>\n<p><a href=\"https:\/\/odk-ergon.pl\/wp-content\/uploads\/2022\/11\/Szablon-odk-ergon.png\"><img loading=\"lazy\" decoding=\"async\" class=\"aligncenter wp-image-2567\" src=\"https:\/\/odk-ergon.pl\/wp-content\/uploads\/2022\/11\/Szablon-odk-ergon-300x175.png\" alt=\"\" width=\"750\" height=\"438\" srcset=\"https:\/\/odk-ergon.pl\/wp-content\/uploads\/2022\/11\/Szablon-odk-ergon-300x175.png 300w, https:\/\/odk-ergon.pl\/wp-content\/uploads\/2022\/11\/Szablon-odk-ergon-1024x597.png 1024w, https:\/\/odk-ergon.pl\/wp-content\/uploads\/2022\/11\/Szablon-odk-ergon-768x448.png 768w, https:\/\/odk-ergon.pl\/wp-content\/uploads\/2022\/11\/Szablon-odk-ergon-18x12.png 18w, https:\/\/odk-ergon.pl\/wp-content\/uploads\/2022\/11\/Szablon-odk-ergon-624x364.png 624w, https:\/\/odk-ergon.pl\/wp-content\/uploads\/2022\/11\/Szablon-odk-ergon.png 1200w\" sizes=\"auto, (max-width: 750px) 100vw, 750px\" \/><\/a><\/p>","protected":false},"excerpt":{"rendered":"<p>Podno\u015bniki no\u017cycowe, podobnie jak wszystkie urz\u0105dzenia obj\u0119te dozorem technicznym, mog\u0105 by\u0107 obs\u0142ugiwane wy\u0142\u0105cznie przez osoby posiadaj\u0105ce odpowiednie uprawnienia. W Polsce procesem sprawdzania kwalifikacji zajmuje si\u0119 m.in.: Urz\u0105d Dozoru Technicznego \u2013 potwierdzenie kwalifikacji wydane przez t\u0119 instytucj\u0119 pozwala na prac\u0119 na tzw. zwy\u017ckach w kraju i za granic\u0105, o ile w danym kraju istnieje mo\u017cliwo\u015b\u0107 uznania polskich uprawnie\u0144. Kurs organizowany przez O\u015brodek to spos\u00f3b na skuteczne przygotowanie do egzaminu. Jego zakres obejmuje nie tylko nauk\u0119 obs\u0142ugi urz\u0105dze\u0144, ale tak\u017ce wiedz\u0119 na temat budowy, zasad eksploatacji, dozoru technicznego. To informacje przydatne zar\u00f3wno osobom, kt\u00f3re nie mia\u0142y wcze\u015bniej do czynienia z prac\u0105 operatora, jak i tym, kt\u00f3re na co dzie\u0144 w pracy korzystaj\u0105 z podno\u015bnik\u00f3w no\u017cycowych. Wyniki ankiet przeprowadzanych w\u015br\u00f3d uczestnik\u00f3w pokazuj\u0105, \u017ce nawet osoby z du\u017cym do\u015bwiadczeniem praktycznym potwierdzaj\u0105, \u017ce otrzyma\u0142y du\u017c\u0105 warto\u015b\u0107 dodan\u0105 w zakresie bezpiecznej eksploatacji podest\u00f3w. Szczeg\u00f3\u0142y kursu na podno\u015bniki Czas trwania kursu: ustalany indywidualnie w oparciu o badanie potrzeb szkoleniowych uczestnik\u00f3w. Dla os\u00f3b bez do\u015bwiadczenia &#8211; oko\u0142o 20 do 36 godzin szkoleniowych (teoria i praktyka). Forma zaj\u0119\u0107: stacjonarnie lub online (dla os\u00f3b bez do\u015bwiadczenia konieczne jest uzupe\u0142nienie o zaj\u0119cia praktyczne przed egzaminem UDT). Szkolenia mog\u0105 mie\u0107 form\u0119 otwart\u0105 &#8211; w terminie i miejscu podanym na stronie O\u015brodka lub zamkni\u0119t\u0105 &#8211; wy\u0142\u0105cznie dla pracownik\u00f3w wyznaczonych przez klienta. Cena: ustalana indywidualnie z kandydatami na operator\u00f3w zwy\u017cek. Cena jest zale\u017cna od czasu trwania kursu, jego formy, us\u0142ug dodatkowych. Przebieg zaj\u0119\u0107: program jest \u015bci\u015ble dostosowany do wymog\u00f3w egzaminacyjnych UDT. Poruszane na szkoleniu kwestie dotycz\u0105 m.in.: wiadomo\u015bci og\u00f3lnych o podestach no\u017cycowych, budowy platformy roboczej i podwozia, stateczno\u015bci i [&hellip;]<\/p>\n","protected":false},"author":1,"featured_media":1937,"parent":1828,"menu_order":0,"comment_status":"closed","ping_status":"closed","template":"","meta":{"sfsi_plus_gutenberg_text_before_share":"","sfsi_plus_gutenberg_show_text_before_share":"","sfsi_plus_gutenberg_icon_type":"","sfsi_plus_gutenberg_icon_alignemt":"","sfsi_plus_gutenburg_max_per_row":"","footnotes":""},"class_list":["post-1935","page","type-page","status-publish","has-post-thumbnail","hentry","has_thumb"],"aioseo_notices":[],"_links":{"self":[{"href":"https:\/\/odk-ergon.pl\/de\/wp-json\/wp\/v2\/pages\/1935","targetHints":{"allow":["GET"]}}],"collection":[{"href":"https:\/\/odk-ergon.pl\/de\/wp-json\/wp\/v2\/pages"}],"about":[{"href":"https:\/\/odk-ergon.pl\/de\/wp-json\/wp\/v2\/types\/page"}],"author":[{"embeddable":true,"href":"https:\/\/odk-ergon.pl\/de\/wp-json\/wp\/v2\/users\/1"}],"replies":[{"embeddable":true,"href":"https:\/\/odk-ergon.pl\/de\/wp-json\/wp\/v2\/comments?post=1935"}],"version-history":[{"count":8,"href":"https:\/\/odk-ergon.pl\/de\/wp-json\/wp\/v2\/pages\/1935\/revisions"}],"predecessor-version":[{"id":3092,"href":"https:\/\/odk-ergon.pl\/de\/wp-json\/wp\/v2\/pages\/1935\/revisions\/3092"}],"up":[{"embeddable":true,"href":"https:\/\/odk-ergon.pl\/de\/wp-json\/wp\/v2\/pages\/1828"}],"wp:featuredmedia":[{"embeddable":true,"href":"https:\/\/odk-ergon.pl\/de\/wp-json\/wp\/v2\/media\/1937"}],"wp:attachment":[{"href":"https:\/\/odk-ergon.pl\/de\/wp-json\/wp\/v2\/media?parent=1935"}],"curies":[{"name":"wp","href":"https:\/\/api.w.org\/{rel}","templated":true}]}}