{"id":1944,"date":"2021-09-27T21:09:49","date_gmt":"2021-09-27T20:09:49","guid":{"rendered":"https:\/\/odk-ergon.pl\/?page_id=1944"},"modified":"2023-03-13T10:34:59","modified_gmt":"2023-03-13T09:34:59","slug":"transportable-plattformen","status":"publish","type":"page","link":"https:\/\/odk-ergon.pl\/de\/szkolenia\/uprawnienia-udt-tdt\/podesty-przewozne\/","title":{"rendered":"Transportable Plattformen - ein Kurs zur Vorbereitung auf die UDT-Qualifikation"},"content":{"rendered":"<p><a href=\"https:\/\/odk-ergon.pl\/wp-content\/uploads\/2021\/09\/podesty_ruchome_pajak_2.jpg\"><img loading=\"lazy\" decoding=\"async\" class=\"obrazekpadding alignleft wp-image-1947 size-medium\" src=\"https:\/\/odk-ergon.pl\/wp-content\/uploads\/2021\/09\/podesty_ruchome_pajak_2-300x200.jpg\" alt=\"Mobile mobile Plattformen - Ger\u00e4te, die aufgrund ihrer kompakten Gr\u00f6\u00dfe gerne beim Bauen und Renovieren eingesetzt werden\" width=\"300\" height=\"200\" srcset=\"https:\/\/odk-ergon.pl\/wp-content\/uploads\/2021\/09\/podesty_ruchome_pajak_2-300x200.jpg 300w, https:\/\/odk-ergon.pl\/wp-content\/uploads\/2021\/09\/podesty_ruchome_pajak_2-768x513.jpg 768w, https:\/\/odk-ergon.pl\/wp-content\/uploads\/2021\/09\/podesty_ruchome_pajak_2-624x417.jpg 624w, https:\/\/odk-ergon.pl\/wp-content\/uploads\/2021\/09\/podesty_ruchome_pajak_2.jpg 955w\" sizes=\"auto, (max-width: 300px) 100vw, 300px\" \/><\/a>Die fachliche Bef\u00e4higung zum Bedienen von Umschlagger\u00e4ten \u2013 fahrbare B\u00fchnen ist nach den Vorschriften des T\u00dcV vorgeschrieben. Diese Qualifikationen werden durch eine Pr\u00fcfung erworben, die aus einem Test- und einem praktischen Teil besteht. F\u00fcr Personen, die mit dem Gedanken spielen, mit diesen beliebten Ger\u00e4ten zu arbeiten, bieten wir Schulungen an, die sie theoretisch und praktisch auf die Pr\u00fcfung vorbereiten. Programm und Organisation des Studiengangs sind darauf ausgerichtet, eine gr\u00f6\u00dftm\u00f6gliche Effektivit\u00e4t zum Bestehen des Staatsexamens zu gew\u00e4hrleisten.<\/p>\n<h2><\/h2>\n<h2>Fahrbare Arbeitsb\u00fchnen: transportabel - Informationen<\/h2>\n<p>Es handelt sich um eine Art von mobilen Plattformen, die h\u00e4ufig bei Bau-, Montage- und Renovierungsarbeiten verwendet werden. Mehrere Faktoren bestimmen die Beliebtheit mobiler Plattformen (sog. Spider). Zun\u00e4chst einmal werden diese Ger\u00e4te aufgrund ihrer geringen Gr\u00f6\u00dfe und ihres Gewichts gesch\u00e4tzt \u2013 ihre Plattformen sind relativ schmal, wodurch sie Orte erreichen k\u00f6nnen, an denen gr\u00f6\u00dfere Ger\u00e4te schwer zu erreichen sind. Diese Eigenschaften erm\u00f6glichen den Einsatz mobiler \u201eSpider\u201c-Plattformen auch innerhalb von Geb\u00e4uden, beispielsweise bei Renovierungsarbeiten, Wand- und Deckenanstrichen, Denkmalpflege. Gleichzeitig sind sie entweder mit gro\u00dfen Gummir\u00e4dern oder Raupen ausgestattet, was die Arbeit in schwierigem Gel\u00e4nde mit steilem Gef\u00e4lle erleichtert. Trotz ihrer geringen Gr\u00f6\u00dfe ist die Arbeitsh\u00f6he der Plattform ziemlich gro\u00df, sogar bis zu mehreren Dutzend Metern.<\/p>\n<div class=\"filmw\">\n<div class=\"responsive-youtube\" style=\"text-align: center;\"><iframe loading=\"lazy\" title=\"YouTube-Video-Player\" src=\"https:\/\/www.youtube.com\/embed\/CLZn05fOBfI\" width=\"560\" height=\"315\" frameborder=\"0\" allowfullscreen=\"allowfullscreen\"><\/iframe><\/div>\n<\/div>\n<p><strong>&quot;Spinnen&quot; werden unter anderem verwendet f\u00fcr:<\/strong><\/p>\n<ul>\n<li>Installation von Elementen au\u00dferhalb von Geb\u00e4uden: D\u00e4cher, Dachrinnen, Balkongel\u00e4nder<\/li>\n<li>Montage von Mast-, Turm- und Br\u00fcckenelementen<\/li>\n<li>Durchf\u00fchrung von Inspektionen von Geb\u00e4uden und Bauwerken<\/li>\n<li>Renovierungs- und Instandhaltungsarbeiten an Geb\u00e4uden - innen und au\u00dfen<\/li>\n<li>Reparieren Sie Beleuchtung, Stromleitungen, Telefonleitungen<\/li>\n<li>Reinigungsarbeiten, Schneer\u00e4umung, \u00c4ste beschneiden<\/li>\n<li>Installation und Reparatur von Elektro-, Feuer- und L\u00fcftungsanlagen in gro\u00dfen Geb\u00e4uden: Fabriken, Lager, \u00f6ffentliche Geb\u00e4ude<\/li>\n<li>Installation von gro\u00dfformatigen Werbemitteln, z.B. Billboards<\/li>\n<\/ul>\n<div style=\"width: 640px;\" class=\"wp-video\"><video id=\"video-1944-1\" width=\"640\" height=\"360\" poster=\"https:\/\/odk-ergon.pl\/wp-content\/uploads\/2023\/03\/20230127_031102_0000.jpg\" preload=\"metadata\" controls=\"controls\"><source type=\"video\/mp4\" src=\"https:\/\/odk-ergon.pl\/wp-content\/uploads\/2023\/03\/ACCEPTED-operator-podestow-4K-odk-ergon.mp4?_=1\" \/><a href=\"https:\/\/odk-ergon.pl\/wp-content\/uploads\/2023\/03\/ACCEPTED-operator-podestow-4K-odk-ergon.mp4\">https:\/\/odk-ergon.pl\/wp-content\/uploads\/2023\/03\/ACCEPTED-operator-podestow-4K-odk-ergon.mp4<\/a><\/video><\/div>\n<h2>Spiders mobile Plattformen - Servicekurs<\/h2>\n<p><a href=\"https:\/\/odk-ergon.pl\/wp-content\/uploads\/2021\/09\/podesty_ruchome_pajak_1.jpg\"><img loading=\"lazy\" decoding=\"async\" class=\"obrazekpadding alignright wp-image-1946 size-medium\" src=\"https:\/\/odk-ergon.pl\/wp-content\/uploads\/2021\/09\/podesty_ruchome_pajak_1-300x290.jpg\" alt=\"Die Verwendung von mobilen &quot;Spider&quot; -Plattformen: Bau, Renovierung, Wartung, Reparaturarbeiten\" width=\"300\" height=\"290\" srcset=\"https:\/\/odk-ergon.pl\/wp-content\/uploads\/2021\/09\/podesty_ruchome_pajak_1-300x290.jpg 300w, https:\/\/odk-ergon.pl\/wp-content\/uploads\/2021\/09\/podesty_ruchome_pajak_1-768x742.jpg 768w, https:\/\/odk-ergon.pl\/wp-content\/uploads\/2021\/09\/podesty_ruchome_pajak_1-624x603.jpg 624w, https:\/\/odk-ergon.pl\/wp-content\/uploads\/2021\/09\/podesty_ruchome_pajak_1.jpg 949w\" sizes=\"auto, (max-width: 300px) 100vw, 300px\" \/><\/a>Der Kurs f\u00fcr Bediener von mobilen Arbeitsb\u00fchnen des Typs Spider ist eine Vorbereitung auf die staatliche Pr\u00fcfung, die von der UDT durchgef\u00fchrt wird. Die Ausbildungskurse haben ein in Absprache mit dem Amt entwickeltes Programm, das mit den Pr\u00fcfungsanforderungen \u00fcbereinstimmt. Am Ende der Kurse findet eine Pr\u00fcfung vor der UDT-Kommission statt, die in Zusammenarbeit mit dem Zentrum durchgef\u00fchrt wird (Festlegung der Termine, Einschreibung der Teilnehmer).<\/p>\n<ul>\n<li>Wir organisieren offene Trainings auf verschiedenen Entwicklungsstufen. Termine und Orte (Warschau und andere Gro\u00dfst\u00e4dte) werden regelm\u00e4\u00dfig auf unserer Website ver\u00f6ffentlicht. Der Unterricht findet unter der Woche und am Wochenende zu unterschiedlichen Zeiten statt, um den Erwerb von Kenntnissen auch f\u00fcr Berufst\u00e4tige zu erleichtern<\/li>\n<li>Wir bieten Arbeitgebern die Organisation geschlossener Schulungen nur f\u00fcr die Mitarbeiter des Unternehmens an. Bei solchen Schulungen werden Umfang und Stundenzahl auf den Auftraggeber abgestimmt. Wir planen Kurse von Grund auf neu oder f\u00fcr Leute mit Erfahrung<\/li>\n<li>Lehrform: station\u00e4re oder Online-Vorlesungen (Webinare) und praktische \u00dcbungen. Die Teilnehmer lernen die Vorschriften zum Betrieb von Ger\u00e4ten, Gesundheits- und Sicherheitsvorschriften zum Betrieb, Konstruktion von B\u00fchnenelementen kennen und haben anschlie\u00dfend die M\u00f6glichkeit, die erworbenen F\u00e4higkeiten auf dem Rangierplatz in der Praxis zu \u00fcben<\/li>\n<li>Um die Teilnehmer besser auf die Pr\u00fcfung vorzubereiten, pr\u00fcfen wir w\u00e4hrend des Kurses mehrfach das Wissen der Teilnehmer und f\u00fchren vor der externen Pr\u00fcfung einen eigenen Einstufungstest durch. Teilnehmer des Mobile Platform Operator-Kurses k\u00f6nnen zus\u00e4tzlich auf unserer Bildungsplattform, auf der wir unter anderem Musterpr\u00fcfungsfragen ver\u00f6ffentlichen, selbstst\u00e4ndig lernen<\/li>\n<\/ul>\n<p>Die nach dem Studium erworbenen Qualifikationen an <a href=\"https:\/\/odk-ergon.pl\/de\/szkolenia\/uprawnienia-udt-tdt\/podeste-ruchome\/\">mobile Plattformen<\/a> erm\u00f6glichen es Ihnen, in ganz Polen zu arbeiten. Sie k\u00f6nnen auch im Ausland g\u00fcltig sein (\u00fcberpr\u00fcfen Sie vor der Abreise die im jeweiligen Land geltenden Bestimmungen).<\/p>\n<p>Wenn Sie weitere Fragen zu den Kursen der mobilen Plattform haben (Preis, Programm, organisatorische Fragen), empfehlen wir Ihnen, die Informationen auf der Website zu lesen <a href=\"https:\/\/odk-ergon.pl\/de\/faq\/\">FAQ<\/a>.<\/p>\n<p><a href=\"https:\/\/odk-ergon.pl\/wp-content\/uploads\/2022\/11\/Szablon-odk-ergon.png\"><img loading=\"lazy\" decoding=\"async\" class=\"aligncenter wp-image-2567\" src=\"https:\/\/odk-ergon.pl\/wp-content\/uploads\/2022\/11\/Szablon-odk-ergon-300x175.png\" alt=\"\" width=\"750\" height=\"438\" srcset=\"https:\/\/odk-ergon.pl\/wp-content\/uploads\/2022\/11\/Szablon-odk-ergon-300x175.png 300w, https:\/\/odk-ergon.pl\/wp-content\/uploads\/2022\/11\/Szablon-odk-ergon-1024x597.png 1024w, https:\/\/odk-ergon.pl\/wp-content\/uploads\/2022\/11\/Szablon-odk-ergon-768x448.png 768w, https:\/\/odk-ergon.pl\/wp-content\/uploads\/2022\/11\/Szablon-odk-ergon-18x12.png 18w, https:\/\/odk-ergon.pl\/wp-content\/uploads\/2022\/11\/Szablon-odk-ergon-624x364.png 624w, https:\/\/odk-ergon.pl\/wp-content\/uploads\/2022\/11\/Szablon-odk-ergon.png 1200w\" sizes=\"auto, (max-width: 750px) 100vw, 750px\" \/><\/a><\/p>","protected":false},"excerpt":{"rendered":"<p>Posiadanie kwalifikacji zawodowych do obs\u0142ugi urz\u0105dze\u0144 transportu bliskiego &#8211; podest\u00f3w ruchomych jest wymagane przepisami Urz\u0119du Dozoru Technicznego. Zdobywanie tych uprawnie\u0144 odbywa si\u0119 na drodze egzaminu, sk\u0142adaj\u0105cego si\u0119 z testu i cz\u0119\u015bci praktycznej. Osobom, kt\u00f3re my\u015bl\u0105 o pracy z tymi popularnymi urz\u0105dzeniami proponujemy udzia\u0142 w szkoleniu, kt\u00f3re przygotuje ich do egzaminu od strony teoretycznej i praktycznej. Program i organizacja kursu zosta\u0142y zaprojektowane tak, aby zapewni\u0107 jak najwi\u0119ksz\u0105 skuteczno\u015b\u0107 w zdawaniu egzaminu pa\u0144stwowego. Podesty ruchome przejezdne: przewo\u017ane &#8211; informacje To rodzaj podest\u00f3w ruchomych powszechnie wykorzystywanych w pracach budowlanych, monta\u017cowych, remontowych. O popularno\u015bci podest\u00f3w przewo\u017anych (tzw. paj\u0105k\u00f3w) decyduje kilka czynnik\u00f3w. Przede wszystkim urz\u0105dzenia te s\u0105 cenione ze wzgl\u0119du na niewielkie rozmiary i wag\u0119 &#8211; ich podesty s\u0105 stosunkowo w\u0105skie, co pozwala im dotrze\u0107 w miejsca, w kt\u00f3re trudno jest dosta\u0107 si\u0119 wi\u0119kszymi urz\u0105dzeniami. Te cechy pozwalaj\u0105 na korzystanie z podest\u00f3w ruchomych \u201cpaj\u0105k\u00f3w\u201d tak\u017ce wewn\u0105trz budynk\u00f3w, na przyk\u0142ad przy pracach remontowych, malowaniu \u015bcian i sufit\u00f3w, konserwacji zabytk\u00f3w. S\u0105 jednocze\u015bnie wyposa\u017cone albo w du\u017ce gumowe ko\u0142a, albo w g\u0105sienice, co u\u0142atwia prac\u0119 w trudnym terenie o du\u017cym nachyleniu. Mimo niewielkiego rozmiaru, wysoko\u015b\u0107 robocza platformy jest do\u015b\u0107 du\u017ca, nawet do kilkudziesi\u0119ciu metr\u00f3w. \u201cPaj\u0105ki\u201d wykorzystuje si\u0119 mi\u0119dzy innymi do: Monta\u017cu element\u00f3w na zewn\u0105trz budynk\u00f3w: dach\u00f3w, rynien, balustrad balkonowych Monta\u017cu element\u00f3w konstrukcji masztowych, wie\u017cowych, mostowych Przeprowadzania kontroli budynk\u00f3w i budowli Prac remontowych i konserwacyjnych w budynkach \u2013 na zewn\u0105trz i wewn\u0105trz Napraw o\u015bwietlenia, linii energetycznych, linii telefonicznych Prac porz\u0105dkowych, od\u015bnie\u017cania, przycinania ga\u0142\u0119zi Monta\u017cu i napraw instalacji elektrycznych, przeciwpo\u017carowych, wentylacyjnych w du\u017cych budynkach: fabrykach, magazynach, budynkach u\u017cyteczno\u015bci publicznej Monta\u017cu reklam wielkoformatowych, np. billboard\u00f3w Podesty [&hellip;]<\/p>\n","protected":false},"author":1,"featured_media":1947,"parent":1828,"menu_order":0,"comment_status":"closed","ping_status":"closed","template":"","meta":{"sfsi_plus_gutenberg_text_before_share":"","sfsi_plus_gutenberg_show_text_before_share":"","sfsi_plus_gutenberg_icon_type":"","sfsi_plus_gutenberg_icon_alignemt":"","sfsi_plus_gutenburg_max_per_row":"","footnotes":""},"class_list":["post-1944","page","type-page","status-publish","has-post-thumbnail","hentry","has_thumb"],"aioseo_notices":[],"_links":{"self":[{"href":"https:\/\/odk-ergon.pl\/de\/wp-json\/wp\/v2\/pages\/1944","targetHints":{"allow":["GET"]}}],"collection":[{"href":"https:\/\/odk-ergon.pl\/de\/wp-json\/wp\/v2\/pages"}],"about":[{"href":"https:\/\/odk-ergon.pl\/de\/wp-json\/wp\/v2\/types\/page"}],"author":[{"embeddable":true,"href":"https:\/\/odk-ergon.pl\/de\/wp-json\/wp\/v2\/users\/1"}],"replies":[{"embeddable":true,"href":"https:\/\/odk-ergon.pl\/de\/wp-json\/wp\/v2\/comments?post=1944"}],"version-history":[{"count":7,"href":"https:\/\/odk-ergon.pl\/de\/wp-json\/wp\/v2\/pages\/1944\/revisions"}],"predecessor-version":[{"id":3093,"href":"https:\/\/odk-ergon.pl\/de\/wp-json\/wp\/v2\/pages\/1944\/revisions\/3093"}],"up":[{"embeddable":true,"href":"https:\/\/odk-ergon.pl\/de\/wp-json\/wp\/v2\/pages\/1828"}],"wp:featuredmedia":[{"embeddable":true,"href":"https:\/\/odk-ergon.pl\/de\/wp-json\/wp\/v2\/media\/1947"}],"wp:attachment":[{"href":"https:\/\/odk-ergon.pl\/de\/wp-json\/wp\/v2\/media?parent=1944"}],"curies":[{"name":"wp","href":"https:\/\/api.w.org\/{rel}","templated":true}]}}