{"id":1952,"date":"2021-09-28T22:00:07","date_gmt":"2021-09-28T21:00:07","guid":{"rendered":"https:\/\/odk-ergon.pl\/?page_id=1952"},"modified":"2023-03-13T10:37:40","modified_gmt":"2023-03-13T09:37:40","slug":"luftplattformen","status":"publish","type":"page","link":"https:\/\/odk-ergon.pl\/de\/szkolenia\/uprawnienia-udt-tdt\/podnosniki-koszowe\/","title":{"rendered":"Ein Lehrgang f\u00fcr Hubarbeitsb\u00fchnen mit UDT-Pr\u00fcfung"},"content":{"rendered":"<p><a href=\"https:\/\/odk-ergon.pl\/wp-content\/uploads\/2021\/09\/podnosnik_koszowy_1.jpg\"><img loading=\"lazy\" decoding=\"async\" class=\"obrazekpadding alignleft wp-image-1954 size-medium\" src=\"https:\/\/odk-ergon.pl\/wp-content\/uploads\/2021\/09\/podnosnik_koszowy_1-300x195.jpg\" alt=\"Tafeln d\u00fcrfen nur von Personen bedient werden, die die Pr\u00fcfung bestanden haben und \u00fcber eine UDT-Qualifikation verf\u00fcgen\" width=\"300\" height=\"195\" srcset=\"https:\/\/odk-ergon.pl\/wp-content\/uploads\/2021\/09\/podnosnik_koszowy_1-300x195.jpg 300w, https:\/\/odk-ergon.pl\/wp-content\/uploads\/2021\/09\/podnosnik_koszowy_1-1024x666.jpg 1024w, https:\/\/odk-ergon.pl\/wp-content\/uploads\/2021\/09\/podnosnik_koszowy_1-768x499.jpg 768w, https:\/\/odk-ergon.pl\/wp-content\/uploads\/2021\/09\/podnosnik_koszowy_1-624x406.jpg 624w, https:\/\/odk-ergon.pl\/wp-content\/uploads\/2021\/09\/podnosnik_koszowy_1.jpg 1513w\" sizes=\"auto, (max-width: 300px) 100vw, 300px\" \/><\/a>Diese Kurse sind f\u00fcr Personen aller Erfahrungsstufen im Umgang mit Erh\u00f6hungen gedacht. Die Schulungen werden in Gruppen f\u00fcr Anf\u00e4nger und f\u00fcr Personen organisiert, die sich bereits mit Aufz\u00fcgen auseinandergesetzt haben. Die Teilnehmer haben die M\u00f6glichkeit, sich theoretisches Wissen anzueignen und dieses durch praktische Bedienfertigkeiten zu erg\u00e4nzen. Diese Vorbereitung erm\u00f6glicht es ihnen, am Ende des Studiums nicht nur das Staatsexamen abzulegen, sondern auch praktisch unmittelbar nach dem Abschluss ins Berufsleben einzusteigen.<\/p>\n<h2>Kurs: Hubarbeitsb\u00fchnen - Kurs der Klassen<\/h2>\n<p>Der theoretische Unterricht wird in Form von Vorlesungen durchgef\u00fchrt (auch online verf\u00fcgbar - Live-Webinare). Instruktoren vermitteln aktivierendes Wissen f\u00fcr die Teilnehmer und bringen ihnen bei, wie man einzelne Elemente der Hebeb\u00fchne baut, die Bedienungsanleitung benutzt, sie informieren \u00fcber Sicherheitsregeln, technische Pr\u00fcfvorschriften, Standsicherheit und Belastbarkeit von Korbb\u00fchnen. Personen, die den theoretischen Teil absolvieren, k\u00f6nnen an praktischen Kursen auf dem Rangierbahnhof teilnehmen. Solche \u00dcbungen sind eine Gelegenheit, den Umgang mit Hubarbeitsb\u00fchnen zu erlernen und sich \u00fcber Gesundheits- und Sicherheitsvorschriften zu informieren.<\/p>\n<p>Der Lehrplan f\u00fcr die Uplifts entspricht den Anforderungen der UDT und ber\u00fccksichtigt den f\u00fcr die externe Pr\u00fcfung erforderlichen Stoff.<\/p>\n<div class=\"filmw\">\n<div class=\"responsive-youtube\" style=\"text-align: center;\"><iframe loading=\"lazy\" title=\"YouTube-Video-Player\" src=\"https:\/\/www.youtube.com\/embed\/CLZn05fOBfI\" width=\"560\" height=\"315\" frameborder=\"0\" allowfullscreen=\"allowfullscreen\"><\/iframe><\/div>\n<\/div>\n<p><strong>Praktische Information:<\/strong><\/p>\n<ul>\n<li>Dauer: Die Anzahl der Unterrichtsstunden variiert zwischen 10 und etwa 20, je nach Fortschrittsstand der Teilnehmer und der Menge an Wissen, die sie vermitteln m\u00fcssen. Zeit und Umfang des Trainings werden vereinbart und k\u00f6nnen je nach Bedarf der Gruppe \/ des Sch\u00fclers verl\u00e4ngert oder verk\u00fcrzt werden.<\/li>\n<li>Voraussetzungen: Die Teilnehmer m\u00fcssen \u00fcber eine Mindestgrundschulbildung von mindestens 18 Jahren und einen Gesundheitszustand verf\u00fcgen, der sie zur Aus\u00fcbung einer T\u00e4tigkeit bef\u00e4higt (eine Erkl\u00e4rung oder ein Attest eines Arbeitsmediziners, dass keine Kontraindikationen f\u00fcr Arbeiten in der H\u00f6he bestehen und psychophysische Fitness)<\/li>\n<li>Ort: St\u00e4dte, in denen Kurse f\u00fcr Hubarbeitsb\u00fchnen durchgef\u00fchrt werden: Warschau, Krakau, Katowice und andere Gro\u00dfst\u00e4dte. Auf Anfrage des Unternehmens kann das Zentrum geschlossene Schulungen f\u00fcr seine Mitarbeiter organisieren.<\/li>\n<li><a href=\"https:\/\/odk-ergon.pl\/de\/cennik\/\">Preis<\/a> Beinhaltet: bestimmte Anzahl von Theorie- und Praxisstunden, Kursunterlagen auf einer Online-Plattform (einschlie\u00dflich Tests mit Musterfragen), Kursabschlusszertifikat, Erfrischungen in den Kaffeepausen, Ablegen der Pr\u00fcfung vor der UDT-Kommission<\/li>\n<\/ul>\n<div style=\"width: 640px;\" class=\"wp-video\"><video id=\"video-1952-1\" width=\"640\" height=\"360\" poster=\"https:\/\/odk-ergon.pl\/wp-content\/uploads\/2023\/03\/20230127_031102_0000.jpg\" preload=\"metadata\" controls=\"controls\"><source type=\"video\/mp4\" src=\"https:\/\/odk-ergon.pl\/wp-content\/uploads\/2023\/03\/ACCEPTED-operator-podestow-4K-odk-ergon.mp4?_=1\" \/><a href=\"https:\/\/odk-ergon.pl\/wp-content\/uploads\/2023\/03\/ACCEPTED-operator-podestow-4K-odk-ergon.mp4\">https:\/\/odk-ergon.pl\/wp-content\/uploads\/2023\/03\/ACCEPTED-operator-podestow-4K-odk-ergon.mp4<\/a><\/video><\/div>\n<h2>Welche M\u00f6glichkeiten bietet der Korbliftkurs?<\/h2>\n<p><a href=\"https:\/\/odk-ergon.pl\/wp-content\/uploads\/2021\/09\/podnosnik_koszowy_2.jpg\"><img loading=\"lazy\" decoding=\"async\" class=\"obrazekpadding alignleft wp-image-1953 size-medium\" src=\"https:\/\/odk-ergon.pl\/wp-content\/uploads\/2021\/09\/podnosnik_koszowy_2-300x200.jpg\" alt=\"Hubarbeitsb\u00fchnen sind genehmigungspflichtige Flurf\u00f6rderzeuge\" width=\"300\" height=\"200\" srcset=\"https:\/\/odk-ergon.pl\/wp-content\/uploads\/2021\/09\/podnosnik_koszowy_2-300x200.jpg 300w, https:\/\/odk-ergon.pl\/wp-content\/uploads\/2021\/09\/podnosnik_koszowy_2-1024x683.jpg 1024w, https:\/\/odk-ergon.pl\/wp-content\/uploads\/2021\/09\/podnosnik_koszowy_2-768x512.jpg 768w, https:\/\/odk-ergon.pl\/wp-content\/uploads\/2021\/09\/podnosnik_koszowy_2-624x416.jpg 624w, https:\/\/odk-ergon.pl\/wp-content\/uploads\/2021\/09\/podnosnik_koszowy_2.jpg 1451w\" sizes=\"auto, (max-width: 300px) 100vw, 300px\" \/><\/a>Die Ausbildung zum Bediener schlie\u00dft mit einer staatlichen Pr\u00fcfung ab, die vor der Beauftragung des T\u00dcV abgelegt wird. Diese zweiteilige Pr\u00fcfung (Theorie und Praxis) ist eine unabdingbare Voraussetzung f\u00fcr diejenigen, die sich f\u00fcr Aufstiege qualifizieren und mit diesem Ger\u00e4t arbeiten wollen.<\/p>\n<p>Der von der UDT ausgestellte Qualifikationsnachweis ist 5 Jahre g\u00fcltig und berechtigt zur Besch\u00e4ftigung als Aufzugsf\u00fchrer. Mit diesen Qualifikationen finden Sie einen Job in Bau- und Renovierungsunternehmen, Energieunternehmen und anderen kommunalen Einheiten, Unternehmen, die sich auf Gro\u00dffl\u00e4chenwerbung oder Gr\u00fcnpflege spezialisiert haben. Eine Qualifikation ist auch erforderlich, wenn Sie ein eigenes Unternehmen f\u00fchren, das Arbeiten unter Verwendung von Bohrern durchf\u00fchrt. Die von UDT ausgestellte Bescheinigung ist auch bei der Anmietung des Ger\u00e4tes beim Ger\u00e4teverleih vorzulegen.<\/p>\n<p><a href=\"https:\/\/odk-ergon.pl\/wp-content\/uploads\/2022\/11\/Szablon-odk-ergon.png\"><img loading=\"lazy\" decoding=\"async\" class=\"aligncenter wp-image-2567\" src=\"https:\/\/odk-ergon.pl\/wp-content\/uploads\/2022\/11\/Szablon-odk-ergon-300x175.png\" alt=\"\" width=\"750\" height=\"438\" srcset=\"https:\/\/odk-ergon.pl\/wp-content\/uploads\/2022\/11\/Szablon-odk-ergon-300x175.png 300w, https:\/\/odk-ergon.pl\/wp-content\/uploads\/2022\/11\/Szablon-odk-ergon-1024x597.png 1024w, https:\/\/odk-ergon.pl\/wp-content\/uploads\/2022\/11\/Szablon-odk-ergon-768x448.png 768w, https:\/\/odk-ergon.pl\/wp-content\/uploads\/2022\/11\/Szablon-odk-ergon-18x12.png 18w, https:\/\/odk-ergon.pl\/wp-content\/uploads\/2022\/11\/Szablon-odk-ergon-624x364.png 624w, https:\/\/odk-ergon.pl\/wp-content\/uploads\/2022\/11\/Szablon-odk-ergon.png 1200w\" sizes=\"auto, (max-width: 750px) 100vw, 750px\" \/><\/a><\/p>\n<p>&nbsp;<\/p>","protected":false},"excerpt":{"rendered":"<p>To zaj\u0119cia przeznaczone dla os\u00f3b na dowolnym poziomie zaawansowania, je\u015bli chodzi o obs\u0142ug\u0119 zwy\u017cek. Szkolenia s\u0105 organizowane w grupach dla pocz\u0105tkuj\u0105cych oraz dla os\u00f3b, kt\u00f3re mia\u0142y ju\u017c do czynienia z podno\u015bnikami. Uczestnicy maj\u0105 mo\u017cliwo\u015b\u0107 zdobycia wiedzy teoretycznej i uzupe\u0142nienia jej o praktyczne umiej\u0119tno\u015bci obs\u0142ugi. Takie przygotowanie pozwala im nie tylko na podej\u015bcie do egzaminu pa\u0144stwowego na koniec kursu, ale tak\u017ce na podj\u0119cie pracy praktycznie zaraz po zako\u0144czeniu nauki. Kurs: podno\u015bniki koszowe \u2013 przebieg zaj\u0119\u0107 Zaj\u0119cia teoretyczne s\u0105 prowadzone w formie wyk\u0142ad\u00f3w (dost\u0119pna tak\u017ce forma online \u2013 webinary na \u017cywo). Instruktorzy przekazuj\u0105 wiedz\u0119 w spos\u00f3b aktywizuj\u0105cy uczestnik\u00f3w i ucz\u0105 ich budowy poszczeg\u00f3lnych element\u00f3w zwy\u017cek, korzystania z instrukcji obs\u0142ugi informuj\u0105 o zasadach bezpiecze\u0144stwa, przepisach dozoru technicznego, o stateczno\u015bci i wytrzyma\u0142o\u015bci podest\u00f3w koszowych. Osoby, kt\u00f3re uko\u0144cz\u0105 cz\u0119\u015b\u0107 teoretyczn\u0105, mog\u0105 wzi\u0105\u0107 udzia\u0142 w zaj\u0119ciach praktycznych na placu manewrowym. Takie \u0107wiczenia to okazja do nauki obs\u0142ugi podno\u015bnik\u00f3w koszowych oraz do poznania zasad BHP. Program kursu na zwy\u017cki jest zgodny z wymogami UDT i uwzgl\u0119dnia materia\u0142 wymagany na egzaminie zewn\u0119trznym. Informacje praktyczne: Czas trwania: liczba godzin zaj\u0119\u0107 wynosi od 10 do oko\u0142o 20, w zale\u017cno\u015bci od tego, jaki jest stopie\u0144 zaawansowania uczestnik\u00f3w i ile wiedzy trzeba im przekaza\u0107. Czas i zakres szkolenia jest uzgodniony i mo\u017ce zosta\u0107 wyd\u0142u\u017cony lub skr\u00f3cony wg potrzeb grupy\/kursanta. Wymagania: od uczestnik\u00f3w wymaga si\u0119 wykszta\u0142cenia minimum podstawowego, uko\u0144czonych 18 lat i stanu zdrowia pozwalaj\u0105cego na wykonywanie pracy (o\u015bwiadczenie lub za\u015bwiadczenie od lekarza medycyny pracy o braku przeciwskaza\u0144 do pracy na wysoko\u015bci oraz sprawno\u015bci psychofizycznej) Lokalizacja: miasta, w kt\u00f3rych odbywaj\u0105 si\u0119 kursy na podno\u015bniki koszowe: Warszawa, Krak\u00f3w, Katowice [&hellip;]<\/p>\n","protected":false},"author":1,"featured_media":1954,"parent":1828,"menu_order":0,"comment_status":"closed","ping_status":"closed","template":"","meta":{"sfsi_plus_gutenberg_text_before_share":"","sfsi_plus_gutenberg_show_text_before_share":"","sfsi_plus_gutenberg_icon_type":"","sfsi_plus_gutenberg_icon_alignemt":"","sfsi_plus_gutenburg_max_per_row":"","footnotes":""},"class_list":["post-1952","page","type-page","status-publish","has-post-thumbnail","hentry","has_thumb"],"aioseo_notices":[],"_links":{"self":[{"href":"https:\/\/odk-ergon.pl\/de\/wp-json\/wp\/v2\/pages\/1952","targetHints":{"allow":["GET"]}}],"collection":[{"href":"https:\/\/odk-ergon.pl\/de\/wp-json\/wp\/v2\/pages"}],"about":[{"href":"https:\/\/odk-ergon.pl\/de\/wp-json\/wp\/v2\/types\/page"}],"author":[{"embeddable":true,"href":"https:\/\/odk-ergon.pl\/de\/wp-json\/wp\/v2\/users\/1"}],"replies":[{"embeddable":true,"href":"https:\/\/odk-ergon.pl\/de\/wp-json\/wp\/v2\/comments?post=1952"}],"version-history":[{"count":6,"href":"https:\/\/odk-ergon.pl\/de\/wp-json\/wp\/v2\/pages\/1952\/revisions"}],"predecessor-version":[{"id":3096,"href":"https:\/\/odk-ergon.pl\/de\/wp-json\/wp\/v2\/pages\/1952\/revisions\/3096"}],"up":[{"embeddable":true,"href":"https:\/\/odk-ergon.pl\/de\/wp-json\/wp\/v2\/pages\/1828"}],"wp:featuredmedia":[{"embeddable":true,"href":"https:\/\/odk-ergon.pl\/de\/wp-json\/wp\/v2\/media\/1954"}],"wp:attachment":[{"href":"https:\/\/odk-ergon.pl\/de\/wp-json\/wp\/v2\/media?parent=1952"}],"curies":[{"name":"wp","href":"https:\/\/api.w.org\/{rel}","templated":true}]}}