{"id":1959,"date":"2021-09-29T23:02:04","date_gmt":"2021-09-29T22:02:04","guid":{"rendered":"https:\/\/odk-ergon.pl\/?page_id=1959"},"modified":"2022-11-24T14:31:49","modified_gmt":"2022-11-24T13:31:49","slug":"ausleger-hebebuhnen-scheren-hebebuhnen","status":"publish","type":"page","link":"https:\/\/odk-ergon.pl\/de\/szkolenia\/uprawnienia-udt-tdt\/boom-lifts-scissor-lifts\/","title":{"rendered":"Teleskoparbeitsb\u00fchnen und Scherenarbeitsb\u00fchnen - der Kurs endet mit einer Pr\u00fcfung f\u00fcr die Berechtigung zum Arbeiten im Ausland"},"content":{"rendered":"<p><a href=\"https:\/\/odk-ergon.pl\/wp-content\/uploads\/2021\/09\/podnosnik_koszowy_3.jpg\"><img loading=\"lazy\" decoding=\"async\" class=\"obrazekpadding wp-image-1963 size-medium alignleft\" src=\"https:\/\/odk-ergon.pl\/wp-content\/uploads\/2021\/09\/podnosnik_koszowy_3-300x200.jpg\" alt=\"Durch den Einsatz von Arbeitsb\u00fchnen und Scherenarbeitsb\u00fchnen k\u00f6nnen Sie problemlos eine Reihe von Arbeiten in der H\u00f6he durchf\u00fchren\" width=\"300\" height=\"200\" srcset=\"https:\/\/odk-ergon.pl\/wp-content\/uploads\/2021\/09\/podnosnik_koszowy_3-300x200.jpg 300w, https:\/\/odk-ergon.pl\/wp-content\/uploads\/2021\/09\/podnosnik_koszowy_3-1024x683.jpg 1024w, https:\/\/odk-ergon.pl\/wp-content\/uploads\/2021\/09\/podnosnik_koszowy_3-768x512.jpg 768w, https:\/\/odk-ergon.pl\/wp-content\/uploads\/2021\/09\/podnosnik_koszowy_3-624x416.jpg 624w, https:\/\/odk-ergon.pl\/wp-content\/uploads\/2021\/09\/podnosnik_koszowy_3.jpg 1493w\" sizes=\"auto, (max-width: 300px) 100vw, 300px\" \/><\/a>Dieses Schulungsprogramm wurde in \u00dcbereinstimmung mit den Standards ISO MEWP 18878: 2013 erstellt, hier, wo wir \u00fcber diesen Standard aus der Standarddatei und den Standards der OMHEC-Gruppe schreiben. Damit eignet es sich f\u00fcr Personen, die im Ausland an Land oder auf See arbeiten m\u00f6chten. Der Kurs endet mit einer Pr\u00fcfung, die von akkreditierten Ausbildern durchgef\u00fchrt wird, und das Bestehen der Pr\u00fcfung erm\u00f6glicht es Ihnen, ein Zertifikat zu erhalten, das f\u00fcr die Arbeit in Norwegen, Schweden, D\u00e4nemark oder Gro\u00dfbritannien erforderlich ist. Unser Angebot richtet sich sowohl an Einsteiger in den Beruf des Bedieners von Hubarbeitsb\u00fchnen und Scheren, als auch an erfahrene Personen mit <a href=\"https:\/\/odk-ergon.pl\/de\/szkolenia\/szkolenia-na-suwnice\/uprawnienia\/\">UDT-Qualifikationen<\/a>.<\/p>\n<p>Der Ort, an dem der theoretische und praktische Unterricht stattfindet, ist der Sitz des Zentrums in Warschau. Personen, die nicht in der Lage sind, am theoretischen Unterricht im Klassenzimmer teilzunehmen, k\u00f6nnen dies in Form von E-Learning aus der Ferne tun.<\/p>\n<div class=\"filmw\">\n<div class=\"responsive-youtube\" style=\"text-align: center;\"><iframe loading=\"lazy\" title=\"YouTube-Video-Player\" src=\"https:\/\/www.youtube.com\/embed\/CLZn05fOBfI\" width=\"560\" height=\"315\" frameborder=\"0\" allowfullscreen=\"allowfullscreen\"><\/iframe><\/div>\n<\/div>\n<h2>M\u00f6glichkeiten, nach der Ausbildung mit einem Zertifikat zu arbeiten<\/h2>\n<p>Der Erhalt des Zertifikats in elektronischer Form gibt Ihnen das Recht, in den in der OMHEC-Gruppe zusammengeschlossenen L\u00e4ndern, also Norwegen, Schweden, D\u00e4nemark und Gro\u00dfbritannien, zu arbeiten. OMHEC ist eine Organisation, die die Standards und die Sicherheit der H\u00f6henarbeit auf See aufrechterh\u00e4lt, daher gelten diese Befugnisse nicht nur an Land, sondern beispielsweise auch auf Bohrinseln.<\/p>\n<p>F\u00fcr Arbeiten in einer H\u00f6he von mehr als 2 Metern ist eine Bescheinigung erforderlich: Montage, Wartung oder Bau. Dies bietet hervorragende Besch\u00e4ftigungsm\u00f6glichkeiten. Neben den vorgenannten Arbeiten auf Bohranlagen darfst du Korb- und Scherenhebeb\u00fchnen (englische, umgangssprachliche Bezeichnung: Boom Lifts, Scherenhebeb\u00fchnen) auf Baustellen, in Betrieben der Anlagenmontage, Beleuchtungsreparaturen, beim Bau von Fabrik- und Lagerhallen, und sogar in Werbefirmen oder bei der Bereitstellung von Gr\u00fcnpflegediensten.<\/p>\n<p><strong>Die Teilnehmer erhalten Urkunden in Form einer Plastikkarte mit Foto und\/oder einer Urkunde in Papierform.<\/strong><\/p>\n<ul>\n<li>Das Zertifikat ist 1-3 Jahre ab Ausstellung g\u00fcltig. Die G\u00fcltigkeitsdauer der Karte \/ des Zertifikats ergibt sich unter anderem aus aus der Form der Schulung, Testergebnisse, einschlie\u00dflich der \u00dcberpr\u00fcfung von Kenntnissen und F\u00e4higkeiten.<\/li>\n<\/ul>\n<p><strong><a href=\"https:\/\/odk-ergon.pl\/wp-content\/uploads\/2021\/09\/podnosnik_koszowy_4.jpg\"><img loading=\"lazy\" decoding=\"async\" class=\"obrazekpadding wp-image-1962 size-medium alignright\" src=\"https:\/\/odk-ergon.pl\/wp-content\/uploads\/2021\/09\/podnosnik_koszowy_4-193x300.jpg\" alt=\"Die Scherenhebeb\u00fchne und Teleskoparbeitsb\u00fchne im Ausland darf nur von einer konzessionierten Person bedient werden\" width=\"193\" height=\"300\" srcset=\"https:\/\/odk-ergon.pl\/wp-content\/uploads\/2021\/09\/podnosnik_koszowy_4-193x300.jpg 193w, https:\/\/odk-ergon.pl\/wp-content\/uploads\/2021\/09\/podnosnik_koszowy_4-659x1024.jpg 659w, https:\/\/odk-ergon.pl\/wp-content\/uploads\/2021\/09\/podnosnik_koszowy_4-768x1194.jpg 768w, https:\/\/odk-ergon.pl\/wp-content\/uploads\/2021\/09\/podnosnik_koszowy_4-624x970.jpg 624w, https:\/\/odk-ergon.pl\/wp-content\/uploads\/2021\/09\/podnosnik_koszowy_4.jpg 980w\" sizes=\"auto, (max-width: 193px) 100vw, 193px\" \/><\/a>Die wichtigsten Informationen zum Studiengang<\/strong><\/p>\n<ul>\n<li>Programm des Unterrichts: Themen, die von den Ausbildern aufgeworfen werden, umfassen unter anderem Arten von Aufz\u00fcgen und deren Verwendung, Bau von Plattformen, Auslegern, Fahrgestellen, Sicherheitsregeln, Verhaltensregeln bei Unf\u00e4llen und St\u00f6rungen, Methoden zur Stabilisierung der Anstiege.<\/li>\n<li>Teilnehmer: Der Kurs kann von Personen ohne Erfahrung als Aufzugsbetreiber und Personen mit Erfahrung und polnischen UDT-Lizenzen besucht werden. Je nach Fortschrittsgrad leiten wir die Teilnehmer in der Anmeldephase an entsprechende Gruppen weiter. Personen ohne UDT-Qualifikation k\u00f6nnen an unseren anderen Kursen teilnehmen (<\/li>\n<li>Dauer: Die Dauer des theoretischen Teils betr\u00e4gt ca. 8 bis 16 Stunden. Beim praktischen Teil kann die L\u00e4nge unterschiedlich sein \u2013 es h\u00e4ngt von der Erfahrung des Teilnehmers im Umgang mit mobilen Plattformen ab. Die Gesamtschulungszeit kann auch je nach Art der Plattform, auf der die Schulung organisiert wird, variieren.<\/li>\n<li>Pr\u00fcfung: Personen, die ein Zertifikat erhalten m\u00f6chten, legen am Ende des Kurses die von unserem Zentrum organisierte Pr\u00fcfung ab. Die Pr\u00fcfung besteht aus theoretischen und praktischen Teilen. Eine Anfahrt ist im Kurspreis enthalten.<\/li>\n<li>Art der Registrierung: Die Registrierung kann telefonisch oder per E-Mail sowie \u00fcber die Website erfolgen <a href=\"http:\/\/www.platformaedukacji.pl\">Plattformedukacji.pl<\/a>an denen es aktuelle Termine gibt.<\/li>\n<\/ul>\n<p><a href=\"https:\/\/odk-ergon.pl\/wp-content\/uploads\/2022\/11\/Szablon-odk-ergon.png\"><img loading=\"lazy\" decoding=\"async\" class=\"aligncenter wp-image-2567\" src=\"https:\/\/odk-ergon.pl\/wp-content\/uploads\/2022\/11\/Szablon-odk-ergon-300x175.png\" alt=\"\" width=\"750\" height=\"438\" srcset=\"https:\/\/odk-ergon.pl\/wp-content\/uploads\/2022\/11\/Szablon-odk-ergon-300x175.png 300w, https:\/\/odk-ergon.pl\/wp-content\/uploads\/2022\/11\/Szablon-odk-ergon-1024x597.png 1024w, https:\/\/odk-ergon.pl\/wp-content\/uploads\/2022\/11\/Szablon-odk-ergon-768x448.png 768w, https:\/\/odk-ergon.pl\/wp-content\/uploads\/2022\/11\/Szablon-odk-ergon-18x12.png 18w, https:\/\/odk-ergon.pl\/wp-content\/uploads\/2022\/11\/Szablon-odk-ergon-624x364.png 624w, https:\/\/odk-ergon.pl\/wp-content\/uploads\/2022\/11\/Szablon-odk-ergon.png 1200w\" sizes=\"auto, (max-width: 750px) 100vw, 750px\" \/><\/a><\/p>\n<p>&nbsp;<\/p>","protected":false},"excerpt":{"rendered":"<p>To szkolenie, kt\u00f3rego program zosta\u0142 stworzony zgodnie z normami ISO MEWP 18878:2013 tu gdzie piszemy o tej normie z pliku normy oraz standardami grupy OMHEC. Oznacza to, \u017ce jest odpowiednie dla os\u00f3b, kt\u00f3re chc\u0105 pracowa\u0107 za granic\u0105 na l\u0105dzie lub na morzu. Kurs jest zako\u0144czony egzaminem przeprowadzanym przez akredytowanych instruktor\u00f3w, a zaliczenie egzaminu pozwala na uzyskanie certyfikatu potrzebnego do pracy w Norwegii, Szwecji, Danii lub Wielkiej Brytanii. Nasz\u0105 ofert\u0119 kierujemy zar\u00f3wno do os\u00f3b pocz\u0105tkuj\u0105cych w zawodzie operatora podno\u015bnik\u00f3w koszowych i no\u017cycowych, jak i do\u015bwiadczonych, posiadaj\u0105cych uprawnienia UDT. Miejsce, w kt\u00f3rym odbywaj\u0105 si\u0119 zaj\u0119cia teoretyczne i praktyczne, to siedziba O\u015brodka w Warszawie. Osoby, kt\u00f3re nie maj\u0105 mo\u017cliwo\u015bci udzia\u0142u w zaj\u0119ciach teoretycznych stacjonarnie, mog\u0105 zrealizowa\u0107 je zdalnie, w formie e-learningu. Mo\u017cliwo\u015bci pracy z certyfikatem po szkoleniu Otrzymanie certyfikatu w formie elektronicznej daje uprawnienia do pracy w krajach zrzeszonych w grupie OMHEC, czyli Norwegii, Szwecji, Danii i Wielkiej Brytanii. OMHEC to organizacja stoj\u0105ca na stra\u017cy standard\u00f3w i bezpiecze\u0144stwa w pracy na wysoko\u015bci na morzu, st\u0105d uprawnienia te obowi\u0105zuj\u0105 nie tylko na l\u0105dzie, ale tak\u017ce na przyk\u0142ad na platformach wiertniczych. Posiadanie certyfikatu jest wymagane w przypadku prac na wysoko\u015bci powy\u017cej 2 metr\u00f3w: monta\u017cowych, konserwacyjnych czy budowlanych. Daje to du\u017ce mo\u017cliwo\u015bci, je\u015bli chodzi o zatrudnienie. Opr\u00f3cz wspomnianych prac na platformach wiertniczych, mo\u017cna obs\u0142ugiwa\u0107 podno\u015bniki koszowe i no\u017cycowe (angloj\u0119zyczna, powszechnie u\u017cywana nazwa: boom lifts, scissor lifts) na budowach, w firmach zajmuj\u0105cych si\u0119 monta\u017cem instalacji, naprawami o\u015bwietlenia, budow\u0105 hal fabrycznych i magazynowych, a nawet w firmach reklamowych czy \u015bwiadcz\u0105cych us\u0142ugi piel\u0119gnacji zieleni. Uczestnicy otrzymuj\u0105 certyfikaty w formie karty plastikowej ze zdj\u0119ciem i\/lub [&hellip;]<\/p>\n","protected":false},"author":1,"featured_media":1963,"parent":1828,"menu_order":0,"comment_status":"closed","ping_status":"closed","template":"","meta":{"sfsi_plus_gutenberg_text_before_share":"","sfsi_plus_gutenberg_show_text_before_share":"","sfsi_plus_gutenberg_icon_type":"","sfsi_plus_gutenberg_icon_alignemt":"","sfsi_plus_gutenburg_max_per_row":"","footnotes":""},"class_list":["post-1959","page","type-page","status-publish","has-post-thumbnail","hentry","has_thumb"],"aioseo_notices":[],"_links":{"self":[{"href":"https:\/\/odk-ergon.pl\/de\/wp-json\/wp\/v2\/pages\/1959","targetHints":{"allow":["GET"]}}],"collection":[{"href":"https:\/\/odk-ergon.pl\/de\/wp-json\/wp\/v2\/pages"}],"about":[{"href":"https:\/\/odk-ergon.pl\/de\/wp-json\/wp\/v2\/types\/page"}],"author":[{"embeddable":true,"href":"https:\/\/odk-ergon.pl\/de\/wp-json\/wp\/v2\/users\/1"}],"replies":[{"embeddable":true,"href":"https:\/\/odk-ergon.pl\/de\/wp-json\/wp\/v2\/comments?post=1959"}],"version-history":[{"count":5,"href":"https:\/\/odk-ergon.pl\/de\/wp-json\/wp\/v2\/pages\/1959\/revisions"}],"predecessor-version":[{"id":2569,"href":"https:\/\/odk-ergon.pl\/de\/wp-json\/wp\/v2\/pages\/1959\/revisions\/2569"}],"up":[{"embeddable":true,"href":"https:\/\/odk-ergon.pl\/de\/wp-json\/wp\/v2\/pages\/1828"}],"wp:featuredmedia":[{"embeddable":true,"href":"https:\/\/odk-ergon.pl\/de\/wp-json\/wp\/v2\/media\/1963"}],"wp:attachment":[{"href":"https:\/\/odk-ergon.pl\/de\/wp-json\/wp\/v2\/media?parent=1959"}],"curies":[{"name":"wp","href":"https:\/\/api.w.org\/{rel}","templated":true}]}}