{"id":1976,"date":"2021-10-05T01:01:02","date_gmt":"2021-10-04T23:01:02","guid":{"rendered":"https:\/\/odk-ergon.pl\/?page_id=1976"},"modified":"2023-03-13T10:37:03","modified_gmt":"2023-03-13T09:37:03","slug":"hangende-mobile-plattformen","status":"publish","type":"page","link":"https:\/\/odk-ergon.pl\/de\/szkolenia\/uprawnienia-udt-tdt\/wiszace-podesty-ruchome\/","title":{"rendered":"H\u00e4ngende mobile Plattformen - ein Kurs f\u00fcr Bediener"},"content":{"rendered":"<p><a href=\"https:\/\/odk-ergon.pl\/wp-content\/uploads\/2021\/10\/podest_wiszacy_1.jpg\"><img loading=\"lazy\" decoding=\"async\" class=\"obrazekpadding alignleft wp-image-1977 size-medium\" src=\"https:\/\/odk-ergon.pl\/wp-content\/uploads\/2021\/10\/podest_wiszacy_1-300x200.jpg\" alt=\"Betreiber von mobilen H\u00e4ngeb\u00fchnen werden in Bau-, Renovierungs- und Montageunternehmen eingesetzt\" width=\"300\" height=\"200\" srcset=\"https:\/\/odk-ergon.pl\/wp-content\/uploads\/2021\/10\/podest_wiszacy_1-300x200.jpg 300w, https:\/\/odk-ergon.pl\/wp-content\/uploads\/2021\/10\/podest_wiszacy_1-1024x683.jpg 1024w, https:\/\/odk-ergon.pl\/wp-content\/uploads\/2021\/10\/podest_wiszacy_1-768x512.jpg 768w, https:\/\/odk-ergon.pl\/wp-content\/uploads\/2021\/10\/podest_wiszacy_1-624x416.jpg 624w, https:\/\/odk-ergon.pl\/wp-content\/uploads\/2021\/10\/podest_wiszacy_1.jpg 1527w\" sizes=\"auto, (max-width: 300px) 100vw, 300px\" \/><\/a>Wir empfehlen die Teilnahme an dem Kurs allen, die sich in dem auf dem Arbeitsmarkt nachgefragten Beruf qualifizieren m\u00f6chten. Wir setzen keine Erfahrung voraus - wir bilden auch Gruppen f\u00fcr Anf\u00e4nger. Ziel der Ausbildung im Umgang mit h\u00e4ngenden mobilen Arbeitsb\u00fchnen ist die bestm\u00f6gliche Vorbereitung auf die UDT-Staatspr\u00fcfung zur Berufsreifepr\u00fcfung.<\/p>\n<p>Dank des pr\u00fcfungskonformen Curriculums, der Erfahrung unserer Dozenten und einer zug\u00e4nglichen, praxisorientierten Unterrichtsform k\u00f6nnen wir uns seit vielen Jahren einer hohen Erfolgsquote r\u00fchmen.<\/p>\n<h2>H\u00e4ngende mobile Plattformen nat\u00fcrlich<\/h2>\n<p>Der Unterricht findet in Form von Vorlesungen und praktischen \u00dcbungen statt. Die Teilnehmer haben die M\u00f6glichkeit, sich \u00fcber folgende Themen zu informieren:<\/p>\n<ul>\n<li>Bau einer mobilen H\u00e4ngeb\u00fchne<\/li>\n<li>Vorbereitung von Bediener, Ger\u00e4t und Arbeitsplatz<\/li>\n<li>Sicherheitsregeln: Standortwahl, Beurteilung der Bedingungen, sicherer Betrieb<\/li>\n<li>Technische \u00dcberwachungsbestimmungen<\/li>\n<\/ul>\n<div class=\"filmw\">\n<div class=\"responsive-youtube\" style=\"text-align: center;\"><iframe loading=\"lazy\" title=\"YouTube-Video-Player\" src=\"https:\/\/www.youtube.com\/embed\/CLZn05fOBfI\" width=\"560\" height=\"315\" frameborder=\"0\" allowfullscreen=\"allowfullscreen\"><\/iframe><\/div>\n<\/div>\n<p>Bei Ausbildung am <a href=\"https:\/\/odk-ergon.pl\/de\/szkolenia\/uprawnienia-udt-tdt\/podeste-ruchome\/\">mobile Plattformen<\/a> <a href=\"https:\/\/odk-ergon.pl\/de\/cennik\/\">Preis<\/a> es beinhaltet auch den Weg zum UDT Staatsexamen f\u00fcr Bef\u00e4higungsnachweise. Es besteht aus zwei Teilen: Zuerst absolvieren die Kandidaten die Pr\u00fcfung, dann f\u00fchren sie ein Gespr\u00e4ch mit dem Pr\u00fcfer an der Maschine, bei dem die Bedienf\u00e4higkeiten \u00fcberpr\u00fcft werden.<\/p>\n<h2>Berechtigungen zum Aufh\u00e4ngen mobiler Plattformen<\/h2>\n<p>Die von UDT ausgestellten Zertifikate f\u00fcr die Kategorie II P sind 10 Jahre g\u00fcltig. Sie sind auch bei station\u00e4ren mobilen Plattformen wichtig. Mit entsprechender fachlicher Qualifikation k\u00f6nnen Sie sich unter anderem in Bau- und Renovierungsunternehmen f\u00fcr die Fachreinigung Fassade oder Fensterreinigung bewerben. <a href=\"https:\/\/odk-ergon.pl\/de\/szkolenia\/szkolenia-na-suwnice\/uprawnienia\/\">UDT-Qualifikationen<\/a> f\u00fcr den Betrieb von B\u00fchnen sind sinnvoll bei Arbeiten zur Montage von Au\u00dfenanlagen, Wartungen, technischen Pr\u00fcfungen. Spezialisten f\u00fcr den Betrieb dieser Art von Ausr\u00fcstung arbeiten auch auf Schiffen, Schiffen und Bohrplattformen.<br \/>\n<div style=\"width: 640px;\" class=\"wp-video\"><video id=\"video-1976-1\" width=\"640\" height=\"360\" poster=\"https:\/\/odk-ergon.pl\/wp-content\/uploads\/2023\/03\/20230127_031102_0000.jpg\" preload=\"metadata\" controls=\"controls\"><source type=\"video\/mp4\" src=\"https:\/\/odk-ergon.pl\/wp-content\/uploads\/2023\/03\/ACCEPTED-operator-podestow-4K-odk-ergon.mp4?_=1\" \/><a href=\"https:\/\/odk-ergon.pl\/wp-content\/uploads\/2023\/03\/ACCEPTED-operator-podestow-4K-odk-ergon.mp4\">https:\/\/odk-ergon.pl\/wp-content\/uploads\/2023\/03\/ACCEPTED-operator-podestow-4K-odk-ergon.mp4<\/a><\/video><\/div>\n<h2>Kurs - h\u00e4ngende mobile Plattformen: zus\u00e4tzliche Informationen<\/h2>\n<p>Der Unterricht findet regelm\u00e4\u00dfig an mehreren Orten statt. Aktuelle Termine finden Sie auf der Website <a href=\"http:\/\/www.platformaedukacji.pl\">www.platformaedukacji.pl<\/a>Sie k\u00f6nnen sich auch \u00fcber diese Seite anmelden. Der Schulungsort f\u00fcr mobile Plattformen ist Warschau, Krakau, Katowice. F\u00fcr Gesch\u00e4ftskunden, die ihre Mitarbeiter schulen m\u00f6chten, bieten wir auch Schulungen in anderen St\u00e4dten an.<\/p>\n<p><a href=\"https:\/\/odk-ergon.pl\/wp-content\/uploads\/2021\/10\/podest_wiszacy_2.jpg\"><img loading=\"lazy\" decoding=\"async\" class=\"obrazekpadding alignright wp-image-1978 size-medium\" src=\"https:\/\/odk-ergon.pl\/wp-content\/uploads\/2021\/10\/podest_wiszacy_2-300x225.jpg\" alt=\"H\u00e4ngende mobile Plattform besteht aus einer Arbeitsplattform, die mit Seilen an der Tragstruktur befestigt ist\" width=\"300\" height=\"225\" srcset=\"https:\/\/odk-ergon.pl\/wp-content\/uploads\/2021\/10\/podest_wiszacy_2-300x225.jpg 300w, https:\/\/odk-ergon.pl\/wp-content\/uploads\/2021\/10\/podest_wiszacy_2-1024x767.jpg 1024w, https:\/\/odk-ergon.pl\/wp-content\/uploads\/2021\/10\/podest_wiszacy_2-768x575.jpg 768w, https:\/\/odk-ergon.pl\/wp-content\/uploads\/2021\/10\/podest_wiszacy_2-640x480.jpg 640w, https:\/\/odk-ergon.pl\/wp-content\/uploads\/2021\/10\/podest_wiszacy_2-624x467.jpg 624w, https:\/\/odk-ergon.pl\/wp-content\/uploads\/2021\/10\/podest_wiszacy_2.jpg 1535w\" sizes=\"auto, (max-width: 300px) 100vw, 300px\" \/><\/a>Der Unterricht findet in Gruppen f\u00fcr Anf\u00e4nger und Fortgeschrittene statt. Es gibt Leute, die keine Erfahrung haben und sich das Wissen von Grund auf aneignen, und diejenigen, die die Informationen vor der Pr\u00fcfung nur vervollst\u00e4ndigen m\u00f6chten. Die Dauer der Klassen ist daher unterschiedlich und betr\u00e4gt <strong>etwa 10-20<\/strong> Std. Die Schulungszeit kann sich je nach Bedarf des Auftraggebers \u00e4ndern, sie kann sich bei praktischer Bedienungsf\u00e4higkeit verk\u00fcrzen und nach Anordnung des Arbeitgebers betr\u00e4gt die G\u00e4stezahl ca. 10. 20 Unterrichtsstunden.<\/p>\n<p>Wie hoch sind die Kosten f\u00fcr die Teilnahme an der Schulung f\u00fcr mobile Plattformen: Der Preis h\u00e4ngt von vielen Faktoren ab, daher stellen wir ihn den Kunden in der Registrierungsphase zur Verf\u00fcgung. Bei Fragen k\u00f6nnen Sie uns per E-Mail und telefonisch kontaktieren.<\/p>\n<p><a href=\"https:\/\/odk-ergon.pl\/wp-content\/uploads\/2022\/11\/Szablon-odk-ergon.png\"><img loading=\"lazy\" decoding=\"async\" class=\"aligncenter wp-image-2567\" src=\"https:\/\/odk-ergon.pl\/wp-content\/uploads\/2022\/11\/Szablon-odk-ergon-300x175.png\" alt=\"\" width=\"750\" height=\"438\" srcset=\"https:\/\/odk-ergon.pl\/wp-content\/uploads\/2022\/11\/Szablon-odk-ergon-300x175.png 300w, https:\/\/odk-ergon.pl\/wp-content\/uploads\/2022\/11\/Szablon-odk-ergon-1024x597.png 1024w, https:\/\/odk-ergon.pl\/wp-content\/uploads\/2022\/11\/Szablon-odk-ergon-768x448.png 768w, https:\/\/odk-ergon.pl\/wp-content\/uploads\/2022\/11\/Szablon-odk-ergon-18x12.png 18w, https:\/\/odk-ergon.pl\/wp-content\/uploads\/2022\/11\/Szablon-odk-ergon-624x364.png 624w, https:\/\/odk-ergon.pl\/wp-content\/uploads\/2022\/11\/Szablon-odk-ergon.png 1200w\" sizes=\"auto, (max-width: 750px) 100vw, 750px\" \/><\/a><\/p>","protected":false},"excerpt":{"rendered":"<p>Udzia\u0142 w kursie polecamy wszystkim osobom, kt\u00f3re chcia\u0142yby zdoby\u0107 kwalifikacje w zawodzie poszukiwanym na rynku pracy. Nie wymagamy do\u015bwiadczenia &#8211; tworzymy grupy tak\u017ce dla os\u00f3b pocz\u0105tkuj\u0105cych. Celem szkolenia z obs\u0142ugi podest\u00f3w ruchomych wisz\u0105cych jest jak najlepsze przygotowanie do egzaminu pa\u0144stwowego UDT na uprawnienia zawodowe. Dzi\u0119ki programowi zaj\u0119\u0107 zgodnemu z wymogami egzaminacyjnymi, do\u015bwiadczeniu naszych instruktor\u00f3w oraz przyst\u0119pnemu sposobowi prowadzenia zaj\u0119\u0107 z naciskiem na praktyk\u0119 mo\u017cemy pochwali\u0107 si\u0119 wysok\u0105 zdawalno\u015bci\u0105 od wielu lat. Kurs na podesty ruchome wisz\u0105ce Zaj\u0119cia odbywaj\u0105 si\u0119 w formie wyk\u0142ad\u00f3w oraz \u0107wicze\u0144 praktycznych. Uczestnicy maj\u0105 okazj\u0119 zapozna\u0107 si\u0119 z takimi zagadnieniami, jak: Budowa podestu ruchomego wisz\u0105cego Przygotowanie operatora, urz\u0105dzenia, stanowiska do pracy Zasady bezpiecze\u0144stwa: wyb\u00f3r miejsca, ocena warunk\u00f3w, bezpieczna eksploatacja Przepisy dozoru technicznego W przypadku szkole\u0144 na podesty ruchome cena obejmuje tak\u017ce podej\u015bcie do egzaminu pa\u0144stwowego UDT na uprawnienia. Przebiega on w dw\u00f3ch cz\u0119\u015bciach: najpierw kandydaci podchodz\u0105 do testu, a nast\u0119pnie odbywaj\u0105 rozmow\u0119 z egzaminatorem przy urz\u0105dzeniu, w czasie kt\u00f3rej sprawdza si\u0119 umiej\u0119tno\u015bci obs\u0142ugi. Uprawnienia na podesty ruchome wisz\u0105ce Wydawane przez UDT uprawnienia dla kategorii II P obowi\u0105zuj\u0105 przez 10 lat. S\u0105 one wa\u017cne tak\u017ce w przypadku podest\u00f3w ruchomych stacjonarnych. Posiadaj\u0105c odpowiednie kwalifikacje zawodowe, mo\u017cna ubiega\u0107 si\u0119 o prac\u0119 mi\u0119dzy innymi w firmach budowlanych, remontowych, zajmuj\u0105cych si\u0119 specjalistycznym czyszczeniem elewacji czy myciem okien. Uprawnienia UDT do obs\u0142ugi podest\u00f3w s\u0105 przydatne w przypadku pracy przy monta\u017cu instalacji zewn\u0119trznych, konserwacjach, przegl\u0105dach technicznych. Specjali\u015bci od obs\u0142ugi tego typu urz\u0105dze\u0144 pracuj\u0105 tak\u017ce na statkach, okr\u0119tach, platformach wiertniczych. Kurs \u2013 podesty ruchome wisz\u0105ce: dodatkowe informacje Zaj\u0119cia s\u0105 organizowane regularnie, w kilku lokalizacjach. Aktualne terminy znajduj\u0105 si\u0119 na stronie [&hellip;]<\/p>\n","protected":false},"author":1,"featured_media":1977,"parent":1828,"menu_order":0,"comment_status":"closed","ping_status":"closed","template":"","meta":{"sfsi_plus_gutenberg_text_before_share":"","sfsi_plus_gutenberg_show_text_before_share":"","sfsi_plus_gutenberg_icon_type":"","sfsi_plus_gutenberg_icon_alignemt":"","sfsi_plus_gutenburg_max_per_row":"","footnotes":""},"class_list":["post-1976","page","type-page","status-publish","has-post-thumbnail","hentry","has_thumb"],"aioseo_notices":[],"_links":{"self":[{"href":"https:\/\/odk-ergon.pl\/de\/wp-json\/wp\/v2\/pages\/1976","targetHints":{"allow":["GET"]}}],"collection":[{"href":"https:\/\/odk-ergon.pl\/de\/wp-json\/wp\/v2\/pages"}],"about":[{"href":"https:\/\/odk-ergon.pl\/de\/wp-json\/wp\/v2\/types\/page"}],"author":[{"embeddable":true,"href":"https:\/\/odk-ergon.pl\/de\/wp-json\/wp\/v2\/users\/1"}],"replies":[{"embeddable":true,"href":"https:\/\/odk-ergon.pl\/de\/wp-json\/wp\/v2\/comments?post=1976"}],"version-history":[{"count":7,"href":"https:\/\/odk-ergon.pl\/de\/wp-json\/wp\/v2\/pages\/1976\/revisions"}],"predecessor-version":[{"id":3095,"href":"https:\/\/odk-ergon.pl\/de\/wp-json\/wp\/v2\/pages\/1976\/revisions\/3095"}],"up":[{"embeddable":true,"href":"https:\/\/odk-ergon.pl\/de\/wp-json\/wp\/v2\/pages\/1828"}],"wp:featuredmedia":[{"embeddable":true,"href":"https:\/\/odk-ergon.pl\/de\/wp-json\/wp\/v2\/media\/1977"}],"wp:attachment":[{"href":"https:\/\/odk-ergon.pl\/de\/wp-json\/wp\/v2\/media?parent=1976"}],"curies":[{"name":"wp","href":"https:\/\/api.w.org\/{rel}","templated":true}]}}