{"id":1984,"date":"2021-10-06T17:02:46","date_gmt":"2021-10-06T15:02:46","guid":{"rendered":"https:\/\/odk-ergon.pl\/?page_id=1984"},"modified":"2022-11-24T14:35:41","modified_gmt":"2022-11-24T13:35:41","slug":"mobile-stationare-plattformen","status":"publish","type":"page","link":"https:\/\/odk-ergon.pl\/de\/szkolenia\/uprawnienia-udt-tdt\/podesty-ruchome-stacjonarne\/","title":{"rendered":"Ein Kurs f\u00fcr station\u00e4re mobile Plattformen zur Vorbereitung auf die UDT-Pr\u00fcfung"},"content":{"rendered":"<p>Die Kurse richten sich an Personen, die als Betriebsf\u00fchrer arbeiten m\u00f6chten <a href=\"https:\/\/odk-ergon.pl\/de\/szkolenia\/uprawnienia-udt-tdt\/podeste-ruchome\/\">mobile Plattformen<\/a> station\u00e4r. Die Teilnahme an dem Kurs erm\u00f6glicht die Erlangung von Zulassungen f\u00fcr diese Ger\u00e4te - nach Abschluss des Kurses haben die Teilnehmer die M\u00f6glichkeit, eine von der UDT durchgef\u00fchrte staatliche Pr\u00fcfung abzulegen. Die Ausbildungskurse wurden in \u00dcbereinstimmung mit den Anforderungen des Amtes f\u00fcr technische \u00dcberwachung und dem Gesetz \u00fcber die technische \u00dcberwachung vorbereitet.<\/p>\n<div class=\"filmw\">\n<div class=\"responsive-youtube\" style=\"text-align: center;\"><iframe loading=\"lazy\" title=\"YouTube-Video-Player\" src=\"https:\/\/www.youtube.com\/embed\/CLZn05fOBfI\" width=\"560\" height=\"315\" frameborder=\"0\" allowfullscreen=\"allowfullscreen\"><\/iframe><\/div>\n<\/div>\n<h2>Station\u00e4re mobile Plattformen - Informationen<\/h2>\n<p>Nach der Definition des T\u00dcV ist eine station\u00e4re mobile Plattform ein Flurf\u00f6rderzeug. Es dient dem Transport von Personen, G\u00fctern und Werkzeugen zum Arbeitsplatz. Die station\u00e4re Plattform kann nicht bewegt werden, sie ist dauerhaft oder f\u00fcr lange Zeit an einem bestimmten Ort installiert. Es besteht aus einem Fahrgestell, einer Arbeitsb\u00fchne und einem Scheren- oder Teleskopausleger.<\/p>\n<p>Die Arbeitsh\u00f6he und die maximale Tragf\u00e4higkeit h\u00e4ngen von den Parametern der einzelnen Modelle ab, aber meistens erm\u00f6glichen station\u00e4re Plattformen den Transport von bis zu etwa einem Dutzend Metern, und ihre K\u00f6rbe bieten Platz f\u00fcr ein oder zwei Mitarbeiter. Ger\u00e4te dieser Art werden h\u00e4ufig im Innenbereich eingesetzt: Fabrikhallen, Lagerhallen etc., sie k\u00f6nnen aber auch im Au\u00dfenbereich aufgestellt werden, beispielsweise bei Arbeiten an Geb\u00e4udefassaden \u2013 dann k\u00f6nnen sie Ger\u00fcste ersetzen.<\/p>\n<p>Zusammen mit h\u00e4ngenden mobilen Plattformen werden diese Ger\u00e4te von UDT als Handhabungsger\u00e4te der Kategorie II eingestuft.<\/p>\n<p><a href=\"https:\/\/odk-ergon.pl\/wp-content\/uploads\/2022\/10\/12.jpeg\"><img loading=\"lazy\" decoding=\"async\" class=\"aligncenter wp-image-2518\" src=\"https:\/\/odk-ergon.pl\/wp-content\/uploads\/2022\/10\/12-300x223.jpeg\" alt=\"\" width=\"750\" height=\"556\" srcset=\"https:\/\/odk-ergon.pl\/wp-content\/uploads\/2022\/10\/12-300x223.jpeg 300w, https:\/\/odk-ergon.pl\/wp-content\/uploads\/2022\/10\/12-1024x760.jpeg 1024w, https:\/\/odk-ergon.pl\/wp-content\/uploads\/2022\/10\/12-768x570.jpeg 768w, https:\/\/odk-ergon.pl\/wp-content\/uploads\/2022\/10\/12-1536x1140.jpeg 1536w, https:\/\/odk-ergon.pl\/wp-content\/uploads\/2022\/10\/12-16x12.jpeg 16w, https:\/\/odk-ergon.pl\/wp-content\/uploads\/2022\/10\/12-624x463.jpeg 624w, https:\/\/odk-ergon.pl\/wp-content\/uploads\/2022\/10\/12.jpeg 1600w\" sizes=\"auto, (max-width: 750px) 100vw, 750px\" \/><\/a><\/p>\n<h2>Kurs f\u00fcr Betreiber mobiler Plattformen - Details<\/h2>\n<p>Die Lehrveranstaltungen werden in Form von Vorlesungen und praktischen \u00dcbungen durchgef\u00fchrt. Sie finden an unterschiedlichen Orten statt. Wir organisieren Schulungen auf mobilen Plattformen in Warschau, Schlesien, Krakau und anderen Gro\u00dfst\u00e4dten. Wir f\u00fchren auch geschlossene Schulungen f\u00fcr Unternehmen durch. Am theoretischen Teil k\u00f6nnen die Teilnehmer auch im Internet teilnehmen, indem sie sich von Lehrern geleitete Webinare ansehen.<\/p>\n<p>Detaillierte Informationen zu den verf\u00fcgbaren Unterrichtsterminen in den einzelnen St\u00e4dten finden Sie auf unserer Website www.platformaedukacji.pl. \u00dcber die Website k\u00f6nnen Sie sich bequem zum Training anmelden und bezahlen.<\/p>\n<p>Die Unterrichtsdauer betr\u00e4gt 8 bis 20 Stunden. Diese Abweichungen resultieren daraus, dass in einzelnen Gruppen der Unterricht je nach Erfahrung und Bedarf der Teilnehmer im vollen oder reduzierten Umfang durchgef\u00fchrt werden kann. Die Trainingssch\u00fcssel nach dem mit der Betreuung vereinbarten Programm beinhaltet die M\u00f6glichkeit der Anpassung, d.h. sie kann entsprechend den Bed\u00fcrfnissen des Sch\u00fclers \/ der Gruppe gek\u00fcrzt oder verl\u00e4ngert werden.<\/p>\n<p>Der Umfang des Lehrstoffs w\u00e4hrend der Ausbildung entspricht dem Umfang der im Staatsexamen geforderten Kenntnisse und F\u00e4higkeiten. Beispiele f\u00fcr Probleme, die von Lehrern angesprochen werden, sind:<\/p>\n<ul>\n<li>Sicherheit und damit verbundene Verantwortlichkeiten des Bedieners vor Arbeitsbeginn sowie w\u00e4hrend und nach der Arbeit<\/li>\n<li>Bau von station\u00e4ren Plattformen<\/li>\n<li>Bestimmungen zur technischen \u00dcberwachung<\/li>\n<li>Verhaltensregeln in au\u00dfergew\u00f6hnlichen Situationen: Pannen, Arbeitsunf\u00e4lle<\/li>\n<\/ul>\n<p>Die Pr\u00fcfung, die von der UDT Warszawa oder einem anderen Komitee durchgef\u00fchrt wird, findet statt, nachdem die Teilnehmer die Vorlesungen und den praktischen Teil bestanden haben. Nach Erzielung einer positiven Pr\u00fcfungsnote erwirbt der Kandidat die Bef\u00e4higung f\u00fcr station\u00e4re mobile B\u00fchnen und h\u00e4ngende B\u00fchnen. Von UDT ausgestellte Lizenzen sind 10 Jahre g\u00fcltig.<\/p>\n<p>Die Qualifikationen im Bereich Betrieb k\u00f6nnen durch die Teilnahme an unseren weiteren Schulungen erg\u00e4nzt werden: Hebekurse, selbstfahrende mobile Arbeitsb\u00fchnen oder langsam fahrende mobile Arbeitsb\u00fchnen.<\/p>\n<p><a href=\"https:\/\/odk-ergon.pl\/wp-content\/uploads\/2022\/11\/Szablon-odk-ergon.png\"><img loading=\"lazy\" decoding=\"async\" class=\"aligncenter wp-image-2567\" src=\"https:\/\/odk-ergon.pl\/wp-content\/uploads\/2022\/11\/Szablon-odk-ergon-300x175.png\" alt=\"\" width=\"750\" height=\"438\" srcset=\"https:\/\/odk-ergon.pl\/wp-content\/uploads\/2022\/11\/Szablon-odk-ergon-300x175.png 300w, https:\/\/odk-ergon.pl\/wp-content\/uploads\/2022\/11\/Szablon-odk-ergon-1024x597.png 1024w, https:\/\/odk-ergon.pl\/wp-content\/uploads\/2022\/11\/Szablon-odk-ergon-768x448.png 768w, https:\/\/odk-ergon.pl\/wp-content\/uploads\/2022\/11\/Szablon-odk-ergon-18x12.png 18w, https:\/\/odk-ergon.pl\/wp-content\/uploads\/2022\/11\/Szablon-odk-ergon-624x364.png 624w, https:\/\/odk-ergon.pl\/wp-content\/uploads\/2022\/11\/Szablon-odk-ergon.png 1200w\" sizes=\"auto, (max-width: 750px) 100vw, 750px\" \/><\/a><\/p>","protected":false},"excerpt":{"rendered":"<p>Zaj\u0119cia s\u0105 przeznaczone dla os\u00f3b, kt\u00f3re chcia\u0142yby pracowa\u0107 w zawodzie operatora obs\u0142uguj\u0105cego podesty ruchome stacjonarne. Udzia\u0142 w kursie umo\u017cliwia uzyskanie uprawnie\u0144 na te urz\u0105dzenia &#8211; po zako\u0144czeniu zaj\u0119\u0107 uczestnicy maj\u0105 mo\u017cliwo\u015b\u0107 podej\u015bcia do egzaminu pa\u0144stwowego przeprowadzanego przez UDT. Szkolenia zosta\u0142y przygotowane zgodnie z wymogami Urz\u0119du Dozoru Technicznego oraz ustawy o dozorze technicznym. Podesty ruchome stacjonarne \u2013 informacje Podest ruchomy stacjonarny jest, zgodnie z definicj\u0105 Urz\u0119du Dozoru Technicznego, urz\u0105dzeniem transportu bliskiego. Jest przeznaczony do transportu os\u00f3b, towar\u00f3w i narz\u0119dzi na stanowisko pracy. Podest stacjonarny nie ma mo\u017cliwo\u015bci przemieszczania si\u0119, jest montowany w danym miejscu na sta\u0142e lub na d\u0142u\u017cszy czas. Sk\u0142ada si\u0119 z podwozia, platformy roboczej oraz wysi\u0119gnika no\u017cycowego lub teleskopowego. Wysoko\u015b\u0107 robocza oraz maksymalny ud\u017awig zale\u017c\u0105 od parametr\u00f3w poszczeg\u00f3lnych modeli, ale najcz\u0119\u015bciej podesty stacjonarne umo\u017cliwiaj\u0105 transport na wysoko\u015b\u0107 do kilkunastu metr\u00f3w, a ich kosze mieszcz\u0105 jednego lub dw\u00f3ch pracownik\u00f3w. Z tego typu urz\u0105dze\u0144 korzysta si\u0119 cz\u0119sto w pomieszczeniach: halach fabrycznych, magazynach itp., ale mo\u017cna je ustawia\u0107 tak\u017ce na zewn\u0105trz, na przyk\u0142ad podczas prac na elewacji budynk\u00f3w &#8211; mog\u0105 wtedy zast\u0119powa\u0107 rusztowanie. Razem z podestami ruchomymi wisz\u0105cymi urz\u0105dzenia te zaliczane s\u0105 przez UDT do kategorii II urz\u0105dze\u0144 transportu bliskiego. Kurs operatora podest\u00f3w ruchomych &#8211; szczeg\u00f3\u0142y Zaj\u0119cia prowadzone s\u0105 w formie wyk\u0142ad\u00f3w oraz \u0107wicze\u0144 praktycznych. Odbywaj\u0105 si\u0119 w r\u00f3\u017cnych lokalizacjach. Organizujemy szkolenia z podest\u00f3w ruchomych w Warszawie, na \u015al\u0105sku, w Krakowie i innych du\u017cych miastach. Prowadzimy r\u00f3wnie\u017c szkolenia zamkni\u0119te dla firm. W cz\u0119\u015bci teoretycznej uczestnicy mog\u0105 bra\u0107 udzia\u0142 tak\u017ce przez internet, ogl\u0105daj\u0105c prowadzone przez instruktor\u00f3w webinary. Szczeg\u00f3\u0142owe informacje na temat dost\u0119pnych termin\u00f3w zaj\u0119\u0107 w poszczeg\u00f3lnych miastach publikujemy [&hellip;]<\/p>\n","protected":false},"author":1,"featured_media":2518,"parent":1828,"menu_order":0,"comment_status":"closed","ping_status":"closed","template":"","meta":{"sfsi_plus_gutenberg_text_before_share":"","sfsi_plus_gutenberg_show_text_before_share":"","sfsi_plus_gutenberg_icon_type":"","sfsi_plus_gutenberg_icon_alignemt":"","sfsi_plus_gutenburg_max_per_row":"","footnotes":""},"class_list":["post-1984","page","type-page","status-publish","has-post-thumbnail","hentry","has_thumb"],"aioseo_notices":[],"_links":{"self":[{"href":"https:\/\/odk-ergon.pl\/de\/wp-json\/wp\/v2\/pages\/1984","targetHints":{"allow":["GET"]}}],"collection":[{"href":"https:\/\/odk-ergon.pl\/de\/wp-json\/wp\/v2\/pages"}],"about":[{"href":"https:\/\/odk-ergon.pl\/de\/wp-json\/wp\/v2\/types\/page"}],"author":[{"embeddable":true,"href":"https:\/\/odk-ergon.pl\/de\/wp-json\/wp\/v2\/users\/1"}],"replies":[{"embeddable":true,"href":"https:\/\/odk-ergon.pl\/de\/wp-json\/wp\/v2\/comments?post=1984"}],"version-history":[{"count":5,"href":"https:\/\/odk-ergon.pl\/de\/wp-json\/wp\/v2\/pages\/1984\/revisions"}],"predecessor-version":[{"id":2571,"href":"https:\/\/odk-ergon.pl\/de\/wp-json\/wp\/v2\/pages\/1984\/revisions\/2571"}],"up":[{"embeddable":true,"href":"https:\/\/odk-ergon.pl\/de\/wp-json\/wp\/v2\/pages\/1828"}],"wp:featuredmedia":[{"embeddable":true,"href":"https:\/\/odk-ergon.pl\/de\/wp-json\/wp\/v2\/media\/2518"}],"wp:attachment":[{"href":"https:\/\/odk-ergon.pl\/de\/wp-json\/wp\/v2\/media?parent=1984"}],"curies":[{"name":"wp","href":"https:\/\/api.w.org\/{rel}","templated":true}]}}