{"id":2002,"date":"2021-10-08T17:17:05","date_gmt":"2021-10-08T15:17:05","guid":{"rendered":"https:\/\/odk-ergon.pl\/?page_id=2002"},"modified":"2023-03-13T10:35:47","modified_gmt":"2023-03-13T09:35:47","slug":"mast-mobile-plattformen","status":"publish","type":"page","link":"https:\/\/odk-ergon.pl\/de\/szkolenia\/uprawnienia-udt-tdt\/podestow-ruchomych-masztowych\/","title":{"rendered":"Lehrgang f\u00fcr den Bediener von Mastkletterarbeitsb\u00fchnen"},"content":{"rendered":"<p><a href=\"https:\/\/odk-ergon.pl\/wp-content\/uploads\/2021\/10\/masztowe_2.jpg\"><img loading=\"lazy\" decoding=\"async\" class=\"obrazekpadding alignleft wp-image-2004 size-medium\" src=\"https:\/\/odk-ergon.pl\/wp-content\/uploads\/2021\/10\/masztowe_2-300x225.jpg\" alt=\"Eine typische Mastplattform besteht aus einem Fahrgestell, einem Gittermast und einem Korb\" width=\"300\" height=\"225\" srcset=\"https:\/\/odk-ergon.pl\/wp-content\/uploads\/2021\/10\/masztowe_2-300x225.jpg 300w, https:\/\/odk-ergon.pl\/wp-content\/uploads\/2021\/10\/masztowe_2-768x576.jpg 768w, https:\/\/odk-ergon.pl\/wp-content\/uploads\/2021\/10\/masztowe_2-640x480.jpg 640w, https:\/\/odk-ergon.pl\/wp-content\/uploads\/2021\/10\/masztowe_2-624x468.jpg 624w, https:\/\/odk-ergon.pl\/wp-content\/uploads\/2021\/10\/masztowe_2.jpg 1024w\" sizes=\"auto, (max-width: 300px) 100vw, 300px\" \/><\/a>Wir laden alle Personen (auch Anf\u00e4nger) ein, die den Umgang mit der Mastkletterarbeitsb\u00fchne erlernen und die Staatspr\u00fcfung UDT ablegen m\u00f6chten. Das Schulungsprogramm wurde entwickelt, um die sichere Bedienung von Ger\u00e4ten auf praktische und zug\u00e4ngliche Weise zu vermitteln. Der Umfang der w\u00e4hrend des Kurses behandelten Themen entspricht den Anforderungen des T\u00dcV.<\/p>\n<p>Durch die Teilnahme an der UDT-Schulung und das Bestehen der Pr\u00fcfung mit positivem Ergebnis erh\u00e4lt der Teilnehmer <a href=\"https:\/\/odk-ergon.pl\/de\/szkolenia\/szkolenia-na-suwnice\/uprawnienia\/\">UDT-Qualifikationen<\/a> - Bef\u00e4higungsnachweis, der f\u00fcr die T\u00e4tigkeit im Beruf des Bedieners erforderlich ist.<\/p>\n<h2><\/h2>\n<h2>Kursprogramm f\u00fcr Mastkletterb\u00fchnen<\/h2>\n<p>Das Training wird von erfahrenen Trainern durchgef\u00fchrt, die Methoden anwenden, die die Teilnehmer w\u00e4hrend der Vorlesungen aktivieren. Der Unterricht findet station\u00e4r statt und f\u00fcr Interessierte auch online in Form von Echtzeit-Webinaren. Erg\u00e4nzt werden die Vorlesungen durch einen praktischen Teil, in dem die Ausbilder den Umgang mit den B\u00fchnen sowie die sichere Arbeitsvorbereitung, das Verhalten im St\u00f6rfall und die Anwendung der technischen \u00dcberwachungsvorschriften vermitteln.<\/p>\n<p>Das Rahmenausbildungsprogramm umfasst unter anderem:<\/p>\n<ul>\n<li>Kenntnisse \u00fcber den Bau und Betrieb von Mastkletterarbeitsb\u00fchnen<\/li>\n<li>Informationen zu den Grunds\u00e4tzen des Arbeitsschutzes, der Verwendung von Mitteln und Ger\u00e4ten zum individuellen und kollektiven Schutz<\/li>\n<li>Informationen zu Vorschriften \u00fcber die Fachaufsicht (Gesetz und andere)<\/li>\n<\/ul>\n<div class=\"filmw\">\n<div class=\"responsive-youtube\" style=\"text-align: center;\"><iframe loading=\"lazy\" title=\"YouTube-Video-Player\" src=\"https:\/\/www.youtube.com\/embed\/CLZn05fOBfI\" width=\"560\" height=\"315\" frameborder=\"0\" allowfullscreen=\"allowfullscreen\"><\/iframe><\/div>\n<\/div>\n<h2>UDT-Pr\u00fcfung und Qualifikationen f\u00fcr Mastplattformen<\/h2>\n<p><a href=\"https:\/\/odk-ergon.pl\/wp-content\/uploads\/2021\/10\/masztowe_1.jpg\"><img loading=\"lazy\" decoding=\"async\" class=\"obrazekpadding alignright wp-image-2003 size-medium\" src=\"https:\/\/odk-ergon.pl\/wp-content\/uploads\/2021\/10\/masztowe_1-300x300.jpg\" alt=\"Die Arbeitsplattform auf einer mastmobilen Plattform kann die Form eines ausfahrbaren Korbes haben\" width=\"300\" height=\"300\" srcset=\"https:\/\/odk-ergon.pl\/wp-content\/uploads\/2021\/10\/masztowe_1-300x300.jpg 300w, https:\/\/odk-ergon.pl\/wp-content\/uploads\/2021\/10\/masztowe_1.jpg 500w\" sizes=\"auto, (max-width: 300px) 100vw, 300px\" \/><\/a>Die im Kurs \"Mastlifter\" behandelten Themen erm\u00f6glichen eine effektive Vorbereitung auf die UDT-Pr\u00fcfung. Die in unserem Zentrum organisierten Ausbildungskurse beinhalten auch eine Pr\u00fcfung, die von der zust\u00e4ndigen UDT-Kommission (Warschau oder andere) durchgef\u00fchrt wird. Die Pr\u00fcfungen finden zu festen Terminen statt, auf die die Unterrichtstermine abgestimmt sind, damit die Auszubildenden in kurzer Zeit an den Pr\u00fcfungen teilnehmen k\u00f6nnen. Die Pr\u00fcfer f\u00fchren einen Wissenstest durch, gefolgt von einem Gespr\u00e4ch mit dem Kandidaten, um seine praktischen F\u00e4higkeiten zu testen.<\/p>\n<p>Anspruch auf <a href=\"https:\/\/odk-ergon.pl\/de\/szkolenia\/uprawnienia-udt-tdt\/podeste-ruchome\/\">mobile Plattformen<\/a> Die Masten werden f\u00fcr 10 Jahre ausgestellt. W\u00e4hrend dieser Zeit kann der Unternehmer seinen Beruf in Polen aus\u00fcben. Das polnische Qualifikationszertifikat ist auch im Ausland in ausgew\u00e4hlten L\u00e4ndern g\u00fcltig. Ab Juni 2020 gilt der Bef\u00e4higungsnachweis f\u00fcr Mastb\u00fchnen auch f\u00fcr station\u00e4re fahrbare Arbeitsb\u00fchnen. Zur Erlangung einer Qualifikation f\u00fcr Mastkletterer oder andere Ger\u00e4te, die unter die technische \u00dcberwachung fallen, ist es erforderlich, einen separaten Lehrgang zu absolvieren und eine weitere Pr\u00fcfung abzulegen.<br \/>\n<div style=\"width: 640px;\" class=\"wp-video\"><video id=\"video-2002-1\" width=\"640\" height=\"360\" poster=\"https:\/\/odk-ergon.pl\/wp-content\/uploads\/2023\/03\/20230127_031102_0000.jpg\" preload=\"metadata\" controls=\"controls\"><source type=\"video\/mp4\" src=\"https:\/\/odk-ergon.pl\/wp-content\/uploads\/2023\/03\/ACCEPTED-operator-podestow-4K-odk-ergon.mp4?_=1\" \/><a href=\"https:\/\/odk-ergon.pl\/wp-content\/uploads\/2023\/03\/ACCEPTED-operator-podestow-4K-odk-ergon.mp4\">https:\/\/odk-ergon.pl\/wp-content\/uploads\/2023\/03\/ACCEPTED-operator-podestow-4K-odk-ergon.mp4<\/a><\/video><\/div>\n<h2>Unterrichtsorganisation: Termine, Ort, Anmeldung<\/h2>\n<ul>\n<li>Der UDT-Kurs mit Pr\u00fcfung wird regelm\u00e4\u00dfig organisiert, in der Regel 1-2 Mal im Monat. Die aktuellen Termine werden auf unserer Website ver\u00f6ffentlicht <a href=\"http:\/\/www.platformaedukacji.pl\">Plattformedukacji.pl<\/a><\/li>\n<li>Der Unterricht findet an mehreren Orten in Polen, in Warschau, Schlesien, Krakau und anderen gro\u00dfen St\u00e4dten statt<\/li>\n<li>Die Dauer des Kurses kann je nach Gruppe variieren. Es wird individuell festgelegt - Anf\u00e4nger ben\u00f6tigen in der Regel 10 bis 20 Unterrichtsstunden, Personen mit Erfahrung - etwa 10 Stunden<\/li>\n<li>An der Ausbildung und Pr\u00fcfung k\u00f6nnen Erwachsene teilnehmen, die mindestens \u00fcber eine Grundschulbildung und einen durch ein \u00e4rztliches Attest best\u00e4tigten Gesundheitszustand verf\u00fcgen<\/li>\n<li>Anmeldungen zu den Kursen nehmen wir \u00fcber die Website entgegen <a href=\"http:\/\/www.platformaedukacji.pl\">Plattformedukacji.pl<\/a>. Um einen Kursplatz zu reservieren, f\u00fcgen Sie bitte das gew\u00fcnschte Datum dem Warenkorb hinzu und f\u00fchren Sie die Zahlung durch. Wenn Sie Fragen haben oder eine Schulung f\u00fcr Ihr Unternehmen zu einem anderen Termin organisieren m\u00f6chten, kontaktieren Sie uns bitte telefonisch oder per E-Mail.<\/li>\n<\/ul>\n<p><a href=\"https:\/\/odk-ergon.pl\/wp-content\/uploads\/2022\/11\/Szablon-odk-ergon.png\"><img loading=\"lazy\" decoding=\"async\" class=\"aligncenter wp-image-2567\" src=\"https:\/\/odk-ergon.pl\/wp-content\/uploads\/2022\/11\/Szablon-odk-ergon-300x175.png\" alt=\"\" width=\"750\" height=\"438\" srcset=\"https:\/\/odk-ergon.pl\/wp-content\/uploads\/2022\/11\/Szablon-odk-ergon-300x175.png 300w, https:\/\/odk-ergon.pl\/wp-content\/uploads\/2022\/11\/Szablon-odk-ergon-1024x597.png 1024w, https:\/\/odk-ergon.pl\/wp-content\/uploads\/2022\/11\/Szablon-odk-ergon-768x448.png 768w, https:\/\/odk-ergon.pl\/wp-content\/uploads\/2022\/11\/Szablon-odk-ergon-18x12.png 18w, https:\/\/odk-ergon.pl\/wp-content\/uploads\/2022\/11\/Szablon-odk-ergon-624x364.png 624w, https:\/\/odk-ergon.pl\/wp-content\/uploads\/2022\/11\/Szablon-odk-ergon.png 1200w\" sizes=\"auto, (max-width: 750px) 100vw, 750px\" \/><\/a><\/p>","protected":false},"excerpt":{"rendered":"<p>Do udzia\u0142u w kursie zapraszamy wszystkie osoby (tak\u017ce pocz\u0105tkuj\u0105ce), kt\u00f3re chcia\u0142yby nauczy\u0107 si\u0119 obs\u0142ugi podestu ruchomego masztowego i podej\u015b\u0107 do egzaminu pa\u0144stwowego UDT. Program szkole\u0144 zosta\u0142 stworzony tak, by w praktyczny, przyst\u0119pny spos\u00f3b uczy\u0107 bezpiecznej eksploatacji urz\u0105dze\u0144. Zakres poruszanych na kursie zagadnie\u0144 jest zgodny z wymogami Urz\u0119du Dozoru Technicznego. Bior\u0105c udzia\u0142 w szkoleniu UDT i zdaj\u0105c egzamin z pozytywnym wynikiem, uczestnik otrzymuje uprawnienia UDT &#8211; za\u015bwiadczenie kwalifikacyjne potrzebne do pracy w zawodzie operatora. Program kursu na podesty ruchome masztowe Szkolenie jest prowadzone przez do\u015bwiadczonych instruktor\u00f3w, kt\u00f3rzy stosuj\u0105 w czasie wyk\u0142ad\u00f3w metody aktywizuj\u0105ce uczestnik\u00f3w. Zaj\u0119cia odbywaj\u0105 si\u0119 stacjonarnie, a dla ch\u0119tnych os\u00f3b &#8211; tak\u017ce online, w formie webinar\u00f3w prowadzonych w czasie rzeczywistym. Uzupe\u0142nieniem wyk\u0142ad\u00f3w jest cz\u0119\u015b\u0107 praktyczna, w trakcie kt\u00f3rej instruktorzy ucz\u0105 obs\u0142ugi podest\u00f3w, a tak\u017ce bezpiecznego przygotowania si\u0119 do wykonywania pracy, post\u0119powania w razie awarii, stosowania przepis\u00f3w dozoru technicznego. Ramowy program szkolenia obejmuje mi\u0119dzy innymi: Wiedz\u0119 na temat budowy i sposobu dzia\u0142ania podest\u00f3w ruchomych masztowych Informacje o zasadach BHP, stosowaniu \u015brodk\u00f3w i sprz\u0119tu ochrony indywidualnej i zbiorowej Informacje o przepisach na temat dozoru technicznego (ustawa i inne) Egzamin UDT i uprawnienia na podesty masztowe Zagadnienia poruszane w czasie kursu \u201cPodesty ruchome masztowe\u201d umo\u017cliwiaj\u0105 skuteczne przygotowanie do podej\u015bcia do egzaminu UDT. Szkolenia organizowane w naszym O\u015brodku obejmuj\u0105 tak\u017ce egzamin przeprowadzany przez w\u0142a\u015bciw\u0105 komisj\u0119 UDT (Warszawa lub inna). Egzaminy odbywaj\u0105 si\u0119 w wyznaczonych terminach, do kt\u00f3rych dostosowywane s\u0105 terminy zaj\u0119\u0107, tak aby kursanci mogli w kr\u00f3tkim czasie wzi\u0105\u0107 udzia\u0142 w procesie sprawdzania kwalifikacji. Egzaminatorzy przeprowadzaj\u0105 test wiedzy, a nast\u0119pnie rozmow\u0119 z kandydatem sprawdzaj\u0105c\u0105 jego umiej\u0119tno\u015bci praktyczne. Uprawnienia [&hellip;]<\/p>\n","protected":false},"author":1,"featured_media":2004,"parent":1828,"menu_order":0,"comment_status":"closed","ping_status":"closed","template":"","meta":{"sfsi_plus_gutenberg_text_before_share":"","sfsi_plus_gutenberg_show_text_before_share":"","sfsi_plus_gutenberg_icon_type":"","sfsi_plus_gutenberg_icon_alignemt":"","sfsi_plus_gutenburg_max_per_row":"","footnotes":""},"class_list":["post-2002","page","type-page","status-publish","has-post-thumbnail","hentry","has_thumb"],"aioseo_notices":[],"_links":{"self":[{"href":"https:\/\/odk-ergon.pl\/de\/wp-json\/wp\/v2\/pages\/2002","targetHints":{"allow":["GET"]}}],"collection":[{"href":"https:\/\/odk-ergon.pl\/de\/wp-json\/wp\/v2\/pages"}],"about":[{"href":"https:\/\/odk-ergon.pl\/de\/wp-json\/wp\/v2\/types\/page"}],"author":[{"embeddable":true,"href":"https:\/\/odk-ergon.pl\/de\/wp-json\/wp\/v2\/users\/1"}],"replies":[{"embeddable":true,"href":"https:\/\/odk-ergon.pl\/de\/wp-json\/wp\/v2\/comments?post=2002"}],"version-history":[{"count":5,"href":"https:\/\/odk-ergon.pl\/de\/wp-json\/wp\/v2\/pages\/2002\/revisions"}],"predecessor-version":[{"id":3094,"href":"https:\/\/odk-ergon.pl\/de\/wp-json\/wp\/v2\/pages\/2002\/revisions\/3094"}],"up":[{"embeddable":true,"href":"https:\/\/odk-ergon.pl\/de\/wp-json\/wp\/v2\/pages\/1828"}],"wp:featuredmedia":[{"embeddable":true,"href":"https:\/\/odk-ergon.pl\/de\/wp-json\/wp\/v2\/media\/2004"}],"wp:attachment":[{"href":"https:\/\/odk-ergon.pl\/de\/wp-json\/wp\/v2\/media?parent=2002"}],"curies":[{"name":"wp","href":"https:\/\/api.w.org\/{rel}","templated":true}]}}