{"id":2137,"date":"2022-04-20T22:15:09","date_gmt":"2022-04-20T20:15:09","guid":{"rendered":"https:\/\/odk-ergon.pl\/?page_id=2137"},"modified":"2023-03-26T20:21:35","modified_gmt":"2023-03-26T18:21:35","slug":"schweisen-2","status":"publish","type":"page","link":"https:\/\/odk-ergon.pl\/de\/szkolenia\/spawanie\/","title":{"rendered":"Schwei\u00dfen"},"content":{"rendered":"\n<p>Bran\u017ca spawalnicza stale si\u0119 rozrasta i wci\u0105\u017c potrzebuje nowych, wyspecjalizowanych pracownik\u00f3w. Nasza firma wychodzi naprzeciw oczekiwaniom i potrzebom takich os\u00f3b. Oferujemy kompleksowe kursy z r\u00f3\u017cnych metod spawania, kt\u00f3re ko\u0144cz\u0105 si\u0119 uzyskaniem odpowiednich uprawnie\u0144 i kwalifikacji. Szkolenia prowadzone s\u0105 przez fachowc\u00f3w i specjalist\u00f3w z wieloletnim do\u015bwiadczeniem w bran\u017cy, a zaj\u0119cia zar\u00f3wno teoretyczne, jak i praktyczne pozwalaj\u0105 kursantom jak najlepiej przygotowa\u0107 si\u0119 do wykonywanego w przysz\u0142o\u015bci zawodu.&nbsp;<\/p>\n\n\n\n<h2 class=\"wp-block-heading\"><strong>W ramach kursu oferujemy:<\/strong>&nbsp;<\/h2>\n\n\n\n<ul class=\"wp-block-list\">\n<li>materia\u0142y szkoleniowe,&nbsp;<\/li>\n\n\n\n<li>zaj\u0119cia teoretyczne i praktyczne ze specjalistami w tej dziedzinie,&nbsp;<\/li>\n\n\n\n<li>przestrze\u0144 i sprz\u0119t do zaj\u0119\u0107 praktycznych,&nbsp;<\/li>\n\n\n\n<li>egzamin oraz uprawnienia po jego zaliczeniu (m.in. ksi\u0105\u017cka spawacza, certyfikat uko\u0144czenia kursu).&nbsp;<\/li>\n<\/ul>\n\n\n\n<p>Jednak, co najwa\u017cniejsze, zyskasz praktyczn\u0105 zdolno\u015b\u0107 i potrzebne umiej\u0119tno\u015bci do pracy w bran\u017cy spawalniczej. Zdob\u0119dziesz r\u00f3wnie\u017c niezb\u0119dn\u0105 wiedz\u0119 na temat konkretnych materia\u0142\u00f3w i urz\u0105dze\u0144, kt\u00f3re na co dzie\u0144 w swojej pracy wykorzystuje spawacz.&nbsp;<\/p>\n\n\n\n<h2 class=\"wp-block-heading\"><strong>Przyk\u0142adowe zagadnienia omawiane na kursie:<\/strong>&nbsp;<\/h2>\n\n\n<div class=\"wp-block-image\">\n<figure class=\"alignleft size-large is-resized\"><a href=\"https:\/\/odk-ergon.pl\/wp-content\/uploads\/2023\/03\/spawanie.jpg\"><img loading=\"lazy\" decoding=\"async\" src=\"https:\/\/odk-ergon.pl\/wp-content\/uploads\/2023\/03\/spawanie-1024x682.jpg\" alt=\"spawanie metalowej rury\" class=\"wp-image-2867\" width=\"512\" height=\"341\" srcset=\"https:\/\/odk-ergon.pl\/wp-content\/uploads\/2023\/03\/spawanie-1024x682.jpg 1024w, https:\/\/odk-ergon.pl\/wp-content\/uploads\/2023\/03\/spawanie-300x200.jpg 300w, https:\/\/odk-ergon.pl\/wp-content\/uploads\/2023\/03\/spawanie-768x511.jpg 768w, https:\/\/odk-ergon.pl\/wp-content\/uploads\/2023\/03\/spawanie-1536x1022.jpg 1536w, https:\/\/odk-ergon.pl\/wp-content\/uploads\/2023\/03\/spawanie-18x12.jpg 18w, https:\/\/odk-ergon.pl\/wp-content\/uploads\/2023\/03\/spawanie-624x415.jpg 624w, https:\/\/odk-ergon.pl\/wp-content\/uploads\/2023\/03\/spawanie.jpg 1600w\" sizes=\"auto, (max-width: 512px) 100vw, 512px\" \/><\/a><\/figure>\n<\/div>\n\n\n<ul class=\"wp-block-list\">\n<li>materia\u0142y wykorzystywane w spawalnictwie i ich charakterystyka,&nbsp;<\/li>\n\n\n\n<li>metody spawania,&nbsp;<\/li>\n\n\n\n<li>praca spawacza w praktyce,&nbsp;<\/li>\n\n\n\n<li>bezpiecze\u0144stwo w pracy spawacza.&nbsp;<\/li>\n<\/ul>\n\n\n\n<h2 class=\"wp-block-heading\"><strong>Metody spawania<\/strong>&nbsp;<\/h2>\n\n\n\n<p>Na zaj\u0119ciach teoretycznych prowadzone s\u0105 wyk\u0142ady, na kt\u00f3rych omawia si\u0119 r\u00f3\u017cne metody spawania. S\u0105 one wykorzystywane w codziennej pracy spawacza. Najpopularniejsze z nich, to spawanie \u0142ukowe elektrodami otulonymi, spajanie metali w os\u0142onach gazowych, spawanie \u0142ukiem krytym oraz spawanie gazowe. Dzi\u0119ki poznaniu wszystkich tych metod, kursanci b\u0119d\u0105 w pe\u0142ni przygotowani i gotowi do tego, \u017ceby podj\u0105\u0107 prac\u0119 w spawalnictwie.&nbsp;<\/p>\n\n\n\n<h2 class=\"wp-block-heading\"><strong>Dla kogo jest kurs spawacza?<\/strong>&nbsp;<\/h2>\n\n\n\n<p>Nasz kurs przeznaczony jest dla os\u00f3b chc\u0105cych zacz\u0105\u0107 prace w bran\u017cy spawalniczej. Ch\u0119tne osoby powinny mie\u0107 uko\u0144czone 18 lat, posiada\u0107 minimum wykszta\u0142cenie podstawowe oraz stan zdrowia, kt\u00f3ry pozwala na prac\u0119 na stanowisku spawacza.&nbsp;<\/p>\n\n\n\n<h2 class=\"wp-block-heading\"><strong>Gdzie mo\u017cesz znale\u017a\u0107 zatrudnienie?<\/strong>&nbsp;<\/h2>\n\n\n\n<p>Uprawnienia i kwalifikacje zdobyte na kursie, pozwol\u0105 na znalezienie zatrudnienia w r\u00f3\u017cnego rodzaju warsztatach, stoczniach czy firmach, kt\u00f3re zajmuj\u0105 si\u0119 spawalnictwem. Tak wyszkolone osoby, mog\u0105 by\u0107 r\u00f3wnie\u017c zatrudnione w budownictwie oraz transporcie. Dzi\u0119ki temu, \u017ce kursy prowadz\u0105 fachowcy czynnie pracuj\u0105cy w bran\u017cy, ch\u0119tnie podpowiedz\u0105, gdzie najlepiej szuka\u0107 pracy w zawodzie spawacza.&nbsp;<\/p>\n\n\n\n<h2 class=\"wp-block-heading\"><strong>Odnowienie uprawnie\u0144<\/strong>&nbsp;<\/h2>\n\n\n\n<p>Zdobyte na kursie uprawnienia s\u0105 przewa\u017cnie wa\u017cne 2-3 lata. Po tym czasie, konieczne jest ich odnowienie. W tym celu, nale\u017cy zg\u0142osi\u0107 si\u0119 do wybranego o\u015brodka i ponownie zweryfikowa\u0107 uprawnienia, aby potwierdzi\u0107 swoje zdobyte umiej\u0119tno\u015bci w pracy spawacza.&nbsp;<\/p>\n\n\n\n<figure class=\"wp-block-image size-large is-resized\"><a href=\"https:\/\/odk-ergon.pl\/wp-content\/uploads\/2023\/03\/spawanie-1.jpg\"><img loading=\"lazy\" decoding=\"async\" src=\"https:\/\/odk-ergon.pl\/wp-content\/uploads\/2023\/03\/spawanie-1-1024x683.jpg\" alt=\"spawacz w odzie\u017cy ochronnej\" class=\"wp-image-2868\" width=\"512\" height=\"342\" srcset=\"https:\/\/odk-ergon.pl\/wp-content\/uploads\/2023\/03\/spawanie-1-1024x683.jpg 1024w, https:\/\/odk-ergon.pl\/wp-content\/uploads\/2023\/03\/spawanie-1-300x200.jpg 300w, https:\/\/odk-ergon.pl\/wp-content\/uploads\/2023\/03\/spawanie-1-768x512.jpg 768w, https:\/\/odk-ergon.pl\/wp-content\/uploads\/2023\/03\/spawanie-1-18x12.jpg 18w, https:\/\/odk-ergon.pl\/wp-content\/uploads\/2023\/03\/spawanie-1-624x416.jpg 624w, https:\/\/odk-ergon.pl\/wp-content\/uploads\/2023\/03\/spawanie-1.jpg 1536w\" sizes=\"auto, (max-width: 512px) 100vw, 512px\" \/><\/a><\/figure>\n\n\n\n<h2 class=\"wp-block-heading\"><strong>Oferujemy tak\u017ce kursy <\/strong><strong>m.in.<\/strong><strong> <\/strong><strong>na uprawnienia:<\/strong>&nbsp;<\/h2>\n\n\n\n<ul class=\"wp-block-list\">\n<li>zgrzewacza,&nbsp;<\/li>\n\n\n\n<li>operatora w\u00f3zka wid\u0142owego, podest\u00f3w, suwnic oraz \u017curawi,&nbsp;<\/li>\n\n\n\n<li>konserwatora sprz\u0119tu UDT.&nbsp;<\/li>\n<\/ul>\n\n\n\n<h2 class=\"wp-block-heading\"><strong>O nas<\/strong>&nbsp;<\/h2>\n\n\n\n<p>Jeste\u015bmy firm\u0105, kt\u00f3ra specjalizuje si\u0119 w przeprowadzaniu specjalistycznych kurs\u00f3w na uprawnienia. Zatrudniamy profesjonalist\u00f3w posiadaj\u0105cych wykszta\u0142cenie zawodowe oraz wieloletnie do\u015bwiadczenie w bran\u017cy. Zale\u017cy nam, aby przeszkoli\u0107 osoby, kt\u00f3re wi\u0105\u017c\u0105 swoj\u0105 przysz\u0142o\u015b\u0107 w pracy zwi\u0105zanej z bran\u017c\u0105 spawalnicz\u0105 oraz szeroko rozumian\u0105 bran\u017c\u0105 techniczn\u0105. Dzi\u0119ki wielu pozytywnym opiniom naszych by\u0142ych kursant\u00f3w, znajdujemy si\u0119 w czo\u0142\u00f3wce firm prowadz\u0105cych tego typu szkolenia w Polsce. Serdecznie zapraszamy wszystkie ch\u0119tne osoby do zapoznania si\u0119 z nasz\u0105 ofert\u0105 kurs\u00f3w.&nbsp;&nbsp;<\/p>\n\n\n\n<p><\/p>\n\n\n\n<h2 class=\"wp-block-heading\">Pytania i odpowiedzi<\/h2>\n\n\n\t\t<details\t\thelp class=\"sc_fs_faq sc_card    \"\n\t\topen\t\t>\n\t\t\t\t\t<summary>\n\t\t\t\t<h3>Co musz\u0119 zrobi\u0107, \u017ceby zdoby\u0107 uprawnienia spawalnicze? <\/h3>\t\t\t\t\t<\/summary>\n\t\t\t\t<div>\n\t\t\t\t\t\t<div class=\"sc_fs_faq__content\">\n\t\t\t\t\n\n<p>Wystarczy, \u017ce masz uko\u0144czone 18 lat i posiadasz wykszta\u0142cenie przynajmniej podstawowe. Powiniene\u015b mie\u0107 r\u00f3wnie\u017c predyspozycje zdrowotne, kt\u00f3re pozwol\u0105 Cci na wykonywanie pracy spawacza.&nbsp;<\/p>\n\n\t\t\t<\/div>\n\t\t<\/div>\n\t\t<\/details>\n\t\t\t\t<details\t\thelp class=\"sc_fs_faq sc_card    \"\n\t\t\t\t>\n\t\t\t\t\t<summary>\n\t\t\t\t<h3>Jakie metody spawania omawiane s\u0105 na kursie? <\/h3>\t\t\t\t\t<\/summary>\n\t\t\t\t<div>\n\t\t\t\t\t\t<div class=\"sc_fs_faq__content\">\n\t\t\t\t\n\n<p>Na kursie omawiane s\u0105 najpopularniejsze metody spawania, do kt\u00f3rych zalicza si\u0119 spawanie \u0142ukowe elektrodami otulonymi, spajanie metali w os\u0142onach gazowych, spawanie \u0142ukiem krytym oraz spawanie gazowe.&nbsp;<\/p>\n\n\t\t\t<\/div>\n\t\t<\/div>\n\t\t<\/details>\n\t\t\t\t<details\t\thelp class=\"sc_fs_faq sc_card    \"\n\t\t\t\t>\n\t\t\t\t\t<summary>\n\t\t\t\t<h3>Chcia\u0142bym odnowi\u0107 swoje uprawnienia spawalnicze. Czy m\u00f3g\u0142bym to zrobi\u0107 w pa\u0144stwa firmie? <\/h3>\t\t\t\t\t<\/summary>\n\t\t\t\t<div>\n\t\t\t\t\t\t<div class=\"sc_fs_faq__content\">\n\t\t\t\t\n\n<p>Tak. Oferujemy zar\u00f3wno kursy od podstaw jak i odnowienie zdobytych ju\u017c uprawnie\u0144.&nbsp;<\/p>\n\n\t\t\t<\/div>\n\t\t<\/div>\n\t\t<\/details>\n\t\t\n<script type=\"application\/ld+json\">\n\t{\n\t\t\"@context\": \"https:\/\/schema.org\",\n\t\t\"@type\": \"FAQPage\",\n\t\t\"mainEntity\": [\n\t\t\t\t\t{\n\t\t\t\t\"@type\": \"Question\",\n\t\t\t\t\"name\": \"Co musz\u0119 zrobi\u0107, \u017ceby zdoby\u0107 uprawnienia spawalnicze? \",\n\t\t\t\t\"acceptedAnswer\": {\n\t\t\t\t\t\"@type\": \"Answer\",\n\t\t\t\t\t\"text\": \"<p>Wystarczy, \u017ce masz uko\u0144czone 18 lat i posiadasz wykszta\u0142cenie przynajmniej podstawowe. Powiniene\u015b mie\u0107 r\u00f3wnie\u017c predyspozycje zdrowotne, kt\u00f3re pozwol\u0105 Cci na wykonywanie pracy spawacza.&nbsp;<\/p>\"\n\t\t\t\t\t\t\t\t\t}\n\t\t\t}\n\t\t\t,\t\t\t\t{\n\t\t\t\t\"@type\": \"Question\",\n\t\t\t\t\"name\": \"Jakie metody spawania omawiane s\u0105 na kursie? \",\n\t\t\t\t\"acceptedAnswer\": {\n\t\t\t\t\t\"@type\": \"Answer\",\n\t\t\t\t\t\"text\": \"<p>Na kursie omawiane s\u0105 najpopularniejsze metody spawania, do kt\u00f3rych zalicza si\u0119 spawanie \u0142ukowe elektrodami otulonymi, spajanie metali w os\u0142onach gazowych, spawanie \u0142ukiem krytym oraz spawanie gazowe.&nbsp;<\/p>\"\n\t\t\t\t\t\t\t\t\t}\n\t\t\t}\n\t\t\t,\t\t\t\t{\n\t\t\t\t\"@type\": \"Question\",\n\t\t\t\t\"name\": \"Chcia\u0142bym odnowi\u0107 swoje uprawnienia spawalnicze. Czy m\u00f3g\u0142bym to zrobi\u0107 w pa\u0144stwa firmie? \",\n\t\t\t\t\"acceptedAnswer\": {\n\t\t\t\t\t\"@type\": \"Answer\",\n\t\t\t\t\t\"text\": \"<p>Tak. Oferujemy zar\u00f3wno kursy od podstaw jak i odnowienie zdobytych ju\u017c uprawnie\u0144.&nbsp;<\/p>\"\n\t\t\t\t\t\t\t\t\t}\n\t\t\t}\n\t\t\t\t\t\t]\n\t}\n<\/script>\n\n\n\n<figure class=\"wp-block-video\"><video controls poster=\"https:\/\/odk-ergon.pl\/wp-content\/uploads\/2023\/03\/ACCEPTED-spawacz.jpg\" src=\"https:\/\/odk-ergon.pl\/wp-content\/uploads\/2023\/03\/ACCEPTED-spawacz-4K-odk-ergon.mp4\"><\/video><\/figure>\n","protected":false},"excerpt":{"rendered":"<p>Bran\u017ca spawalnicza stale si\u0119 rozrasta i wci\u0105\u017c potrzebuje nowych, wyspecjalizowanych pracownik\u00f3w. Nasza firma wychodzi naprzeciw oczekiwaniom i potrzebom takich os\u00f3b. Oferujemy kompleksowe kursy z r\u00f3\u017cnych metod spawania, kt\u00f3re ko\u0144cz\u0105 si\u0119 uzyskaniem odpowiednich uprawnie\u0144 i kwalifikacji. Szkolenia prowadzone s\u0105 przez fachowc\u00f3w i specjalist\u00f3w z wieloletnim do\u015bwiadczeniem w bran\u017cy, a zaj\u0119cia zar\u00f3wno teoretyczne, jak i praktyczne pozwalaj\u0105 kursantom jak najlepiej przygotowa\u0107 si\u0119 do wykonywanego w przysz\u0142o\u015bci zawodu.&nbsp; W ramach kursu oferujemy:&nbsp; Jednak, co najwa\u017cniejsze, zyskasz praktyczn\u0105 zdolno\u015b\u0107 i potrzebne umiej\u0119tno\u015bci do pracy w bran\u017cy spawalniczej. Zdob\u0119dziesz r\u00f3wnie\u017c niezb\u0119dn\u0105 wiedz\u0119 na temat konkretnych materia\u0142\u00f3w i urz\u0105dze\u0144, kt\u00f3re na co dzie\u0144 w swojej pracy wykorzystuje spawacz.&nbsp; Przyk\u0142adowe zagadnienia omawiane na kursie:&nbsp; Metody spawania&nbsp; Na zaj\u0119ciach teoretycznych prowadzone s\u0105 wyk\u0142ady, na kt\u00f3rych omawia si\u0119 r\u00f3\u017cne metody spawania. S\u0105 one wykorzystywane w codziennej pracy spawacza. Najpopularniejsze z nich, to spawanie \u0142ukowe elektrodami otulonymi, spajanie metali w os\u0142onach gazowych, spawanie \u0142ukiem krytym oraz spawanie gazowe. Dzi\u0119ki poznaniu wszystkich tych metod, kursanci b\u0119d\u0105 w pe\u0142ni przygotowani i gotowi do tego, \u017ceby podj\u0105\u0107 prac\u0119 w spawalnictwie.&nbsp; Dla kogo jest kurs spawacza?&nbsp; Nasz kurs przeznaczony jest dla os\u00f3b chc\u0105cych zacz\u0105\u0107 prace w bran\u017cy spawalniczej. Ch\u0119tne osoby powinny mie\u0107 uko\u0144czone 18 lat, posiada\u0107 minimum wykszta\u0142cenie podstawowe oraz stan zdrowia, kt\u00f3ry pozwala na prac\u0119 na stanowisku spawacza.&nbsp; Gdzie mo\u017cesz znale\u017a\u0107 zatrudnienie?&nbsp; Uprawnienia i kwalifikacje zdobyte na kursie, pozwol\u0105 na znalezienie zatrudnienia w r\u00f3\u017cnego rodzaju warsztatach, stoczniach czy firmach, kt\u00f3re zajmuj\u0105 si\u0119 spawalnictwem. Tak wyszkolone osoby, mog\u0105 by\u0107 r\u00f3wnie\u017c zatrudnione w budownictwie oraz transporcie. Dzi\u0119ki temu, \u017ce kursy prowadz\u0105 fachowcy czynnie pracuj\u0105cy w bran\u017cy, ch\u0119tnie podpowiedz\u0105, gdzie najlepiej [&hellip;]<\/p>\n","protected":false},"author":1,"featured_media":2868,"parent":65,"menu_order":0,"comment_status":"closed","ping_status":"closed","template":"page-templates\/template-podkategorie.php","meta":{"sfsi_plus_gutenberg_text_before_share":"","sfsi_plus_gutenberg_show_text_before_share":"","sfsi_plus_gutenberg_icon_type":"","sfsi_plus_gutenberg_icon_alignemt":"","sfsi_plus_gutenburg_max_per_row":"","footnotes":""},"class_list":["post-2137","page","type-page","status-publish","has-post-thumbnail","hentry","has_thumb"],"aioseo_notices":[],"_links":{"self":[{"href":"https:\/\/odk-ergon.pl\/de\/wp-json\/wp\/v2\/pages\/2137","targetHints":{"allow":["GET"]}}],"collection":[{"href":"https:\/\/odk-ergon.pl\/de\/wp-json\/wp\/v2\/pages"}],"about":[{"href":"https:\/\/odk-ergon.pl\/de\/wp-json\/wp\/v2\/types\/page"}],"author":[{"embeddable":true,"href":"https:\/\/odk-ergon.pl\/de\/wp-json\/wp\/v2\/users\/1"}],"replies":[{"embeddable":true,"href":"https:\/\/odk-ergon.pl\/de\/wp-json\/wp\/v2\/comments?post=2137"}],"version-history":[{"count":3,"href":"https:\/\/odk-ergon.pl\/de\/wp-json\/wp\/v2\/pages\/2137\/revisions"}],"predecessor-version":[{"id":3434,"href":"https:\/\/odk-ergon.pl\/de\/wp-json\/wp\/v2\/pages\/2137\/revisions\/3434"}],"up":[{"embeddable":true,"href":"https:\/\/odk-ergon.pl\/de\/wp-json\/wp\/v2\/pages\/65"}],"wp:featuredmedia":[{"embeddable":true,"href":"https:\/\/odk-ergon.pl\/de\/wp-json\/wp\/v2\/media\/2868"}],"wp:attachment":[{"href":"https:\/\/odk-ergon.pl\/de\/wp-json\/wp\/v2\/media?parent=2137"}],"curies":[{"name":"wp","href":"https:\/\/api.w.org\/{rel}","templated":true}]}}