{"id":2144,"date":"2022-04-23T15:20:01","date_gmt":"2022-04-23T13:20:01","guid":{"rendered":"https:\/\/odk-ergon.pl\/?page_id=2144"},"modified":"2023-03-16T11:04:41","modified_gmt":"2023-03-16T10:04:41","slug":"gabelstapler-2","status":"publish","type":"page","link":"https:\/\/odk-ergon.pl\/de\/szkolenia\/uprawnienia-udt-tdt\/wozki-widlowe\/","title":{"rendered":"Gabelstapler - UDT-Fahrerlehrgang"},"content":{"rendered":"<div class=\"wp-block-image\">\n<figure class=\"alignleft size-large is-resized\"><img loading=\"lazy\" decoding=\"async\" src=\"https:\/\/odk-ergon.pl\/wp-content\/uploads\/2022\/04\/YALE-MR20-SERIAL-C849T06677J-2058-1-1300x987-1.jpg\" alt=\"Firmenmitarbeiter\" width=\"325\" height=\"247\"\/><\/figure>\n<\/div>\n\n\n<p>Erwerben Sie gemeinsam mit ERGON Ihre Staplerfahrerqualifikation. <a href=\"https:\/\/odk-ergon.pl\/de\/o-firmie\/\">ERGON Personalschulungszentrum<\/a> l\u00e4dt alle ein, die eine Gabelstaplerausbildung absolvieren m\u00f6chten. Unser Zentrum ist der ideale Ort, um neue Qualifikationen und Berechtigungen zu erwerben.\u00a0<\/p>\n\n\n\n<h2 class=\"wp-block-heading\"><strong>Trainingsprogramm<\/strong>&nbsp;<\/h2>\n\n\n\n<p>Das ERGON Personalschulungszentrum konzentriert sich sowohl auf praktisches als auch auf theoretisches Wissen. Das Ausbildungsprogramm gliedert sich sowohl in die Abschlusspr\u00fcfung als auch in die zuk\u00fcnftige T\u00e4tigkeit. Wir achten darauf, dass der Auszubildende die Funktionen und Bedienung kennenlernt und den Umgang mit dem Fahrzeug schult. <\/p>\n\n\n\n<p><strong>W\u00e4hrend der Ausbildung behandeln wir Themen wie:<\/strong>\u00a0<\/p>\n\n\n<div class=\"wp-block-image\">\n<figure class=\"alignright size-large is-resized\"><img loading=\"lazy\" decoding=\"async\" src=\"https:\/\/odk-ergon.pl\/wp-content\/uploads\/2022\/04\/pm_03-2016_4291_B_16x9w1920.jpg\" alt=\"Gabelstapler\" width=\"480\" height=\"270\"\/><\/figure>\n<\/div>\n\n\n<ul class=\"wp-block-list\">\n<li>Art und Bauweise der Ger\u00e4te,&nbsp;<\/li>\n\n\n\n<li>Betreiberaktivit\u00e4ten vor und nach der Arbeit,&nbsp;<\/li>\n\n\n\n<li>Bedieneraktivit\u00e4ten w\u00e4hrend des Betriebs,&nbsp;<\/li>\n\n\n\n<li>Informationen \u00fcber die Bef\u00f6rderung von G\u00fctern,&nbsp;<\/li>\n\n\n\n<li>technische \u00dcberwachung,&nbsp;<\/li>\n\n\n\n<li>Regeln f\u00fcr den Austausch von Gasflaschen,&nbsp;<\/li>\n\n\n\n<li>praktische \u00dcbungen.&nbsp;<\/li>\n<\/ul>\n\n\n\n<p>ERGON verf\u00fcgt in seinen Schulungszentren \u00fcber einen Man\u00f6vrierplatz und die notwendige Ausr\u00fcstung. W\u00e4hrend des Unterrichts behandeln die Ausbilder gr\u00fcndlich alle Themen, die auf dem Programm stehen. Unser Personal besteht aus Ausbildern, die \u00fcber ein gro\u00dfes Wissen und viel Erfahrung verf\u00fcgen. Ihr Ziel ist es, den Auszubildenden das Wissen auf eine verst\u00e4ndliche und f\u00fcr alle zug\u00e4ngliche Weise zu vermitteln.&nbsp;<\/p>\n\n\n\n<h2 class=\"wp-block-heading\"><strong>Bedingungen f\u00fcr die Teilnahme an dem Kurs<\/strong>&nbsp;<\/h2>\n\n\n\n<p>Unsere einzigen Voraussetzungen sind, dass Sie mindestens achtzehn Jahre alt sind, einen Mindestgrundschulabschluss haben und keine gesundheitlichen Einschr\u00e4nkungen f\u00fcr die Arbeit haben. Die Ausbildung ist also f\u00fcr jeden geeignet, der diese drei Bedingungen erf\u00fcllt.&nbsp;&nbsp;<\/p>\n\n\n\n<figure class=\"wp-block-embed is-type-video is-provider-youtube wp-block-embed-youtube wp-embed-aspect-16-9 wp-has-aspect-ratio\"><div class=\"wp-block-embed__wrapper\">\n<iframe loading=\"lazy\" title=\"GABELSTAPLERFAHRER\/IN ABSOLVIEREN SIE IHRE AUSBILDUNG BEI UNS!\" width=\"500\" height=\"281\" src=\"https:\/\/www.youtube.com\/embed\/q30Thti4NkE?feature=oembed\" frameborder=\"0\" allow=\"accelerometer; autoplay; clipboard-write; encrypted-media; gyroscope; picture-in-picture; web-share\" referrerpolicy=\"strict-origin-when-cross-origin\" allowfullscreen><\/iframe>\n<\/div><\/figure>\n\n\n\n<h2 class=\"wp-block-heading\"><strong>Wir gehen individuell auf unsere Kunden ein<\/strong>&nbsp;<\/h2>\n\n\n<div class=\"wp-block-image\">\n<figure class=\"alignright size-large is-resized\"><img loading=\"lazy\" decoding=\"async\" src=\"https:\/\/odk-ergon.pl\/wp-content\/uploads\/2022\/04\/teleskopen-mit-oberwagen-roto-45-21-mcss-merlo14-scaled.jpg\" alt=\"Lastheben\" width=\"422\" height=\"282\"\/><\/figure>\n<\/div>\n\n\n<p>Ob Sie \u00fcber Kenntnisse in diesem Bereich verf\u00fcgen oder nicht, ist f\u00fcr uns nur eine Information, um das Kursprogramm auf Sie zuzuschneiden. Wir bieten auch Schulungen f\u00fcr organisierte Gruppen an, z. B. f\u00fcr die Mitarbeiter Ihres Unternehmens.&nbsp;<\/p>\n\n\n\n<h2 class=\"wp-block-heading\"><strong>Gabelstapler \u2013 was ist das?<\/strong>&nbsp;<\/h2>\n\n\n\n<p>Es handelt sich um Hebevorrichtungen, die dazu dienen, Lasten mit einem Gewicht von bis zu mehreren zehn Tonnen sowohl horizontal als auch vertikal in verschiedene H\u00f6hen zu bewegen. Gabelstapler werden genauer als Hubwagen bezeichnet. Es gibt viele Arten von Gabelstaplern, die nach Merkmalen gruppiert sind. Die Hauptunterteilung nach der polnischen Norm \"PN-77\/M-78100\" ist wie folgt:\u00a0<\/p>\n\n\n\n<figure class=\"wp-block-table\"><table><tbody><tr><td><strong>Art des Laufwerks<\/strong>&nbsp;<\/td><td><strong>Funktionen<\/strong>&nbsp;<\/td><td><strong>Der Weg der Kontrolle<\/strong>&nbsp;<\/td><\/tr><tr><td>Verbrennung,\u00a0<br>Gas,\u00a0<br>Elektrisch.\u00a0<\/td><td>Seite,\u00a0<br>Aufhebung,\u00a0<br>abseits der Stra\u00dfe,\u00a0<br>Torsion,\u00a0<br>hohe Lagerhaltung,\u00a0<br>systemisch,\u00a0<br>ausgesetzt,\u00a0<br>multidirektional,\u00a0<br>in Containern,\u00a0<br>Anti-Sprengstoff.\u00a0<\/td><td>gef\u00fchrt,\u00a0<br>Plattform,\u00a0<br>mit einem Sessel ausgestattet,\u00a0<br>ferngesteuert.\u00a0<\/td><\/tr><\/tbody><\/table><\/figure>\n\n\n\n<h2 class=\"wp-block-heading\"><strong>Berufliche Perspektiven f\u00fcr den Betreiber<\/strong>&nbsp;<\/h2>\n\n\n\n<p>Diese Ger\u00e4te sind in vielen Branchen zu finden. Sie werden haupts\u00e4chlich in Lagerh\u00e4usern, H\u00e4fen oder Fabriken eingesetzt. Einfacher ausgedr\u00fcckt: \u00fcberall dort, wo Lasten entladen werden m\u00fcssen. Die Berufsaussichten f\u00fcr einen Gabelstaplerfahrer mit einem UDT-F\u00fchrerschein sind also gro\u00df. Dank des Wachstums von Industrie und Handel nimmt die Zahl der Lagerh\u00e4user und Hallen st\u00e4ndig zu und damit auch der Bedarf an Bedienern solcher Ger\u00e4te. Gegenw\u00e4rtig sollte jedes Lager mit einer gr\u00f6\u00dferen Fl\u00e4che mit solchen Ger\u00e4ten ausgestattet sein. Nicht wegen der gesetzlichen Vorschriften, sondern wegen der Vorteile. Die Arbeit in einem Lagerhaus mit einem Gabelstapler erm\u00f6glicht es, schwere Lasten schnell und einfach zu bewegen, und es wird nur eine Person daf\u00fcr ben\u00f6tigt. Ihre Funktionalit\u00e4t macht sie heute unersetzlich.&nbsp;<\/p>\n\n\n\n<h2 class=\"wp-block-heading\"><strong>Was kostet das Training und was beinhaltet es?<\/strong>&nbsp;<\/h2>\n\n\n\n<p>Die Preise, die das ERGON Personalentwicklungszentrum anbietet, sind dem Umfang des Programms und dem Nutzen, den der Auszubildende erh\u00e4lt, angemessen. Sie werden bei der Einschreibung individuell festgelegt. Im Kurspreis erhalten Sie:&nbsp;<\/p>\n\n\n\n<ul class=\"wp-block-list\">\n<li>eine bestimmte Anzahl von Stunden praktischen und theoretischen Unterrichts,&nbsp;<\/li>\n\n\n\n<li>Zugang zu einer Online-Plattform mit Schulungsskripten und anderen Materialien wie Lehrvideos und Mustertests,&nbsp;<\/li>\n\n\n\n<li>Ausstellung einer Bescheinigung in Form eines Ausweises mit Lichtbild, die den Inhaber berechtigt, in bestimmten L\u00e4ndern zu arbeiten,&nbsp;<\/li>\n\n\n\n<li>die f\u00fcr den praktischen Unterricht erforderliche Ausr\u00fcstung.&nbsp;<\/li>\n<\/ul>\n\n\n\n<figure class=\"wp-block-video\"><video controls src=\"https:\/\/odk-ergon.pl\/wp-content\/uploads\/2023\/03\/ACCEPTED-wozki-widlowe-4K-odk-ergon.mp4\"><\/video><\/figure>\n\n\n\n<h2 class=\"wp-block-heading\"><strong>Wo organisieren wir Schulungen und wie kann man sich daf\u00fcr anmelden?<\/strong>&nbsp;<\/h2>\n\n\n\n<p>Unsere Zentren befinden sich in ganz Polen, mit der Hauptniederlassung in Warschau. Im Falle von Schulungen f\u00fcr organisierte Gruppen bieten wir auch Reisen zu Kunden in ganz Polen an. Wir hoffen, dass die obigen Informationen f\u00fcr Sie ausreichend sind, aber wenn Sie Fragen haben, z\u00f6gern Sie bitte nicht, uns zu kontaktieren.&nbsp;&nbsp;<\/p>\n\n\n\n<p>Die Ausbildung zum Gabelstaplerfahrer bei ERGON ist eine hervorragende Investition in Ihre Zukunft. Die Ausbildung dauert nicht lange, und bei uns haben Sie die M\u00f6glichkeit, eine Pr\u00fcfung abzulegen, nach deren Bestehen Sie ein <a href=\"https:\/\/odk-ergon.pl\/de\/szkolenia\/szkolenia-na-suwnice\/uprawnienia\/\">UDT-Qualifikationen<\/a>. Wir sind stolz auf unsere hohe Erfolgsquote bei Pr\u00fcfungen.<\/p>\n\n\n\n<figure class=\"wp-block-image size-large is-resized\"><img loading=\"lazy\" decoding=\"async\" src=\"https:\/\/odk-ergon.pl\/wp-content\/uploads\/2022\/11\/WJO-odk-ergon.pl_.png\" alt=\"UDT-Qualifikationen\" width=\"771\" height=\"450\"\/><\/figure>","protected":false},"excerpt":{"rendered":"<p>Zdob\u0105d\u017a uprawnienia na operatora w\u00f3zk\u00f3w wid\u0142owych razem z ERGON. O\u015brodek Doskonalenia Kadr ERGON zaprasza wszystkich ch\u0119tnych na odbycie szkolenia z zakresu obs\u0142ugi w\u00f3zk\u00f3w wid\u0142owych. Nasz o\u015brodek jest doskona\u0142ym miejscem na zdobycie nowych kwalifikacji i uprawnie\u0144.\u00a0 Program szkolenia&nbsp; O\u015brodek Doskonalenia Kadr ERGON stawia zar\u00f3wno na wiedz\u0119 praktyczn\u0105 jak i teoretyczn\u0105. Program szkolenia u\u0142o\u017cony jest pod k\u0105tem ko\u0144cowego egzaminu, ale r\u00f3wnie\u017c przysz\u0142ej pracy. Dbamy o to, aby kursant zdoby\u0142 wiedz\u0119 o jego funkcjach czy eksploatacji, jak i wy\u0107wiczy\u0142 obs\u0142ug\u0119 pojazdu. Podczas szkolenia poruszamy takie zagadnienia jak:\u00a0 ERGON w swoich o\u015brodkach szkoleniowych dysponuje placem manewrowym oraz potrzebnymi urz\u0105dzeniami. Podczas zaj\u0119\u0107 instruktorzy dok\u0142adnie poruszaj\u0105 wszystkie kwestie zawarte w programie. Nasz\u0105 kadr\u0119 tworz\u0105 szkoleniowcy posiadaj\u0105cy ogromn\u0105 wiedz\u0119 i do\u015bwiadczenie. Ich celem jest przekazanie wiedzy kursantom w spos\u00f3b zrozumia\u0142y i przyst\u0119pny dla ka\u017cdego.&nbsp; Warunki przyst\u0105pienia do kursu&nbsp; Jedyne wymagania jakie stawimy przed Tob\u0105 to uko\u0144czenie osiemnastego roku \u017cycia, wykszta\u0142cenie minimum podstawowe oraz brak przeciwskaza\u0144 zdrowotnych do wykonywania pracy. Szkolenie jest zatem dla ka\u017cdego kto spe\u0142nia te trzy warunki.&nbsp;&nbsp; Indywidualnie podchodzimy do klienta&nbsp; To czy posiadasz jak\u0105kolwiek wiedz\u0119 w tym zakresie czy nie, jest jedynie dla nas informacj\u0105 pozwalaj\u0105c\u0105 dostosowa\u0107 program kursu do Ciebie. Szkolenia prowadzimy r\u00f3wnie\u017c dla grup zorganizowanych np. pracownik\u00f3w Twojej firmy.&nbsp; W\u00f3zki wid\u0142owe \u2013 co to takiego?&nbsp; S\u0105 to urz\u0105dzenia d\u017awigowe s\u0142u\u017c\u0105ce do przemieszczania \u0142adunk\u00f3w o masie si\u0119gaj\u0105cej nawet kilkudziesi\u0119ciu ton, zar\u00f3wno w poziomie jak i w pionie na r\u00f3\u017cne wysoko\u015bci. W\u00f3zki wid\u0142owe dok\u0142adniej nazywane s\u0105 w\u00f3zkami jezdniowymi podno\u015bnikowymi. Wyr\u00f3\u017cniamy wiele rodzaj\u00f3w w\u00f3zk\u00f3w wid\u0142owych, rozgrupowanych ze wzgl\u0119du na cechy. G\u0142\u00f3wny podzia\u0142 wed\u0142ug polskiej normy &#8222;PN\u201377\/M\u201378100&#8221; wygl\u0105da nast\u0119puj\u0105co:\u00a0 Rodzaj nap\u0119du&nbsp; [&hellip;]<\/p>\n","protected":false},"author":1,"featured_media":2521,"parent":1828,"menu_order":0,"comment_status":"closed","ping_status":"closed","template":"","meta":{"sfsi_plus_gutenberg_text_before_share":"","sfsi_plus_gutenberg_show_text_before_share":"","sfsi_plus_gutenberg_icon_type":"","sfsi_plus_gutenberg_icon_alignemt":"","sfsi_plus_gutenburg_max_per_row":"","footnotes":""},"class_list":["post-2144","page","type-page","status-publish","has-post-thumbnail","hentry","has_thumb"],"aioseo_notices":[],"_links":{"self":[{"href":"https:\/\/odk-ergon.pl\/de\/wp-json\/wp\/v2\/pages\/2144","targetHints":{"allow":["GET"]}}],"collection":[{"href":"https:\/\/odk-ergon.pl\/de\/wp-json\/wp\/v2\/pages"}],"about":[{"href":"https:\/\/odk-ergon.pl\/de\/wp-json\/wp\/v2\/types\/page"}],"author":[{"embeddable":true,"href":"https:\/\/odk-ergon.pl\/de\/wp-json\/wp\/v2\/users\/1"}],"replies":[{"embeddable":true,"href":"https:\/\/odk-ergon.pl\/de\/wp-json\/wp\/v2\/comments?post=2144"}],"version-history":[{"count":12,"href":"https:\/\/odk-ergon.pl\/de\/wp-json\/wp\/v2\/pages\/2144\/revisions"}],"predecessor-version":[{"id":3185,"href":"https:\/\/odk-ergon.pl\/de\/wp-json\/wp\/v2\/pages\/2144\/revisions\/3185"}],"up":[{"embeddable":true,"href":"https:\/\/odk-ergon.pl\/de\/wp-json\/wp\/v2\/pages\/1828"}],"wp:featuredmedia":[{"embeddable":true,"href":"https:\/\/odk-ergon.pl\/de\/wp-json\/wp\/v2\/media\/2521"}],"wp:attachment":[{"href":"https:\/\/odk-ergon.pl\/de\/wp-json\/wp\/v2\/media?parent=2144"}],"curies":[{"name":"wp","href":"https:\/\/api.w.org\/{rel}","templated":true}]}}