{"id":2208,"date":"2022-05-22T18:58:31","date_gmt":"2022-05-22T16:58:31","guid":{"rendered":"https:\/\/odk-ergon.pl\/?page_id=2208"},"modified":"2026-04-14T11:14:55","modified_gmt":"2026-04-14T09:14:55","slug":"schweisen-von-optischen-fasern-2","status":"publish","type":"page","link":"https:\/\/odk-ergon.pl\/de\/szkolenia\/spawanie\/spawanie-swiatlowodow\/","title":{"rendered":"ERGON LWL-Schwei\u00dfkurs"},"content":{"rendered":"<div class=\"wp-block-image\">\n<figure class=\"alignright size-large is-resized\"><img decoding=\"async\" src=\"https:\/\/odk-ergon.pl\/wp-content\/uploads\/2022\/05\/KomShine-SM-OTDR-Launch-Cable-Ring-Singlemode-150m-300m-500m-1000m-OTDR-Dead-Zone-Eliminator-Fiber-1.jpg\" alt=\"professionelle Ausr\u00fcstung\" style=\"width:327px;height:327px\"\/><\/figure>\n<\/div>\n\n\n<p>Wir laden Sie ein, an unserer Ausbildung zum Glasfaserschwei\u00dfer teilzunehmen. Wir bereiten Sie effektiv und fachkundig auf Ihre Arbeit als Schwei\u00dfer von FTTH-Netzen vor. Die von ERGON angebotene Ausbildung befasst sich mit allen Aspekten der Glasfasertechnik. Kenntnisse und Fertigkeiten in der Glasfasertechnik k\u00f6nnen nur durch die Teilnahme an professionellen Schulungen und Schwei\u00dfkursen erworben werden. Unsere Ausbilder sind qualifiziert und legen besonderen Wert auf die praktischen Fertigkeiten. Seit \u00fcber zwanzig Jahren geben wir unser Wissen und unsere Erfahrung in der Glasfasertechnik weiter.&nbsp;<\/p>\n\n\n\n<h2 class=\"wp-block-heading\"><strong>Trainingsprogramm&nbsp;<\/strong><\/h2>\n\n\n\n<p>Wir bieten praktische und theoretische Einblicke in die Besonderheiten der Arbeit in dieser Branche. Unser Kurs stellt sicher, dass die Teilnehmer auf die Durchf\u00fchrung von Glasfaserschwei\u00dfarbeiten vorbereitet sind. W\u00e4hrend des Kurses er\u00f6rtern unsere Spezialisten Fragen im Zusammenhang mit FTTH-Telekommunikation.&nbsp;&nbsp;<\/p>\n\n\n\n<p>Themen, die w\u00e4hrend der Schulung besprochen wurden:&nbsp;<\/p>\n\n\n\n<ul class=\"wp-block-list\">\n<li>Aufbau und Arten von Glasfaserkabeln,&nbsp;<\/li>\n\n\n\n<li>faseroptische Konstruktion,&nbsp;<\/li>\n\n\n\n<li>Glasfasersteckertypen und -anwendungen,&nbsp;<\/li>\n\n\n\n<li>FTTH-Kabelverlegungsmethoden,&nbsp;<\/li>\n\n\n\n<li>Vorbereitung der Kabel zum Schneiden,&nbsp;<\/li>\n\n\n\n<li>Einarbeitung in den Installationsprozess von Glasfasersteckern,&nbsp;<\/li>\n\n\n\n<li>Typen und Funktionsweise von Glasfaserschwei\u00dfmaschinen,&nbsp;<\/li>\n\n\n\n<li>FTTH-Faserschwei\u00dftechniken,&nbsp;<\/li>\n\n\n\n<li>Herstellung von Glasfaseranschl\u00fcssen durch Kleben,&nbsp;<\/li>\n\n\n\n<li>Bestimmung der Parameter der thermischen Verbindungen,&nbsp;<\/li>\n\n\n\n<li>Erkennung und Korrektur von Fehlern beim Splei\u00dfen,&nbsp;<\/li>\n\n\n\n<li>Durchf\u00fchrung von Kontrollmessungen,&nbsp;<\/li>\n\n\n\n<li>die w\u00e4hrend der Arbeit geltenden Gesundheits- und Sicherheitsvorschriften.&nbsp;<\/li>\n<\/ul>\n\n\n\n<figure class=\"wp-block-image size-large is-resized\"><img decoding=\"async\" src=\"https:\/\/odk-ergon.pl\/wp-content\/uploads\/2022\/05\/IMG_2502x1200.jpg\" alt=\"Menschen bei der Arbeit\" style=\"width:778px;height:584px\"\/><\/figure>\n\n\n\n<h2 class=\"wp-block-heading\"><strong>F\u00fcr wen ist das Glasfaseranschluss-Training geeignet?&nbsp;<\/strong><\/h2>\n\n\n\n<ul class=\"wp-block-list\">\n<li>Einzelpersonen und Arbeitnehmer,&nbsp;<\/li>\n\n\n\n<li>Installateure und Besch\u00e4ftigte in der Telekommunikation,&nbsp;<\/li>\n\n\n\n<li>Installateure von Computernetzwerken,&nbsp;<\/li>\n\n\n\n<li>IT-Personal,&nbsp;<\/li>\n\n\n\n<li>H\u00e4ndler und Gesch\u00e4fte in der Elektronikbranche,&nbsp;<\/li>\n\n\n\n<li>Unternehmen aus den Bereichen Industrie und Elektronik,&nbsp;<\/li>\n\n\n\n<li>Internet-Anbieter,&nbsp;<\/li>\n\n\n\n<li>Menschen, die ihre Qualifikationen verbessern m\u00f6chten,&nbsp;<\/li>\n\n\n\n<li>Arbeitnehmer, die eine Umschulung planen.&nbsp;<\/li>\n<\/ul>\n\n\n\n<h2 class=\"wp-block-heading\"><strong>Warum es sich lohnt, LWL-Schwei\u00dfer zu werden?&nbsp;<\/strong><\/h2>\n\n\n\n<p>Die \u00d6ffnung der Arbeitsm\u00e4rkte in der Europ\u00e4ischen Union hat insbesondere f\u00fcr qualifizierte Fachkr\u00e4fte neue M\u00f6glichkeiten der Erwerbst\u00e4tigkeit geschaffen. Aufgrund der wachsenden Popularit\u00e4t von Lichtwellenleitern ist die Nachfrage nach dieser Art von Schwei\u00dfger\u00e4ten in ganz Europa erheblich gestiegen. Da Lichtwellenleiter in verschiedenen Branchen verwendet werden, garantiert die Arbeit in dieser Art des Schwei\u00dfens die M\u00f6glichkeit einer kontinuierlichen Weiterentwicklung.&nbsp;<\/p>\n\n\n\n<h2 class=\"wp-block-heading\"><strong>Was ist Glasfaserschwei\u00dfen?&nbsp;<\/strong><\/h2>\n\n\n\n<p>Glasfasernetze werden f\u00fcr die Daten\u00fcbertragung genutzt. Die Technologie wird zur \u00dcbertragung und zum Empfang von Informationen eingesetzt und geh\u00f6rt zu den ausfallsicheren und zuverl\u00e4ssigen \u00dcbertragungsmedien. Glasfasern werden auch in endoskopischen Techniken oder in der Optoelektronik eingesetzt. Diese Technologie beherrscht den Markt aufgrund ihrer gro\u00dfen Reichweite und Effizienz der Daten\u00fcbertragung.&nbsp;&nbsp;<\/p>\n\n\n\n<p>Der Prozess des Schwei\u00dfens von Lichtwellenleitern kann in mehrere Phasen unterteilt werden:&nbsp;<\/p>\n\n\n\n<ul class=\"wp-block-list\">\n<li>Anordnung und Aufbereitung der Fasern,&nbsp;<\/li>\n\n\n\n<li>Strippen,&nbsp;<\/li>\n\n\n\n<li>Reinigung und Schneiden von Kabeln,&nbsp;<\/li>\n\n\n\n<li>Schwei\u00dfen,&nbsp;<\/li>\n\n\n\n<li>Thermik,&nbsp;<\/li>\n\n\n\n<li>mechanisch,&nbsp;<\/li>\n\n\n\n<li>Messung der Abschw\u00e4chung.&nbsp;<\/li>\n<\/ul>\n\n\n\n<p>Beim Splei\u00dfen von Glasfasern werden die Glasfasern mit einem speziellen Splei\u00dfger\u00e4t verschmolzen und miteinander verbunden. Es ist auch m\u00f6glich, einen mechanischen Splei\u00dfer zu verwenden, der ein optisches Gel enth\u00e4lt, das die L\u00fccken zwischen den Fasern \u00fcberbr\u00fcckt.&nbsp;<\/p>\n\n\n<div class=\"wp-block-image\">\n<figure class=\"alignright size-large is-resized\"><img decoding=\"async\" src=\"https:\/\/odk-ergon.pl\/wp-content\/uploads\/2022\/05\/12ciminstall_photo_1.png\" alt=\"Mann bei der Arbeit\" style=\"width:264px;height:412px\"\/><\/figure>\n<\/div>\n\n\n<h2 class=\"wp-block-heading\"><strong>Was ist ein Faserschwei\u00dfger\u00e4t?&nbsp;<\/strong><\/h2>\n\n\n\n<p>Ein unverzichtbares Werkzeug f\u00fcr einen Glasfaserschwei\u00dfer ist ein Spezialschwei\u00dfer, der eine breite Palette von Fasern unterst\u00fctzt. Mit dem Ger\u00e4t lassen sich Lichtwellenleiter schnell und pr\u00e4zise verschwei\u00dfen. Bei der Arbeit mit dieser Ausr\u00fcstung sind die Schl\u00fcsselfaktoren die Auswahl der Parameter, die Schnittl\u00e4nge und die Anzahl der Schwei\u00dfungen, die w\u00e4hrend eines Arbeitszyklus durchgef\u00fchrt werden.&nbsp;<\/p>\n\n\n\n<h2 class=\"wp-block-heading\"><strong>Zweck der Ausbildung&nbsp;<\/strong><\/h2>\n\n\n\n<p>Die von ERGON angebotene Schulung richtet sich an Personen, die die Grundlagen der Glasfasertechnologie erlernen wollen und an Personen, deren Arbeit Kenntnisse \u00fcber den Bau von Glasfaserleitungen und deren Komponenten sowie die F\u00e4higkeit zum Anschluss und zur Messung von Glasfasernetzen erfordert.&nbsp;&nbsp;<\/p>\n\n\n\n<h2 class=\"wp-block-heading\"><strong>Anforderungen&nbsp;<\/strong><\/h2>\n\n\n\n<p>Der Glasfaseranschlusskurs richtet sich an Personen, die:&nbsp;<\/p>\n\n\n\n<ul class=\"wp-block-list\">\n<li>mindestens 18 Jahre alt sind,&nbsp;<\/li>\n\n\n\n<li>mindestens die Primarschule abgeschlossen haben,&nbsp;<\/li>\n<\/ul>\n\n\n\n<h2 class=\"wp-block-heading\"><strong>Berechtigungen<\/strong>&nbsp;<\/h2>\n\n\n\n<p>Die Teilnahme an der Schulung berechtigt zum Erwerb einer durch ein Zertifikat best\u00e4tigten Schwei\u00dferqualifikation.&nbsp;<\/p>\n\n\n\n<h2 class=\"wp-block-heading\"><strong>Ort der Ausbildung<\/strong>&nbsp;<\/h2>\n\n\n\n<p>Schwei\u00dfschulungen finden in unseren Niederlassungen im ganzen Land statt. Wir bieten auch geschlossene Schulungen an, die wir nach vorheriger Absprache an einem f\u00fcr den Kunden geeigneten Ort durchf\u00fchren.&nbsp;<\/p>\n\n\n\n<figure class=\"wp-block-video\"><video controls src=\"https:\/\/odk-ergon.pl\/wp-content\/uploads\/2023\/03\/ACCEPTED-spawacz-swiatlowodOW-4K-odk-ergon.mp4\"><\/video><\/figure>\n\n\n\n<h2 class=\"wp-block-heading\"><strong>Preis<\/strong>&nbsp;<\/h2>\n\n\n\n<p>Schulungen bei ERGON garantieren einen professionellen Ansatz und attraktive Preise. F\u00fcr gr\u00f6\u00dfere Gruppen haben wir attraktive Rabatte vorgesehen. Bitte kontaktieren Sie uns f\u00fcr detaillierte Informationen zu den Preisen.&nbsp;<\/p>\n\n\n\n<h2 class=\"wp-block-heading\"><strong>Warum lohnt sich eine Ausbildung bei ERGON?<\/strong>&nbsp;<\/h2>\n\n\n\n<p>Die von uns angebotene Ausbildung dient der theoretischen und praktischen Vorbereitung auf den Beruf. Bei der Ausbildung legen wir Wert auf eine umfassende Qualifizierung unserer Auszubildenden. Wir verf\u00fcgen \u00fcber mehr als 20 Jahre Erfahrung und haben in dieser Zeit Tausende von Menschen ausgebildet. Der Abschluss unserer Ausbildung vermittelt die notwendigen Kenntnisse, um selbst Glasfaserkabel zu verlegen, mechanische und thermische Splei\u00dfarbeiten durchzuf\u00fchren, Glasfaserschalter und -koppler zu installieren sowie Transmissions- und Reflexionsmessungen durchzuf\u00fchren. Da die Nachfrage nach Fachleuten f\u00fcr die Installation von Glasfasernetzen st\u00e4ndig steigt, erf\u00fcllen wir die Erwartungen unserer Kunden und vermitteln Wissen auf zug\u00e4ngliche und hocheffiziente Weise.&nbsp;&nbsp;<\/p>\n\n\n\n<p>Wenn Sie Fragen zu unserem Angebot haben, wenden Sie sich bitte an uns - unsere Mitarbeiter helfen Ihnen gerne, alle Zweifel auszur\u00e4umen. Wir ermutigen Sie, unsere Dienste in Anspruch zu nehmen! Das Team von ODK ERGON&nbsp;<\/p>\n\n\n\n<h2 class=\"wp-block-heading\"><strong>Weitere Schulungen aus unserem Angebot:<\/strong>&nbsp;<\/h2>\n\n\n\n<ul class=\"wp-block-list\">\n<li>Energietraining G1 G2 G3,&nbsp;<\/li>\n\n\n\n<li>Arbeit in der H\u00f6he,&nbsp;<\/li>\n\n\n\n<li>UDT\/TDT\/WDT-Anspr\u00fcche.&nbsp;<\/li>\n<\/ul>\n\n\n\n<figure class=\"wp-block-image size-large is-resized\"><img decoding=\"async\" src=\"https:\/\/odk-ergon.pl\/wp-content\/uploads\/2022\/11\/76-Spawanie-swiatlowodow-odk-ergon.pl_.png\" alt=\"Schwei\u00dfen von optischen Fasern\" style=\"width:739px;height:431px\"\/><\/figure>","protected":false},"excerpt":{"rendered":"<p>Zapraszamy do wzi\u0119cia udzia\u0142u w naszym szkoleniu spawania \u015bwiat\u0142owod\u00f3w. Efektywnie i fachowo przygotujemy Ci\u0119 do pracy jako spawacz sieci FTTH. Oferowane przez ERGON szkolenie po\u015bwi\u0119cone jest wszystkim aspektom techniki \u015bwiat\u0142owodowej. Wiedz\u0119 i umiej\u0119tno\u015bci z zakresu technologii \u015bwiat\u0142owodowych mo\u017cna zdoby\u0107 tylko przez uczestnictwo w profesjonalnych szkoleniach i kursach spawania. Nasi prowadz\u0105cy dysponuj\u0105 odpowiednimi kwalifikacjami i k\u0142ad\u0105 szczeg\u00f3lny nacisk na umiej\u0119tno\u015bci praktyczne. Dzielimy si\u0119 nasz\u0105 wiedz\u0105 i do\u015bwiadczeniem w zakresie technologii \u015bwiat\u0142owodowych od ponad dwudziestu lat.&nbsp; Program szkolenia&nbsp; Zapewniamy zapoznanie si\u0119 ze specyfik\u0105 pracy w bran\u017cy od strony praktycznej i teoretycznej. Nasz kurs zapewnia przygotowanie uczestnik\u00f3w do wykonywania czynno\u015bci zwi\u0105zanych ze zgrzewaniem \u015bwiat\u0142owod\u00f3w. W czasie szkolenia nasi specjali\u015bci om\u00f3wi\u0105 zagadnienia zwi\u0105zanie z telekomunikacj\u0105 FTTH.&nbsp;&nbsp; Tematy omawiane podczas szkolenia:&nbsp; Do kogo kierowane jest szkolenie \u0142\u0105czenia \u015bwiat\u0142owod\u00f3w?&nbsp; Dlaczego warto zosta\u0107 spawaczem \u015bwiat\u0142owod\u00f3w?&nbsp; Otwarcie rynk\u00f3w pracy w Unii Europejskiej stworzy\u0142o nowe mo\u017cliwo\u015bci pracy zarobkowej, zw\u0142aszcza dla wykwalifikowanych fachowc\u00f3w. Ze wzgl\u0119du na rosn\u0105c\u0105 popularno\u015b\u0107 \u015bwiat\u0142owod\u00f3w, w ca\u0142ej Europie znacz\u0105co wzr\u00f3s\u0142 popyt na spawaczy tego typu. Poniewa\u017c \u015bwiat\u0142owody u\u017cywane s\u0105 w r\u00f3\u017cnych bran\u017cach przemys\u0142u, praca w tego typu spawalnictwie gwarantuje mo\u017cliwo\u015b\u0107 ci\u0105g\u0142ego rozwoju.&nbsp; Czym jest spawanie \u015bwiat\u0142owod\u00f3w?&nbsp; Sieci \u015bwiat\u0142owodowe wykorzystywane s\u0105 do transmisji danych. Technologia ta u\u017cywana jest do przesy\u0142ania i odbioru informacji, nale\u017cy do bezawaryjnych i niezawodnych medi\u00f3w transmisyjnych. \u015awiat\u0142owody stosowane s\u0105 tak\u017ce w technikach endoskopowych czy optoelektronice. Ze wzgl\u0119du na sw\u00f3j szeroki zasi\u0119g oraz efektywno\u015b\u0107 transmisji danych technologia ta zdominowa\u0142a rynek.&nbsp;&nbsp; Proces spawania \u015bwiat\u0142owod\u00f3w mo\u017cna podzieli\u0107 na kilka etap\u00f3w:&nbsp; Spawanie \u015bwiat\u0142owod\u00f3w polega na topieniu i \u0142\u0105czeniu ze sob\u0105 w\u0142\u00f3kien \u015bwiat\u0142owodowych za pomoc\u0105 specjalistycznej spawarki optycznej. Mo\u017cliwe jest wykorzystanie spawu mechanicznego [&hellip;]<\/p>\n","protected":false},"author":1,"featured_media":2212,"parent":2137,"menu_order":0,"comment_status":"closed","ping_status":"closed","template":"","meta":{"sfsi_plus_gutenberg_text_before_share":"","sfsi_plus_gutenberg_show_text_before_share":"","sfsi_plus_gutenberg_icon_type":"","sfsi_plus_gutenberg_icon_alignemt":"","sfsi_plus_gutenburg_max_per_row":"","footnotes":""},"class_list":["post-2208","page","type-page","status-publish","has-post-thumbnail","hentry","has_thumb"],"aioseo_notices":[],"_links":{"self":[{"href":"https:\/\/odk-ergon.pl\/de\/wp-json\/wp\/v2\/pages\/2208","targetHints":{"allow":["GET"]}}],"collection":[{"href":"https:\/\/odk-ergon.pl\/de\/wp-json\/wp\/v2\/pages"}],"about":[{"href":"https:\/\/odk-ergon.pl\/de\/wp-json\/wp\/v2\/types\/page"}],"author":[{"embeddable":true,"href":"https:\/\/odk-ergon.pl\/de\/wp-json\/wp\/v2\/users\/1"}],"replies":[{"embeddable":true,"href":"https:\/\/odk-ergon.pl\/de\/wp-json\/wp\/v2\/comments?post=2208"}],"version-history":[{"count":11,"href":"https:\/\/odk-ergon.pl\/de\/wp-json\/wp\/v2\/pages\/2208\/revisions"}],"predecessor-version":[{"id":3706,"href":"https:\/\/odk-ergon.pl\/de\/wp-json\/wp\/v2\/pages\/2208\/revisions\/3706"}],"up":[{"embeddable":true,"href":"https:\/\/odk-ergon.pl\/de\/wp-json\/wp\/v2\/pages\/2137"}],"wp:featuredmedia":[{"embeddable":true,"href":"https:\/\/odk-ergon.pl\/de\/wp-json\/wp\/v2\/media\/2212"}],"wp:attachment":[{"href":"https:\/\/odk-ergon.pl\/de\/wp-json\/wp\/v2\/media?parent=2208"}],"curies":[{"name":"wp","href":"https:\/\/api.w.org\/{rel}","templated":true}]}}