{"id":2267,"date":"2022-06-23T11:30:59","date_gmt":"2022-06-23T09:30:59","guid":{"rendered":"https:\/\/odk-ergon.pl\/?page_id=2267"},"modified":"2023-03-15T13:18:41","modified_gmt":"2023-03-15T12:18:41","slug":"absturzsicherungskurs","status":"publish","type":"page","link":"https:\/\/odk-ergon.pl\/de\/szkolenia\/kurs-wysokosciowy\/kurs-ochrony-przed-upadkiem\/","title":{"rendered":"Absturzsicherungskurs"},"content":{"rendered":"<div class=\"wp-block-image\">\n<figure class=\"alignright size-large is-resized\"><img loading=\"lazy\" decoding=\"async\" src=\"https:\/\/odk-ergon.pl\/wp-content\/uploads\/2022\/06\/IMG_3430-scaled-1.jpeg\" alt=\"Arbeiten in der H\u00f6he\" width=\"292\" height=\"389\"\/><\/figure>\n<\/div>\n\n\n<p><a href=\"https:\/\/odk-ergon.pl\/de\/o-firmie\/\">ODK ERGON<\/a> l\u00e4dt Interessierte ein, an einem Kurs \u00fcber Absturzsicherung, d. h. \u00fcber den richtigen Umgang mit Sicherheitsgurten, teilzunehmen. Pers\u00f6nliche Schutzausr\u00fcstungen sollten nur von Personen verwendet werden, die daf\u00fcr ausgebildet sind. Die Schulung umfasst theoretische und praktische Kenntnisse, deren Erwerb Sie in die Lage versetzt, sicher in der H\u00f6he zu arbeiten und dazu beitr\u00e4gt, das Risiko von Arbeitsunf\u00e4llen zu verringern.&nbsp;&nbsp;&nbsp;<\/p>\n\n\n\n<h2 class=\"wp-block-heading\"><strong>Kenntnisse, die w\u00e4hrend der Ausbildung erworben wurden<\/strong>&nbsp;<\/h2>\n\n\n\n<p>W\u00e4hrend des Kurses werden Sie umfassend auf die korrekte Verwendung von Absturzsicherungsausr\u00fcstung und die korrekte F\u00fchrung von Ausr\u00fcstungsprotokollen vorbereitet. Die Schulung gliedert sich in einen theoretischen und einen praktischen Teil.&nbsp;&nbsp;<\/p>\n\n\n\n<p>Das Schulungsprogramm befasst sich mit den folgenden Themen:&nbsp;<\/p>\n\n\n\n<ul class=\"wp-block-list\">\n<li>Rechtsgrundlagen und Vorschriften f\u00fcr Arbeiten in der H\u00f6he,&nbsp;<\/li>\n\n\n\n<li>Vorschriften und Normen f\u00fcr die Bestandteile von pers\u00f6nlicher Schutzausr\u00fcstung gegen Absturz,&nbsp;<\/li>\n\n\n\n<li>bestehende Gefahren und Risikobewertung,&nbsp;<\/li>\n\n\n\n<li>Eigenschaften und Arten von Sicherheitsgurtkomponenten,&nbsp;<\/li>\n\n\n\n<li>richtige Auswahl der Ausr\u00fcstung f\u00fcr die Art der durchgef\u00fchrten Arbeit,&nbsp;<\/li>\n\n\n\n<li>die h\u00e4ufigsten Sch\u00e4den an Schutzausr\u00fcstung,&nbsp;<\/li>\n\n\n\n<li>Vorgehen in Notsituationen,&nbsp;<\/li>\n\n\n\n<li>das Ausf\u00fcllen des Verwendungsnachweises.&nbsp;<\/li>\n<\/ul>\n\n\n\n<p>Im praktischen Teil:&nbsp;<\/p>\n\n\n\n<ul class=\"wp-block-list\">\n<li>Sie lernen Methoden zur Selbstsicherung kennen,&nbsp;<\/li>\n\n\n\n<li>Sie lernen, wie Sie das Gurtzeug richtig einstellen und verwenden,&nbsp;<\/li>\n\n\n\n<li>Sie lernen Absturzsicherungssysteme kennen,&nbsp;<\/li>\n\n\n\n<li>Sie lernen, sich mit Hilfe von festen Ankern fortzubewegen,&nbsp;<\/li>\n\n\n\n<li>Sie lernen die Evakuierungsmethoden aus der H\u00f6he kennen.&nbsp;<\/li>\n<\/ul>\n\n\n\n<p>Nach Abschluss der Schulung verf\u00fcgen die Teilnehmer \u00fcber theoretische Kenntnisse und praktische F\u00e4higkeiten, die f\u00fcr die Verwendung verschiedener Absturzsicherungs-, Positionierungs- und R\u00fcckhalteausr\u00fcstungen erforderlich sind. Ein wesentliches Element dieser Ausbildung ist der gro\u00dfe Anteil an praktischen \u00dcbungen.&nbsp;<strong>&nbsp;<\/strong>&nbsp;<strong>&nbsp;<\/strong>&nbsp;<\/p>\n\n\n\n<figure class=\"wp-block-embed is-type-video is-provider-youtube wp-block-embed-youtube wp-embed-aspect-16-9 wp-has-aspect-ratio\"><div class=\"wp-block-embed__wrapper\">\n<iframe loading=\"lazy\" title=\"H\u00d6HENKURSE VERVOLLST\u00c4NDIGEN SIE IHRE AUSBILDUNG BEI UNS! EINE STAATLICH ANERKANNTE QUALIFIKATION ERWERBEN\" width=\"500\" height=\"281\" src=\"https:\/\/www.youtube.com\/embed\/esNZek7JXgI?feature=oembed\" frameborder=\"0\" allow=\"accelerometer; autoplay; clipboard-write; encrypted-media; gyroscope; picture-in-picture; web-share\" referrerpolicy=\"strict-origin-when-cross-origin\" allowfullscreen><\/iframe>\n<\/div><\/figure>\n\n\n\n<h2 class=\"wp-block-heading\"><strong>Zweck des Kurses<\/strong>&nbsp;<\/h2>\n\n\n\n<p>Die von ERGON angebotene Schulung soll Mitarbeiter darauf vorbereiten, sicher in der H\u00f6he mit einem Auffanggurt zu arbeiten. Der Kurs bereitet Sie effektiv darauf vor, die erworbenen Kenntnisse und F\u00e4higkeiten auf Situationen bei Arbeiten in der H\u00f6he anzuwenden.&nbsp;<strong>&nbsp;&nbsp;<\/strong>&nbsp;<\/p>\n\n\n\n<h2 class=\"wp-block-heading\"><strong>Voraussetzungen f\u00fcr den Start des Kurses<\/strong>&nbsp;<\/h2>\n\n\n\n<p>An der Schulung kann teilnehmen, wer:&nbsp;<\/p>\n\n\n\n<ul class=\"wp-block-list\">\n<li>das 18. Lebensjahr vollendet hat,&nbsp;<\/li>\n\n\n\n<li>\u00fcber ein Minimum an Grundbildung verf\u00fcgt,&nbsp;<\/li>\n\n\n\n<li>im Besitz einer g\u00fcltigen \u00e4rztlichen Bescheinigung f\u00fcr Arbeiten in einer H\u00f6he von mehr als 3 Metern ist.&nbsp;<\/li>\n<\/ul>\n\n\n\n<h2 class=\"wp-block-heading\"><strong>Welche T\u00e4tigkeiten sind in der H\u00f6henarbeit enthalten?<\/strong>&nbsp;<\/h2>\n\n\n\n<p>Jede T\u00e4tigkeit, die von einem Arbeitnehmer auf einer Fl\u00e4che von mehr als 1 Meter \u00fcber dem Boden ausgef\u00fchrt wird, wird als Arbeit in der H\u00f6he eingestuft. Es liegt in der Verantwortung des Arbeitgebers, diese Arbeiten direkt zu beaufsichtigen und Sicherheitsma\u00dfnahmen wie Sicherheitsgurte zu gew\u00e4hrleisten. Zu den Arbeiten in der H\u00f6he k\u00f6nnen geh\u00f6ren:&nbsp;<\/p>\n\n\n\n<ul class=\"wp-block-list\">\n<li>Bau oder Abriss von Geb\u00e4uden,&nbsp;<\/li>\n\n\n\n<li>Durchf\u00fchrung von Isolierungen oder Renovierungen der Fassade,&nbsp;<\/li>\n\n\n\n<li>T\u00e4tigkeiten auf dem Dach,&nbsp;<\/li>\n\n\n\n<li>Arbeiten beim Bau und der Renovierung von Br\u00fccken, \u00dcberf\u00fchrungen usw.,&nbsp;<\/li>\n\n\n\n<li>Arbeiten an Silos und Tanks,&nbsp;<\/li>\n\n\n\n<li>Reinigen und Waschen von Fenstern von hohen Geb\u00e4uden,&nbsp;<\/li>\n\n\n\n<li>Baumpflege und F\u00e4llen.&nbsp;<\/li>\n<\/ul>\n\n\n\n<p>Achten Sie bei Arbeiten auf allen Arten von Ger\u00fcsten, Rampen, Masten, hohen Podesten oder D\u00e4chern in erster Linie auf Ihre Sicherheit. Besonders gef\u00e4hrliche Arbeiten k\u00f6nnen auch Arbeiten an Windkraftanlagen oder in vertikaler Aufh\u00e4ngung sein.&nbsp;<strong>&nbsp;<\/strong>&nbsp;<\/p>\n\n\n\n<figure class=\"wp-block-image size-large is-resized\"><img loading=\"lazy\" decoding=\"async\" src=\"https:\/\/odk-ergon.pl\/wp-content\/uploads\/2022\/06\/Gas-mains-1.jpg\" alt=\"H\u00f6hengeschirr\" width=\"750\" height=\"563\"\/><\/figure>\n\n\n\n<h2 class=\"wp-block-heading\"><strong>Welche Vorschriften regeln die Verwendung von pers\u00f6nlicher Schutzausr\u00fcstung?<\/strong>&nbsp;<\/h2>\n\n\n\n<p>Der Sicherheitsgurt sollte gem\u00e4\u00df den in den Vorschriften festgelegten Standards verwendet werden:&nbsp;<\/p>\n\n\n\n<ul class=\"wp-block-list\">\n<li>EN 358 - Pers\u00f6nliche Schutzausr\u00fcstungen f\u00fcr die Arbeitspositionierung und zur Verhinderung von Abst\u00fcrzen - Gurte f\u00fcr die Arbeitspositionierung und R\u00fcckhaltesysteme und Seile f\u00fcr die Arbeitspositionierung.\u00a0<\/li>\n\n\n\n<li>PN-EN 361 \u2013 Pers\u00f6nliche Schutzausr\u00fcstung gegen Absturz \u2013 Auffanggurte.&nbsp;<\/li>\n\n\n\n<li>EN 363 - Pers\u00f6nliche Schutzausr\u00fcstung gegen Absturz. Nach dieser Norm ist ein Auffanggurt die einzige Absturzsicherung, die ein Arbeitnehmer direkt an sich selbst tr\u00e4gt.&nbsp;<\/li>\n<\/ul>\n\n\n<div class=\"wp-block-image\">\n<figure class=\"alignright size-large is-resized\"><img loading=\"lazy\" decoding=\"async\" src=\"https:\/\/odk-ergon.pl\/wp-content\/uploads\/2022\/06\/oso.edu_.pl-096-scaled.jpg\" alt=\"Ausr\u00fcstung f\u00fcr Arbeiten in der H\u00f6he\" width=\"436\" height=\"315\"\/><\/figure>\n<\/div>\n\n\n<h2 class=\"wp-block-heading\"><strong>Wann sollte ein Mitarbeiter einen Auffanggurt tragen?<\/strong>&nbsp;<\/h2>\n\n\n\n<p>Die Vorschriften f\u00fcr die Verwendung von Sicherheitsgurten sind in der Verordnung des Ministers f\u00fcr Arbeit und Sozialpolitik vom 26. September 1997 geregelt. Diese Verordnung schreibt vor, dass bei sogenannten H\u00f6henarbeiten, d. h. bei T\u00e4tigkeiten, die auf einer Fl\u00e4che in einer H\u00f6he von mindestens 1 Meter \u00fcber dem Boden ausgef\u00fchrt werden, Sicherheitsgurte verwendet werden m\u00fcssen.&nbsp;&nbsp;&nbsp;<\/p>\n\n\n\n<h2 class=\"wp-block-heading\"><strong>Eigenschaften des Sicherheitsgeschirrs<\/strong>&nbsp;<\/h2>\n\n\n\n<p>Auffanggurte f\u00fcr H\u00f6henarbeiten sind miteinander verbundene Abschnitte aus Polyamidb\u00e4ndern, die ordnungsgem\u00e4\u00df zusammengen\u00e4ht und mit Metallschnallen verbunden sind. Sie k\u00f6nnen zus\u00e4tzliche Ausr\u00fcstung haben, es h\u00e4ngt von ihrer Anpassung an bestimmte Arbeiten ab. Die komplexeren und professionelleren Modelle sind mit einer vorderen Befestigungsschnalle in Brusth\u00f6he ausgestattet, die sich den Elementen der Vertikalsicherung anpasst.&nbsp;&nbsp;&nbsp;<\/p>\n\n\n\n<h2 class=\"wp-block-heading\"><strong>Steuerung der Ausr\u00fcstung in gro\u00dfer H\u00f6he<\/strong>&nbsp;<\/h2>\n\n\n\n<p>Da der H\u00f6hengurt und sein Zubeh\u00f6r Leben retten k\u00f6nnen, sollte der Zustand des Sicherheitsgurtes regelm\u00e4\u00dfig \u00fcberpr\u00fcft werden. Einmal j\u00e4hrlich, nach 12 Monaten Gebrauch, muss das Gurtzeug aus dem Gebrauch genommen werden, um eine gr\u00fcndliche Zustandspr\u00fcfung durchzuf\u00fchren.&nbsp;<strong>&nbsp;<\/strong>&nbsp;<\/p>\n\n\n\n<figure class=\"wp-block-image size-large is-resized\"><img loading=\"lazy\" decoding=\"async\" src=\"https:\/\/odk-ergon.pl\/wp-content\/uploads\/2022\/06\/oso.edu_.pl-0096.jpg\" alt=\"Menschen mit Helmen\" width=\"745\" height=\"414\"\/><\/figure>\n\n\n\n<h2 class=\"wp-block-heading\"><strong>Preis<\/strong>&nbsp;<\/h2>\n\n\n\n<p>Bitte sehen Sie in der Preisliste nach oder rufen Sie uns an, um die Preise zu erfahren.&nbsp;&nbsp;&nbsp;<\/p>\n\n\n\n<h2 class=\"wp-block-heading\"><strong>Warum lohnt es sich, bei ERGON zu trainieren?<\/strong>&nbsp;<\/h2>\n\n\n\n<p>Durch die Absolvierung des von uns organisierten Lehrgangs k\u00f6nnen Sie die erforderlichen Kenntnisse und F\u00e4higkeiten im Bereich der besonders gef\u00e4hrlichen Arbeiten erwerben. Der von uns angebotene Kurs richtet sich an alle Unternehmen, die Arbeiten in der H\u00f6he durchf\u00fchren, sowie an Einzelpersonen, die in diesem Bereich t\u00e4tig sind. Bei der Ausbildung legen wir Wert auf eine umfassende Qualifizierung unserer Auszubildenden. Wenn Sie Fragen zu unserem Angebot haben, z\u00f6gern Sie bitte nicht, uns zu kontaktieren. Nehmen Sie unser Angebot gerne in Anspruch! Das Team von ODK ERGON<\/p>\n\n\n\n<figure class=\"wp-block-image size-large is-resized\"><img loading=\"lazy\" decoding=\"async\" src=\"https:\/\/odk-ergon.pl\/wp-content\/uploads\/2022\/11\/30-kurs-wysokosciowy-odk-ergon.pl_.png\" alt=\"Bergsteigerkurs\" width=\"753\" height=\"439\"\/><\/figure>","protected":false},"excerpt":{"rendered":"<p>ODK ERGON zaprasza zainteresowanych do zapisu na kurs z ochrony przed upadkiem, czyli obs\u0142ugi prawid\u0142owego u\u017cycia szelek bezpiecze\u0144stwa. Sprz\u0119t ochrony indywidualnej powinien by\u0107 wykorzystywany tylko przez przeszkolone do tego osoby. Szkolenie obejmuje wiedz\u0119 teoretyczn\u0105 oraz praktyczn\u0105, zdobycie jej umo\u017cliwi Ci bezpieczn\u0105 prac\u0119 na wysoko\u015bci oraz pomo\u017ce zmniejszy\u0107 ryzyko wypadku w czasie pracy.&nbsp;&nbsp;&nbsp; Wiedza zdobyta w trakcie szkolenia&nbsp; W czasie kursu zostaniesz kompleksowo przygotowany do prawid\u0142owego u\u017cytkowania sprz\u0119tu chroni\u0105cego przed upadkiem z wysoko\u015bci oraz poprawnego prowadzenia dokumentacji sprz\u0119tu. Szkolenie podzielone jest na cz\u0119\u015b\u0107 teoretyczn\u0105 oraz praktyczn\u0105.&nbsp;&nbsp; Program szkolenia porusza nast\u0119puj\u0105ce zagadnienia:&nbsp; W cz\u0119\u015bci praktycznej:&nbsp; Po uko\u0144czeniu szkolenia uczestnicy b\u0119d\u0105 posiadali wiedz\u0119 teoretyczn\u0105 i umiej\u0119tno\u015bci praktyczne potrzebne do stosowania r\u00f3\u017cnego sprz\u0119tu chroni\u0105cego przed upadkiem z wysoko\u015bci, pozycjonuj\u0105cego i ograniczaj\u0105cego. Kluczowym elementem tego szkolenia jest du\u017ca ilo\u015b\u0107 \u0107wicze\u0144 praktycznych.&nbsp;&nbsp;&nbsp;&nbsp;&nbsp; Cel kursu&nbsp; Szkolenie oferowane przez ERGON ma na celu przygotowanie pracownik\u00f3w do bezpiecznej pracy na wysoko\u015bciach z u\u017cyciem szelek bezpiecze\u0144stwa. Kurs skutecznie przygotowuje do zastosowania zdobytej wiedzy oraz umiej\u0119tno\u015bci w sytuacjach podczas wykonywania prac na wysoko\u015bci.&nbsp;&nbsp;&nbsp;&nbsp; Wymagania wst\u0119pne potrzebne do rozpocz\u0119cia kursu&nbsp; W szkoleniu mo\u017ce wzi\u0105\u0107 udzia\u0142 osoba, kt\u00f3ra:&nbsp; Jakie dzia\u0142ania zaliczamy do prac wysoko\u015bciowych?&nbsp; Ka\u017cde zaj\u0119cie, kt\u00f3re wykonywane jest przez pracownika na powierzchni znajduj\u0105cej si\u0119 na wysoko\u015bci powy\u017cej 1 metra nad poziomem ziemi zaliczamy do prac wysoko\u015bciowych. Do obowi\u0105zk\u00f3w pracodawcy nale\u017cy zapewnienie bezpo\u015bredniego nadzoru nad tymi pracami oraz zagwarantowanie \u015brodk\u00f3w bezpiecze\u0144stwa, takich jak szelki bezpiecze\u0144stwa. Do prac wykonywanych na wysoko\u015bci mo\u017cemy zaliczy\u0107:&nbsp; W trakcie pracy na wszelkiego rodzaju rusztowaniach, rampach, s\u0142upach, wysokich platformach czy dachach nale\u017cy zadba\u0107 przede wszystkim o swoje bezpiecze\u0144stwo. Do prac szczeg\u00f3lnie niebezpiecznych mo\u017cemy r\u00f3wnie\u017c [&hellip;]<\/p>\n","protected":false},"author":1,"featured_media":2270,"parent":1606,"menu_order":0,"comment_status":"closed","ping_status":"closed","template":"","meta":{"sfsi_plus_gutenberg_text_before_share":"","sfsi_plus_gutenberg_show_text_before_share":"","sfsi_plus_gutenberg_icon_type":"","sfsi_plus_gutenberg_icon_alignemt":"","sfsi_plus_gutenburg_max_per_row":"","footnotes":""},"class_list":["post-2267","page","type-page","status-publish","has-post-thumbnail","hentry","has_thumb"],"aioseo_notices":[],"_links":{"self":[{"href":"https:\/\/odk-ergon.pl\/de\/wp-json\/wp\/v2\/pages\/2267","targetHints":{"allow":["GET"]}}],"collection":[{"href":"https:\/\/odk-ergon.pl\/de\/wp-json\/wp\/v2\/pages"}],"about":[{"href":"https:\/\/odk-ergon.pl\/de\/wp-json\/wp\/v2\/types\/page"}],"author":[{"embeddable":true,"href":"https:\/\/odk-ergon.pl\/de\/wp-json\/wp\/v2\/users\/1"}],"replies":[{"embeddable":true,"href":"https:\/\/odk-ergon.pl\/de\/wp-json\/wp\/v2\/comments?post=2267"}],"version-history":[{"count":6,"href":"https:\/\/odk-ergon.pl\/de\/wp-json\/wp\/v2\/pages\/2267\/revisions"}],"predecessor-version":[{"id":3158,"href":"https:\/\/odk-ergon.pl\/de\/wp-json\/wp\/v2\/pages\/2267\/revisions\/3158"}],"up":[{"embeddable":true,"href":"https:\/\/odk-ergon.pl\/de\/wp-json\/wp\/v2\/pages\/1606"}],"wp:featuredmedia":[{"embeddable":true,"href":"https:\/\/odk-ergon.pl\/de\/wp-json\/wp\/v2\/media\/2270"}],"wp:attachment":[{"href":"https:\/\/odk-ergon.pl\/de\/wp-json\/wp\/v2\/media?parent=2267"}],"curies":[{"name":"wp","href":"https:\/\/api.w.org\/{rel}","templated":true}]}}