{"id":2274,"date":"2022-06-23T15:02:36","date_gmt":"2022-06-23T13:02:36","guid":{"rendered":"https:\/\/odk-ergon.pl\/?page_id=2274"},"modified":"2024-04-25T10:58:09","modified_gmt":"2024-04-25T08:58:09","slug":"service-kompressoren","status":"publish","type":"page","link":"https:\/\/odk-ergon.pl\/de\/szkolenia\/szkolenia-sep\/obsluga-sprezarek\/","title":{"rendered":"ERGON Kompressoren Servicekurs"},"content":{"rendered":"<p>dazu laden wir Sie ein <a href=\"https:\/\/odk-ergon.pl\/de\/o-firmie\/\">ERGON Personalschulungszentrum<\/a> f\u00fcr einen professionellen Kurs \u00fcber den Betrieb von Kompressoren, Gebl\u00e4sen, Saugd\u00fcsen, Verdichtern und Druckluftsystemen. Die von ERGON angebotenen Schulungen befassen sich mit allen Aspekten der Nutzung und \u00dcberwachung von Kompressoren und anderen Ger\u00e4ten dieser Art. Unsere Ausbilder sind qualifiziert und legen besonderen Wert auf die praktischen Fertigkeiten. Seit \u00fcber zwanzig Jahren geben wir unser Wissen und unsere Erfahrung in der Glasfasertechnik weiter.&nbsp;<strong>&nbsp;<\/strong>&nbsp;<\/p>\n\n\n\n<figure class=\"wp-block-image size-large is-resized\"><img decoding=\"async\" src=\"https:\/\/odk-ergon.pl\/wp-content\/uploads\/2022\/06\/csm_1920x580_pumpen_kompressoren_cf549c39c4.jpg\" alt=\"Werkstattkompressor\" style=\"width:796px;height:227px\"\/><\/figure>\n\n\n\n<h2 class=\"wp-block-heading\"><strong>Klasse Angebot<\/strong>&nbsp;<\/h2>\n\n\n\n<p>Unsere Schulungen richten sich an diejenigen, die die Grundlagen des Kompressorbetriebs erlernen und ihre im Laufe der Jahre erworbenen praktischen Kenntnisse vertiefen m\u00f6chten. Wir bieten eine Einf\u00fchrung in die Branche von der praktischen Seite her. Ein Kurs bei ERGON garantiert:&nbsp;<\/p>\n\n\n\n<ul class=\"wp-block-list\">\n<li>Kennenlernen des Baus von Kompressoren, Gebl\u00e4sen, Saugd\u00fcsen, Kompressoren und Druckluftanlagen;&nbsp;<\/li>\n\n\n\n<li>Vorbereitung der Mitarbeiter auf das selbstst\u00e4ndige Arbeiten mit solchen Ger\u00e4ten;&nbsp;<\/li>\n\n\n\n<li>Grundproblemtraining f\u00fcr einen bestimmten Kompressortyp;&nbsp;<\/li>\n\n\n\n<li>Kennenlernen der h\u00e4ufigsten Fehler.&nbsp;<\/li>\n<\/ul>\n\n\n\n<p>Das Ausbildungsprogramm umfasst den Erwerb von Kenntnissen \u00fcber automatische Luftsteuerungsanlagen, Methoden zur Steuerung der Kompressorleistung und die wichtigsten Parameter von Kompressoren, Gebl\u00e4sen und Saugd\u00fcsen. Au\u00dferdem lernen die Auszubildenden das An- und Abfahren von Kompressoren verschiedener Typen. Die Auszubildenden werden auch mit den gesetzlichen Vorschriften f\u00fcr den Betrieb und die \u00dcberwachung vertraut gemacht.&nbsp;<strong>&nbsp;<\/strong>&nbsp;<\/p>\n\n\n\n<figure class=\"wp-block-image size-large is-resized\"><img decoding=\"async\" src=\"https:\/\/odk-ergon.pl\/wp-content\/uploads\/2022\/06\/industrial-compressors.jpg\" alt=\"Industriekompressor\" style=\"width:750px;height:501px\"\/><\/figure>\n\n\n\n<h2 class=\"wp-block-heading\"><strong>Qualifikationen gewonnen<\/strong>&nbsp;<\/h2>\n\n\n\n<p>Ein positives Ergebnis der Staatspr\u00fcfung bef\u00e4higt den Absolventen der Ausbildung:&nbsp;<\/p>\n\n\n\n<ul class=\"wp-block-list\">\n<li>Einsatz in der Bedienung, Inspektion und Wartung von Pumpen, Kompressoren und Druckluftsystemen,&nbsp;<\/li>\n\n\n\n<li>Erwerb von Rechten in den folgenden Kategorien:&nbsp;<\/li>\n\n\n\n<li>&quot;E&quot; - Betrieb von Pumpen, Kompressoren und Druckluft,&nbsp;<\/li>\n\n\n\n<li>&quot;D&quot; - \u00dcberwachung des Betriebs von Pumpen und Kompressoren.&nbsp;<\/li>\n<\/ul>\n\n\n\n<h2 class=\"wp-block-heading\"><strong>Vorteile einer Kompressorlizenz<\/strong>&nbsp;<\/h2>\n\n\n\n<p>Viele Werkzeuge und Baumaschinen werden mit Hilfe von Hochdruckluft betrieben.  Das Gleiche gilt f\u00fcr den Betrieb von Druckluft- und Industriegassystemen. Die Bedienung einer Druckluftpistole unterliegt zwar keiner Qualifikationspflicht, erfordert aber Sicherheitskenntnisse. Die von ERGON angebotene Kompressorenschulung erleichtert Ihnen die Jobsuche. Gro\u00dfe Unternehmen und Anlagen verwenden komplexe Systeme, die mit einem oder zwei Druckbeh\u00e4ltern verbunden sind. Der Betrieb eines solchen Netzes erfordert F\u00e4higkeiten und eine professionelle Vorbereitung auf die Arbeit. Eine konstante Versorgung mit Druckluft ohne die Gefahr von Stromschwankungen im System ist vor allem in Produktionslinien von Vorteil. Kompressoren sind auch in Autowerkst\u00e4tten zu finden - \u00fcberall werden Fachleute mit den richtigen Qualifikationen und F\u00e4higkeiten ben\u00f6tigt.\u00a0\u00a0<\/p>\n\n\n\n<h2 class=\"wp-block-heading\"><strong>Pr\u00fcfung&nbsp;<\/strong><\/h2>\n\n\n\n<p>Der Kompressorkurs schlie\u00dft mit einer Pr\u00fcfung vor einer von der ERO ernannten Kommission ab, und ein positives Ergebnis garantiert die Zertifizierung, die f\u00fcnf Jahre lang g\u00fcltig ist.\u00a0\u00a0<\/p>\n\n\n\n<figure class=\"wp-block-image size-large is-resized\"><img decoding=\"async\" src=\"https:\/\/odk-ergon.pl\/wp-content\/uploads\/2022\/06\/Servicing-1200x700-1.jpg\" alt=\"Druckluftinstallation\" style=\"width:766px;height:447px\"\/><\/figure>\n\n\n\n<h2 class=\"wp-block-heading\"><strong>Arbeit nach dem Kurs&nbsp;<\/strong><\/h2>\n\n\n\n<p>Die F\u00e4higkeit, Kompressoren, Gebl\u00e4se, Sch\u00e4chte, Verdichter und Druckluftsysteme zu bedienen und zu beaufsichtigen, bef\u00e4higt Sie u. a. zu Arbeiten in:&nbsp;<\/p>\n\n\n\n<ul class=\"wp-block-list\">\n<li>Gasindustrie und Gastransport;&nbsp;<\/li>\n\n\n\n<li>Metallurgie;&nbsp;<\/li>\n\n\n\n<li>Prozessanlagen im Bereich der industriellen Chemie;&nbsp;<\/li>\n\n\n\n<li>Bergbau;&nbsp;<\/li>\n\n\n\n<li>K\u00e4lteindustrie;&nbsp;<\/li>\n\n\n\n<li>Unternehmen, die Zwangsumlaufanlagen verwenden;&nbsp;<\/li>\n\n\n\n<li>Industrien, die k\u00fcnstliche Zugverfahren in Kesselanlagen und Schornsteink\u00fchlern verwenden;&nbsp;<\/li>\n\n\n\n<li>pneumatischer Transport;&nbsp;<\/li>\n\n\n\n<li>Unternehmen, die sich mit professioneller Drucklackierung befassen.&nbsp;<\/li>\n<\/ul>\n\n\n\n<h2 class=\"wp-block-heading\"><strong>Ort der Ausbildung<\/strong>&nbsp;<\/h2>\n\n\n\n<p>Kompressorschulungen finden in unseren Niederlassungen im ganzen Land statt. Wir bieten auch geschlossene Schulungen f\u00fcr organisierte Gruppen an - dann erreichen wir den Auftraggeber.&nbsp;<\/p>\n\n\n\n<h2 class=\"wp-block-heading\"><strong>Warum ODK ERGON?<\/strong>&nbsp;<\/h2>\n\n\n\n<p>Durch die von uns organisierte Ausbildung k\u00f6nnen Sie die notwendigen Kenntnisse erwerben, um Kompressoren selbstst\u00e4ndig und sicher zu bedienen. Der von uns angebotene Kurs bereitet Sie theoretisch und praktisch auf die Arbeit in diesem Beruf vor. Bei der Ausbildung legen wir Wert auf eine umfassende Qualifizierung unserer Auszubildenden. Wir verf\u00fcgen \u00fcber mehr als 20 Jahre Erfahrung und haben in dieser Zeit Tausende von Menschen ausgebildet. Wenn Sie Fragen zu unserem Angebot haben, wenden Sie sich bitte an uns - unsere Mitarbeiter helfen Ihnen gerne bei der Kl\u00e4rung aller Fragen. Wir ermutigen Sie, sich f\u00fcr unsere Dienstleistungen zu entscheiden! Team des ERGON Personalentwicklungszentrums&nbsp;<\/p>\n\n\n\n<figure class=\"wp-block-image size-large is-resized\"><img decoding=\"async\" src=\"https:\/\/odk-ergon.pl\/wp-content\/uploads\/2022\/11\/6-kurs-G2-sprezarki-odk-ergon.pl_.png\" alt=\"G2-Kurs\" style=\"width:752px;height:439px\"\/><\/figure>","protected":false},"excerpt":{"rendered":"<p>Zapraszamy do O\u015brodka Doskonalenia Kadr ERGON na profesjonalny kurs eksploatacji spr\u0119\u017carek, dmuchaw, ssaw, kompresor\u00f3w oraz instalacji spr\u0119\u017conego powietrza. Oferowane przez ERGON szkolenie po\u015bwi\u0119cone jest wszystkim aspektom u\u017cytkowania i dozoru spr\u0119\u017carek oraz innych tego rodzaju urz\u0105dze\u0144. Nasi prowadz\u0105cy dysponuj\u0105 odpowiednimi kwalifikacjami i stawiaj\u0105 szczeg\u00f3lny nacisk na umiej\u0119tno\u015bci praktyczne. Dzielimy si\u0119 swoj\u0105 wiedz\u0105 i do\u015bwiadczeniem w zakresie technologii \u015bwiat\u0142owodowych od ponad dwudziestu lat.&nbsp;&nbsp;&nbsp; Oferta zaj\u0119\u0107&nbsp; Nasze szkolenie dedykowane jest dla os\u00f3b, kt\u00f3re chc\u0105 zapozna\u0107 si\u0119 z podstawami obs\u0142ugi spr\u0119\u017carek oraz dla tych, kt\u00f3rzy pragn\u0105 pog\u0142\u0119bi\u0107 zdobyt\u0105 przez lata praktyczn\u0105 wiedz\u0119. Zapewniamy zapoznanie si\u0119 z bran\u017c\u0105 od strony praktycznej. Kurs w ERGON gwarantuje:&nbsp; Program szkolenia zak\u0142ada zdobycie wiedzy z zakresu urz\u0105dze\u0144 s\u0142u\u017c\u0105cych do automatycznej regulacji powietrza, metod regulacji wydajno\u015bci spr\u0119\u017carek i najwa\u017cniejszych parametr\u00f3w spr\u0119\u017carek, dmuchaw i ssaw. Ponadto, kursanci ucz\u0105 si\u0119 wykonywania czynno\u015bci zwi\u0105zanych z uruchamianiem i zatrzymywaniem spr\u0119\u017carek r\u00f3\u017cnego typu. S\u0142uchacze zapoznaj\u0105 si\u0119 tak\u017ce z aktami prawnymi dotycz\u0105cymi eksploatacji oraz dozoru.&nbsp;&nbsp;&nbsp; Zdobyte kwalifikacje&nbsp; Pozytywny wynik egzaminu pa\u0144stwowego umo\u017cliwia absolwentowi szkolenia:&nbsp; Korzy\u015bci z posiadania uprawnie\u0144 na spr\u0119\u017carki&nbsp; Wiele narz\u0119dzi oraz maszyn budowlanych dzia\u0142a dzi\u0119ki zastosowaniu powietrza o wysokim ci\u015bnieniu. Podobnie sprawa ma si\u0119 z obs\u0142ug\u0105 instalacji spr\u0119\u017conego powietrza i gaz\u00f3w technicznych. Mimo \u017ce u\u017cywanie pistoletu pneumatycznego nie jest obwarowane kwalifikacjami, to wymaga wiedzy z zakresu bezpiecze\u0144stwa. Skorzystanie z oferowanego przez ERGON szkolenia obs\u0142ugi spr\u0119\u017carek u\u0142atwi Ci poszukiwania pracy. Du\u017ce przedsi\u0119biorstwa oraz zak\u0142ady korzystaj\u0105 z kompleksowych system\u00f3w po\u0142\u0105czonych z jednym lub dwoma zbiornikami ci\u015bnieniowymi. Eksploatacja takiej sieci wymaga umiej\u0119tno\u015bci oraz profesjonalnego przygotowania do pracy na tym stanowisku. Sta\u0142y dop\u0142yw spr\u0119\u017conego powietrza bez zagro\u017cenia wahaniami mocy w systemie sprawdza si\u0119 [&hellip;]<\/p>\n","protected":false},"author":1,"featured_media":2276,"parent":1567,"menu_order":0,"comment_status":"closed","ping_status":"closed","template":"","meta":{"sfsi_plus_gutenberg_text_before_share":"","sfsi_plus_gutenberg_show_text_before_share":"","sfsi_plus_gutenberg_icon_type":"","sfsi_plus_gutenberg_icon_alignemt":"","sfsi_plus_gutenburg_max_per_row":"","footnotes":""},"class_list":["post-2274","page","type-page","status-publish","has-post-thumbnail","hentry","has_thumb"],"aioseo_notices":[],"_links":{"self":[{"href":"https:\/\/odk-ergon.pl\/de\/wp-json\/wp\/v2\/pages\/2274","targetHints":{"allow":["GET"]}}],"collection":[{"href":"https:\/\/odk-ergon.pl\/de\/wp-json\/wp\/v2\/pages"}],"about":[{"href":"https:\/\/odk-ergon.pl\/de\/wp-json\/wp\/v2\/types\/page"}],"author":[{"embeddable":true,"href":"https:\/\/odk-ergon.pl\/de\/wp-json\/wp\/v2\/users\/1"}],"replies":[{"embeddable":true,"href":"https:\/\/odk-ergon.pl\/de\/wp-json\/wp\/v2\/comments?post=2274"}],"version-history":[{"count":5,"href":"https:\/\/odk-ergon.pl\/de\/wp-json\/wp\/v2\/pages\/2274\/revisions"}],"predecessor-version":[{"id":3615,"href":"https:\/\/odk-ergon.pl\/de\/wp-json\/wp\/v2\/pages\/2274\/revisions\/3615"}],"up":[{"embeddable":true,"href":"https:\/\/odk-ergon.pl\/de\/wp-json\/wp\/v2\/pages\/1567"}],"wp:featuredmedia":[{"embeddable":true,"href":"https:\/\/odk-ergon.pl\/de\/wp-json\/wp\/v2\/media\/2276"}],"wp:attachment":[{"href":"https:\/\/odk-ergon.pl\/de\/wp-json\/wp\/v2\/media?parent=2274"}],"curies":[{"name":"wp","href":"https:\/\/api.w.org\/{rel}","templated":true}]}}