{"id":2299,"date":"2022-06-30T13:30:59","date_gmt":"2022-06-30T11:30:59","guid":{"rendered":"https:\/\/odk-ergon.pl\/?page_id=2299"},"modified":"2023-03-15T20:38:39","modified_gmt":"2023-03-15T19:38:39","slug":"kurs-auf-kranen-hds","status":"publish","type":"page","link":"https:\/\/odk-ergon.pl\/de\/szkolenia\/uprawnienia-udt-tdt\/kurs-na-zurawie-hds\/","title":{"rendered":"Kurs f\u00fcr HDS-Krane - Bediener"},"content":{"rendered":"<figure class=\"wp-block-image size-large is-resized\"><img loading=\"lazy\" decoding=\"async\" src=\"https:\/\/odk-ergon.pl\/wp-content\/uploads\/2022\/06\/gmk5220big.jpeg\" alt=\"l\u00e4chelnder HDS-Fahrer beim Abladen des Baumes\" width=\"775\" height=\"581\"\/><\/figure>\n\n\n\n<h2 class=\"wp-block-heading\"><strong>Schulung in der Bedienung von HDS-Kr\u00e4nen<\/strong><\/h2>\n\n\n\n<p>Kommen Sie zu uns und nehmen Sie an einem professionellen Kurs f\u00fcr die Bedienung von HDS-Kr\u00e4nen teil. Wir sind ein Schulungsunternehmen, das seit vielen Jahren auf dem Markt ist. Mit uns verbessern Sie Ihre beruflichen Qualifikationen.&nbsp;<\/p>\n\n\n\n<p>Denken Sie daran, als HDS-Kranf\u00fchrer zu arbeiten? Oder sind Sie ein Arbeitgeber, der einen qualifizierten Bediener f\u00fcr diese Maschine sucht? Jeder Bediener sollte einen Kurs absolvieren, um seine Arbeit zuverl\u00e4ssig und sicher aus\u00fcben zu k\u00f6nnen.&nbsp;<\/p>\n\n\n<div class=\"wp-block-image\">\n<figure class=\"alignright size-large is-resized\"><img loading=\"lazy\" decoding=\"async\" src=\"https:\/\/odk-ergon.pl\/wp-content\/uploads\/2022\/06\/small_information_items_184.jpeg\" alt=\"Mobilkran\" width=\"439\" height=\"290\"\/><\/figure>\n<\/div>\n\n\n<h2 class=\"wp-block-heading\"><strong>Wie sieht der von ERGON organisierte Kurs zu HDS-Kranen aus?<\/strong>&nbsp;<\/h2>\n\n\n\n<p>Der HDS-Kranlehrgang findet in zwei Formen statt - Vorlesungen und praktischer Unterricht. Unser Team von qualifizierten Ausbildern legt gro\u00dfen Wert auf die praktische Umsetzung der erworbenen Kenntnisse.&nbsp;<\/p>\n\n\n\n<h2 class=\"wp-block-heading\"><strong>Was lernen Sie im Kurs \u00fcber HDS-Krane?<\/strong>&nbsp;<\/h2>\n\n\n\n<figure class=\"wp-block-table\"><table><tbody><tr><td><strong>THEORETISCHER TEIL<\/strong>&nbsp;<\/td><td><strong>PRAKTISCHER TEIL<\/strong>&nbsp;<\/td><\/tr><tr><td>Betrieb von HDS-Kr\u00e4nen,&nbsp;<\/td><td>praktische T\u00e4tigkeit - \u00dcbungen an Maschinen&nbsp;<\/td><\/tr><tr><td>Aufgaben des HDS-Kranf\u00fchrers,&nbsp;<\/td><\/tr><tr><td>GESUNDHEIT UND SICHERHEIT,&nbsp;<\/td><\/tr><tr><td>Allgemeine Informationen \u00fcber HDS-Kr\u00e4ne - Konstruktion, Verwendung, h\u00e4ufigste Fehler.&nbsp;<\/td><\/tr><\/tbody><\/table><\/figure>\n\n\n\n<h2 class=\"wp-block-heading\"><strong>F\u00fcr wen ist der Kurs HDS-Krane geeignet?<\/strong>&nbsp;<\/h2>\n\n\n\n<p>Die HDS-Kranqualifikation berechtigt Sie dazu, in den n\u00e4chsten 10 Jahren einen hydraulischen Autokran zu bedienen. Nat\u00fcrlich m\u00fcssen drei Voraussetzungen erf\u00fcllt sein, um einen solchen Kurs zu absolvieren. Man muss haben:&nbsp;<\/p>\n\n\n\n<figure class=\"wp-block-table\"><table><tbody><tr><td><strong>mindestens 18 Jahre alt sein,<\/strong>&nbsp;<\/td><\/tr><tr><td><strong>guter Gesundheitszustand, der durch ein \u00e4rztliches Attest eines zur Durchf\u00fchrung von Vorsorgeuntersuchungen befugten Arztes nachgewiesen wird,<\/strong>&nbsp;<\/td><\/tr><tr><td><strong>Fahrlehrgang Kategorie C.<\/strong>&nbsp;<\/td><\/tr><\/tbody><\/table><\/figure>\n\n\n\n<figure class=\"wp-block-embed is-type-video is-provider-youtube wp-block-embed-youtube wp-embed-aspect-16-9 wp-has-aspect-ratio\"><div class=\"wp-block-embed__wrapper\">\n<iframe loading=\"lazy\" title=\"KRANF\u00dcHRER UDT-ZERTIFIZIERUNGEN INTERNATIONAL ABSOLVIEREN SIE IHRE AUSBILDUNG BEI UNS!\" width=\"500\" height=\"281\" src=\"https:\/\/www.youtube.com\/embed\/oQV30kgEWQI?feature=oembed\" frameborder=\"0\" allow=\"accelerometer; autoplay; clipboard-write; encrypted-media; gyroscope; picture-in-picture; web-share\" referrerpolicy=\"strict-origin-when-cross-origin\" allowfullscreen><\/iframe>\n<\/div><\/figure>\n\n\n\n<h2 class=\"wp-block-heading\"><strong>Wo kommen HDS-Krane zum Einsatz?<\/strong>&nbsp;<\/h2>\n\n\n\n<p>Sie fragen sich, ob Sie einen lohnenden Job als Kranf\u00fchrer finden k\u00f6nnen? Neben dem Transport von Baumaterialien und G\u00fctern besteht eine wichtige Funktion von HDS-Kr\u00e4nen in der F\u00e4higkeit, zu be- und entladen. Der HDS-Kran l\u00e4dt das betreffende Material auf das Fahrzeug, auf dem er montiert ist, oder auf den Anh\u00e4nger Ihres Fahrzeugs. Der n\u00e4chste Schritt besteht darin, die Last zu tragen und abzuladen. Er eignet sich besonders gut f\u00fcr Situationen, in denen das gleichzeitige Tragen, Laden und Entladen von gro\u00dfer Bedeutung ist, z. B:&nbsp;<\/p>\n\n\n\n<ul class=\"wp-block-list\">\n<li>Bauindustrie,&nbsp;<\/li>\n\n\n\n<li>maritime Industrie,&nbsp;<\/li>\n\n\n\n<li>Forstwirtschaft.&nbsp;<\/li>\n<\/ul>\n\n\n\n<h2 class=\"wp-block-heading\"><strong>Warum lohnt es sich, das ERGON-Zentrum zu w\u00e4hlen?<\/strong>&nbsp;<\/h2>\n\n\n\n<p><strong>WIR UNTERRICHTEN THEORIE UND PRAXIS <\/strong>- Wir kombinieren eine gro\u00dfe Dosis an theoretischem Wissen mit praktischem Unterricht, um Ihnen zu helfen, ein HDS-Kranf\u00fchrer zu werden.&nbsp;&nbsp;<\/p>\n\n\n\n<p><strong>WIR UNTERRICHTEN DIE BEDIENUNG VERSCHIEDENER GER\u00c4TETYPEN <\/strong>- Wir setzen alles daran, zuk\u00fcnftige Fachkr\u00e4fte bestm\u00f6glich auszubilden. Kommen Sie zu uns und entdecken Sie die Besonderheiten der Arbeit mit den verschiedenen HDS-Kranen! Sorgen Sie daf\u00fcr, dass Sie bei der Arbeit keine \u00dcberraschungen erleben.&nbsp;&nbsp;<\/p>\n\n\n\n<p><strong>WIR ERM\u00d6GLICHEN DIE NOTWENDIGEN QUALIFIKATIONEN<\/strong> - und schlie\u00dflich das begehrte Zertifikat! Unser Kurs bereitet Sie auf die staatliche Pr\u00fcfung vor, die die Eintrittskarte zum Erwerb des erforderlichen Zertifikats ist. &nbsp;<\/p>\n\n\n\n<figure class=\"wp-block-video\"><video controls src=\"https:\/\/odk-ergon.pl\/wp-content\/uploads\/2023\/03\/ACCEPTED-zrurawia-przenosnego-4K-odk-ergon.mp4\"><\/video><\/figure>\n\n\n\n<h2 class=\"wp-block-heading\"><strong>Wer wir sind?<\/strong>&nbsp;<\/h2>\n\n\n\n<p>\u00dcber 20 Jahre Erfahrung in der Durchf\u00fchrung umfassender Schulungsdienstleistungen \u2013 das ist ERGON!&nbsp;<\/p>\n\n\n\n<h2 class=\"wp-block-heading\"><strong>Sie haben weitere Fragen an uns?<\/strong>&nbsp;<\/h2>\n\n\n\n<p>Bei Fragen zu unseren Dienstleistungen stehen wir Ihnen jederzeit zur Verf\u00fcgung \u2013 sprechen Sie uns an. Wir laden Sie ein, sich mit unserem vollst\u00e4ndigen Schulungsangebot auf unserer Website vertraut zu machen.\u00a0<\/p>\n\n\n\n<figure class=\"wp-block-image size-large is-resized\"><img loading=\"lazy\" decoding=\"async\" src=\"https:\/\/odk-ergon.pl\/wp-content\/uploads\/2022\/11\/41-Zurawie-przenosne-HDS-odk-ergon.pl_.png\" alt=\"Berufsausbildung\" width=\"784\" height=\"457\"\/><\/figure>","protected":false},"excerpt":{"rendered":"<p>Szkolenie z obs\u0142ugi \u017curawi HDS Zapraszamy na profesjonalny kurs z obs\u0142ugi \u017curawi HDS. Jeste\u015bmy firm\u0105 szkoleniow\u0105, kt\u00f3ra dzia\u0142a na rynku od wielu lat, u nas podniesiesz swoje kwalifikacje zawodowe.&nbsp; My\u015blisz o pracy jako operator \u017curawia HDS? A mo\u017ce jeste\u015b pracodawc\u0105, kt\u00f3remu zale\u017cy na wykwalifikowanym operatorze tej maszyny? Ka\u017cdy operator powinien odby\u0107 kurs, aby rzetelnie i bezpiecznie wykonywa\u0107 swoj\u0105 prac\u0119.&nbsp; Jak wygl\u0105da kurs na \u017curawie HDS organizowany przez ERGON?&nbsp; Kurs na \u017curawie HDS odbywa si\u0119 w dw\u00f3ch formach \u2013 w formie wyk\u0142ad\u00f3w oraz w formie zaj\u0119\u0107 praktycznych. Nasz zesp\u00f3\u0142 wykwalifikowanych instruktor\u00f3w k\u0142adzie du\u017cy nacisk na wykorzystanie zdobytej wiedzy w praktyce.&nbsp; Czego dowiesz si\u0119 na kursie na \u017curawie HDS?&nbsp; CZ\u0118\u015a\u0106 TEORETYCZNA&nbsp; CZ\u0118\u015a\u0106 PRAKTYCZNA&nbsp; eksploatacja \u017curawi HDS,&nbsp; zaj\u0119cie praktyczne \u2013 \u0107wiczenia na maszynach&nbsp; obowi\u0105zki operatora \u017curawi HDS,&nbsp; BHP,&nbsp; og\u00f3lne wiadomo\u015bci o \u017curawiach HDS \u2013 budowa, zastosowanie, najcz\u0119stsze usterki.&nbsp; Do kogo skierowany jest kurs na \u017curawie HDS?&nbsp; Uprawnienia na \u017curawie HDS pozwalaj\u0105 na operowanie hydraulicznym d\u017awigiem samochodowym przez kolejne 10 lat. Oczywi\u015bcie, aby m\u00f3c uczestniczy\u0107 w takim kursie nale\u017cy spe\u0142ni\u0107 trzy wymagania. Trzeba mie\u0107:&nbsp; uko\u0144czony 18 rok \u017cycia,&nbsp; dobry stan zdrowia udokumentowany orzeczeniem lekarza uprawnionego do wykonywania bada\u0144 profilaktycznych,&nbsp; kurs prawa jazdy kat. C.&nbsp; Gdzie \u017curawie HDS maj\u0105 zastosowanie?&nbsp; Zastanawiasz si\u0119, czy jako operator \u017curawi b\u0119dziesz w stanie znale\u017a\u0107 satysfakcjonuj\u0105c\u0105 prac\u0119? Opr\u00f3cz transportowania materia\u0142\u00f3w budowlanych i towar\u00f3w, kluczow\u0105 funkcj\u0105 \u017curawi HDS jest mo\u017cliwo\u015b\u0107 za\u0142adunku i roz\u0142adunku. \u017buraw HDS za\u0142aduje dany materia\u0142 na samoch\u00f3d, na kt\u00f3rym jest zamontowany lub na przyczep\u0119 swojego samochodu. Nast\u0119pnym krokiem b\u0119dzie zawiezienie \u0142adunku oraz jego roz\u0142adunek. B\u0119dzie sprawdza\u0142 si\u0119 tam, gdzie niezwykle istotne jest jednocze\u015bnie [&hellip;]<\/p>\n","protected":false},"author":1,"featured_media":2300,"parent":1828,"menu_order":0,"comment_status":"closed","ping_status":"closed","template":"","meta":{"sfsi_plus_gutenberg_text_before_share":"","sfsi_plus_gutenberg_show_text_before_share":"","sfsi_plus_gutenberg_icon_type":"","sfsi_plus_gutenberg_icon_alignemt":"","sfsi_plus_gutenburg_max_per_row":"","footnotes":""},"class_list":["post-2299","page","type-page","status-publish","has-post-thumbnail","hentry","has_thumb"],"aioseo_notices":[],"_links":{"self":[{"href":"https:\/\/odk-ergon.pl\/de\/wp-json\/wp\/v2\/pages\/2299","targetHints":{"allow":["GET"]}}],"collection":[{"href":"https:\/\/odk-ergon.pl\/de\/wp-json\/wp\/v2\/pages"}],"about":[{"href":"https:\/\/odk-ergon.pl\/de\/wp-json\/wp\/v2\/types\/page"}],"author":[{"embeddable":true,"href":"https:\/\/odk-ergon.pl\/de\/wp-json\/wp\/v2\/users\/1"}],"replies":[{"embeddable":true,"href":"https:\/\/odk-ergon.pl\/de\/wp-json\/wp\/v2\/comments?post=2299"}],"version-history":[{"count":8,"href":"https:\/\/odk-ergon.pl\/de\/wp-json\/wp\/v2\/pages\/2299\/revisions"}],"predecessor-version":[{"id":3177,"href":"https:\/\/odk-ergon.pl\/de\/wp-json\/wp\/v2\/pages\/2299\/revisions\/3177"}],"up":[{"embeddable":true,"href":"https:\/\/odk-ergon.pl\/de\/wp-json\/wp\/v2\/pages\/1828"}],"wp:featuredmedia":[{"embeddable":true,"href":"https:\/\/odk-ergon.pl\/de\/wp-json\/wp\/v2\/media\/2300"}],"wp:attachment":[{"href":"https:\/\/odk-ergon.pl\/de\/wp-json\/wp\/v2\/media?parent=2299"}],"curies":[{"name":"wp","href":"https:\/\/api.w.org\/{rel}","templated":true}]}}