{"id":2378,"date":"2022-08-23T14:07:07","date_gmt":"2022-08-23T12:07:07","guid":{"rendered":"https:\/\/odk-ergon.pl\/?page_id=2378"},"modified":"2023-03-15T19:53:12","modified_gmt":"2023-03-15T18:53:12","slug":"fulltanks","status":"publish","type":"page","link":"https:\/\/odk-ergon.pl\/de\/szkolenia\/szkolenia-sep\/napelnianie-zbiornikow\/","title":{"rendered":"Kurs zur Bef\u00fcllung von Druckbeh\u00e4ltern"},"content":{"rendered":"<figure class=\"wp-block-image size-large is-resized\"><img loading=\"lazy\" decoding=\"async\" src=\"https:\/\/odk-ergon.pl\/wp-content\/uploads\/2022\/08\/3-1.jpeg\" alt=\"Sauerstoff-, Gas- und CO-Flaschen\" width=\"800\" height=\"534\"\/><\/figure>\n\n\n\n<h2 class=\"wp-block-heading\"><strong>Druckger\u00e4te - Ausbildung<\/strong><\/h2>\n\n\n\n<p>Willkommen zum Druckflaschenf\u00fcllkurs. Jeder, der mit Gasanlagen arbeitet, sollte im Umgang mit Druckflaschen geschult werden. Auch Servicetechniker f\u00fcr Klima- oder K\u00e4lteanlagen m\u00fcssen alles \u00fcber diese Art von Flaschen wissen. Nicht nur Fachleute m\u00fcssen mit diesem Thema vertraut sein, auch ein Wartungsarbeiter in einem Krankenhaus muss die Grundlagen kennen. Wenn Sie Druckgasflaschen verwenden, brauchen Sie eine Lizenz, um diese Flaschen zu bedienen und zu f\u00fcllen. Einen Kurs zum Erwerb dieser Lizenz finden Sie im ERGON-Personalentwicklungszentrum.&nbsp;<\/p>\n\n\n\n<h2 class=\"wp-block-heading\"><strong>Umfang des Kurses\u00a0<\/strong><\/h2>\n\n\n<div class=\"wp-block-image\">\n<figure class=\"alignright size-large is-resized\"><img loading=\"lazy\" decoding=\"async\" src=\"https:\/\/odk-ergon.pl\/wp-content\/uploads\/2022\/08\/2-1.jpeg\" alt=\"Gasflaschen\" width=\"400\" height=\"267\"\/><\/figure>\n<\/div>\n\n\n<p>Die Ausbildung zum F\u00fcllen und Umgang mit Druckbeh\u00e4ltern besteht aus zwei Teilen. Der erste, theoretische Teil umfasst Themen zu Brandschutzvorschriften und Arbeitssicherheit. Die Teilnehmer werden mit den Besonderheiten der einzelnen Gase vertraut gemacht, d. h. sie erhalten Informationen \u00fcber ihre physikalischen und chemischen Eigenschaften sowie allgemeine Kenntnisse. Dar\u00fcber hinaus wird das Erkennen von Kennzeichnungen auf Beh\u00e4ltern, wie z. B. Warnschildern oder Farbcodes, gelehrt. Ein wichtiges Thema ist das Kennenlernen der Arbeits- und Kontrollvorg\u00e4nge beim Bef\u00fcllen von Flaschen. Auch Kenntnisse \u00fcber den Tankbau sind unerl\u00e4sslich.&nbsp;&nbsp;<\/p>\n\n\n\n<p>Der zweite Teil des Kurses erm\u00f6glicht es den Teilnehmern, die Maschine in der Praxis kennenzulernen. Unter der Aufsicht eines Ausbilders f\u00fchren die Teilnehmer grundlegende Installations- und Wartungsarbeiten durch. Dieser wiederum zeigt den Teilnehmern, wie sie die Anlage bef\u00fcllen und die R\u00fcckgewinnungsstation bedienen k\u00f6nnen.&nbsp;<\/p>\n\n\n\n<h2 class=\"wp-block-heading\"><strong>Pr\u00fcfung und Berechtigung\u00a0<\/strong><\/h2>\n\n\n\n<p>Am Ende des Kurses k\u00f6nnen die Teilnehmer das Staatsexamen in voller Vorbereitung ablegen. Bei der Pr\u00fcfung sind Pr\u00fcfer des Technischen \u00dcberwachungsvereins anwesend. Nur bei Bestehen der Pr\u00fcfung wird die Lizenz erteilt. Sie sind unbefristet g\u00fcltig und m\u00fcssen daher nicht von Zeit zu Zeit erneuert werden. Die Zusammenarbeit des Ausbildungszentrums mit dem UDT ist eine Garantie daf\u00fcr, dass die Zulassungen im ganzen Land g\u00fcltig sind. Au\u00dferdem stellen wir sicher, dass die meisten Teilnehmer die Pr\u00fcfung in unserem Zentrum erfolgreich ablegen.&nbsp;<\/p>\n\n\n\n<h2 class=\"wp-block-heading\"><strong>Warum ist es das wert?\u00a0<\/strong><\/h2>\n\n\n\n<p>Das ERGON-Schulungszentrum verf\u00fcgt \u00fcber Ausbilder mit langj\u00e4hriger Erfahrung. In unseren Kursen versuchen wir, moderne L\u00f6sungen zu implementieren, und wir unterrichten an neuen Ger\u00e4ten. Wir garantieren, dass unsere Schulungen interessant sind und Sie viel dabei lernen k\u00f6nnen. Auf dem Arbeitsmarkt sind diese F\u00e4higkeiten durchaus erw\u00fcnscht, da das F\u00fcllen von Flaschen in vielen Berufen n\u00fctzlich ist. Potenzielle Arbeitgeber werden Ihren Lebenslauf sicher wohlwollender betrachten, wenn Sie diese Qualifikation in Ihrem Lebenslauf vorweisen k\u00f6nnen. Wichtig ist, dass eine gute Ausbildung gew\u00e4hrleistet, dass Sie bei der Arbeit mit Druckbeh\u00e4ltern sicher sind. Auf diese Weise k\u00f6nnen Sie viele gef\u00e4hrliche Situationen vermeiden, die tragisch enden k\u00f6nnten.&nbsp;<\/p>\n\n\n<div class=\"wp-block-image\">\n<figure class=\"alignright size-large is-resized\"><img loading=\"lazy\" decoding=\"async\" src=\"https:\/\/odk-ergon.pl\/wp-content\/uploads\/2022\/08\/1-2.jpeg\" alt=\"Feuerl\u00f6scherkurs\" width=\"234\" height=\"348\"\/><\/figure>\n<\/div>\n\n\n<h2 class=\"wp-block-heading\"><strong>F\u00fcr wen ist die Schulung gedacht?\u00a0<\/strong><\/h2>\n\n\n\n<p>Wenn Sie beruflich Gase abf\u00fcllen oder ortsbewegliche Druckbeh\u00e4lter bedienen, sollten Sie zun\u00e4chst an eine Ausbildung denken. Dies ist ein wichtiges Thema, das nicht umgangen werden kann, da beim Betrieb von Gasflaschen ohne Lizenz im Falle einer Kontrolle Strafen drohen. Diese Personen sind nicht die einzigen, die eine Ausbildung ben\u00f6tigen. Auch diejenigen, die Paintball-Ausr\u00fcstungen bedienen, m\u00fcssen dies tun. Neben ihnen sollten auch Feuerwehrleute und Mitarbeiter von Kurorten und Krankenh\u00e4usern, die mit Gasflaschen umgehen, den Kurs unbedingt besuchen. Auch Monteure von W\u00e4rmepumpen und K\u00fchlschr\u00e4nken und sogar Besch\u00e4ftigte in der Lebensmittelindustrie sind dazu verpflichtet. Die letzte Gruppe von Personen, die diese Ausbildung absolvieren sollten, sind Taucher und Betreiber von Tauchbasen. Aber auch wenn Sie zu keiner dieser Personengruppen geh\u00f6ren, aber Ihre Qualifikationen erweitern wollen, k\u00f6nnen Sie sich zertifizieren lassen.&nbsp;&nbsp;<\/p>\n\n\n\n<h2 class=\"wp-block-heading\"><strong>Bef\u00fcllung des Tanks<\/strong> <strong>Druck\u00a0<\/strong><\/h2>\n\n\n\n<p>Lassen Sie uns kl\u00e4ren, was Sie tats\u00e4chlich ausf\u00fcllen k\u00f6nnen, wenn Sie Ihre UDT-Schulung absolviert haben. Ein tragbarer Druckbeh\u00e4lter mit einem Volumen von mehr als 350 cm<sup>3<\/sup>unterliegt der technischen \u00dcberwachung. Aus diesem Grund ist es notwendig, eine Lizenz zu erwerben, um einen solchen Zylinder ungehindert betreiben zu k\u00f6nnen. Der Tank kann mit verfl\u00fcssigten, gel\u00f6sten oder komprimierten Gasen gef\u00fcllt werden.&nbsp;<\/p>\n\n\n\n<figure class=\"wp-block-table\"><table><tbody><tr><td><strong>Gruppe Gas<\/strong>&nbsp;<\/td><td><strong>Bezeichnungen der Gase<\/strong>&nbsp;<\/td><\/tr><tr><td>Verfl\u00fcssigt&nbsp;<\/td><td>Kohlendioxid, Distickstoffoxid, Erdgas, Ammoniak, fluorierte Gase (HFCs, PFCs, SF6);&nbsp;<\/td><\/tr><tr><td>Gel\u00f6st&nbsp;<\/td><td>Sauerstoff (sowohl medizinisch als auch technisch), Stickstoff, Luft, Edelgase (Helium, Argon);&nbsp;<\/td><\/tr><tr><td>Komprimiert&nbsp;<\/td><td>Acetylen.&nbsp;<\/td><\/tr><\/tbody><\/table><\/figure>\n\n\n\n<p>F\u00fcr fluorierte Gase muss ein zus\u00e4tzlicher Kurs absolviert werden (F-Gase). Wenn die Ausr\u00fcstung mit diesem Stoff gef\u00fcllt ist und entleert werden muss, m\u00fcssen Sie sowohl f\u00fcr den Druckbeh\u00e4lter als auch f\u00fcr das F-Gas qualifiziert sein. Dar\u00fcber hinaus k\u00f6nnen die Flaschen mit Druckluft, Wasserstoff, Stickstoffdioxid und verschiedenen Gasgemischen bef\u00fcllt werden. Erw\u00e4hnenswert ist, dass auch die Gruppe der kryogenen Stoffe, d. h. stark gek\u00fchlte und verfl\u00fcssigte Gase, mit dieser Qualifikation gehandhabt werden k\u00f6nnen.\u00a0<\/p>\n\n\n\n<h2 class=\"wp-block-heading\"><strong>Feuerl\u00f6schger\u00e4te\u00a0<\/strong><\/h2>\n\n\n\n<p>Wenn man mit einem Feuerl\u00f6scher hantiert, kann man sich fragen, ob auch er ein solcher tragbarer Beh\u00e4lter ist. Eine Flasche, die ein Gas mit festem Druck oder Kohlendioxid enth\u00e4lt, gilt als tragbarer Druckbeh\u00e4lter. Um Feuerl\u00f6scher mit einem Fassungsverm\u00f6gen von mehr als 350 cm f\u00fcllen zu k\u00f6nnen<sup>3<\/sup>Die Zertifizierung, die vom Technischen \u00dcberwachungsverein erteilt wird, ist ebenfalls erforderlich. Wenn Sie also als Techniker f\u00fcr die Wartung von Feuerl\u00f6schern arbeiten m\u00f6chten, empfehlen wir Ihnen ebenfalls, den Kurs zu besuchen!&nbsp;&nbsp;<\/p>\n\n\n\n<h2 class=\"wp-block-heading\"><strong>Warum wir?<\/strong><\/h2>\n\n\n\n<p>Sie sind herzlich eingeladen, sich f\u00fcr eine Schulung zur Bef\u00fcllung und Handhabung ortsbeweglicher Druckbeh\u00e4lter anzumelden! Im ERGON-Personalentwicklungszentrum haben wir noch eine Reihe von Terminen frei. Wir f\u00fchren Kurse in unseren Niederlassungen in Warschau und in vielen anderen St\u00e4dten Polens durch. Es ist auch m\u00f6glich, direkt an den Arbeitsplatz des Kunden zu kommen - egal in welcher Region Polens! Die Schulungspreise sind wirklich erschwinglich und wir bieten Rabatte f\u00fcr gr\u00f6\u00dfere organisierte Gruppen. Wir laden Sie auch ein, mehr \u00fcber unsere anderen Schulungskurse zu erfahren - nehmen Sie einfach Kontakt mit uns auf.<\/p>\n\n\n\n<figure class=\"wp-block-image size-large is-resized\"><img loading=\"lazy\" decoding=\"async\" src=\"https:\/\/odk-ergon.pl\/wp-content\/uploads\/2022\/11\/84-Urzadzenia-cisnieniowe-Zbiorniki-przenosne-odk-ergon.pl_.png\" alt=\"Druckger\u00e4te\" width=\"766\" height=\"447\"\/><\/figure>","protected":false},"excerpt":{"rendered":"<p>Urz\u0105dzenia ci\u015bnieniowe \u2013 szkolenie Zapraszamy na kurs nape\u0142niania zbiornik\u00f3w ci\u015bnieniowych. Ka\u017cdy, kto pracuje przy instalacjach gazowych, powinien odby\u0107 szkolenie z zakresu obs\u0142ugi butli ci\u015bnieniowych. Serwisanci sprz\u0119tu zwi\u0105zanego z klimatyzacj\u0105 czy ch\u0142odziarkami tak\u017ce musz\u0105 wiedzie\u0107 wszystko o tego typu butlach. Nie tylko specjali\u015bci maj\u0105 obowi\u0105zek bycia obeznanym z tym tematem \u2013 podstawy musi zna\u0107 nawet pracownik gospodarczy w szpitalu. Je\u015bli u\u017cywamy zbiornik\u00f3w ci\u015bnieniowych, niezb\u0119dne s\u0105 uprawnienia do obs\u0142ugi i nape\u0142niania takich butli. Kurs, kt\u00f3ry pozwoli na ich nabycie, znajdziecie Pa\u0144stwo w O\u015brodku Doskonalenia Kadr ERGON.&nbsp; Zakres kursu\u00a0 Szkolenie w zakresie nape\u0142niania i obs\u0142ugi zbiornik\u00f3w ci\u015bnieniowych sk\u0142ada si\u0119 z dw\u00f3ch cz\u0119\u015bci. Pierwsza, teoretyczna, zawiera tematy dotycz\u0105ce przepis\u00f3w przeciwpo\u017carowych oraz bezpiecze\u0144stwa i higieny pracy. Uczestnicy zapoznaj\u0105 si\u0119 ze specyfik\u0105 poszczeg\u00f3lnych gaz\u00f3w, czyli informacjami o ich w\u0142a\u015bciwo\u015bciach fizycznych i chemicznych, a tak\u017ce og\u00f3lnymi wiadomo\u015bciami na ten temat. Opr\u00f3cz tego, uczymy rozpoznawania oznacze\u0144 na zbiornikach, do kt\u00f3rych nale\u017c\u0105 etykiety ostrzegawcze czy kody barwne. Wa\u017cnym tematem jest zapoznanie si\u0119 z czynno\u015bciami roboczymi i kontrolnymi wykonywanymi podczas nape\u0142niania butli. Niezb\u0119dna jest te\u017c wiedza dotycz\u0105ca konstrukcji zbiornik\u00f3w.&nbsp;&nbsp; Druga cz\u0119\u015b\u0107 kursu pozwala pozna\u0107 urz\u0105dzenie w praktyce. Uczestnicy pod okiem instruktora zajmuj\u0105 si\u0119 podstawowymi czynno\u015bciami monta\u017cowymi i serwisowymi. On z kolei pokazuje kursantom, jak nape\u0142nia si\u0119 instalacj\u0119 oraz jak si\u0119 obs\u0142uguje stacj\u0119 odzysku.&nbsp; Egzamin i uprawnienia\u00a0 Po sko\u0144czonym kursie uczestnicy mog\u0105 w pe\u0142ni przygotowani podej\u015b\u0107 do egzaminu pa\u0144stwowego. Podczas jego przeprowadzania s\u0105 obecni egzaminatorzy z Urz\u0119du Dozoru Technicznego. Tylko pozytywne zaliczenie egzaminu zapewnia zdobycie uprawnie\u0144. S\u0105 one wa\u017cne bezterminowo, a zatem nie trzeba ich odnawia\u0107 co jaki\u015b czas. Wsp\u00f3\u0142praca o\u015brodka szkoleniowego z UDT jest gwarancj\u0105 [&hellip;]<\/p>\n","protected":false},"author":1,"featured_media":2380,"parent":1567,"menu_order":0,"comment_status":"closed","ping_status":"closed","template":"","meta":{"sfsi_plus_gutenberg_text_before_share":"","sfsi_plus_gutenberg_show_text_before_share":"","sfsi_plus_gutenberg_icon_type":"","sfsi_plus_gutenberg_icon_alignemt":"","sfsi_plus_gutenburg_max_per_row":"","footnotes":""},"class_list":["post-2378","page","type-page","status-publish","has-post-thumbnail","hentry","has_thumb"],"aioseo_notices":[],"_links":{"self":[{"href":"https:\/\/odk-ergon.pl\/de\/wp-json\/wp\/v2\/pages\/2378","targetHints":{"allow":["GET"]}}],"collection":[{"href":"https:\/\/odk-ergon.pl\/de\/wp-json\/wp\/v2\/pages"}],"about":[{"href":"https:\/\/odk-ergon.pl\/de\/wp-json\/wp\/v2\/types\/page"}],"author":[{"embeddable":true,"href":"https:\/\/odk-ergon.pl\/de\/wp-json\/wp\/v2\/users\/1"}],"replies":[{"embeddable":true,"href":"https:\/\/odk-ergon.pl\/de\/wp-json\/wp\/v2\/comments?post=2378"}],"version-history":[{"count":8,"href":"https:\/\/odk-ergon.pl\/de\/wp-json\/wp\/v2\/pages\/2378\/revisions"}],"predecessor-version":[{"id":3170,"href":"https:\/\/odk-ergon.pl\/de\/wp-json\/wp\/v2\/pages\/2378\/revisions\/3170"}],"up":[{"embeddable":true,"href":"https:\/\/odk-ergon.pl\/de\/wp-json\/wp\/v2\/pages\/1567"}],"wp:featuredmedia":[{"embeddable":true,"href":"https:\/\/odk-ergon.pl\/de\/wp-json\/wp\/v2\/media\/2380"}],"wp:attachment":[{"href":"https:\/\/odk-ergon.pl\/de\/wp-json\/wp\/v2\/media?parent=2378"}],"curies":[{"name":"wp","href":"https:\/\/api.w.org\/{rel}","templated":true}]}}