{"id":2418,"date":"2022-09-06T09:58:56","date_gmt":"2022-09-06T07:58:56","guid":{"rendered":"https:\/\/odk-ergon.pl\/?page_id=2418"},"modified":"2023-05-15T15:04:19","modified_gmt":"2023-05-15T13:04:19","slug":"macht-udt","status":"publish","type":"page","link":"https:\/\/odk-ergon.pl\/de\/szkolenia\/uprawnienia-udt-tdt\/uprawnienia-udt\/","title":{"rendered":"Die UDT-Lizenz bietet viele M\u00f6glichkeiten"},"content":{"rendered":"<div class=\"wp-block-image\">\n<figure class=\"alignright size-large is-resized\"><img loading=\"lazy\" decoding=\"async\" src=\"https:\/\/odk-ergon.pl\/wp-content\/uploads\/2022\/08\/2.jpeg\" alt=\"Betrieb der Ausr\u00fcstung\" width=\"397\" height=\"168\"\/><\/figure>\n<\/div>\n\n\n<p>Heutzutage werden einige der beliebtesten Qualifikationen an Gabelstaplerfahrer vergeben. Dies ist jedoch nicht der einzige Beruf, der mit der UDT-Qualifikation in Verbindung gebracht werden kann. Ein Beispiel ist der Staplerwart. Beide Personen kommen mit denselben Ger\u00e4ten in Kontakt, f\u00fcr die sie verantwortlich sind. Es kommt h\u00e4ufig vor, dass der Bediener die ersten Anzeichen eines Ger\u00e4tefehlers feststellt und dies dem Instandhalter meldet. Letzterer muss \u00fcber die notwendige Kompetenz verf\u00fcgen, die eng mit dem Betrieb der Aufzugs- und Fahrsysteme verbunden ist. Dar\u00fcber hinaus muss er oder sie mit der detaillierten Konstruktion der Maschinen vertraut sein und vor allem wissen, wie man besch\u00e4digte Komponenten repariert oder ersetzt. Andere Personen in \u00e4hnlichen Branchen sind z. B. L\u00f6ter, Schwei\u00dfer, Mitarbeiter in der Qualit\u00e4tskontrolle, Technik, W\u00e4rmebehandlung oder Kunststoffverarbeitung.\u00a0<\/p>\n\n\n\n<h2 class=\"wp-block-heading\"><strong>Sie sind auch f\u00fcr die Handhabung erforderlich:<\/strong>\u00a0<\/h2>\n\n\n\n<ul class=\"wp-block-list\">\n<li>Kr\u00e4ne;&nbsp;<\/li>\n\n\n\n<li>Plattformen verschiedener Art;&nbsp;<\/li>\n\n\n\n<li>Baukr\u00e4ne sowie Lasten- und Personenaufz\u00fcge;&nbsp;<\/li>\n\n\n\n<li>Kr\u00e4ne;&nbsp;&nbsp;<\/li>\n\n\n\n<li>Hebezeug, Winde.&nbsp;<\/li>\n<\/ul>\n\n\n<div class=\"wp-block-image\">\n<figure class=\"alignright size-large is-resized\"><img loading=\"lazy\" decoding=\"async\" src=\"https:\/\/odk-ergon.pl\/wp-content\/uploads\/2022\/09\/1.webp\" alt=\"Handhabung von Lasten mit einem Gabelstapler\" width=\"400\" height=\"267\"\/><\/figure>\n<\/div>\n\n\n<p>Das Amt f\u00fcr technische \u00dcberwachung stellt Bef\u00e4higungsnachweise f\u00fcr das F\u00fchren von Gabelstaplern mit mechanischem Hub aus. Basierend auf dem Text des Gesetzes vom 21. Dezember 2000 \u00fcber die technische \u00dcberwachung und den Bedingungen der Verordnung des Ministers f\u00fcr Unternehmertum und Technologie vom 21. Mai 2019 \u00fcber das Verfahren zur \u00dcberpr\u00fcfung der f\u00fcr den Betrieb und die Instandhaltung von technischen Anlagen erforderlichen Qualifikationen und die Art und Weise und das Verfahren zur Verl\u00e4ngerung der G\u00fcltigkeitsdauer von Qualifikationsnachweisen.\u00a0<\/p>\n\n\n\n<h2 class=\"wp-block-heading\"><strong>Leitlinien f\u00fcr deren Erwerb:<\/strong>\u00a0<\/h2>\n\n\n\n<ul class=\"wp-block-list\">\n<li>Kenntnisse und F\u00e4higkeiten je nach Art und Bereich der Qualifikation;&nbsp;<\/li>\n\n\n\n<li>das Staatsexamen vor der UDT-Kommission erfolgreich bestehen.&nbsp;&nbsp;<\/li>\n\n\n\n<li><strong>Die Aufgaben, die die Institution der Technischen Aufsichtsbeh\u00f6rde zu erf\u00fcllen hat, beruhen auf Wissen:<\/strong>\u00a0<\/li>\n\n\n\n<li>allgemeine sichere Arbeitsbedingungen;&nbsp;<\/li>\n\n\n\n<li>Betrieb von gasbetriebenen Lastkraftwagen (LPG);&nbsp;<\/li>\n\n\n\n<li>Betriebsanleitung (Steuerung des Ger\u00e4ts, Schritte vor und nach der Inbetriebnahme);&nbsp;<\/li>\n\n\n\n<li>die Rechtsvorschriften f\u00fcr den Betrieb der betreffenden Ger\u00e4te;&nbsp;<\/li>\n\n\n\n<li>Fahrzeugtypen nach Ma\u00dfgabe der Anspr\u00fcche;&nbsp;<\/li>\n\n\n\n<li>Kapazit\u00e4tsmerkmale;&nbsp;&nbsp;<\/li>\n\n\n\n<li>den Begriff der Stabilit\u00e4t;&nbsp;<\/li>\n\n\n\n<li>Aufbau und Funktionsweise des Ger\u00e4ts unter Angabe der einzelnen Komponenten;&nbsp;&nbsp;<\/li>\n\n\n\n<li>Verfahren f\u00fcr Notf\u00e4lle und Unf\u00e4lle;&nbsp;<\/li>\n\n\n\n<li>spezifische Bedingungen einschlie\u00dflich Arbeitsvorschriften (z. B. Transport von Personen in K\u00f6rben auf Arbeitsb\u00fchnen).&nbsp;<\/li>\n<\/ul>\n\n\n\n<h2 class=\"wp-block-heading\"><strong>Wo reiche ich meine vollst\u00e4ndige Bewerbung ein, um meine Qualifikationen zu \u00fcberpr\u00fcfen?<\/strong>\u00a0\u00a0<\/h2>\n\n\n\n<p>Dies kann bei der Gesch\u00e4ftsstelle des T\u00dcV oder bei der n\u00e4chstgelegenen Au\u00dfenstelle geschehen. Sie m\u00fcssen sich \u00fcber ein Ausbildungszentrum oder auf eigene Faust zur Pr\u00fcfung anmelden.&nbsp;<\/p>\n\n\n\n<p>Bitte beachten Sie die ab dem 11. Februar 2020 eingef\u00fchrte Geb\u00fchr, die durch das Gesetz \u00fcber die technische \u00dcberwachung, Art. 23(4), geregelt ist.&nbsp;<\/p>\n\n\n\n<h2 class=\"wp-block-heading\"><strong>Welche Ger\u00e4te werden von der technischen Aufsicht \u00fcberwacht?<\/strong>\u00a0<\/h2>\n\n\n<div class=\"wp-block-image\">\n<figure class=\"alignright size-large is-resized\"><img loading=\"lazy\" decoding=\"async\" src=\"https:\/\/odk-ergon.pl\/wp-content\/uploads\/2022\/09\/2-2.jpeg\" alt=\"Austausch der Gasflasche im Fahrzeug\" width=\"400\" height=\"267\"\/><\/figure>\n<\/div>\n\n\n<ul class=\"wp-block-list\">\n<li><a href=\"https:\/\/odk-ergon.pl\/de\/szkolenia\/uprawnienia-udt-tdt\/konserwacja-utb-udt\/\">Handhabungsger\u00e4te<\/a> (z. B. Br\u00fcckenkr\u00e4ne, Kr\u00e4ne, Hubwagen, Fahrtreppen, Fahrsteige, Lastenaufz\u00fcge, Hebezeuge, Winden, Personenaufz\u00fcge - Personenaufz\u00fcge);&nbsp;<\/li>\n\n\n\n<li>Buchsen;&nbsp;<\/li>\n\n\n\n<li>Kabinen- und Stuhlf\u00f6rderer;&nbsp;<\/li>\n\n\n\n<li>Druck; &nbsp;<\/li>\n\n\n\n<li>drucklose Tanks und Niederdrucktanks f\u00fcr die Lagerung von Gefahrstoffen (giftig und \u00e4tzend) und brennbaren Fl\u00fcssigkeiten.&nbsp;&nbsp;<\/li>\n<\/ul>\n\n\n\n<h2 class=\"wp-block-heading\"><strong>Warum wir?<\/strong>\u00a0<\/h2>\n\n\n\n<p>Wenn Sie eine solide Vorbereitung auf Ihre theoretischen und praktischen Pr\u00fcfungen suchen, laden wir Sie ein, den UDT-Kurs in unserem Operator Training Centre (OSO) zu besuchen. Dank uns erhalten Sie ein passendes Angebot f\u00fcr den jeweiligen Beruf. Sie haben die Wahl zwischen offenem und geschlossenem Training (f\u00fcr organisierte Gruppen). Und wir bieten attraktive Preise. Wir sind stolz auf die Erfolgsquote unserer Auszubildenden. Nach bestandener Pr\u00fcfung erhalten Sie einen Bef\u00e4higungsnachweis, der Sie berechtigt, die aufgef\u00fchrten Ger\u00e4te zu bedienen.&nbsp;<\/p>\n\n\n\n<h2 class=\"wp-block-heading\"><strong>Was pr\u00fcfen die UDT-Aussch\u00fcsse?<\/strong>\u00a0<\/h2>\n\n\n\n<p>Kompetenz derjenigen, die sich spezialisieren wollen, z. B. in folgenden Bereichen:&nbsp;<\/p>\n\n\n\n<ul class=\"wp-block-list\">\n<li>Betrieb und Wartung von Umschlagger\u00e4ten;&nbsp;<\/li>\n\n\n\n<li><a href=\"https:\/\/odk-ergon.pl\/de\/szkolenia\/szkolenia-sep\/napelnianie-zbiornikow\/\">Bef\u00fcllung von Druckbeh\u00e4ltern<\/a>;&nbsp;<\/li>\n\n\n\n<li>Schwei\u00dfaufsicht;&nbsp;<\/li>\n\n\n\n<li>kathodischer Schutz;&nbsp;<\/li>\n\n\n\n<li><a href=\"https:\/\/odk-ergon.pl\/de\/szkolenia\/uprawnienia-udt-tdt\/polaczenia-kolnierzowe\/\">Flanschverbindungen<\/a>;&nbsp;<\/li>\n<\/ul>\n\n\n\n<ul class=\"wp-block-list\">\n<li>sowie die Arbeit als Whistleblower.&nbsp;<\/li>\n<\/ul>\n\n\n\n<p>Um die <a href=\"https:\/\/odk-ergon.pl\/de\/szkolenia\/szkolenia-na-suwnice\/uprawnienia\/\">UDT-Qualifikationen<\/a> F\u00fcr diese Stellen m\u00fcssen Sie eine Ausbildung absolvieren und Pr\u00fcfungen bestehen.&nbsp;<\/p>\n\n\n\n<p><strong>Wer kann sich f\u00fcr den Kurs anmelden?<\/strong>&nbsp;<\/p>\n\n\n\n<p>Nur Erwachsene, deren Gesundheitszustand es ihnen erlaubt, Arbeiten in der H\u00f6he auszuf\u00fchren. Vor der Ausbildung m\u00fcssen eine arbeitsmedizinische Untersuchung und eine Bescheinigung vorgelegt werden. Die Teilnehmer m\u00fcssen \u00fcber eine Grundausbildung verf\u00fcgen.\u00a0<\/p>\n\n\n\n<figure class=\"wp-block-image size-large is-resized\"><img loading=\"lazy\" decoding=\"async\" src=\"https:\/\/odk-ergon.pl\/wp-content\/uploads\/2022\/11\/81-UDT-odk-ergon.pl_.png\" alt=\"UDT-Qualifikationen\" width=\"747\" height=\"436\"\/><\/figure>","protected":false},"excerpt":{"rendered":"<p>W dzisiejszych czasach jedne z najpopularniejszych uprawnie\u0144 wydawane s\u0105 dla operator\u00f3w w\u00f3zk\u00f3w wid\u0142owych. Nie jest to jednak jedyny zaw\u00f3d, mo\u017cliwy do wykonywania zwi\u0105zany z kwalifikacjami UDT. Przyk\u0142adem s\u0105 konserwatorzy w\u00f3zk\u00f3w jezdniowych unosz\u0105cych. Obie osoby maj\u0105 kontakt z tymi samymi urz\u0105dzeniami, za kt\u00f3re s\u0105 odpowiedzialni. Cz\u0119sto zdarza si\u0119, \u017ce operator stwierdza pierwsze objawy awarii sprz\u0119tu i zg\u0142asza konserwatorowi. Ten drugi musi mie\u0107 odpowiednie kompetencje \u015bci\u015ble powi\u0105zane z dzia\u0142aniem w uk\u0142adach unosz\u0105cym i jezdnym. Opr\u00f3cz tego zna\u0107 szczeg\u00f3\u0142ow\u0105 budow\u0119 maszyn, a przede wszystkim wiedzie\u0107, jak naprawi\u0107, b\u0105d\u017a wymieni\u0107 uszkodzone w nich elementy. Nast\u0119pnymi osobami z podobnych bran\u017c s\u0105, np. lutowacze, spawacze, pracownicy dzia\u0142\u00f3w kontroli jako\u015bci, technologii, obr\u00f3bki cieplnej czy te\u017c przer\u00f3bki plastycznej.\u00a0 Wymagane s\u0105 r\u00f3wnie\u017c przy obs\u0142udze:\u00a0 Urz\u0105d Dozoru Technicznego wydaje za\u015bwiadczenia kwalifikacyjne pozwalaj\u0105ce obs\u0142ugiwa\u0107 w\u00f3zki jezdniowe podno\u015bnikowe z mechanicznym podnoszeniem. W oparciu o tekst ustawy z dnia 21 grudnia 2000 roku o dozorze technicznym oraz warunk\u00f3w z rozporz\u0105dzenia Ministra Przedsi\u0119biorczo\u015bci i Technologii z dnia 21 maja 2019 roku w sprawie trybu sprawdzania kwalifikacji wymaganych przy obs\u0142udze i konserwacji urz\u0105dze\u0144 technicznych oraz sposobu i trybu przed\u0142u\u017cania okresu wa\u017cno\u015bci za\u015bwiadcze\u0144 kwalifikacyjnych.\u00a0 Wytyczne potrzebne do ich zdobycia:\u00a0 Gdzie z\u0142o\u017cy\u0107 wype\u0142niony wniosek, aby sprawdzi\u0107 kwalifikacje?\u00a0\u00a0 Mo\u017cna to zrobi\u0107 w biurze Urz\u0119du Dozoru Technicznego lub w najbli\u017cszym lokalnym oddziale. Na egzamin trzeba zapisa\u0107 si\u0119 przez centrum szkoleniowe lub samodzielnie.&nbsp; Nale\u017cy pami\u0119ta\u0107 o op\u0142acie wprowadzonej od 11 lutego 2020. Reguluje j\u0105 ustawa o dozorze technicznym art.23 ust. 4.&nbsp; Jakie urz\u0105dzenia nadzoruje doz\u00f3r techniczny?\u00a0 Dlaczego my?\u00a0 Je\u015bli zale\u017cy Ci na solidnym przygotowaniu do egzaminu z teorii i praktyki \u2013 zapraszamy na kurs UDT [&hellip;]<\/p>\n","protected":false},"author":1,"featured_media":2421,"parent":1828,"menu_order":0,"comment_status":"closed","ping_status":"closed","template":"","meta":{"sfsi_plus_gutenberg_text_before_share":"","sfsi_plus_gutenberg_show_text_before_share":"","sfsi_plus_gutenberg_icon_type":"","sfsi_plus_gutenberg_icon_alignemt":"","sfsi_plus_gutenburg_max_per_row":"","footnotes":""},"class_list":["post-2418","page","type-page","status-publish","has-post-thumbnail","hentry","has_thumb"],"aioseo_notices":[],"_links":{"self":[{"href":"https:\/\/odk-ergon.pl\/de\/wp-json\/wp\/v2\/pages\/2418","targetHints":{"allow":["GET"]}}],"collection":[{"href":"https:\/\/odk-ergon.pl\/de\/wp-json\/wp\/v2\/pages"}],"about":[{"href":"https:\/\/odk-ergon.pl\/de\/wp-json\/wp\/v2\/types\/page"}],"author":[{"embeddable":true,"href":"https:\/\/odk-ergon.pl\/de\/wp-json\/wp\/v2\/users\/1"}],"replies":[{"embeddable":true,"href":"https:\/\/odk-ergon.pl\/de\/wp-json\/wp\/v2\/comments?post=2418"}],"version-history":[{"count":4,"href":"https:\/\/odk-ergon.pl\/de\/wp-json\/wp\/v2\/pages\/2418\/revisions"}],"predecessor-version":[{"id":3532,"href":"https:\/\/odk-ergon.pl\/de\/wp-json\/wp\/v2\/pages\/2418\/revisions\/3532"}],"up":[{"embeddable":true,"href":"https:\/\/odk-ergon.pl\/de\/wp-json\/wp\/v2\/pages\/1828"}],"wp:featuredmedia":[{"embeddable":true,"href":"https:\/\/odk-ergon.pl\/de\/wp-json\/wp\/v2\/media\/2421"}],"wp:attachment":[{"href":"https:\/\/odk-ergon.pl\/de\/wp-json\/wp\/v2\/media?parent=2418"}],"curies":[{"name":"wp","href":"https:\/\/api.w.org\/{rel}","templated":true}]}}