{"id":2434,"date":"2022-09-13T14:07:59","date_gmt":"2022-09-13T12:07:59","guid":{"rendered":"https:\/\/odk-ergon.pl\/?page_id=2434"},"modified":"2023-03-15T12:41:40","modified_gmt":"2023-03-15T11:41:40","slug":"gerustmonteur","status":"publish","type":"page","link":"https:\/\/odk-ergon.pl\/de\/szkolenia\/montazysta-rusztowan\/","title":{"rendered":"Ger\u00fcstbauer-Kurs, werden auch Sie einer!"},"content":{"rendered":"<div class=\"wp-block-image\">\n<figure class=\"alignright size-large is-resized\"><img loading=\"lazy\" decoding=\"async\" src=\"https:\/\/odk-ergon.pl\/wp-content\/uploads\/2022\/09\/2-3.jpeg\" alt=\"Ger\u00fcstmontage\" width=\"400\" height=\"275\"\/><\/figure>\n<\/div>\n\n\n<h2 class=\"wp-block-heading\"><strong>Umfassende Ausbildung<\/strong><\/h2>\n\n\n\n<p>Nehmen Sie an einer Schulung zur Ger\u00fcstmontage teil. &nbsp;<\/p>\n\n\n\n<p>Die Baubranche entwickelt sich st\u00e4ndig weiter. Wenn Sie also neue Herausforderungen m\u00f6gen, einen sicheren Arbeitsplatz suchen und auf eine gute Bezahlung hoffen, dann melden Sie sich f\u00fcr unseren Kurs an! Wir bieten eine Ausbildung zum Bauger\u00fcstbauer (Auf- und Abbau) an, die von unserem hochqualifizierten Personal durchgef\u00fchrt wird, das die individuelle Betreuung jedes Auszubildenden in den Vordergrund stellt. Dar\u00fcber hinaus legen wir Wert auf eine freundliche Atmosph\u00e4re. Wir legen Wert auf praktischen und theoretischen Unterricht, da wir wissen, wie positiv sich dies auf den Lernerfolg auswirken kann.\u00a0\u00a0<\/p>\n\n\n\n<h2 class=\"wp-block-heading\"><strong>Was k\u00f6nnen Sie aus der Schulung lernen?\u00a0<\/strong><\/h2>\n\n\n\n<p>Der Kurs besteht aus einem theoretischen und einem praktischen Teil und findet bei uns oder beim Kunden vor Ort statt. Unsere Aufgabe ist es, den Auszubildenden auf die Pr\u00fcfung vor der Pr\u00fcfungskommission vorzubereiten.&nbsp;<\/p>\n\n\n\n<p>W\u00e4hrend des Kurses erwerben Sie sowohl theoretische Kenntnisse als auch praktische F\u00e4higkeiten, einschlie\u00dflich der Bedienung der Ger\u00e4te. Zu den im Kurs behandelten Themen geh\u00f6ren:&nbsp;<\/p>\n\n\n\n<ul class=\"wp-block-list\">\n<li>Technische und sicherheitstechnische Unterlagen f\u00fcr den Aufbau und die Arbeit auf Ger\u00fcsten,&nbsp;<\/li>\n\n\n\n<li>Konstruktion und Arten von Ger\u00fcsten,&nbsp;<\/li>\n\n\n\n<li>Organisation des Standorts,&nbsp;<\/li>\n\n\n\n<li>Montage- und Demontageverfahren,&nbsp;<\/li>\n\n\n\n<li>Dokumentation zum Ger\u00fcstbau.&nbsp;<\/li>\n<\/ul>\n\n\n\n<figure class=\"wp-block-image size-large is-resized\"><img loading=\"lazy\" decoding=\"async\" src=\"https:\/\/odk-ergon.pl\/wp-content\/uploads\/2022\/09\/3-1.jpeg\" alt=\"Person, die einen Helm tr\u00e4gt\" width=\"800\" height=\"534\"\/><\/figure>\n\n\n\n<h2 class=\"wp-block-heading\"><strong>Wie sieht die Pr\u00fcfung aus?\u00a0<\/strong><\/h2>\n\n\n\n<p>Im theoretischen Teil der Pr\u00fcfung m\u00fcssen die Auszubildenden nachweisen, dass sie die Gesundheits- und Sicherheitsvorschriften kennen und in der Lage sind, technische Unterlagen zu erstellen und \u00fcber die Konstruktion von Ger\u00fcsten Bescheid zu wissen. Der praktische Teil umfasst eine Demonstration des Auf- und Abbaus von Ger\u00fcsten sowie eine Bewertung der Stabilit\u00e4t und Sicherheit der montierten Konstruktion. Die Ger\u00fcstbauerlizenz wird vom Institute of Mechanised Construction and Rock Mining ausgestellt. Nach bestandener Pr\u00fcfung wird ein Ger\u00fcstbauerheft ausgestellt.&nbsp;<\/p>\n\n\n\n<h2 class=\"wp-block-heading\"><strong>Der Beruf der Zukunft\u00a0<\/strong><\/h2>\n\n\n\n<p>In Gro\u00dfst\u00e4dten sieht man Ger\u00fcste auf Schritt und Tritt. Sie werden auch von Reinigungskr\u00e4ften eingesetzt, z. B. zur Fensterreinigung und Wartung in B\u00fcrogeb\u00e4uden, auf kleinen und gro\u00dfen Baustellen, bei der Restaurierung historischer Geb\u00e4ude und beim Bau von Lagerh\u00e4usern, Hallen oder Konzertb\u00fchnen. Ger\u00fcste werden von Personen aufgestellt, die \u00fcber eine besondere Zulassung verf\u00fcgen. Sie sind ein wesentlicher Bestandteil der Arbeit von Renovierungs-, Installations- und Reparaturunternehmen. Aufgrund der wachsenden Nachfrage nach solchen Fachleuten besteht kein Zweifel, dass es sich lohnt, Monteur zu werden. Auf dem polnischen Arbeitsmarkt herrscht ein Mangel an Fachkr\u00e4ften f\u00fcr die Ger\u00fcstmontage, weshalb die Geh\u00e4lter f\u00fcr Qualifizierte \u00fcberdurchschnittlich hoch sind. Versucht man es hingegen im Ausland, z. B. in den skandinavischen L\u00e4ndern, kann man mit wesentlich attraktiveren Geh\u00e4ltern rechnen. Die Geh\u00e4lter k\u00f6nnen je nach Qualifikation und Erfahrung des Arbeitnehmers variieren.&nbsp;<\/p>\n\n\n\n<figure class=\"wp-block-video\"><video controls src=\"https:\/\/odk-ergon.pl\/wp-content\/uploads\/2023\/03\/ACCEPTED-montazysta-rusztowan-4Kodk-ergon.mp4\"><\/video><\/figure>\n\n\n\n<h2 class=\"wp-block-heading\"><strong>Melden Sie sich zur Ausbildung an!\u00a0<\/strong><\/h2>\n\n\n\n<p>Wenn Sie eine Ausbildung zum Ger\u00fcstbauer absolvieren m\u00f6chten, ist eine Berufsausbildung im Baugewerbe von gro\u00dfem Vorteil, aber nicht zwingend erforderlich. Sie werden Ihre Position auf dem Arbeitsmarkt verbessern und au\u00dferdem n\u00fctzliche F\u00e4higkeiten und die erforderlichen Qualifikationen erwerben. Manchmal bezuschusst das Arbeitsamt Berufsausbildungen, daher ist es ratsam, sich auf dem Laufenden zu halten, ob es eine solche M\u00f6glichkeit gibt.&nbsp;<\/p>\n\n\n\n<h2 class=\"wp-block-heading\"><strong>Wie sieht die Arbeit aus?\u00a0<\/strong><\/h2>\n\n\n<div class=\"wp-block-image\">\n<figure class=\"alignright size-large is-resized\"><img loading=\"lazy\" decoding=\"async\" src=\"https:\/\/odk-ergon.pl\/wp-content\/uploads\/2022\/09\/1-2.jpeg\" alt=\"Monteur bei Ger\u00fcstmontagearbeiten\" width=\"253\" height=\"400\"\/><\/figure>\n<\/div>\n\n\n<p>Anders als es den Anschein hat, sind die Aufgaben eines Ger\u00fcstmonteurs sehr vielf\u00e4ltig. Sie umfassen den Auf- und Abbau der betreffenden Konstruktion sowie die Planung des Standorts und die Gew\u00e4hrleistung des sicheren Betriebs. Falsch montierte Ger\u00fcste k\u00f6nnen f\u00fcr die Arbeiter und die Menschen in der Umgebung sehr gef\u00e4hrlich sein. Daher sollte der Ger\u00fcstbauer \u00fcber die richtigen Qualifikationen und F\u00e4higkeiten verf\u00fcgen. W\u00e4hrend Ihrer Ausbildung in unserem Zentrum lernen Sie alles, was Sie wissen m\u00fcssen, um Ihre Aufgaben als Ger\u00fcstbauer fachgerecht zu erf\u00fcllen.&nbsp;&nbsp;<\/p>\n\n\n\n<h2 class=\"wp-block-heading\"><strong>Was sind die Kursanforderungen?\u00a0<\/strong><\/h2>\n\n\n\n<ul class=\"wp-block-list\">\n<li>mindestens 18 Jahre alt sein,&nbsp;<\/li>\n\n\n\n<li>die zumindest eine Grundausbildung haben,&nbsp;<\/li>\n\n\n\n<li>ein aktuelles \u00e4rztliches Attest, in dem best\u00e4tigt wird, dass Sie keine Einschr\u00e4nkungen bei der Arbeit in der H\u00f6he haben.&nbsp;<\/li>\n<\/ul>\n\n\n\n<h2 class=\"wp-block-heading\"><strong>Wie hoch sind die Kosten f\u00fcr eine Zertifizierung?\u00a0<\/strong><\/h2>\n\n\n\n<p>Wie hoch die Kosten f\u00fcr eine Ger\u00fcstbauerausbildung sind, h\u00e4ngt weitgehend vom Ort der Ausbildung und der Anzahl der Teilnehmer ab. Sie k\u00f6nnen den Preis f\u00fcr eine Ger\u00fcstbauerschulung herausfinden, indem Sie nachsehen <a href=\"https:\/\/odk-ergon.pl\/de\/cennik\/\">Preisliste<\/a> auf unserer Website oder durch direkte Kontaktaufnahme mit uns. Wir beantworten gerne alle Fragen, die Sie haben.&nbsp;<\/p>\n\n\n\n<h2 class=\"wp-block-heading\"><strong>Wie lange ist die Qualifikation g\u00fcltig?\u00a0<\/strong><\/h2>\n\n\n\n<p>Die Qualifikation zum Ger\u00fcstbauer ist zeitlich unbegrenzt. Sie brauchen sie in Zukunft nicht zu erneuern.\u00a0<br>Wir werden alles tun, um sicherzustellen, dass Sie gut auf die staatliche Pr\u00fcfung vorbereitet sind. Bedenken Sie, dass Ger\u00fcstbauer ein Beruf ist, bei dem man in der H\u00f6he arbeiten muss. W\u00e4hrend Ihrer Ausbildung stehen Ihnen professionell entwickelte Materialien und moderne Maschinen zur Verf\u00fcgung. Wir sorgen daf\u00fcr, dass Sie den gr\u00f6\u00dftm\u00f6glichen Nutzen aus unserer Ausbildung ziehen!\u00a0<\/p>\n\n\n\n<figure class=\"wp-block-image size-large is-resized\"><img loading=\"lazy\" decoding=\"async\" src=\"https:\/\/odk-ergon.pl\/wp-content\/uploads\/2022\/11\/montazysta-rusztowan-odk-ergon.pl_.png\" alt=\"Ger\u00fcstbaukurs\" width=\"758\" height=\"442\"\/><\/figure>","protected":false},"excerpt":{"rendered":"<p>Kompleksowe szkolenie Zapraszamy na szkolenie z montowania rusztowa\u0144. &nbsp; Bran\u017ca budowlana stale si\u0119 rozwija, dlatego je\u015bli lubisz nowe wyzwania, chcesz zdoby\u0107 stabiln\u0105 prac\u0119 i liczysz na dobre wynagrodzenie \u2013 zapisz si\u0119 na nasz kurs! Oferujemy szkolenie na monta\u017cyst\u0119 rusztowa\u0144 budowlano\u2013monta\u017cowych\u00a0(monta\u017c i demonta\u017c), kt\u00f3re zostanie przeprowadzone przez nasz\u0105 wysoko wykwalifikowan\u0105 kadr\u0119, kt\u00f3ra na pierwszym miejscu stawia indywidualne podej\u015bcie do ka\u017cdego kursanta. Ponadto cenimy sobie przyjazn\u0105 atmosfer\u0119. K\u0142adziemy nacisk zar\u00f3wno na zaj\u0119cia praktyczne, jak i teoretyczne, poniewa\u017c zdajemy sobie spraw\u0119 jak pozytywnie mo\u017ce to wp\u0142yn\u0105\u0107 na efekt ko\u0144cowy nauczania.\u00a0\u00a0 Czego mo\u017cna si\u0119 nauczy\u0107 podczas szkolenia?\u00a0 Kurs sk\u0142ada si\u0119 z cz\u0119\u015bci teoretycznej oraz praktycznej i odbywa si\u0119 w naszych plac\u00f3wkach lub w siedzibie klienta. Naszym zadaniem jest przygotowa\u0107 kursanta do egzaminu przed komisj\u0105 egzaminacyjn\u0105.&nbsp; Na szkoleniu zdob\u0119dziesz zar\u00f3wno wiedz\u0119 teoretyczn\u0105, jak i umiej\u0119tno\u015bci praktyczne, obejmuj\u0105ce tak\u017ce obs\u0142ug\u0119 sprz\u0119tu. Tematy poruszane podczas zaj\u0119\u0107 to m.in.:&nbsp; Jak wygl\u0105da egzamin?\u00a0 Podczas zdawania cz\u0119\u015bci teoretycznej egzaminu, kursanci musz\u0105 wykaza\u0107 si\u0119 znajomo\u015bci\u0105 zasad BHP, a tak\u017ce umiej\u0119tno\u015bci\u0105 sporz\u0105dzania dokumentacji technicznej oraz wiedz\u0105 na temat konstruowania ro\u017cnego rodzaju rusztowa\u0144. Cz\u0119\u015b\u0107 praktyczna obejmuje pokaz monta\u017cu i demonta\u017cu rusztowania oraz ocen\u0119 stabilno\u015bci i bezpiecze\u0144stwa zmontowanej konstrukcji. Uprawnienia monta\u017cysty zostaj\u0105 wydane przez Instytut Mechanizacji Budownictwa i G\u00f3rnictwa Skalnego. Po zdaniu egzaminu zostaje wydana ksi\u0105\u017ceczka montera rusztowa\u0144.&nbsp; Przysz\u0142o\u015bciowy zaw\u00f3d\u00a0 W du\u017cych miastach na ka\u017cdym kroku mo\u017cna zauwa\u017cy\u0107 rusztowania. Wykorzystywane s\u0105 one tak\u017ce przez ekipy sprz\u0105taj\u0105ce np. do mycia i konserwacji okien w biurowcach, przy ma\u0142ych i du\u017cych budowach, przy renowacjach zabytk\u00f3w, a tak\u017ce w zwi\u0105zku z budow\u0105 magazyn\u00f3w, hal czy scen koncertowych. Rusztowania s\u0105 montowane przez osoby, kt\u00f3re [&hellip;]<\/p>\n","protected":false},"author":1,"featured_media":2436,"parent":65,"menu_order":0,"comment_status":"closed","ping_status":"closed","template":"","meta":{"sfsi_plus_gutenberg_text_before_share":"","sfsi_plus_gutenberg_show_text_before_share":"","sfsi_plus_gutenberg_icon_type":"","sfsi_plus_gutenberg_icon_alignemt":"","sfsi_plus_gutenburg_max_per_row":"","footnotes":""},"class_list":["post-2434","page","type-page","status-publish","has-post-thumbnail","hentry","has_thumb"],"aioseo_notices":[],"_links":{"self":[{"href":"https:\/\/odk-ergon.pl\/de\/wp-json\/wp\/v2\/pages\/2434","targetHints":{"allow":["GET"]}}],"collection":[{"href":"https:\/\/odk-ergon.pl\/de\/wp-json\/wp\/v2\/pages"}],"about":[{"href":"https:\/\/odk-ergon.pl\/de\/wp-json\/wp\/v2\/types\/page"}],"author":[{"embeddable":true,"href":"https:\/\/odk-ergon.pl\/de\/wp-json\/wp\/v2\/users\/1"}],"replies":[{"embeddable":true,"href":"https:\/\/odk-ergon.pl\/de\/wp-json\/wp\/v2\/comments?post=2434"}],"version-history":[{"count":5,"href":"https:\/\/odk-ergon.pl\/de\/wp-json\/wp\/v2\/pages\/2434\/revisions"}],"predecessor-version":[{"id":3156,"href":"https:\/\/odk-ergon.pl\/de\/wp-json\/wp\/v2\/pages\/2434\/revisions\/3156"}],"up":[{"embeddable":true,"href":"https:\/\/odk-ergon.pl\/de\/wp-json\/wp\/v2\/pages\/65"}],"wp:featuredmedia":[{"embeddable":true,"href":"https:\/\/odk-ergon.pl\/de\/wp-json\/wp\/v2\/media\/2436"}],"wp:attachment":[{"href":"https:\/\/odk-ergon.pl\/de\/wp-json\/wp\/v2\/media?parent=2434"}],"curies":[{"name":"wp","href":"https:\/\/api.w.org\/{rel}","templated":true}]}}