{"id":2638,"date":"2023-03-21T13:29:31","date_gmt":"2023-03-21T12:29:31","guid":{"rendered":"https:\/\/odk-ergon.pl\/?page_id=2638"},"modified":"2023-03-21T16:14:39","modified_gmt":"2023-03-21T15:14:39","slug":"gabelstaplerfahrer-merlo","status":"publish","type":"page","link":"https:\/\/odk-ergon.pl\/de\/szkolenia\/uprawnienia-udt-tdt\/operator-wozki-widlowe-merlo\/","title":{"rendered":"Kurse f\u00fcr Bediener und Wartungspersonal - Merlo Gabelstapler"},"content":{"rendered":"\n<p>\u0141adowarki teleskopowe Merlo nale\u017c\u0105 do maszyn, kt\u00f3re posiadaj\u0105 zaawansowane podzespo\u0142y, w kwestii zastosowanej technologii. Bezpiecze\u0144stwo jest priorytetem firmy, dlatego wi\u0119kszo\u015b\u0107 produkt\u00f3w jest wyposa\u017cona w zaawansowany system bezpiecze\u0144stwa M CDC. Informuje on operatora o wadze przenoszonego \u0142adunku. W sytuacji, gdy masa jest bliska przekroczenia mo\u017cliwo\u015bci d\u017awigowych \u0142adowarki, wydaje on z siebie sygna\u0142 d\u017awi\u0119kowy. W przypadku przekroczenia limitu ci\u0119\u017caru, jaki mo\u017ce przenie\u015b\u0107 urz\u0105dzenie, manewry zostaj\u0105 zablokowane, co zapobiega wywr\u00f3ceniu si\u0119 i umo\u017cliwia bezpieczne od\u0142o\u017cenie \u0142adunku i powrotu do pracy z odpowiednimi parametrami.&nbsp;&nbsp;<\/p>\n\n\n\n<h2 class=\"wp-block-heading\"><strong>Zastosowanie \u0142adowarek teleskopowych<\/strong>&nbsp;<\/h2>\n\n\n<div class=\"wp-block-image\">\n<figure class=\"alignleft size-large is-resized\"><a href=\"https:\/\/odk-ergon.pl\/wp-content\/uploads\/2023\/02\/lad-2.jpg\"><img loading=\"lazy\" decoding=\"async\" src=\"https:\/\/odk-ergon.pl\/wp-content\/uploads\/2023\/02\/lad-2-1024x767.jpg\" alt=\"\u0142adowarka teleskopowa merlo \" class=\"wp-image-2646\" width=\"512\" height=\"384\" srcset=\"https:\/\/odk-ergon.pl\/wp-content\/uploads\/2023\/02\/lad-2-1024x767.jpg 1024w, https:\/\/odk-ergon.pl\/wp-content\/uploads\/2023\/02\/lad-2-300x225.jpg 300w, https:\/\/odk-ergon.pl\/wp-content\/uploads\/2023\/02\/lad-2-768x575.jpg 768w, https:\/\/odk-ergon.pl\/wp-content\/uploads\/2023\/02\/lad-2-1536x1150.jpg 1536w, https:\/\/odk-ergon.pl\/wp-content\/uploads\/2023\/02\/lad-2-16x12.jpg 16w, https:\/\/odk-ergon.pl\/wp-content\/uploads\/2023\/02\/lad-2-640x480.jpg 640w, https:\/\/odk-ergon.pl\/wp-content\/uploads\/2023\/02\/lad-2-624x467.jpg 624w, https:\/\/odk-ergon.pl\/wp-content\/uploads\/2023\/02\/lad-2.jpg 1600w\" sizes=\"auto, (max-width: 512px) 100vw, 512px\" \/><\/a><\/figure>\n<\/div>\n\n\n<p>Wszystkie \u0142adowarki natomiast, zwane potocznie w\u00f3zkami wid\u0142owymi, s\u0105 niezb\u0119dne do pracy na budowie, ale nie tylko. Przydaj\u0105 si\u0119 wsz\u0119dzie tam, gdzie trzeba przenie\u015b\u0107 z miejsca na miejsce \u0142adunek o du\u017cej masie, czego nie zdo\u0142a zrobi\u0107 cz\u0142owiek, na przyk\u0142ad: bele siana, betonowe kloce, stalowe konstrukcje czy wi\u0119ksze drewniane elementy. Przydatne s\u0105 te\u017c, kiedy trzeba si\u0119 dosta\u0107 w trudno dost\u0119pne miejsca. D\u0142ugi wysi\u0119gnik przyczepiany do maszyny pozwala na prac\u0119 r\u00f3wnie\u017c tam, gdzie ci\u0119\u017cko zmie\u015bci\u0107 wi\u0119ksze urz\u0105dzenie.&nbsp;&nbsp;<\/p>\n\n\n\n<h3 class=\"wp-block-heading\">Z najpopularniejszych producent\u00f3w urz\u0105dze\u0144 tego typu, mo\u017cemy wyr\u00f3\u017cni\u0107:&nbsp;<\/h3>\n\n\n\n<ul class=\"wp-block-list\">\n<li>Manitou,&nbsp;<\/li>\n\n\n\n<li>Merlo,&nbsp;<\/li>\n\n\n\n<li>Dieci,&nbsp;&nbsp;<\/li>\n\n\n\n<li>Case,&nbsp;<\/li>\n\n\n\n<li>JCB,&nbsp;<\/li>\n\n\n\n<li>New Holland.&nbsp;<\/li>\n<\/ul>\n\n\n\n<p>Ka\u017cdy z tych modeli posiada r\u00f3\u017cne warianty i osprz\u0119t, co nadaje urz\u0105dzeniu wi\u0119ksz\u0105 gam\u0119 zastosowa\u0144. W zale\u017cno\u015bci od konstrukcji wyr\u00f3\u017cniamy dwa rodzaje modeli w\u00f3zk\u00f3w wid\u0142owych:&nbsp;<\/p>\n\n\n\n<ul class=\"wp-block-list\">\n<li>czo\u0142owe \u2013 gdzie kabina operatora jest nieruchoma, ud\u017awig waha si\u0119 mi\u0119dzy 1,5 a 20 ton, a maksymalny wysi\u0119g to 20 metr\u00f3w.&nbsp;<\/li>\n\n\n\n<li>obrotowe \u2013 z obrotow\u0105 g\u0142owic\u0105, dzi\u0119ki czemu kabina operatora mo\u017ce si\u0119 obraca\u0107, co pozwala na zmian\u0119 pozycji wysi\u0119gnika o 360 stopni. Ud\u017awig mi\u0119dzy 3 a 5 ton, a maksymalny wysi\u0119g to 30 metr\u00f3w.&nbsp;<\/li>\n<\/ul>\n\n\n\n<h2 class=\"wp-block-heading\"><strong>Szkolenie dla operator\u00f3w<\/strong>&nbsp;<\/h2>\n\n\n\n<p>Aby uzyska\u0107 uprawnienia do bycia operatorem, trzeba przej\u015b\u0107 szkolenie, oferowane przez nasz\u0105 firm\u0119. Zakres kursu zosta\u0142 podzielony na cz\u0119\u015b\u0107 teoretyczn\u0105 i cz\u0119\u015b\u0107 praktyczn\u0105. Podczas szkolenia ka\u017cdy uczestnik poznaje dane techniczne urz\u0105dzenia, informacje dotycz\u0105ce eksploatacji, przepisy BHP zwi\u0105zane z prac\u0105 z tymi maszynami oraz uczy si\u0119 w praktyce obs\u0142ugiwa\u0107 \u0142adowarki. &nbsp;<br>Ca\u0142o\u015b\u0107 jest zako\u0144czona egzaminem zdawanym przed komisj\u0105 UDT, kt\u00f3rego pozytywny wynik gwarantuje otrzymanie certyfikatu zezwalaj\u0105cego na prac\u0119 z \u0142adowarkami teleskopowymi. Uprawnienia s\u0105 wa\u017cne 5 lat od daty wystawienia.&nbsp;<\/p>\n\n\n\n<h3 class=\"wp-block-heading\"><strong>Wymagania, jakie musi spe\u0142ni\u0107 ka\u017cdy przysz\u0142y operator <\/strong><strong>w\u00f3<\/strong><strong>zka, by podej\u015b\u0107 do szkolenia oraz egzaminu<\/strong>&nbsp;<\/h3>\n\n\n\n<p>Nale\u017cy mie\u0107:&nbsp;<\/p>\n\n\n\n<ul class=\"wp-block-list\">\n<li>uko\u0144czone 18 lat,&nbsp;&nbsp;<\/li>\n\n\n\n<li>co najmniej podstawowe wykszta\u0142cenie,&nbsp;<\/li>\n\n\n\n<li>brak przeciwwskaza\u0144 zdrowotnych.&nbsp;<\/li>\n<\/ul>\n\n\n\n<h2 class=\"wp-block-heading\"><strong>Szkolenia dla konserwator\u00f3w<\/strong>&nbsp;<\/h2>\n\n\n<div class=\"wp-block-image\">\n<figure class=\"alignleft size-large is-resized\"><a href=\"https:\/\/odk-ergon.pl\/wp-content\/uploads\/2023\/02\/canva-bez-tytulu-MAEGpgJul4s-2.jpg\"><img loading=\"lazy\" decoding=\"async\" src=\"https:\/\/odk-ergon.pl\/wp-content\/uploads\/2023\/02\/canva-bez-tytulu-MAEGpgJul4s-2-1024x681.jpg\" alt=\"szkolenie na operatora w\u00f3zka wid\u0142owego\" class=\"wp-image-2650\" width=\"512\" height=\"341\" srcset=\"https:\/\/odk-ergon.pl\/wp-content\/uploads\/2023\/02\/canva-bez-tytulu-MAEGpgJul4s-2-1024x681.jpg 1024w, https:\/\/odk-ergon.pl\/wp-content\/uploads\/2023\/02\/canva-bez-tytulu-MAEGpgJul4s-2-300x200.jpg 300w, https:\/\/odk-ergon.pl\/wp-content\/uploads\/2023\/02\/canva-bez-tytulu-MAEGpgJul4s-2-768x511.jpg 768w, https:\/\/odk-ergon.pl\/wp-content\/uploads\/2023\/02\/canva-bez-tytulu-MAEGpgJul4s-2-1536x1021.jpg 1536w, https:\/\/odk-ergon.pl\/wp-content\/uploads\/2023\/02\/canva-bez-tytulu-MAEGpgJul4s-2-18x12.jpg 18w, https:\/\/odk-ergon.pl\/wp-content\/uploads\/2023\/02\/canva-bez-tytulu-MAEGpgJul4s-2-624x415.jpg 624w, https:\/\/odk-ergon.pl\/wp-content\/uploads\/2023\/02\/canva-bez-tytulu-MAEGpgJul4s-2.jpg 1600w\" sizes=\"auto, (max-width: 512px) 100vw, 512px\" \/><\/a><\/figure>\n<\/div>\n\n\n<p>Tak, jak dla operatora, kursy dla konserwatora sk\u0142adaj\u0105 si\u0119 z cz\u0119\u015bci teoretycznej i praktycznej. Nasze szkolenia realizowane s\u0105 wed\u0142ug programu zatwierdzonego przez komisj\u0119 UDT, przed kt\u00f3r\u0105 potem zdawany jest egzamin.&nbsp;<\/p>\n\n\n\n<h3 class=\"wp-block-heading\"><strong>Nasi kursanci:<\/strong>&nbsp;<\/h3>\n\n\n\n<ul class=\"wp-block-list\">\n<li>dowiedz\u0105 si\u0119 najwa\u017cniejszych informacji o dozorze technicznym,&nbsp;<\/li>\n\n\n\n<li>zapoznaj\u0105 si\u0119 z instrukcj\u0105 i dokumentacj\u0105 w\u00f3zk\u00f3w wid\u0142owych,&nbsp;<\/li>\n\n\n\n<li>o normach zwi\u0105zanych z w\u00f3zkami i warunkami dozoru technicznego,&nbsp;&nbsp;<\/li>\n\n\n\n<li>o przepisach BHP na tym stanowisku,&nbsp;&nbsp;<\/li>\n\n\n\n<li>poznaj\u0105 budow\u0119 \u0142adowarek teleskopowych,&nbsp;<\/li>\n\n\n\n<li>poznaj\u0105 plan eksploatacji, konserwacji i czyszczenia.&nbsp;<\/li>\n<\/ul>\n\n\n\n<p>Nasi pracownicy w pe\u0142ni zajm\u0105 si\u0119 realizacj\u0105 egzaminu oraz formalno\u015bciami, kt\u00f3re po nim nast\u0119puj\u0105. Pomo\u017cemy w rejestracji, op\u0142acie egzaminu czy w odbiorze legitymacji uprawniaj\u0105cej do pracy.&nbsp;&nbsp;<\/p>\n\n\n\n<p>Ponadto w naszych us\u0142ugach mie\u015bci si\u0119 serwis. Naprawiamy i konserwujemy wszystkie rodzaje \u0142adowarek teleskopowych.&nbsp;&nbsp;<\/p>\n\n\n\n<h2 class=\"wp-block-heading\">Pytania i odpowiedzi<\/h2>\n\n\n\t\t<details\t\thelp class=\"sc_fs_faq sc_card    \"\n\t\topen\t\t>\n\t\t\t\t\t<summary>\n\t\t\t\t<h3>Jakie s\u0105 rodzaje \u0142adowarek teleskopowych?<\/h3>\t\t\t\t\t<\/summary>\n\t\t\t\t<div>\n\t\t\t\t\t\t<div class=\"sc_fs_faq__content\">\n\t\t\t\t\n\n<p>\u0141adowarki teleskopowe mo\u017cemy podzieli\u0107 na dwa rodzaje. Ze wzgl\u0119du na ich budow\u0119:&nbsp;<br>czo\u0142owe oraz obrotowe. Te pierwsze maj\u0105 nieruchom\u0105 kabin\u0119 operatora, drugie za\u015b mog\u0105 si\u0119 obraca\u0107 w zakresie 360 stopni, co u\u0142atwia prac\u0119 z maszyn\u0105.<\/p>\n\n\t\t\t<\/div>\n\t\t<\/div>\n\t\t<\/details>\n\t\t\t\t<details\t\thelp class=\"sc_fs_faq sc_card    \"\n\t\t\t\t>\n\t\t\t\t\t<summary>\n\t\t\t\t<h3>Jak zosta\u0107 operatorem \u0142adowarki Merlo?<\/h3>\t\t\t\t\t<\/summary>\n\t\t\t\t<div>\n\t\t\t\t\t\t<div class=\"sc_fs_faq__content\">\n\t\t\t\t\n\n<p>Tak samo jak w przypadku \u0142adowarek innych firm nale\u017cy odby\u0107 szkolenie teoretyczne i praktyczne, a na koniec podej\u015b\u0107 do egzaminu przed komisj\u0105 UDT. Pozytywny wynik gwarantuje zdobycie uprawnie\u0144.<\/p>\n\n\t\t\t<\/div>\n\t\t<\/div>\n\t\t<\/details>\n\t\t\t\t<details\t\thelp class=\"sc_fs_faq sc_card    \"\n\t\t\t\t>\n\t\t\t\t\t<summary>\n\t\t\t\t<h3>Czy oferujecie szkolenie dla konserwator\u00f3w?<\/h3>\t\t\t\t\t<\/summary>\n\t\t\t\t<div>\n\t\t\t\t\t\t<div class=\"sc_fs_faq__content\">\n\t\t\t\t\n\n<p>Nasza firma opr\u00f3cz szkole\u0144 dla operator\u00f3w, prowadzi te\u017c kursy konserwatorskie, gdzie kursanci zdobywaj\u0105 wiedz\u0119 i umiej\u0119tno\u015bci praktyczne.&nbsp;<\/p>\n\n\t\t\t<\/div>\n\t\t<\/div>\n\t\t<\/details>\n\t\t\n<script type=\"application\/ld+json\">\n\t{\n\t\t\"@context\": \"https:\/\/schema.org\",\n\t\t\"@type\": \"FAQPage\",\n\t\t\"mainEntity\": [\n\t\t\t\t\t{\n\t\t\t\t\"@type\": \"Question\",\n\t\t\t\t\"name\": \"Jakie s\u0105 rodzaje \u0142adowarek teleskopowych?\",\n\t\t\t\t\"acceptedAnswer\": {\n\t\t\t\t\t\"@type\": \"Answer\",\n\t\t\t\t\t\"text\": \"<p>\u0141adowarki teleskopowe mo\u017cemy podzieli\u0107 na dwa rodzaje. Ze wzgl\u0119du na ich budow\u0119:&nbsp;<br>czo\u0142owe oraz obrotowe. Te pierwsze maj\u0105 nieruchom\u0105 kabin\u0119 operatora, drugie za\u015b mog\u0105 si\u0119 obraca\u0107 w zakresie 360 stopni, co u\u0142atwia prac\u0119 z maszyn\u0105.<\/p>\"\n\t\t\t\t\t\t\t\t\t}\n\t\t\t}\n\t\t\t,\t\t\t\t{\n\t\t\t\t\"@type\": \"Question\",\n\t\t\t\t\"name\": \"Jak zosta\u0107 operatorem \u0142adowarki Merlo?\",\n\t\t\t\t\"acceptedAnswer\": {\n\t\t\t\t\t\"@type\": \"Answer\",\n\t\t\t\t\t\"text\": \"<p>Tak samo jak w przypadku \u0142adowarek innych firm nale\u017cy odby\u0107 szkolenie teoretyczne i praktyczne, a na koniec podej\u015b\u0107 do egzaminu przed komisj\u0105 UDT. Pozytywny wynik gwarantuje zdobycie uprawnie\u0144.<\/p>\"\n\t\t\t\t\t\t\t\t\t}\n\t\t\t}\n\t\t\t,\t\t\t\t{\n\t\t\t\t\"@type\": \"Question\",\n\t\t\t\t\"name\": \"Czy oferujecie szkolenie dla konserwator\u00f3w?\",\n\t\t\t\t\"acceptedAnswer\": {\n\t\t\t\t\t\"@type\": \"Answer\",\n\t\t\t\t\t\"text\": \"<p>Nasza firma opr\u00f3cz szkole\u0144 dla operator\u00f3w, prowadzi te\u017c kursy konserwatorskie, gdzie kursanci zdobywaj\u0105 wiedz\u0119 i umiej\u0119tno\u015bci praktyczne.&nbsp;<\/p>\"\n\t\t\t\t\t\t\t\t\t}\n\t\t\t}\n\t\t\t\t\t\t]\n\t}\n<\/script>\n","protected":false},"excerpt":{"rendered":"<p>\u0141adowarki teleskopowe Merlo nale\u017c\u0105 do maszyn, kt\u00f3re posiadaj\u0105 zaawansowane podzespo\u0142y, w kwestii zastosowanej technologii. Bezpiecze\u0144stwo jest priorytetem firmy, dlatego wi\u0119kszo\u015b\u0107 produkt\u00f3w jest wyposa\u017cona w zaawansowany system bezpiecze\u0144stwa M CDC. Informuje on operatora o wadze przenoszonego \u0142adunku. W sytuacji, gdy masa jest bliska przekroczenia mo\u017cliwo\u015bci d\u017awigowych \u0142adowarki, wydaje on z siebie sygna\u0142 d\u017awi\u0119kowy. W przypadku przekroczenia limitu ci\u0119\u017caru, jaki mo\u017ce przenie\u015b\u0107 urz\u0105dzenie, manewry zostaj\u0105 zablokowane, co zapobiega wywr\u00f3ceniu si\u0119 i umo\u017cliwia bezpieczne od\u0142o\u017cenie \u0142adunku i powrotu do pracy z odpowiednimi parametrami.&nbsp;&nbsp; Zastosowanie \u0142adowarek teleskopowych&nbsp; Wszystkie \u0142adowarki natomiast, zwane potocznie w\u00f3zkami wid\u0142owymi, s\u0105 niezb\u0119dne do pracy na budowie, ale nie tylko. Przydaj\u0105 si\u0119 wsz\u0119dzie tam, gdzie trzeba przenie\u015b\u0107 z miejsca na miejsce \u0142adunek o du\u017cej masie, czego nie zdo\u0142a zrobi\u0107 cz\u0142owiek, na przyk\u0142ad: bele siana, betonowe kloce, stalowe konstrukcje czy wi\u0119ksze drewniane elementy. Przydatne s\u0105 te\u017c, kiedy trzeba si\u0119 dosta\u0107 w trudno dost\u0119pne miejsca. D\u0142ugi wysi\u0119gnik przyczepiany do maszyny pozwala na prac\u0119 r\u00f3wnie\u017c tam, gdzie ci\u0119\u017cko zmie\u015bci\u0107 wi\u0119ksze urz\u0105dzenie.&nbsp;&nbsp; Z najpopularniejszych producent\u00f3w urz\u0105dze\u0144 tego typu, mo\u017cemy wyr\u00f3\u017cni\u0107:&nbsp; Ka\u017cdy z tych modeli posiada r\u00f3\u017cne warianty i osprz\u0119t, co nadaje urz\u0105dzeniu wi\u0119ksz\u0105 gam\u0119 zastosowa\u0144. W zale\u017cno\u015bci od konstrukcji wyr\u00f3\u017cniamy dwa rodzaje modeli w\u00f3zk\u00f3w wid\u0142owych:&nbsp; Szkolenie dla operator\u00f3w&nbsp; Aby uzyska\u0107 uprawnienia do bycia operatorem, trzeba przej\u015b\u0107 szkolenie, oferowane przez nasz\u0105 firm\u0119. Zakres kursu zosta\u0142 podzielony na cz\u0119\u015b\u0107 teoretyczn\u0105 i cz\u0119\u015b\u0107 praktyczn\u0105. Podczas szkolenia ka\u017cdy uczestnik poznaje dane techniczne urz\u0105dzenia, informacje dotycz\u0105ce eksploatacji, przepisy BHP zwi\u0105zane z prac\u0105 z tymi maszynami oraz uczy si\u0119 w praktyce obs\u0142ugiwa\u0107 \u0142adowarki. &nbsp;Ca\u0142o\u015b\u0107 jest zako\u0144czona egzaminem zdawanym przed komisj\u0105 UDT, kt\u00f3rego pozytywny wynik gwarantuje otrzymanie [&hellip;]<\/p>\n","protected":false},"author":1,"featured_media":2639,"parent":1828,"menu_order":0,"comment_status":"closed","ping_status":"closed","template":"","meta":{"sfsi_plus_gutenberg_text_before_share":"","sfsi_plus_gutenberg_show_text_before_share":"","sfsi_plus_gutenberg_icon_type":"","sfsi_plus_gutenberg_icon_alignemt":"","sfsi_plus_gutenburg_max_per_row":"","footnotes":""},"class_list":["post-2638","page","type-page","status-publish","has-post-thumbnail","hentry","has_thumb"],"aioseo_notices":[],"_links":{"self":[{"href":"https:\/\/odk-ergon.pl\/de\/wp-json\/wp\/v2\/pages\/2638","targetHints":{"allow":["GET"]}}],"collection":[{"href":"https:\/\/odk-ergon.pl\/de\/wp-json\/wp\/v2\/pages"}],"about":[{"href":"https:\/\/odk-ergon.pl\/de\/wp-json\/wp\/v2\/types\/page"}],"author":[{"embeddable":true,"href":"https:\/\/odk-ergon.pl\/de\/wp-json\/wp\/v2\/users\/1"}],"replies":[{"embeddable":true,"href":"https:\/\/odk-ergon.pl\/de\/wp-json\/wp\/v2\/comments?post=2638"}],"version-history":[{"count":10,"href":"https:\/\/odk-ergon.pl\/de\/wp-json\/wp\/v2\/pages\/2638\/revisions"}],"predecessor-version":[{"id":3194,"href":"https:\/\/odk-ergon.pl\/de\/wp-json\/wp\/v2\/pages\/2638\/revisions\/3194"}],"up":[{"embeddable":true,"href":"https:\/\/odk-ergon.pl\/de\/wp-json\/wp\/v2\/pages\/1828"}],"wp:featuredmedia":[{"embeddable":true,"href":"https:\/\/odk-ergon.pl\/de\/wp-json\/wp\/v2\/media\/2639"}],"wp:attachment":[{"href":"https:\/\/odk-ergon.pl\/de\/wp-json\/wp\/v2\/media?parent=2638"}],"curies":[{"name":"wp","href":"https:\/\/api.w.org\/{rel}","templated":true}]}}