{"id":2691,"date":"2023-03-24T15:42:11","date_gmt":"2023-03-24T14:42:11","guid":{"rendered":"https:\/\/odk-ergon.pl\/?page_id=2691"},"modified":"2023-03-24T23:36:50","modified_gmt":"2023-03-24T22:36:50","slug":"ausbildung-fur-betreiber-von-stationaren-anlagen","status":"publish","type":"page","link":"https:\/\/odk-ergon.pl\/de\/szkolenia\/uprawnienia-udt-tdt\/szkolenia-dla-operatorow-zurawi-stacjonarnych\/","title":{"rendered":"Ausbildung f\u00fcr station\u00e4re Kranf\u00fchrer"},"content":{"rendered":"\n<p>O\u015brodek szkoleniowy ERGON wyposa\u017cony jest we wszelkie \u015brodki dydaktyczne, umo\u017cliwiaj\u0105ce zdobycie wymaganych uprawnie\u0144 UDT. Opracowali\u015bmy efektowny program kszta\u0142cenia dla przysz\u0142ych operator\u00f3w\/konserwator\u00f3w \u017curawi stacjonarnych. Realizujemy swoje kursy pod nadzorem Urz\u0119du Dozoru Technicznego. Podczas szkolenia zdob\u0119dziesz niezb\u0119dn\u0105 wiedz\u0119, kt\u00f3ra pos\u0142u\u017cy Ci do zdobycia uprawnie\u0144 UDT.&nbsp;<\/p>\n\n\n\n<h2 class=\"wp-block-heading\"><strong>Przebieg kursu<\/strong><\/h2>\n\n\n\n<p>Kurs na <a href=\"https:\/\/odk-ergon.pl\/de\/szkolenia\/szkolenia-na-suwnice\/uprawnienia\/\">uprawnienia UDT<\/a> dla operator\u00f3w\/konserwator\u00f3w \u017curawi stacjonarnych przebiega nast\u0119puj\u0105co:&nbsp;&nbsp;<\/p>\n\n\n\n<ul class=\"wp-block-list\">\n<li>rozpoczynasz szkolenie od cz\u0119\u015bci teoretycznej, w kt\u00f3rej zapoznasz si\u0119 mi\u0119dzy innymi z: przepisami bezpiecze\u0144stwa, konstrukcj\u0105 \u017curawia stacjonarnego oraz prowadzeniem ksi\u0119gi konserwatora i dokumentacji technicznej,&nbsp;<\/li>\n\n\n\n<li>nast\u0119pnie cz\u0119\u015b\u0107 praktyczna realizowana jest na placu manewrowym, gdzie nauczysz si\u0119 obs\u0142ugiwa\u0107 maszyn\u0119 i wykonywa\u0107 zadania zlecone przez wykwalifikowanych instruktor\u00f3w.&nbsp;<\/li>\n<\/ul>\n\n\n\n<h2 class=\"wp-block-heading\">Egzamin pa\u0144stwowy UDT<\/h2>\n\n\n\n<p>Egzamin pa\u0144stwowy w zwi\u0105zku ze zdobyciem uprawnie\u0144 UDT, wygl\u0105da analogicznie jak nasz kurs. Dzieli si\u0119 na dwie cz\u0119\u015bci: teori\u0119 i praktyk\u0119. W cz\u0119\u015bci praktycznej zostaniesz zobligowany do napisania testu pisemnego o 15 pytaniach zamkni\u0119tych. Udzielenie 11 poprawnych odpowiedzi gwarantuje zaliczenie testu. Gdy odb\u0119dziesz pierwsz\u0105 cz\u0119\u015b\u0107, nale\u017cy przyst\u0105pi\u0107 do cz\u0119\u015bci drugiej: praktycznej. Odbywa si\u0119 ona na placu manewrowym, gdzie w obecno\u015bci komisji nale\u017cy wykona\u0107 zlecone zadania egzaminacyjne, dowodz\u0105ce o umiej\u0119tno\u015bci bezpiecznego eksploatowania maszyny.&nbsp;<\/p>\n\n\n\n<h2 class=\"wp-block-heading\">Uprawnienia UDT dla operator\u00f3w i konserwator\u00f3w \u017curawi stacjonarnych&nbsp;<\/h2>\n\n\n<div class=\"wp-block-image\">\n<figure class=\"alignleft size-large is-resized\"><a href=\"https:\/\/odk-ergon.pl\/wp-content\/uploads\/2023\/02\/zur-stac-3.jpg\"><img loading=\"lazy\" decoding=\"async\" src=\"https:\/\/odk-ergon.pl\/wp-content\/uploads\/2023\/02\/zur-stac-3-1024x768.jpg\" alt=\"instruktor prowadz\u0105cy szkolenie na placu manewrowym \" class=\"wp-image-2693\" width=\"512\" height=\"384\" srcset=\"https:\/\/odk-ergon.pl\/wp-content\/uploads\/2023\/02\/zur-stac-3-1024x768.jpg 1024w, https:\/\/odk-ergon.pl\/wp-content\/uploads\/2023\/02\/zur-stac-3-300x225.jpg 300w, https:\/\/odk-ergon.pl\/wp-content\/uploads\/2023\/02\/zur-stac-3-768x576.jpg 768w, https:\/\/odk-ergon.pl\/wp-content\/uploads\/2023\/02\/zur-stac-3-1536x1152.jpg 1536w, https:\/\/odk-ergon.pl\/wp-content\/uploads\/2023\/02\/zur-stac-3-16x12.jpg 16w, https:\/\/odk-ergon.pl\/wp-content\/uploads\/2023\/02\/zur-stac-3-640x480.jpg 640w, https:\/\/odk-ergon.pl\/wp-content\/uploads\/2023\/02\/zur-stac-3-624x468.jpg 624w, https:\/\/odk-ergon.pl\/wp-content\/uploads\/2023\/02\/zur-stac-3.jpg 1600w\" sizes=\"auto, (max-width: 512px) 100vw, 512px\" \/><\/a><\/figure>\n<\/div>\n\n\n<p>Kursanci, kt\u00f3rzy uko\u0144czyli proces egzaminacyjny z wynikiem pozytywnym mog\u0105 z\u0142o\u017cy\u0107 wniosek do Urz\u0119du Dozoru Technicznego o wydanie uprawnie\u0144 operatora\/konserwatora \u017curawi stacjonarnych. Certyfikat UDT wa\u017cny jest od 3-5 lat od daty wydania. Nale\u017cy regularnie zg\u0142asza\u0107 si\u0119 do odnawiania dokument\u00f3w. Uprawnienia wa\u017cne s\u0105 w obr\u0119bie ca\u0142ej Unii Europejskiej.&nbsp;<\/p>\n\n\n\n<p><\/p>\n\n\n\n<h2 class=\"wp-block-heading\">Wymagania od przysz\u0142ych uczestnik\u00f3w&nbsp;<\/h2>\n\n\n\n<p>Kursantem mo\u017ce sta\u0107 si\u0119 osoba, kt\u00f3ra:&nbsp;<\/p>\n\n\n\n<ul class=\"wp-block-list\">\n<li>jest pe\u0142noletnia,&nbsp;<\/li>\n\n\n\n<li>nie posiada przeciwwskaza\u0144 lekarskich do podj\u0119cia szkolenia,&nbsp;<\/li>\n\n\n\n<li>posiada wykszta\u0142cenie co najmniej podstawowe,&nbsp;<\/li>\n\n\n\n<li>ma aktualne uprawnienia na prace wysoko\u015bciowe.&nbsp;<\/li>\n<\/ul>\n\n\n\n<h2 class=\"wp-block-heading\">Zarobki operator\u00f3w i konserwator\u00f3w \u017curawi stacjonarnych&nbsp;<\/h2>\n\n\n\n<p>Do\u015bwiadczeni operatorzy\/konserwatorzy \u017curawi zarabiaj\u0105 miesi\u0119cznie od 5-6 tysi\u0119cy brutto, natomiast nowicjusze w bran\u017cy od 3\u20134 tysi\u0119cy z\u0142otych brutto. S\u0105 to dane na rok 2022. Natomiast zarobki operator\u00f3w\/konserwator\u00f3w za granic\u0105 potrafi\u0105 by\u0107 kilkukrotnie wy\u017csze.&nbsp;<\/p>\n\n\n\n<h2 class=\"wp-block-heading\">Gdzie szkolimy?&nbsp;<\/h2>\n\n\n<div class=\"wp-block-image\">\n<figure class=\"alignleft size-full is-resized\"><a href=\"https:\/\/odk-ergon.pl\/wp-content\/uploads\/2023\/02\/zuraw-stacjonarny-2.jpg\"><img loading=\"lazy\" decoding=\"async\" src=\"https:\/\/odk-ergon.pl\/wp-content\/uploads\/2023\/02\/zuraw-stacjonarny-2.jpg\" alt=\"\u017curaw podczas pracy\" class=\"wp-image-2694\" width=\"402\" height=\"334\" srcset=\"https:\/\/odk-ergon.pl\/wp-content\/uploads\/2023\/02\/zuraw-stacjonarny-2.jpg 804w, https:\/\/odk-ergon.pl\/wp-content\/uploads\/2023\/02\/zuraw-stacjonarny-2-300x249.jpg 300w, https:\/\/odk-ergon.pl\/wp-content\/uploads\/2023\/02\/zuraw-stacjonarny-2-768x638.jpg 768w, https:\/\/odk-ergon.pl\/wp-content\/uploads\/2023\/02\/zuraw-stacjonarny-2-14x12.jpg 14w, https:\/\/odk-ergon.pl\/wp-content\/uploads\/2023\/02\/zuraw-stacjonarny-2-624x518.jpg 624w\" sizes=\"auto, (max-width: 402px) 100vw, 402px\" \/><\/a><\/figure>\n<\/div>\n\n\n<p>Wszelkie szkolenia w naszej firmie przeprowadzane s\u0105 w naszym o\u015brodku szkoleniowym w centrum Warszawy. Dodatkowo postanowili\u015bmy uruchomi\u0107 us\u0142ug\u0119 dotycz\u0105c\u0105 przeprowadzania szkole\u0144 w miejscu wskazanym przez klienta. Przyszli operatorzy\/konserwatorzy mog\u0105 wybra\u0107, w jakiej formie chc\u0105 uczestniczy\u0107 na zaj\u0119ciach. Organizujemy zaj\u0119cia grupowe i jednoosobowe.&nbsp;<\/p>\n\n\n\n<h2 class=\"wp-block-heading\">Inne kursy w ofercie ERGON:&nbsp;<\/h2>\n\n\n\n<ul class=\"wp-block-list\">\n<li>konserwacje Urz\u0105dze\u0144 Transportu Bliskiego,&nbsp;<\/li>\n\n\n\n<li>konserwator urz\u0105dze\u0144 dla os\u00f3b niepe\u0142nosprawnych,&nbsp;<\/li>\n\n\n\n<li>operator maszyn budowlanych,&nbsp;<\/li>\n\n\n\n<li>operator w\u00f3zk\u00f3w wid\u0142owych,&nbsp;<\/li>\n\n\n\n<li><a href=\"https:\/\/odk-ergon.pl\/de\/szkolenia\/uprawnienia-udt-tdt\/operator-podestow-ruchomych\/\">operator podest\u00f3w ruchomych<\/a>,&nbsp;<\/li>\n\n\n\n<li>monta\u017cysta po\u0142\u0105cze\u0144 ko\u0142nierzowych,&nbsp;<\/li>\n\n\n\n<li>w\u00f3zki wid\u0142owe \u2013 zdob\u0105d\u017a kwalifikacje na operatora,&nbsp;<\/li>\n\n\n\n<li>konserwator podno\u015bnik\u00f3w koszowych,&nbsp;<\/li>\n\n\n\n<li><a href=\"https:\/\/odk-ergon.pl\/de\/szkolenia\/uprawnienia-udt-tdt\/podestow-ruchomych-masztowych\/\">operator podest\u00f3w ruchomych masztowych<\/a>,&nbsp;<\/li>\n\n\n\n<li>operator podest\u00f3w ruchomych,&nbsp;<\/li>\n\n\n\n<li><a href=\"https:\/\/odk-ergon.pl\/de\/szkolenia\/uprawnienia-udt-tdt\/wiszace-podesty-ruchome\/\">operator podest\u00f3w ruchomych wisz\u0105cych<\/a>,&nbsp;<\/li>\n\n\n\n<li>operator podno\u015bnik\u00f3w koszowych,&nbsp;<\/li>\n\n\n\n<li>operator \u0142adowarek teleskopowych,&nbsp;<\/li>\n\n\n\n<li>operator wyci\u0105g\u00f3w towarowych,&nbsp;<\/li>\n\n\n\n<li>operator suwnicy,&nbsp;<\/li>\n\n\n\n<li>obs\u0142uga i konserwacja urz\u0105dze\u0144 wy\u0142adowczych i za\u0142adowczych,&nbsp;<\/li>\n\n\n\n<li>TDT uprawnienia,&nbsp;<\/li>\n\n\n\n<li>UNO \u2013 wykorzystanie, zagro\u017cenia i uprawnienia TDT,&nbsp;<\/li>\n\n\n\n<li>konserwator urz\u0105dze\u0144 UDT,&nbsp;<\/li>\n\n\n\n<li>operator \u017curawi,&nbsp;<\/li>\n\n\n\n<li><a href=\"https:\/\/odk-ergon.pl\/de\/szkolenia\/uprawnienia-udt-tdt\/podesty-nozycowe\/\">operator podno\u015bnik\u00f3w no\u017cycowych<\/a> wolnobie\u017cnych,&nbsp;<\/li>\n\n\n\n<li>operator podest\u00f3w ruchomych,&nbsp;<\/li>\n\n\n\n<li>uprawnienia UDT\/TDT\/WDT,&nbsp;<\/li>\n\n\n\n<li>obs\u0142uga urz\u0105dze\u0144 ci\u015bnieniowych,&nbsp;<\/li>\n\n\n\n<li>szkolenia z zakresu UDT.&nbsp;<\/li>\n<\/ul>\n\n\n\n<h2 class=\"wp-block-heading\">Pytania i odpowiedzi<\/h2>\n\n\n\t\t<details\t\thelp class=\"sc_fs_faq sc_card    \"\n\t\topen\t\t>\n\t\t\t\t\t<summary>\n\t\t\t\t<h3>Gdzie przeprowadzane s\u0105 szkolenia konserwator\u00f3w i operator\u00f3w \u017curawi stacjonarnych? <\/h3>\t\t\t\t\t<\/summary>\n\t\t\t\t<div>\n\t\t\t\t\t\t<div class=\"sc_fs_faq__content\">\n\t\t\t\t\n\n<p>Przeprowadzamy szkolenia w naszej filii w Warszawie, a tak\u017ce na terenie ca\u0142ej Polski ze wzgl\u0119du na us\u0142ug\u0119 szkolenia z dojazdem do klienta.&nbsp;<\/p>\n\n\t\t\t<\/div>\n\t\t<\/div>\n\t\t<\/details>\n\t\t\t\t<details\t\thelp class=\"sc_fs_faq sc_card    \"\n\t\t\t\t>\n\t\t\t\t\t<summary>\n\t\t\t\t<h3>Jakie s\u0105 uwarunkowania dla kursant\u00f3w? <\/h3>\t\t\t\t\t<\/summary>\n\t\t\t\t<div>\n\t\t\t\t\t\t<div class=\"sc_fs_faq__content\">\n\t\t\t\t\n\n<p>By przyst\u0105pi\u0107 do szkolenia, kursanci musz\u0105 mie\u0107 uko\u0144czone 18 lat, musz\u0105 posiada\u0107 wa\u017cne badania lekarza medycyny pracy, musz\u0105 posiada\u0107 aktualne uprawnienia do wykonywania prac wysoko\u015bciowych oraz musz\u0105 posiada\u0107 wykszta\u0142cenie co najmniej podstawowe.&nbsp;<\/p>\n\n\t\t\t<\/div>\n\t\t<\/div>\n\t\t<\/details>\n\t\t\n<script type=\"application\/ld+json\">\n\t{\n\t\t\"@context\": \"https:\/\/schema.org\",\n\t\t\"@type\": \"FAQPage\",\n\t\t\"mainEntity\": [\n\t\t\t\t\t{\n\t\t\t\t\"@type\": \"Question\",\n\t\t\t\t\"name\": \"Gdzie przeprowadzane s\u0105 szkolenia konserwator\u00f3w i operator\u00f3w \u017curawi stacjonarnych? \",\n\t\t\t\t\"acceptedAnswer\": {\n\t\t\t\t\t\"@type\": \"Answer\",\n\t\t\t\t\t\"text\": \"<p>Przeprowadzamy szkolenia w naszej filii w Warszawie, a tak\u017ce na terenie ca\u0142ej Polski ze wzgl\u0119du na us\u0142ug\u0119 szkolenia z dojazdem do klienta.&nbsp;<\/p>\"\n\t\t\t\t\t\t\t\t\t}\n\t\t\t}\n\t\t\t,\t\t\t\t{\n\t\t\t\t\"@type\": \"Question\",\n\t\t\t\t\"name\": \"Jakie s\u0105 uwarunkowania dla kursant\u00f3w? \",\n\t\t\t\t\"acceptedAnswer\": {\n\t\t\t\t\t\"@type\": \"Answer\",\n\t\t\t\t\t\"text\": \"<p>By przyst\u0105pi\u0107 do szkolenia, kursanci musz\u0105 mie\u0107 uko\u0144czone 18 lat, musz\u0105 posiada\u0107 wa\u017cne badania lekarza medycyny pracy, musz\u0105 posiada\u0107 aktualne uprawnienia do wykonywania prac wysoko\u015bciowych oraz musz\u0105 posiada\u0107 wykszta\u0142cenie co najmniej podstawowe.&nbsp;<\/p>\"\n\t\t\t\t\t\t\t\t\t}\n\t\t\t}\n\t\t\t\t\t\t]\n\t}\n<\/script>\n","protected":false},"excerpt":{"rendered":"<p>O\u015brodek szkoleniowy ERGON wyposa\u017cony jest we wszelkie \u015brodki dydaktyczne, umo\u017cliwiaj\u0105ce zdobycie wymaganych uprawnie\u0144 UDT. Opracowali\u015bmy efektowny program kszta\u0142cenia dla przysz\u0142ych operator\u00f3w\/konserwator\u00f3w \u017curawi stacjonarnych. Realizujemy swoje kursy pod nadzorem Urz\u0119du Dozoru Technicznego. Podczas szkolenia zdob\u0119dziesz niezb\u0119dn\u0105 wiedz\u0119, kt\u00f3ra pos\u0142u\u017cy Ci do zdobycia uprawnie\u0144 UDT.&nbsp; Przebieg kursu Kurs na uprawnienia UDT dla operator\u00f3w\/konserwator\u00f3w \u017curawi stacjonarnych przebiega nast\u0119puj\u0105co:&nbsp;&nbsp; Egzamin pa\u0144stwowy UDT Egzamin pa\u0144stwowy w zwi\u0105zku ze zdobyciem uprawnie\u0144 UDT, wygl\u0105da analogicznie jak nasz kurs. Dzieli si\u0119 na dwie cz\u0119\u015bci: teori\u0119 i praktyk\u0119. W cz\u0119\u015bci praktycznej zostaniesz zobligowany do napisania testu pisemnego o 15 pytaniach zamkni\u0119tych. Udzielenie 11 poprawnych odpowiedzi gwarantuje zaliczenie testu. Gdy odb\u0119dziesz pierwsz\u0105 cz\u0119\u015b\u0107, nale\u017cy przyst\u0105pi\u0107 do cz\u0119\u015bci drugiej: praktycznej. Odbywa si\u0119 ona na placu manewrowym, gdzie w obecno\u015bci komisji nale\u017cy wykona\u0107 zlecone zadania egzaminacyjne, dowodz\u0105ce o umiej\u0119tno\u015bci bezpiecznego eksploatowania maszyny.&nbsp; Uprawnienia UDT dla operator\u00f3w i konserwator\u00f3w \u017curawi stacjonarnych&nbsp; Kursanci, kt\u00f3rzy uko\u0144czyli proces egzaminacyjny z wynikiem pozytywnym mog\u0105 z\u0142o\u017cy\u0107 wniosek do Urz\u0119du Dozoru Technicznego o wydanie uprawnie\u0144 operatora\/konserwatora \u017curawi stacjonarnych. Certyfikat UDT wa\u017cny jest od 3-5 lat od daty wydania. Nale\u017cy regularnie zg\u0142asza\u0107 si\u0119 do odnawiania dokument\u00f3w. Uprawnienia wa\u017cne s\u0105 w obr\u0119bie ca\u0142ej Unii Europejskiej.&nbsp; Wymagania od przysz\u0142ych uczestnik\u00f3w&nbsp; Kursantem mo\u017ce sta\u0107 si\u0119 osoba, kt\u00f3ra:&nbsp; Zarobki operator\u00f3w i konserwator\u00f3w \u017curawi stacjonarnych&nbsp; Do\u015bwiadczeni operatorzy\/konserwatorzy \u017curawi zarabiaj\u0105 miesi\u0119cznie od 5-6 tysi\u0119cy brutto, natomiast nowicjusze w bran\u017cy od 3\u20134 tysi\u0119cy z\u0142otych brutto. S\u0105 to dane na rok 2022. Natomiast zarobki operator\u00f3w\/konserwator\u00f3w za granic\u0105 potrafi\u0105 by\u0107 kilkukrotnie wy\u017csze.&nbsp; Gdzie szkolimy?&nbsp; Wszelkie szkolenia w naszej firmie przeprowadzane s\u0105 w naszym o\u015brodku szkoleniowym w centrum Warszawy. Dodatkowo postanowili\u015bmy uruchomi\u0107 us\u0142ug\u0119 dotycz\u0105c\u0105 przeprowadzania [&hellip;]<\/p>\n","protected":false},"author":1,"featured_media":2692,"parent":1828,"menu_order":0,"comment_status":"closed","ping_status":"closed","template":"","meta":{"sfsi_plus_gutenberg_text_before_share":"","sfsi_plus_gutenberg_show_text_before_share":"","sfsi_plus_gutenberg_icon_type":"","sfsi_plus_gutenberg_icon_alignemt":"","sfsi_plus_gutenburg_max_per_row":"","footnotes":""},"class_list":["post-2691","page","type-page","status-publish","has-post-thumbnail","hentry","has_thumb"],"aioseo_notices":[],"_links":{"self":[{"href":"https:\/\/odk-ergon.pl\/de\/wp-json\/wp\/v2\/pages\/2691","targetHints":{"allow":["GET"]}}],"collection":[{"href":"https:\/\/odk-ergon.pl\/de\/wp-json\/wp\/v2\/pages"}],"about":[{"href":"https:\/\/odk-ergon.pl\/de\/wp-json\/wp\/v2\/types\/page"}],"author":[{"embeddable":true,"href":"https:\/\/odk-ergon.pl\/de\/wp-json\/wp\/v2\/users\/1"}],"replies":[{"embeddable":true,"href":"https:\/\/odk-ergon.pl\/de\/wp-json\/wp\/v2\/comments?post=2691"}],"version-history":[{"count":6,"href":"https:\/\/odk-ergon.pl\/de\/wp-json\/wp\/v2\/pages\/2691\/revisions"}],"predecessor-version":[{"id":3387,"href":"https:\/\/odk-ergon.pl\/de\/wp-json\/wp\/v2\/pages\/2691\/revisions\/3387"}],"up":[{"embeddable":true,"href":"https:\/\/odk-ergon.pl\/de\/wp-json\/wp\/v2\/pages\/1828"}],"wp:featuredmedia":[{"embeddable":true,"href":"https:\/\/odk-ergon.pl\/de\/wp-json\/wp\/v2\/media\/2692"}],"wp:attachment":[{"href":"https:\/\/odk-ergon.pl\/de\/wp-json\/wp\/v2\/media?parent=2691"}],"curies":[{"name":"wp","href":"https:\/\/api.w.org\/{rel}","templated":true}]}}