{"id":2698,"date":"2023-03-24T15:43:37","date_gmt":"2023-03-24T14:43:37","guid":{"rendered":"https:\/\/odk-ergon.pl\/?page_id=2698"},"modified":"2023-03-24T23:40:24","modified_gmt":"2023-03-24T22:40:24","slug":"instandhalter-eisenbahner-betreiber","status":"publish","type":"page","link":"https:\/\/odk-ergon.pl\/de\/szkolenia\/uprawnienia-udt-tdt\/konserwator-operator-zurawi-szynowych\/","title":{"rendered":"Qualifizierungskurs f\u00fcr Kranf\u00fchrer f\u00fcr Instandhaltung und Schienenfahrzeuge"},"content":{"rendered":"\n<p>Nasz o\u015brodek szkoleniowy organizuje kursy zawodowe na <a href=\"https:\/\/odk-ergon.pl\/de\/szkolenia\/szkolenia-na-suwnice\/uprawnienia\/\">uprawnienia UDT<\/a> dla os\u00f3b, kt\u00f3re pragn\u0105 poszerzy\u0107 zakres swoich kwalifikacji o uprawnienia operatorskie lub konserwatorskie na \u017curawie szynowe.<\/p>\n\n\n\n<h2 class=\"wp-block-heading\">Opis kursu<\/h2>\n\n\n\n<p>Ca\u0142o\u015b\u0107 kursu na operatora i konserwatora \u017curawia szynowego sk\u0142ada si\u0119 z dw\u00f3ch cz\u0119\u015bci:&nbsp;&nbsp;<\/p>\n\n\n\n<ul class=\"wp-block-list\">\n<li><strong>teoretycznej<\/strong> \u2013 prowadz\u0105 j\u0105 wykwalifikowani wyk\u0142adowcy z wieloletnim do\u015bwiadczeniem szkoleniowym. Ta cz\u0119\u015b\u0107 obejmuje mi\u0119dzy innymi: zapoznanie z przepisami BHP, wytycznymi dozoru technicznego oraz budow\u0105 \u017curawi szynowych;&nbsp;<\/li>\n\n\n\n<li><strong>praktycznej<\/strong> \u2013 wi\u0105\u017ce si\u0119 z \u0107wiczeniami praktycznymi na urz\u0105dzeniach, kt\u00f3rych dotyczy szkolenie.&nbsp;&nbsp;<\/li>\n<\/ul>\n\n\n\n<p>Teoretyczne i praktyczne przygotowanie s\u0142uchacza do bezpiecznej i prawid\u0142owej konserwacji i eksploatacji \u017curawi szynowych prowadzi do zdania przez uczestnik\u00f3w egzaminu pa\u0144stwowego przed komisj\u0105 UDT oraz otrzymanie stosownych uprawnie\u0144.&nbsp;<\/p>\n\n\n\n<h2 class=\"wp-block-heading\">Cel szkolenia&nbsp;<\/h2>\n\n\n\n<p>Jako cel naszych szkole\u0144 stawiamy sobie przede wszystkim:&nbsp;<\/p>\n\n\n\n<ul class=\"wp-block-list\">\n<li>przekazanie uczestnikom niezb\u0119dnych informacji o budowie, mechanizmach i dzia\u0142aniu \u017curawi szynowych;&nbsp;<\/li>\n\n\n\n<li>nauczenie kursant\u00f3w bezpiecznej i zgodnej z przepisami konserwacji oraz eksploatacji \u017curawi szynowych;&nbsp;<\/li>\n\n\n\n<li>przygotowanie uczestnik\u00f3w do ko\u0144cowego egzaminu pa\u0144stwowego nadaj\u0105cego uprawnienia UDT.&nbsp;<br><strong><\/strong>&nbsp;<\/li>\n<\/ul>\n\n\n\n<h2 class=\"wp-block-heading\">Program kursu na \u017curawie szynowe&nbsp;<\/h2>\n\n\n<div class=\"wp-block-image\">\n<figure class=\"alignleft size-full is-resized\"><a href=\"https:\/\/odk-ergon.pl\/wp-content\/uploads\/2023\/03\/szyna-2.jpg\"><img loading=\"lazy\" decoding=\"async\" src=\"https:\/\/odk-ergon.pl\/wp-content\/uploads\/2023\/03\/szyna-2.jpg\" alt=\"\u017curaw szynowy w trakcie pracy\" class=\"wp-image-2700\" width=\"330\" height=\"210\" srcset=\"https:\/\/odk-ergon.pl\/wp-content\/uploads\/2023\/03\/szyna-2.jpg 660w, https:\/\/odk-ergon.pl\/wp-content\/uploads\/2023\/03\/szyna-2-300x191.jpg 300w, https:\/\/odk-ergon.pl\/wp-content\/uploads\/2023\/03\/szyna-2-18x12.jpg 18w, https:\/\/odk-ergon.pl\/wp-content\/uploads\/2023\/03\/szyna-2-624x397.jpg 624w\" sizes=\"auto, (max-width: 330px) 100vw, 330px\" \/><\/a><\/figure>\n<\/div>\n\n\n<p>Kurs przeznaczony jest zar\u00f3wno dla os\u00f3b prywatnych, jak i pracownik\u00f3w zatrudnionych na stanowiskach pracy, gdzie realizuj\u0105 operacje transportu pionowego z wykorzystaniem \u017curawi szynowych. Program naszego szkolenia na operatora i konserwatora \u017curawi szynowych obejmuje m.in. zagadnienia takie jak:&nbsp;<\/p>\n\n\n\n<ul class=\"wp-block-list\">\n<li>wymagania kwalifikacyjne dla os\u00f3b, kt\u00f3re obs\u0142uguj\u0105 lub konserwuj\u0105 UTB podlegaj\u0105ce dozorowi technicznemu;&nbsp;<\/li>\n\n\n\n<li>og\u00f3lne wiadomo\u015bci o urz\u0105dzeniach transportu bliskiego;&nbsp;<\/li>\n\n\n\n<li>grupa nat\u0119\u017cenia pracy, statyczno\u015b\u0107 maszyny i ud\u017awig \u017curawia;&nbsp;<\/li>\n\n\n\n<li>mechanizmy, budowa oraz dzia\u0142anie \u017curawi szynowych;&nbsp;<\/li>\n\n\n\n<li>urz\u0105dzenia zabezpieczaj\u0105ce stosowane w \u017curawiach szynowych;&nbsp;<\/li>\n\n\n\n<li>obs\u0142uga i konserwacja \u017curawi &#8211; czynno\u015bci przed, w czasie i po zako\u0144czeniu pracy;&nbsp;<\/li>\n\n\n\n<li>sprawdzenie dzia\u0142ania hamulc\u00f3w i urz\u0105dze\u0144 zabezpieczaj\u0105cych;&nbsp;<\/li>\n\n\n\n<li>zawiesia oraz pomocniczy sprz\u0119t prze\u0142adunkowy;&nbsp;<\/li>\n\n\n\n<li>praca z \u017curawiem szynowym w specyficznych warunkach;&nbsp;<\/li>\n\n\n\n<li>warunki bezpiecznej pracy \u2013 przepisy BHP;&nbsp;<\/li>\n\n\n\n<li>urz\u0105dzenia niebezpieczne \u2013 procedury post\u0119powania;&nbsp;<\/li>\n\n\n\n<li>zaj\u0119cia praktyczne obejmuj\u0105ce \u0107wiczenia z wykorzystaniem \u017curawi szynowych.&nbsp;<\/li>\n<\/ul>\n\n\n\n<h2 class=\"wp-block-heading\">Wymagania wobec kandydata&nbsp;<\/h2>\n\n\n\n<p>Aby wzi\u0105\u0107 udzia\u0142 w naszym szkoleniu zainteresowane osoby musz\u0105 spe\u0142nia\u0107 kilka wymaga\u0144, s\u0105 to:&nbsp;<\/p>\n\n\n\n<ul class=\"wp-block-list\">\n<li>uko\u0144czone 18 lat;&nbsp;<\/li>\n\n\n\n<li>wykszta\u0142cenie co najmniej podstawowe;&nbsp;<\/li>\n\n\n\n<li>badanie lekarskie (za\u015bwiadczenie o mo\u017cliwo\u015bci pracy z wykorzystaniem \u017curawi szynowych).&nbsp;<\/li>\n<\/ul>\n\n\n\n<h2 class=\"wp-block-heading\">Egzamin na \u017curawie szynowe&nbsp;<\/h2>\n\n\n\n<p>Szkolenie ko\u0144czy si\u0119 sprawdzeniem umiej\u0119tno\u015bci kandydat\u00f3w w formie egzaminu pa\u0144stwowego w zakresie obs\u0142ugi lub konserwacji \u017curawia szynowego. Kryterium oceny stanowi m.in. poprawne wykonanie czynno\u015bci operatora lub konserwatora przed przyst\u0105pieniem do pracy, w czasie pracy i po jej zako\u0144czeniu. Egzamin podzielony jest na cz\u0119\u015b\u0107 teoretyczn\u0105 w formie testu i cz\u0119\u015b\u0107 praktyczn\u0105 przy maszynie.&nbsp;<\/p>\n\n\n\n<h2 class=\"wp-block-heading\">Dokumenty uzyskane po szkoleniu&nbsp;<\/h2>\n\n\n\n<p>Po szkoleniu wydawane s\u0105 nast\u0119puj\u0105ce dokumenty:&nbsp;<\/p>\n\n\n\n<ul class=\"wp-block-list\">\n<li>za\u015bwiadczenie o uko\u0144czeniu szkolenia &#8211; certyfikat UDT;&nbsp;<\/li>\n\n\n\n<li>za\u015bwiadczenie kwalifikacyjne uprawniaj\u0105ce do obs\u0142ugi lub konserwacji \u017curawia szynowego wystawione przez UDT.&nbsp;<\/li>\n<\/ul>\n\n\n\n<h2 class=\"wp-block-heading\">Wa\u017cno\u015b\u0107 uprawnie\u0144&nbsp;<\/h2>\n\n\n\n<p>Od czasu wej\u015bcia w \u017cycie Rozporz\u0105dzenia Ministerstwa Przedsi\u0119biorczo\u015bci i Technologii wszystkie za\u015bwiadczenia kwalifikacyjne operator\u00f3w i konserwator\u00f3w \u017curawi przestaj\u0105 by\u0107 bezterminowe. Z tego wzgl\u0119du ich okres wa\u017cno\u015bci, w zale\u017cno\u015bci od typu \u017curawia, wynosi od 5 do 10 lat od dnia opublikowania rozporz\u0105dzenia (1 stycznia 2019 roku).&nbsp;&nbsp;<\/p>\n\n\n\n<p><a href=\"https:\/\/odk-ergon.pl\/de\/szkolenia\/uprawnienia-udt-tdt\/operatorow-konserwatorow-zurawi-wiezowych-szybkomontujacych\/\">Uprawnienia na \u017curawie wie\u017cowe<\/a> s\u0105 wa\u017cne przez okres 5 lat. Istnieje mo\u017cliwo\u015b\u0107 ich przed\u0142u\u017cenia na 3 miesi\u0105ce przed up\u0142ywem daty wa\u017cno\u015bci pod warunkiem z\u0142o\u017cenia specjalnego wniosku z udokumentowanym czynnym wykonywaniem zawodu operatora lub konserwatora, czyli minimum 3 lata w ostatnich 5 latach.&nbsp;&nbsp;<\/p>\n\n\n\n<h2 class=\"wp-block-heading\">Informacje o szkoleniu&nbsp;<\/h2>\n\n\n<div class=\"wp-block-image\">\n<figure class=\"alignleft size-large is-resized\"><a href=\"https:\/\/odk-ergon.pl\/wp-content\/uploads\/2023\/03\/szyna.jpg\"><img loading=\"lazy\" decoding=\"async\" src=\"https:\/\/odk-ergon.pl\/wp-content\/uploads\/2023\/03\/szyna-1024x768.jpg\" alt=\"\u017curaw szynowy na placu manewrowym\" class=\"wp-image-2701\" width=\"512\" height=\"384\" srcset=\"https:\/\/odk-ergon.pl\/wp-content\/uploads\/2023\/03\/szyna-1024x768.jpg 1024w, https:\/\/odk-ergon.pl\/wp-content\/uploads\/2023\/03\/szyna-300x225.jpg 300w, https:\/\/odk-ergon.pl\/wp-content\/uploads\/2023\/03\/szyna-768x576.jpg 768w, https:\/\/odk-ergon.pl\/wp-content\/uploads\/2023\/03\/szyna-1536x1152.jpg 1536w, https:\/\/odk-ergon.pl\/wp-content\/uploads\/2023\/03\/szyna-16x12.jpg 16w, https:\/\/odk-ergon.pl\/wp-content\/uploads\/2023\/03\/szyna-640x480.jpg 640w, https:\/\/odk-ergon.pl\/wp-content\/uploads\/2023\/03\/szyna-624x468.jpg 624w, https:\/\/odk-ergon.pl\/wp-content\/uploads\/2023\/03\/szyna.jpg 1920w\" sizes=\"auto, (max-width: 512px) 100vw, 512px\" \/><\/a><\/figure>\n<\/div>\n\n\n<p>Kurs organizowany przez nasz o\u015brodek prowadzony jest zgodnie z wytycznymi programowymi obowi\u0105zuj\u0105cymi na egzaminie pa\u0144stwowym zdawanym przed komisj\u0105 powo\u0142an\u0105 przez Urz\u0105d Dozoru Technicznego. Zar\u00f3wno zaj\u0119cia praktyczne, jak i teoretyczne prowadzone s\u0105 na terenie naszej plac\u00f3wki. W przypadku wi\u0119kszych grup zorganizowanych istnieje mo\u017cliwo\u015b\u0107 przeprowadzenia szkolenia w dowolnym miejscu na terenie ca\u0142ej Polski.&nbsp;<\/p>\n\n\n\n<p><\/p>\n\n\n\n<h2 class=\"wp-block-heading\">Nasze pozosta\u0142e szkolenia&nbsp;<\/h2>\n\n\n\n<p>Prowadzimy tak\u017ce szereg innych szkole\u0144 kierowanych dla os\u00f3b, kt\u00f3re pragn\u0105 uzyska\u0107 dokument uprawniaj\u0105cy ich do pracy na stanowisku operatora lub konserwatora z urz\u0105dzeniami takimi jak:&nbsp;<\/p>\n\n\n\n<ul class=\"wp-block-list\">\n<li>uk\u0142adnice;&nbsp;&nbsp;<\/li>\n\n\n\n<li>wci\u0105garki i wci\u0105gniki;&nbsp;<\/li>\n\n\n\n<li>d\u017awigi;&nbsp;<\/li>\n\n\n\n<li>w\u00f3zki wid\u0142owe;&nbsp;<\/li>\n\n\n\n<li>\u0142adowarki teleskopowe;&nbsp;<\/li>\n\n\n\n<li>suwnice;&nbsp;<\/li>\n\n\n\n<li><a href=\"https:\/\/odk-ergon.pl\/de\/szkolenia\/uprawnienia-udt-tdt\/podeste-ruchome\/\">podesty ruchome<\/a>;&nbsp;<\/li>\n\n\n\n<li>wszystkie typy \u017curawi.&nbsp;<br>&nbsp;<\/li>\n<\/ul>\n\n\n\n<p><em>Serdecznie zapraszamy do kontaktu!<\/em>&nbsp;<\/p>\n\n\n\n<h2 class=\"wp-block-heading\">Pytania i odpowiedzi<\/h2>\n\n\n\t\t<details\t\thelp class=\"sc_fs_faq sc_card    \"\n\t\topen\t\t>\n\t\t\t\t\t<summary>\n\t\t\t\t<h3>Jak zdoby\u0107 uprawnienia na obs\u0142ug\u0119 i konserwacj\u0119 \u017curawia szynowego? <\/h3>\t\t\t\t\t<\/summary>\n\t\t\t\t<div>\n\t\t\t\t\t\t<div class=\"sc_fs_faq__content\">\n\t\t\t\t\n\n<p>Kurs na \u017curawie szynowe jest zako\u0144czony egzaminem przed komisj\u0105 Urz\u0119du Dozoru Technicznego i wydaniem przez nich za\u015bwiadczenia kwalifikacyjnego uprawniaj\u0105cego do obs\u0142ugi \u017curawi szynowych.<\/p>\n\n\t\t\t<\/div>\n\t\t<\/div>\n\t\t<\/details>\n\t\t\t\t<details\t\thelp class=\"sc_fs_faq sc_card    \"\n\t\t\t\t>\n\t\t\t\t\t<summary>\n\t\t\t\t<h3>Czy mimo tego, \u017ce badania lekarskie wykaza\u0142y u mnie przeciwwskazania zdrowotne mog\u0119 wzi\u0105\u0107 udzia\u0142 w kursie? <\/h3>\t\t\t\t\t<\/summary>\n\t\t\t\t<div>\n\t\t\t\t\t\t<div class=\"sc_fs_faq__content\">\n\t\t\t\t\n\n<p>Ze wzgl\u0119du na bezpiecze\u0144stwo zdrowotne uczestnik\u00f3w, osoby z przeciwwskazaniami nie mog\u0105 uczestniczy\u0107 w organizowanym przez nas szkoleniu.&nbsp;<\/p>\n\n\t\t\t<\/div>\n\t\t<\/div>\n\t\t<\/details>\n\t\t\n<script type=\"application\/ld+json\">\n\t{\n\t\t\"@context\": \"https:\/\/schema.org\",\n\t\t\"@type\": \"FAQPage\",\n\t\t\"mainEntity\": [\n\t\t\t\t\t{\n\t\t\t\t\"@type\": \"Question\",\n\t\t\t\t\"name\": \"Jak zdoby\u0107 uprawnienia na obs\u0142ug\u0119 i konserwacj\u0119 \u017curawia szynowego? \",\n\t\t\t\t\"acceptedAnswer\": {\n\t\t\t\t\t\"@type\": \"Answer\",\n\t\t\t\t\t\"text\": \"<p>Kurs na \u017curawie szynowe jest zako\u0144czony egzaminem przed komisj\u0105 Urz\u0119du Dozoru Technicznego i wydaniem przez nich za\u015bwiadczenia kwalifikacyjnego uprawniaj\u0105cego do obs\u0142ugi \u017curawi szynowych.<\/p>\"\n\t\t\t\t\t\t\t\t\t}\n\t\t\t}\n\t\t\t,\t\t\t\t{\n\t\t\t\t\"@type\": \"Question\",\n\t\t\t\t\"name\": \"Czy mimo tego, \u017ce badania lekarskie wykaza\u0142y u mnie przeciwwskazania zdrowotne mog\u0119 wzi\u0105\u0107 udzia\u0142 w kursie? \",\n\t\t\t\t\"acceptedAnswer\": {\n\t\t\t\t\t\"@type\": \"Answer\",\n\t\t\t\t\t\"text\": \"<p>Ze wzgl\u0119du na bezpiecze\u0144stwo zdrowotne uczestnik\u00f3w, osoby z przeciwwskazaniami nie mog\u0105 uczestniczy\u0107 w organizowanym przez nas szkoleniu.&nbsp;<\/p>\"\n\t\t\t\t\t\t\t\t\t}\n\t\t\t}\n\t\t\t\t\t\t]\n\t}\n<\/script>\n","protected":false},"excerpt":{"rendered":"<p>Nasz o\u015brodek szkoleniowy organizuje kursy zawodowe na uprawnienia UDT dla os\u00f3b, kt\u00f3re pragn\u0105 poszerzy\u0107 zakres swoich kwalifikacji o uprawnienia operatorskie lub konserwatorskie na \u017curawie szynowe. Opis kursu Ca\u0142o\u015b\u0107 kursu na operatora i konserwatora \u017curawia szynowego sk\u0142ada si\u0119 z dw\u00f3ch cz\u0119\u015bci:&nbsp;&nbsp; Teoretyczne i praktyczne przygotowanie s\u0142uchacza do bezpiecznej i prawid\u0142owej konserwacji i eksploatacji \u017curawi szynowych prowadzi do zdania przez uczestnik\u00f3w egzaminu pa\u0144stwowego przed komisj\u0105 UDT oraz otrzymanie stosownych uprawnie\u0144.&nbsp; Cel szkolenia&nbsp; Jako cel naszych szkole\u0144 stawiamy sobie przede wszystkim:&nbsp; Program kursu na \u017curawie szynowe&nbsp; Kurs przeznaczony jest zar\u00f3wno dla os\u00f3b prywatnych, jak i pracownik\u00f3w zatrudnionych na stanowiskach pracy, gdzie realizuj\u0105 operacje transportu pionowego z wykorzystaniem \u017curawi szynowych. Program naszego szkolenia na operatora i konserwatora \u017curawi szynowych obejmuje m.in. zagadnienia takie jak:&nbsp; Wymagania wobec kandydata&nbsp; Aby wzi\u0105\u0107 udzia\u0142 w naszym szkoleniu zainteresowane osoby musz\u0105 spe\u0142nia\u0107 kilka wymaga\u0144, s\u0105 to:&nbsp; Egzamin na \u017curawie szynowe&nbsp; Szkolenie ko\u0144czy si\u0119 sprawdzeniem umiej\u0119tno\u015bci kandydat\u00f3w w formie egzaminu pa\u0144stwowego w zakresie obs\u0142ugi lub konserwacji \u017curawia szynowego. Kryterium oceny stanowi m.in. poprawne wykonanie czynno\u015bci operatora lub konserwatora przed przyst\u0105pieniem do pracy, w czasie pracy i po jej zako\u0144czeniu. Egzamin podzielony jest na cz\u0119\u015b\u0107 teoretyczn\u0105 w formie testu i cz\u0119\u015b\u0107 praktyczn\u0105 przy maszynie.&nbsp; Dokumenty uzyskane po szkoleniu&nbsp; Po szkoleniu wydawane s\u0105 nast\u0119puj\u0105ce dokumenty:&nbsp; Wa\u017cno\u015b\u0107 uprawnie\u0144&nbsp; Od czasu wej\u015bcia w \u017cycie Rozporz\u0105dzenia Ministerstwa Przedsi\u0119biorczo\u015bci i Technologii wszystkie za\u015bwiadczenia kwalifikacyjne operator\u00f3w i konserwator\u00f3w \u017curawi przestaj\u0105 by\u0107 bezterminowe. Z tego wzgl\u0119du ich okres wa\u017cno\u015bci, w zale\u017cno\u015bci od typu \u017curawia, wynosi od 5 do 10 lat od dnia opublikowania rozporz\u0105dzenia (1 stycznia 2019 roku).&nbsp;&nbsp; Uprawnienia na \u017curawie wie\u017cowe s\u0105 [&hellip;]<\/p>\n","protected":false},"author":1,"featured_media":2699,"parent":1828,"menu_order":0,"comment_status":"closed","ping_status":"closed","template":"","meta":{"sfsi_plus_gutenberg_text_before_share":"","sfsi_plus_gutenberg_show_text_before_share":"","sfsi_plus_gutenberg_icon_type":"","sfsi_plus_gutenberg_icon_alignemt":"","sfsi_plus_gutenburg_max_per_row":"","footnotes":""},"class_list":["post-2698","page","type-page","status-publish","has-post-thumbnail","hentry","has_thumb"],"aioseo_notices":[],"_links":{"self":[{"href":"https:\/\/odk-ergon.pl\/de\/wp-json\/wp\/v2\/pages\/2698","targetHints":{"allow":["GET"]}}],"collection":[{"href":"https:\/\/odk-ergon.pl\/de\/wp-json\/wp\/v2\/pages"}],"about":[{"href":"https:\/\/odk-ergon.pl\/de\/wp-json\/wp\/v2\/types\/page"}],"author":[{"embeddable":true,"href":"https:\/\/odk-ergon.pl\/de\/wp-json\/wp\/v2\/users\/1"}],"replies":[{"embeddable":true,"href":"https:\/\/odk-ergon.pl\/de\/wp-json\/wp\/v2\/comments?post=2698"}],"version-history":[{"count":5,"href":"https:\/\/odk-ergon.pl\/de\/wp-json\/wp\/v2\/pages\/2698\/revisions"}],"predecessor-version":[{"id":3388,"href":"https:\/\/odk-ergon.pl\/de\/wp-json\/wp\/v2\/pages\/2698\/revisions\/3388"}],"up":[{"embeddable":true,"href":"https:\/\/odk-ergon.pl\/de\/wp-json\/wp\/v2\/pages\/1828"}],"wp:featuredmedia":[{"embeddable":true,"href":"https:\/\/odk-ergon.pl\/de\/wp-json\/wp\/v2\/media\/2699"}],"wp:attachment":[{"href":"https:\/\/odk-ergon.pl\/de\/wp-json\/wp\/v2\/media?parent=2698"}],"curies":[{"name":"wp","href":"https:\/\/api.w.org\/{rel}","templated":true}]}}