{"id":2763,"date":"2023-03-24T17:01:04","date_gmt":"2023-03-24T16:01:04","guid":{"rendered":"https:\/\/odk-ergon.pl\/?page_id=2763"},"modified":"2023-03-25T00:02:32","modified_gmt":"2023-03-24T23:02:32","slug":"ausbildungsart-onshore-offshore","status":"publish","type":"page","link":"https:\/\/odk-ergon.pl\/de\/szkolenia\/offshore-i-onshore\/zakres-szkolen-typu-onshore-offshore\/","title":{"rendered":"Umfang der Onshore-Offshore-Ausbildung"},"content":{"rendered":"\n<p>Firma ERGON specjalizuje si\u0119 w przeprowadzaniu szkole\u0144 w r\u00f3\u017cnych dziedzinach pracy. W swojej ofercie szkoleniowej posiadamy szeroki zakres kurs\u00f3w takich jak onshore i offshore. Wszystkie szkolenia i kursy w naszym o\u015brodku s\u0105 przeprowadzane zgodnie z wymaganiami kwalifikacyjnymi Mi\u0119dzynarodowej Organizacji Normalizacyjnej (ISO).&nbsp;<\/p>\n\n\n\n<h2 class=\"wp-block-heading\"><strong>Program szkolenia<\/strong>&nbsp;<\/h2>\n\n\n\n<p>Program nauczania jest podzielony na cz\u0119\u015b\u0107 teoretyczn\u0105 i praktyczn\u0105. Zaj\u0119cia w naszym o\u015brodku s\u0105 opracowane przez do\u015bwiadczonych specjalist\u00f3w i wykwalifikowanych instruktor\u00f3w.&nbsp;<\/p>\n\n\n\n<p>Program zaj\u0119\u0107 jest prowadzony wed\u0142ug aktualnych norm i zasad zgodnych z ISO.&nbsp;<\/p>\n\n\n\n<h3 class=\"wp-block-heading\"><strong>Cz\u0119\u015b\u0107 <\/strong>teoretyczna<strong> zawiera takie zagadnienia jak:&nbsp;<\/strong><\/h3>\n\n\n\n<ul class=\"wp-block-list\">\n<li>podstawowe zasady bezpiecze\u0144stwa podczas pracy,&nbsp;<\/li>\n\n\n\n<li>obowi\u0105zuj\u0105ce przepisy prawne,&nbsp;<\/li>\n\n\n\n<li>analiza zagro\u017cenia i plan awaryjny,&nbsp;<\/li>\n\n\n\n<li>analizy powypadkowe,&nbsp;<\/li>\n\n\n\n<li>zapoznanie z procedur\u0105 przed wej\u015bciem na pok\u0142ad \u015bmig\u0142owca.&nbsp;<\/li>\n<\/ul>\n\n\n\n<h3 class=\"wp-block-heading\"><strong>Cz\u0119\u015b\u0107 <\/strong>praktyczna<strong> obejmuje m.in.:&nbsp;<\/strong><\/h3>\n\n\n\n<ul class=\"wp-block-list\">\n<li>wydobywanie ropy naftowej i gazu,&nbsp;<\/li>\n\n\n\n<li>poszukiwanie z\u0142\u00f3\u017c surowc\u00f3w na dnie morza,&nbsp;<\/li>\n\n\n\n<li>bezpieczn\u0105 podr\u00f3\u017c \u015bmig\u0142owcem oraz opuszczanie go w przypadku zagro\u017cenia,&nbsp;<\/li>\n\n\n\n<li>prawid\u0142owe za\u0142o\u017cenie kamizelek i u\u017cycie aparatu ucieczkowego,&nbsp;<\/li>\n\n\n\n<li>dbanie o bezpieczne stanowisko pracy,&nbsp;<\/li>\n\n\n\n<li>og\u0142oszenie alarmu podczas zagro\u017cenia,&nbsp;<\/li>\n\n\n\n<li>zlokalizowanie po\u017caru i u\u017cycie \u015brodk\u00f3w ga\u015bniczych,&nbsp;<\/li>\n\n\n\n<li>udzielenie pierwszej pomocy,&nbsp;<\/li>\n\n\n\n<li>obs\u0142ug\u0119 maszyn i narz\u0119dzi podczas wykonywania zada\u0144.&nbsp;<\/li>\n<\/ul>\n\n\n\n<h2 class=\"wp-block-heading\"><strong>Banksman i slinger<\/strong>&nbsp;<\/h2>\n\n\n<div class=\"wp-block-image\">\n<figure class=\"alignleft size-large is-resized\"><a href=\"https:\/\/odk-ergon.pl\/wp-content\/uploads\/2023\/03\/banksman.jpeg\"><img loading=\"lazy\" decoding=\"async\" src=\"https:\/\/odk-ergon.pl\/wp-content\/uploads\/2023\/03\/banksman-1024x576.jpeg\" alt=\"platforma wiertnicza\" class=\"wp-image-2764\" width=\"512\" height=\"288\" srcset=\"https:\/\/odk-ergon.pl\/wp-content\/uploads\/2023\/03\/banksman-1024x576.jpeg 1024w, https:\/\/odk-ergon.pl\/wp-content\/uploads\/2023\/03\/banksman-300x169.jpeg 300w, https:\/\/odk-ergon.pl\/wp-content\/uploads\/2023\/03\/banksman-768x432.jpeg 768w, https:\/\/odk-ergon.pl\/wp-content\/uploads\/2023\/03\/banksman-18x10.jpeg 18w, https:\/\/odk-ergon.pl\/wp-content\/uploads\/2023\/03\/banksman-624x351.jpeg 624w, https:\/\/odk-ergon.pl\/wp-content\/uploads\/2023\/03\/banksman.jpeg 1200w\" sizes=\"auto, (max-width: 512px) 100vw, 512px\" \/><\/a><\/figure>\n<\/div>\n\n\n<p>Kurs przygotowuj\u0105cy do pracy na stanowisku banksmana i slingera dotyczy u\u017cytkowania oraz nadzorowania d\u017awig\u00f3w na morzu. Podczas szkolenia kandydaci zdob\u0119d\u0105 niezb\u0119dn\u0105 wiedz\u0119 i umiej\u0119tno\u015bci praktyczne z zakresu przemieszczania, zawieszania \u0142adunk\u00f3w oraz zachowania bezpiecze\u0144stwa, kt\u00f3rego nale\u017cy przestrzega\u0107 podczas u\u017cytkowania urz\u0105dzenia. Wymagania i kompetencj\u0119 s\u0105 zgodne z ISO 23853:2018.&nbsp;<\/p>\n\n\n\n<h2 class=\"wp-block-heading\"><strong>Kurs na \u0142adowarki teleskopowe<\/strong>&nbsp;<\/h2>\n\n\n\n<p>W\u00f3zki jezdniowe takie jak \u0142adowarka teleskopowa to bardzo uniwersalne urz\u0105dzenie. Dzi\u0119ki wymiennemu osprz\u0119towi, mo\u017cemy ca\u0142kowicie zmieni\u0107 jej funkcj\u0119 i zastosowanie. Mo\u017cemy z \u0142atwo\u015bci\u0105 przekszta\u0142ci\u0107 \u0142adowark\u0119 w podno\u015bnik czy nawet platform\u0119 robocz\u0105, swoje zastosowanie znajduje w ka\u017cdej dziedzinie pracy. Uczestnicz\u0105c w szkoleniu, wed\u0142ug normy ISO 26676 zdob\u0119dziesz niezb\u0119dn\u0105 wiedz\u0119 i umiej\u0119tno\u015bci do wykonywania pracy z tym urz\u0105dzeniem. Pozytywny wynik egzaminu nadaje uprawnienia do u\u017cytkowania maszyny.&nbsp;&nbsp;<\/p>\n\n\n\n<h2 class=\"wp-block-heading\"><strong>Malarz-piaskarz na projektach offshore<\/strong>&nbsp;<\/h2>\n\n\n\n<p>Na kursie zapoznasz si\u0119 z bezpiecznymi technikami z zakresu piaskowania-\u015brutowania oraz malowania powierzchni metalowych. Nauczysz si\u0119 m.in. zabezpiecze\u0144 antykorozyjnych, konserwacyjnych stosowanych w przemy\u015ble morskim i l\u0105dowym. Po uko\u0144czonym kursie z \u0142atwo\u015bci\u0105 wykonasz zabezpieczenia antykorozyjne z obs\u0142ug\u0105 odpowiedniego sprz\u0119tu. Po pozytywnym zaliczeniu kursu zdob\u0119dziesz certyfikat, kt\u00f3ry jest zgodny z aktualnymi wymogami opracowanymi przez norweski przemys\u0142 naftowy dla firm z bran\u017cy petrochemicznej <strong>NORSOK M-501.<\/strong>&nbsp;<\/p>\n\n\n\n<p>NORSOK to seria standard\u00f3w opracowanych przez norweski przemys\u0142 naftowy dla firm z bran\u017cy petrochemicznej.&nbsp;<\/p>\n\n\n\n<h2 class=\"wp-block-heading\"><strong>Kursy alpinistyczne<\/strong>&nbsp;<\/h2>\n\n\n<div class=\"wp-block-image\">\n<figure class=\"alignleft size-large is-resized\"><a href=\"https:\/\/odk-ergon.pl\/wp-content\/uploads\/2023\/03\/alpinista-1.jpg\"><img loading=\"lazy\" decoding=\"async\" src=\"https:\/\/odk-ergon.pl\/wp-content\/uploads\/2023\/03\/alpinista-1-1024x683.jpg\" alt=\"alpinista przemys\u0142owy z dost\u0119pem linowym\" class=\"wp-image-2765\" width=\"512\" height=\"342\" srcset=\"https:\/\/odk-ergon.pl\/wp-content\/uploads\/2023\/03\/alpinista-1-1024x683.jpg 1024w, https:\/\/odk-ergon.pl\/wp-content\/uploads\/2023\/03\/alpinista-1-300x200.jpg 300w, https:\/\/odk-ergon.pl\/wp-content\/uploads\/2023\/03\/alpinista-1-768x512.jpg 768w, https:\/\/odk-ergon.pl\/wp-content\/uploads\/2023\/03\/alpinista-1-1536x1024.jpg 1536w, https:\/\/odk-ergon.pl\/wp-content\/uploads\/2023\/03\/alpinista-1-18x12.jpg 18w, https:\/\/odk-ergon.pl\/wp-content\/uploads\/2023\/03\/alpinista-1-624x416.jpg 624w, https:\/\/odk-ergon.pl\/wp-content\/uploads\/2023\/03\/alpinista-1.jpg 1680w\" sizes=\"auto, (max-width: 512px) 100vw, 512px\" \/><\/a><\/figure>\n<\/div>\n\n\n<p>Przeprowadzamy kursy alpinistyczne, w dost\u0119pie budowlanym i linowym. Podczas zaj\u0119\u0107 zapoznasz si\u0119 z technikami wi\u0105zania w\u0119z\u0142\u00f3w i ich bezpiecznym u\u017cytkowaniem. Szkolenie przygotuj\u0119 Ci\u0119 do prac wysoko\u015bciowych i asekuracji Twojej jak i otoczenia znajduj\u0105cego si\u0119 obok. Po uko\u0144czonym kursie z \u0142atwo\u015bci\u0105 b\u0119dziesz porusza\u0107 si\u0119 po linie i rusztowaniu. Program nauczanie jest przystosowany do obowi\u0105zuj\u0105cych norm BS 8454.&nbsp;<\/p>\n\n\n\n<p>Jeste\u015bmy w trakcie przygotowa\u0144 nowego kursu GWO onshore sk\u0142adaj\u0105cego si\u0119 z 4 modu\u0142\u00f3w dla technik\u00f3w, kt\u00f3rzy pracuj\u0105 na turbinach l\u0105dowych.&nbsp;&nbsp;<\/p>\n\n\n\n<p>Realizacja szkole\u0144 sk\u0142adaj\u0105ca si\u0119 z 4 modu\u0142\u00f3w:&nbsp;<\/p>\n\n\n\n<ul class=\"wp-block-list\">\n<li><a href=\"https:\/\/odk-ergon.pl\/de\/szkolenia\/kurs-pierwszej-pomocy-warszawa\/\">pierwsza pomoc<\/a> \u2013 FA &#8211; First Aid,&nbsp;<\/li>\n\n\n\n<li>r\u0119czne prace transportowe \u2013 MH \u2013 Manual Handing,&nbsp;<\/li>\n\n\n\n<li><a href=\"https:\/\/odk-ergon.pl\/de\/szkolenia\/kurs-wysokosciowy\/\">praca na wysoko\u015bci<\/a> \u2013 WAH \u2013 Work at Heights,&nbsp;<\/li>\n\n\n\n<li>ochrona przeciwpo\u017carowa \u2013 FAW \u2013 Fire Aweraness.&nbsp;<\/li>\n<\/ul>\n\n\n\n<h2 class=\"wp-block-heading\"><strong>Gdzie przeprowadzamy szkolenia?<\/strong>&nbsp;<\/h2>\n\n\n\n<p>Szkolenia przeprowadzamy na terenie ca\u0142ej Polski, posiadamy o\u015brodki szkoleniowe w wi\u0119kszych miastach na terenie kraju. Oferujemy dojazd do klienta pod wskazany adres, a wyk\u0142ady teoretyczne mog\u0105 zosta\u0107 przeprowadzone online.&nbsp;&nbsp;<\/p>\n\n\n\n<h2 class=\"wp-block-heading\"><strong>Dla kogo kierowany jest kurs?<\/strong>&nbsp;<\/h2>\n\n\n\n<p>Kurs przeznaczony jest dla os\u00f3b, kt\u00f3re chc\u0105 rozpocz\u0105\u0107 swoj\u0105 przygod\u0119 m.in. w przemy\u015ble naftowym i gazowym na morzu, oraz dla tych kt\u00f3re ju\u017c pracuj\u0105 na wodzie i chc\u0105 poszerzy\u0107 swoje kwalifikacje i umiej\u0119tno\u015bci. Praca na tym stanowisku nie nale\u017cy do najprostszych i trzeba mierzy\u0107 si\u0119 z napotykaj\u0105cymi trudno\u015bciami.&nbsp;<\/p>\n\n\n\n<h2 class=\"wp-block-heading\"><strong>Certyfikat<\/strong>&nbsp;<\/h2>\n\n\n\n<p>Aby rozpocz\u0105\u0107 prac\u0119 na platformach wiertniczych lub wydobywczych na Morzu Norweskim, konieczne jest zdobycie certyfikatu <strong>MEWP ISO 18878.<\/strong> Dokument jest wa\u017cny w Norwegii, Wielkiej Brytanii, Danii a tak\u017ce jest honorowany w innych krajach. Certyfikat jest konieczny do przeprowadzania prac na wysoko\u015bci powy\u017cej 2 metr\u00f3w. Po uko\u0144czonym kursie delegat zdobywa uprawnienia do wykonywania prac na morzu i l\u0105dzie, kt\u00f3re s\u0105 wa\u017cne przez 4 lata. Certyfikat jest zatwierdzony przez Mi\u0119dzynarodow\u0105 Organizacj\u0119 OPITO.&nbsp;<\/p>\n\n\n\n<p><strong>Warunki przyst\u0105pienia do kurs\u00f3w:<\/strong>&nbsp;<\/p>\n\n\n\n<ul class=\"wp-block-list\">\n<li>uko\u0144czone 18 lat,&nbsp;<\/li>\n\n\n\n<li>wykszta\u0142cenie minimum podstawowe,&nbsp;<\/li>\n\n\n\n<li>brak przeciwskaza\u0144 medycznych.&nbsp;<\/li>\n<\/ul>\n\n\n\n<h2 class=\"wp-block-heading\">Pytania i odpowiedzi<\/h2>\n\n\n\t\t<details\t\thelp class=\"sc_fs_faq sc_card    \"\n\t\topen\t\t>\n\t\t\t\t\t<summary>\n\t\t\t\t<h3>Jaki jest potrzebny certyfikat do pracy z u\u017cyciem platformy wiertniczej na Morzu Norweskim? <\/h3>\t\t\t\t\t<\/summary>\n\t\t\t\t<div>\n\t\t\t\t\t\t<div class=\"sc_fs_faq__content\">\n\t\t\t\t\n\n<p>Do wykonywania pracy na Morzu Norweskim przy u\u017cyciu platform wiertniczych lub wydobywczych, konieczne jest zdobycie certyfikatu MEWP ISO 18878.&nbsp;<\/p>\n\n\t\t\t<\/div>\n\t\t<\/div>\n\t\t<\/details>\n\t\t\t\t<details\t\thelp class=\"sc_fs_faq sc_card    \"\n\t\t\t\t>\n\t\t\t\t\t<summary>\n\t\t\t\t<h3>Z jakim dost\u0119pem s\u0105 przeprowadzane kursy alpinistyczne? <\/h3>\t\t\t\t\t<\/summary>\n\t\t\t\t<div>\n\t\t\t\t\t\t<div class=\"sc_fs_faq__content\">\n\t\t\t\t\n\n<p>W naszym o\u015brodku prowadzimy kursy alpinistyczne z dost\u0119pem linowym i budowlanym.&nbsp;<\/p>\n\n\t\t\t<\/div>\n\t\t<\/div>\n\t\t<\/details>\n\t\t\t\t<details\t\thelp class=\"sc_fs_faq sc_card    \"\n\t\t\t\t>\n\t\t\t\t\t<summary>\n\t\t\t\t<h3>Czy szkolicie operator\u00f3w na \u0142adowarki teleskopowe? <\/h3>\t\t\t\t\t<\/summary>\n\t\t\t\t<div>\n\t\t\t\t\t\t<div class=\"sc_fs_faq__content\">\n\t\t\t\t\n\n<p>Tak, w naszej ofercie m.in. szkolimy operator\u00f3w na w\u00f3zki specjalizowane podno\u015bnikowe, takie jak \u0142adowarki teleskopowe.&nbsp;<\/p>\n\n\t\t\t<\/div>\n\t\t<\/div>\n\t\t<\/details>\n\t\t\t\t<details\t\thelp class=\"sc_fs_faq sc_card    \"\n\t\t\t\t>\n\t\t\t\t\t<summary>\n\t\t\t\t<h3>Kto zatwierdza certyfikat MEWP ISO 18878? <\/h3>\t\t\t\t\t<\/summary>\n\t\t\t\t<div>\n\t\t\t\t\t\t<div class=\"sc_fs_faq__content\">\n\t\t\t\t\n\n<p>Certyfikat MEWP ISO 18878 jest zatwierdzony przez Mi\u0119dzynarodow\u0105 Organizacj\u0119 OPITO, kt\u00f3ra swoj\u0105 g\u0142\u00f3wn\u0105 siedzib\u0119 ma w Wielkiej Brytanii.&nbsp;&nbsp;<\/p>\n\n\t\t\t<\/div>\n\t\t<\/div>\n\t\t<\/details>\n\t\t\n<script type=\"application\/ld+json\">\n\t{\n\t\t\"@context\": \"https:\/\/schema.org\",\n\t\t\"@type\": \"FAQPage\",\n\t\t\"mainEntity\": [\n\t\t\t\t\t{\n\t\t\t\t\"@type\": \"Question\",\n\t\t\t\t\"name\": \"Jaki jest potrzebny certyfikat do pracy z u\u017cyciem platformy wiertniczej na Morzu Norweskim? \",\n\t\t\t\t\"acceptedAnswer\": {\n\t\t\t\t\t\"@type\": \"Answer\",\n\t\t\t\t\t\"text\": \"<p>Do wykonywania pracy na Morzu Norweskim przy u\u017cyciu platform wiertniczych lub wydobywczych, konieczne jest zdobycie certyfikatu MEWP ISO 18878.&nbsp;<\/p>\"\n\t\t\t\t\t\t\t\t\t}\n\t\t\t}\n\t\t\t,\t\t\t\t{\n\t\t\t\t\"@type\": \"Question\",\n\t\t\t\t\"name\": \"Z jakim dost\u0119pem s\u0105 przeprowadzane kursy alpinistyczne? \",\n\t\t\t\t\"acceptedAnswer\": {\n\t\t\t\t\t\"@type\": \"Answer\",\n\t\t\t\t\t\"text\": \"<p>W naszym o\u015brodku prowadzimy kursy alpinistyczne z dost\u0119pem linowym i budowlanym.&nbsp;<\/p>\"\n\t\t\t\t\t\t\t\t\t}\n\t\t\t}\n\t\t\t,\t\t\t\t{\n\t\t\t\t\"@type\": \"Question\",\n\t\t\t\t\"name\": \"Czy szkolicie operator\u00f3w na \u0142adowarki teleskopowe? \",\n\t\t\t\t\"acceptedAnswer\": {\n\t\t\t\t\t\"@type\": \"Answer\",\n\t\t\t\t\t\"text\": \"<p>Tak, w naszej ofercie m.in. szkolimy operator\u00f3w na w\u00f3zki specjalizowane podno\u015bnikowe, takie jak \u0142adowarki teleskopowe.&nbsp;<\/p>\"\n\t\t\t\t\t\t\t\t\t}\n\t\t\t}\n\t\t\t,\t\t\t\t{\n\t\t\t\t\"@type\": \"Question\",\n\t\t\t\t\"name\": \"Kto zatwierdza certyfikat MEWP ISO 18878? \",\n\t\t\t\t\"acceptedAnswer\": {\n\t\t\t\t\t\"@type\": \"Answer\",\n\t\t\t\t\t\"text\": \"<p>Certyfikat MEWP ISO 18878 jest zatwierdzony przez Mi\u0119dzynarodow\u0105 Organizacj\u0119 OPITO, kt\u00f3ra swoj\u0105 g\u0142\u00f3wn\u0105 siedzib\u0119 ma w Wielkiej Brytanii.&nbsp;&nbsp;<\/p>\"\n\t\t\t\t\t\t\t\t\t}\n\t\t\t}\n\t\t\t\t\t\t]\n\t}\n<\/script>\n","protected":false},"excerpt":{"rendered":"<p>Firma ERGON specjalizuje si\u0119 w przeprowadzaniu szkole\u0144 w r\u00f3\u017cnych dziedzinach pracy. W swojej ofercie szkoleniowej posiadamy szeroki zakres kurs\u00f3w takich jak onshore i offshore. Wszystkie szkolenia i kursy w naszym o\u015brodku s\u0105 przeprowadzane zgodnie z wymaganiami kwalifikacyjnymi Mi\u0119dzynarodowej Organizacji Normalizacyjnej (ISO).&nbsp; Program szkolenia&nbsp; Program nauczania jest podzielony na cz\u0119\u015b\u0107 teoretyczn\u0105 i praktyczn\u0105. Zaj\u0119cia w naszym o\u015brodku s\u0105 opracowane przez do\u015bwiadczonych specjalist\u00f3w i wykwalifikowanych instruktor\u00f3w.&nbsp; Program zaj\u0119\u0107 jest prowadzony wed\u0142ug aktualnych norm i zasad zgodnych z ISO.&nbsp; Cz\u0119\u015b\u0107 teoretyczna zawiera takie zagadnienia jak:&nbsp; Cz\u0119\u015b\u0107 praktyczna obejmuje m.in.:&nbsp; Banksman i slinger&nbsp; Kurs przygotowuj\u0105cy do pracy na stanowisku banksmana i slingera dotyczy u\u017cytkowania oraz nadzorowania d\u017awig\u00f3w na morzu. Podczas szkolenia kandydaci zdob\u0119d\u0105 niezb\u0119dn\u0105 wiedz\u0119 i umiej\u0119tno\u015bci praktyczne z zakresu przemieszczania, zawieszania \u0142adunk\u00f3w oraz zachowania bezpiecze\u0144stwa, kt\u00f3rego nale\u017cy przestrzega\u0107 podczas u\u017cytkowania urz\u0105dzenia. Wymagania i kompetencj\u0119 s\u0105 zgodne z ISO 23853:2018.&nbsp; Kurs na \u0142adowarki teleskopowe&nbsp; W\u00f3zki jezdniowe takie jak \u0142adowarka teleskopowa to bardzo uniwersalne urz\u0105dzenie. Dzi\u0119ki wymiennemu osprz\u0119towi, mo\u017cemy ca\u0142kowicie zmieni\u0107 jej funkcj\u0119 i zastosowanie. Mo\u017cemy z \u0142atwo\u015bci\u0105 przekszta\u0142ci\u0107 \u0142adowark\u0119 w podno\u015bnik czy nawet platform\u0119 robocz\u0105, swoje zastosowanie znajduje w ka\u017cdej dziedzinie pracy. Uczestnicz\u0105c w szkoleniu, wed\u0142ug normy ISO 26676 zdob\u0119dziesz niezb\u0119dn\u0105 wiedz\u0119 i umiej\u0119tno\u015bci do wykonywania pracy z tym urz\u0105dzeniem. Pozytywny wynik egzaminu nadaje uprawnienia do u\u017cytkowania maszyny.&nbsp;&nbsp; Malarz-piaskarz na projektach offshore&nbsp; Na kursie zapoznasz si\u0119 z bezpiecznymi technikami z zakresu piaskowania-\u015brutowania oraz malowania powierzchni metalowych. Nauczysz si\u0119 m.in. zabezpiecze\u0144 antykorozyjnych, konserwacyjnych stosowanych w przemy\u015ble morskim i l\u0105dowym. Po uko\u0144czonym kursie z \u0142atwo\u015bci\u0105 wykonasz zabezpieczenia antykorozyjne z obs\u0142ug\u0105 odpowiedniego sprz\u0119tu. Po pozytywnym zaliczeniu kursu zdob\u0119dziesz certyfikat, kt\u00f3ry jest zgodny [&hellip;]<\/p>\n","protected":false},"author":1,"featured_media":2766,"parent":2721,"menu_order":0,"comment_status":"closed","ping_status":"closed","template":"","meta":{"sfsi_plus_gutenberg_text_before_share":"","sfsi_plus_gutenberg_show_text_before_share":"","sfsi_plus_gutenberg_icon_type":"","sfsi_plus_gutenberg_icon_alignemt":"","sfsi_plus_gutenburg_max_per_row":"","footnotes":""},"class_list":["post-2763","page","type-page","status-publish","has-post-thumbnail","hentry","has_thumb"],"aioseo_notices":[],"_links":{"self":[{"href":"https:\/\/odk-ergon.pl\/de\/wp-json\/wp\/v2\/pages\/2763","targetHints":{"allow":["GET"]}}],"collection":[{"href":"https:\/\/odk-ergon.pl\/de\/wp-json\/wp\/v2\/pages"}],"about":[{"href":"https:\/\/odk-ergon.pl\/de\/wp-json\/wp\/v2\/types\/page"}],"author":[{"embeddable":true,"href":"https:\/\/odk-ergon.pl\/de\/wp-json\/wp\/v2\/users\/1"}],"replies":[{"embeddable":true,"href":"https:\/\/odk-ergon.pl\/de\/wp-json\/wp\/v2\/comments?post=2763"}],"version-history":[{"count":6,"href":"https:\/\/odk-ergon.pl\/de\/wp-json\/wp\/v2\/pages\/2763\/revisions"}],"predecessor-version":[{"id":3399,"href":"https:\/\/odk-ergon.pl\/de\/wp-json\/wp\/v2\/pages\/2763\/revisions\/3399"}],"up":[{"embeddable":true,"href":"https:\/\/odk-ergon.pl\/de\/wp-json\/wp\/v2\/pages\/2721"}],"wp:featuredmedia":[{"embeddable":true,"href":"https:\/\/odk-ergon.pl\/de\/wp-json\/wp\/v2\/media\/2766"}],"wp:attachment":[{"href":"https:\/\/odk-ergon.pl\/de\/wp-json\/wp\/v2\/media?parent=2763"}],"curies":[{"name":"wp","href":"https:\/\/api.w.org\/{rel}","templated":true}]}}