{"id":2792,"date":"2023-03-24T17:04:45","date_gmt":"2023-03-24T16:04:45","guid":{"rendered":"https:\/\/odk-ergon.pl\/?page_id=2792"},"modified":"2023-03-25T01:23:37","modified_gmt":"2023-03-25T00:23:37","slug":"leistungsloten","status":"publish","type":"page","link":"https:\/\/odk-ergon.pl\/de\/szkolenia\/spawanie\/uprawnienia-lutownicze\/","title":{"rendered":"Erwerb von Qualifikationen im L\u00f6ten"},"content":{"rendered":"\n<p>Z lutowaniem najcz\u0119\u015bciej mamy do czynienia przy elektronice i elektryce, gdzie musimy po\u0142\u0105czy\u0107 ze sob\u0105 r\u00f3\u017cne metale. Na kursie dowiesz si\u0119, w jaki spos\u00f3b spaja\u0107 owe metale, u\u017cywaj\u0105c spoiwa. Podczas tego procesu cz\u0119\u015bci, kt\u00f3re chcemy po\u0142\u0105czy\u0107 nagrzewaj\u0105 si\u0119 (ale nie topi\u0105). Gwarancj\u0105 dobrego po\u0142\u0105czenia dw\u00f3ch cz\u0119\u015bci jest uprzednie dok\u0142adne wyczyszczenie powierzchni lutowanej, zar\u00f3wno mechaniczne, jak i chemiczne. Do kontroli po\u0142\u0105czenia element\u00f3w wykonuje si\u0119 pr\u00f3b\u0119 wodn\u0105, gdy\u017c w ten spos\u00f3b \u0142atwo zauwa\u017cy\u0107 przecieki, czy co\u015b nie wymaga poprawy.&nbsp;<\/p>\n\n\n\n<h2 class=\"wp-block-heading\">Lutowanie dzielimy na nast\u0119puj\u0105ce rodzaje:&nbsp;<\/h2>\n\n\n\n<ul class=\"wp-block-list\">\n<li>mi\u0119kkie \u2013 polega na rozgrzewaniu temperatury lutu do maksymalnie 450C,&nbsp;<\/li>\n\n\n\n<li>twarde \u2013 polega na rozgrzewaniu temperatury lutu powy\u017cej 450C,&nbsp;<\/li>\n\n\n\n<li>p\u0142omieniowe \u2013 wykorzystuje si\u0119 p\u0142omie\u0144 gazowy, kt\u00f3ry nagrzewa si\u0119 bezpo\u015brednio do wymaganej temperatury,&nbsp;<\/li>\n\n\n\n<li>zgrzewanie doczo\u0142owe oporowe \u2013 nast\u0119puje poprzez nagrzanie powierzchni \u0142\u0105czonych pr\u0105dem elektrycznym.&nbsp;<\/li>\n<\/ul>\n\n\n\n<p>Na naszym kursie dowiesz si\u0119 wszystkiego o lutowaniu, poznasz rodzaje i w\u0142a\u015bciwo\u015bci, a zdobyt\u0105 wiedz\u0119 wykorzystasz nast\u0119pnie w praktyce podczas \u0107wicze\u0144 z instruktorem.&nbsp;&nbsp;<\/p>\n\n\n\n<h2 class=\"wp-block-heading\"><strong>Praca w bran\u017cy<\/strong>&nbsp;<\/h2>\n\n\n\n<figure class=\"wp-block-image size-large is-resized\"><a href=\"https:\/\/odk-ergon.pl\/wp-content\/uploads\/2023\/03\/canva-technician-repairing-inside-of-mobile-phone-by-soldering-iron.-i-MAE1_hVv1qk.jpg\"><img loading=\"lazy\" decoding=\"async\" src=\"https:\/\/odk-ergon.pl\/wp-content\/uploads\/2023\/03\/canva-technician-repairing-inside-of-mobile-phone-by-soldering-iron.-i-MAE1_hVv1qk-1024x683.jpg\" alt=\"lutowanie element\u00f3w elektronicznych\" class=\"wp-image-2794\" width=\"512\" height=\"342\" srcset=\"https:\/\/odk-ergon.pl\/wp-content\/uploads\/2023\/03\/canva-technician-repairing-inside-of-mobile-phone-by-soldering-iron.-i-MAE1_hVv1qk-1024x683.jpg 1024w, https:\/\/odk-ergon.pl\/wp-content\/uploads\/2023\/03\/canva-technician-repairing-inside-of-mobile-phone-by-soldering-iron.-i-MAE1_hVv1qk-300x200.jpg 300w, https:\/\/odk-ergon.pl\/wp-content\/uploads\/2023\/03\/canva-technician-repairing-inside-of-mobile-phone-by-soldering-iron.-i-MAE1_hVv1qk-768x512.jpg 768w, https:\/\/odk-ergon.pl\/wp-content\/uploads\/2023\/03\/canva-technician-repairing-inside-of-mobile-phone-by-soldering-iron.-i-MAE1_hVv1qk-1536x1024.jpg 1536w, https:\/\/odk-ergon.pl\/wp-content\/uploads\/2023\/03\/canva-technician-repairing-inside-of-mobile-phone-by-soldering-iron.-i-MAE1_hVv1qk-18x12.jpg 18w, https:\/\/odk-ergon.pl\/wp-content\/uploads\/2023\/03\/canva-technician-repairing-inside-of-mobile-phone-by-soldering-iron.-i-MAE1_hVv1qk-624x416.jpg 624w, https:\/\/odk-ergon.pl\/wp-content\/uploads\/2023\/03\/canva-technician-repairing-inside-of-mobile-phone-by-soldering-iron.-i-MAE1_hVv1qk.jpg 1600w\" sizes=\"auto, (max-width: 512px) 100vw, 512px\" \/><\/a><\/figure>\n\n\n\n<p>Z tak zdobytymi umiej\u0119tno\u015bciami znajdziesz prac\u0119 w przemy\u015ble elektrycznym, elektrotechnicznym, elektronicznym oraz telekomunikacyjnym. Wsz\u0119dzie tam, gdzie jest potrzeba \u0142\u0105czenia przewod\u00f3w m.in. elektrycznych.&nbsp;<br>Lutowanie jest r\u00f3wnie\u017c wykorzystywane w blacharstwie, np. przy produkcji rynien, do produkcji samochod\u00f3w.&nbsp;<br>Innym miejscem, gdzie jest to niezb\u0119dna profesja jest praca przy uk\u0142adach scalonych. Po\u0142\u0105czenie lutowane lepiej przewodz\u0105 pr\u0105d ni\u017c spawane, dlatego w miejscach, gdzie przewody nie musz\u0105 niczego d\u017awiga\u0107, a jedynie zapewni\u0107 dobre przewodzenie, najcz\u0119\u015bciej s\u0105 one lutowane.&nbsp;<\/p>\n\n\n\n<p>Wybierz szkolenie odpowiednie do Twoich potrzeb. Oferujemy wyk\u0142ady z teorii, r\u00f3wnie\u017c zdalnie. Nast\u0119pnie odb\u0119d\u0105 si\u0119 zaj\u0119cia praktyczne, a po sko\u0144czonym dwu cz\u0119\u015bciowym szkoleniu b\u0119dziesz m\u00f3g\u0142 podej\u015b\u0107 do egzaminu na uprawnienia.&nbsp;<\/p>\n\n\n\n<h2 class=\"wp-block-heading\">Nauczymy Ci\u0119 m.in.:&nbsp;<\/h2>\n\n\n\n<ul class=\"wp-block-list\">\n<li>jak\u0105 wybra\u0107 lutownic\u0119 oraz zestaw element\u00f3w niezb\u0119dnych do pracy,&nbsp;<\/li>\n\n\n\n<li>jak rozwi\u0105zywa\u0107 problemy i naprawia\u0107 ka\u017cd\u0105 nie\u015bcis\u0142o\u015b\u0107,&nbsp;<\/li>\n\n\n\n<li>czynno\u015bci krok po kroku.&nbsp;<\/li>\n<\/ul>\n\n\n\n<h3 class=\"wp-block-heading\">Etapy procesu lutowania (kolejno\u015b\u0107 jest bardzo wa\u017cna):&nbsp;<\/h3>\n\n\n\n<ol class=\"wp-block-list\" start=\"1\">\n<li>odpowiednie ukszta\u0142towanie oraz wyczyszczenie powierzchni, kt\u00f3re b\u0119d\u0105 \u0142\u0105czone,&nbsp;<\/li>\n<\/ol>\n\n\n\n<ol class=\"wp-block-list\" start=\"2\">\n<li>nagrzanie \u0142\u0105czonych cz\u0119\u015bci do temperatury o 30\u201350 stopni wy\u017cszej, ni\u017c temperatura topnienia lutu,&nbsp;<\/li>\n<\/ol>\n\n\n\n<ol class=\"wp-block-list\" start=\"3\">\n<li>na\u0142o\u017cenie topnika, roztopienia lutu i umieszczenia go mi\u0119dzy \u0142\u0105czonymi powierzchniami,&nbsp;<\/li>\n<\/ol>\n\n\n\n<ol class=\"wp-block-list\" start=\"4\">\n<li>wzajemna adhezja i dyfuzja,&nbsp;<\/li>\n<\/ol>\n\n\n\n<ol class=\"wp-block-list\" start=\"5\">\n<li>skrzepni\u0119cie i sch\u0142odzenie lutowiny.&nbsp;<\/li>\n<\/ol>\n\n\n\n<p>Praktyka nie raz pokaza\u0142a, \u017ce wymienione etapy zaz\u0119biaj\u0105 si\u0119, a czasem przebiegaj\u0105 jednocze\u015bnie.&nbsp;<\/p>\n\n\n\n<p>W trakcie szkolenia nauczysz si\u0119 te\u017c trzech wa\u017cnych rzeczy, kt\u00f3re prowadz\u0105 do idealnego efektu lutowania, a s\u0105 to: przygotowanie, cynowanie i na koniec lutowanie.&nbsp;<\/p>\n\n\n\n<figure class=\"wp-block-image size-large is-resized\"><a href=\"https:\/\/odk-ergon.pl\/wp-content\/uploads\/2023\/03\/lutowanie-1.jpg\"><img loading=\"lazy\" decoding=\"async\" src=\"https:\/\/odk-ergon.pl\/wp-content\/uploads\/2023\/03\/lutowanie-1-1024x576.jpg\" alt=\"gotowy zlutowany element przewodu\" class=\"wp-image-2796\" width=\"512\" height=\"288\" srcset=\"https:\/\/odk-ergon.pl\/wp-content\/uploads\/2023\/03\/lutowanie-1-1024x576.jpg 1024w, https:\/\/odk-ergon.pl\/wp-content\/uploads\/2023\/03\/lutowanie-1-300x169.jpg 300w, https:\/\/odk-ergon.pl\/wp-content\/uploads\/2023\/03\/lutowanie-1-768x432.jpg 768w, https:\/\/odk-ergon.pl\/wp-content\/uploads\/2023\/03\/lutowanie-1-18x10.jpg 18w, https:\/\/odk-ergon.pl\/wp-content\/uploads\/2023\/03\/lutowanie-1-624x351.jpg 624w, https:\/\/odk-ergon.pl\/wp-content\/uploads\/2023\/03\/lutowanie-1.jpg 1280w\" sizes=\"auto, (max-width: 512px) 100vw, 512px\" \/><\/a><\/figure>\n\n\n\n<h2 class=\"wp-block-heading\">Wymagania od uczestnika szkolenia:&nbsp;<\/h2>\n\n\n\n<ul class=\"wp-block-list\">\n<li>uko\u0144czone 18 lat,&nbsp;<\/li>\n\n\n\n<li>co najmniej podstawowe wykszta\u0142cenie,&nbsp;<\/li>\n\n\n\n<li>za\u015bwiadczenie lekarskie o braku przeciwwskaza\u0144 do wykonywania zawodu.&nbsp;<\/li>\n<\/ul>\n\n\n\n<p>Kurs ko\u0144czy si\u0119 egzaminem, po kt\u00f3rym wystawiany jest certyfikat uprawniaj\u0105cy do pracy na stanowisku lutowniczym na terenie ca\u0142ej Polski oraz Unii Europejskiej.&nbsp;<\/p>\n\n\n\n<h2 class=\"wp-block-heading\"><strong>O nas<\/strong>&nbsp;<\/h2>\n\n\n\n<ul class=\"wp-block-list\">\n<li>Szkolenia prowadzimy od ponad 15 lat.&nbsp;<\/li>\n\n\n\n<li>Dzia\u0142amy na terenie ca\u0142ej Polski.&nbsp;<\/li>\n\n\n\n<li>Wsp\u00f3\u0142pracujemy m.in. z UDT, TDT, WDT i IMBIGS.&nbsp;<\/li>\n\n\n\n<li>Oferujemy szkolenia otwarte (sprawd\u017a nasz harmonogram).&nbsp;<\/li>\n\n\n\n<li>Ch\u0119tnie organizujemy kursy zamkni\u0119te &#8211; zapraszamy do kontaktu.&nbsp;<\/li>\n\n\n\n<li>Posiadamy do\u015bwiadczon\u0105 kadr\u0119 szkoleniowc\u00f3w.&nbsp;<\/li>\n\n\n\n<li>Oferujemy szkolenia spawalnicze, wysoko\u015bciowe; G1, G2, G3; z zakresu obs\u0142ugi (operowania i konserwacji) urz\u0105dze\u0144 technicznych, tj. \u017curawi, suwnic, podest\u00f3w ruchomych czy \u0142adowarek teleskopowych.&nbsp;<\/li>\n<\/ul>\n\n\n\n<p>Masz pytania? Zadzwo\u0144 lub napisz, odpowiadamy tak szybko, ja to mo\u017cliwe. Pomo\u017cemy te\u017c w wyborze szkolenia, je\u015bli nie jeste\u015b pewny, kt\u00f3re b\u0119dzie dla Ciebie odpowiednie.&nbsp;&nbsp;<\/p>\n\n\n\n<h2 class=\"wp-block-heading\">Pytania i odpowiedzi<\/h2>\n\n\n\t\t<details\t\thelp class=\"sc_fs_faq sc_card    \"\n\t\topen\t\t>\n\t\t\t\t\t<summary>\n\t\t\t\t<h3>Jakie s\u0105 rodzaje lutowania?<\/h3>\t\t\t\t\t<\/summary>\n\t\t\t\t<div>\n\t\t\t\t\t\t<div class=\"sc_fs_faq__content\">\n\t\t\t\t\n\n<p>Lutowanie mo\u017cemy podzieli\u0107 na cztery g\u0142\u00f3wne rodzaje i s\u0105 to: lutowanie mi\u0119kkie oraz twarde, lutowanie p\u0142omieniowe oraz zgrzewanie doczo\u0142owo oporowe. R\u00f3\u017cni\u0105 si\u0119 g\u0142\u00f3wnie wymagan\u0105 temperatur\u0105 materia\u0142u.<\/p>\n\n\t\t\t<\/div>\n\t\t<\/div>\n\t\t<\/details>\n\t\t\t\t<details\t\thelp class=\"sc_fs_faq sc_card    \"\n\t\t\t\t>\n\t\t\t\t\t<summary>\n\t\t\t\t<h3>Czy ka\u017cdy mo\u017ce wzi\u0105\u0107 udzia\u0142 w kursie?<\/h3>\t\t\t\t\t<\/summary>\n\t\t\t\t<div>\n\t\t\t\t\t\t<div class=\"sc_fs_faq__content\">\n\t\t\t\t\n\n<p>Aby wzi\u0105\u0107 udzia\u0142 w szkoleniu nale\u017cy mie\u0107 uko\u0144czone 18 lat, posiada\u0107 co najmniej podstawowe wykszta\u0142cenie oraz za\u015bwiadczenie lekarskie o braku przeciwwskaza\u0144 do wykonania tego zawodu.<\/p>\n\n\t\t\t<\/div>\n\t\t<\/div>\n\t\t<\/details>\n\t\t\t\t<details\t\thelp class=\"sc_fs_faq sc_card    \"\n\t\t\t\t>\n\t\t\t\t\t<summary>\n\t\t\t\t<h3>Czego mo\u017cna si\u0119 nauczy\u0107 na szkoleniu?<\/h3>\t\t\t\t\t<\/summary>\n\t\t\t\t<div>\n\t\t\t\t\t\t<div class=\"sc_fs_faq__content\">\n\t\t\t\t\n\n<p>Uczymy pe\u0142nej teorii odno\u015bnie lutownic oraz samego lutowania, mi\u0119dzy innymi dowiesz si\u0119: jak wybra\u0107 lutownic\u0119 oraz narz\u0119dzia niezb\u0119dne do pracy, jak radzi\u0107 sobie z wszelkimi trudno\u015bciami oraz jakie czynno\u015bci kolejno nale\u017cy wykona\u0107, aby dobrze lutowa\u0107.<\/p>\n\n\t\t\t<\/div>\n\t\t<\/div>\n\t\t<\/details>\n\t\t\n<script type=\"application\/ld+json\">\n\t{\n\t\t\"@context\": \"https:\/\/schema.org\",\n\t\t\"@type\": \"FAQPage\",\n\t\t\"mainEntity\": [\n\t\t\t\t\t{\n\t\t\t\t\"@type\": \"Question\",\n\t\t\t\t\"name\": \"Jakie s\u0105 rodzaje lutowania?\",\n\t\t\t\t\"acceptedAnswer\": {\n\t\t\t\t\t\"@type\": \"Answer\",\n\t\t\t\t\t\"text\": \"<p>Lutowanie mo\u017cemy podzieli\u0107 na cztery g\u0142\u00f3wne rodzaje i s\u0105 to: lutowanie mi\u0119kkie oraz twarde, lutowanie p\u0142omieniowe oraz zgrzewanie doczo\u0142owo oporowe. R\u00f3\u017cni\u0105 si\u0119 g\u0142\u00f3wnie wymagan\u0105 temperatur\u0105 materia\u0142u.<\/p>\"\n\t\t\t\t\t\t\t\t\t}\n\t\t\t}\n\t\t\t,\t\t\t\t{\n\t\t\t\t\"@type\": \"Question\",\n\t\t\t\t\"name\": \"Czy ka\u017cdy mo\u017ce wzi\u0105\u0107 udzia\u0142 w kursie?\",\n\t\t\t\t\"acceptedAnswer\": {\n\t\t\t\t\t\"@type\": \"Answer\",\n\t\t\t\t\t\"text\": \"<p>Aby wzi\u0105\u0107 udzia\u0142 w szkoleniu nale\u017cy mie\u0107 uko\u0144czone 18 lat, posiada\u0107 co najmniej podstawowe wykszta\u0142cenie oraz za\u015bwiadczenie lekarskie o braku przeciwwskaza\u0144 do wykonania tego zawodu.<\/p>\"\n\t\t\t\t\t\t\t\t\t}\n\t\t\t}\n\t\t\t,\t\t\t\t{\n\t\t\t\t\"@type\": \"Question\",\n\t\t\t\t\"name\": \"Czego mo\u017cna si\u0119 nauczy\u0107 na szkoleniu?\",\n\t\t\t\t\"acceptedAnswer\": {\n\t\t\t\t\t\"@type\": \"Answer\",\n\t\t\t\t\t\"text\": \"<p>Uczymy pe\u0142nej teorii odno\u015bnie lutownic oraz samego lutowania, mi\u0119dzy innymi dowiesz si\u0119: jak wybra\u0107 lutownic\u0119 oraz narz\u0119dzia niezb\u0119dne do pracy, jak radzi\u0107 sobie z wszelkimi trudno\u015bciami oraz jakie czynno\u015bci kolejno nale\u017cy wykona\u0107, aby dobrze lutowa\u0107.<\/p>\"\n\t\t\t\t\t\t\t\t\t}\n\t\t\t}\n\t\t\t\t\t\t]\n\t}\n<\/script>\n","protected":false},"excerpt":{"rendered":"<p>Z lutowaniem najcz\u0119\u015bciej mamy do czynienia przy elektronice i elektryce, gdzie musimy po\u0142\u0105czy\u0107 ze sob\u0105 r\u00f3\u017cne metale. Na kursie dowiesz si\u0119, w jaki spos\u00f3b spaja\u0107 owe metale, u\u017cywaj\u0105c spoiwa. Podczas tego procesu cz\u0119\u015bci, kt\u00f3re chcemy po\u0142\u0105czy\u0107 nagrzewaj\u0105 si\u0119 (ale nie topi\u0105). Gwarancj\u0105 dobrego po\u0142\u0105czenia dw\u00f3ch cz\u0119\u015bci jest uprzednie dok\u0142adne wyczyszczenie powierzchni lutowanej, zar\u00f3wno mechaniczne, jak i chemiczne. Do kontroli po\u0142\u0105czenia element\u00f3w wykonuje si\u0119 pr\u00f3b\u0119 wodn\u0105, gdy\u017c w ten spos\u00f3b \u0142atwo zauwa\u017cy\u0107 przecieki, czy co\u015b nie wymaga poprawy.&nbsp; Lutowanie dzielimy na nast\u0119puj\u0105ce rodzaje:&nbsp; Na naszym kursie dowiesz si\u0119 wszystkiego o lutowaniu, poznasz rodzaje i w\u0142a\u015bciwo\u015bci, a zdobyt\u0105 wiedz\u0119 wykorzystasz nast\u0119pnie w praktyce podczas \u0107wicze\u0144 z instruktorem.&nbsp;&nbsp; Praca w bran\u017cy&nbsp; Z tak zdobytymi umiej\u0119tno\u015bciami znajdziesz prac\u0119 w przemy\u015ble elektrycznym, elektrotechnicznym, elektronicznym oraz telekomunikacyjnym. Wsz\u0119dzie tam, gdzie jest potrzeba \u0142\u0105czenia przewod\u00f3w m.in. elektrycznych.&nbsp;Lutowanie jest r\u00f3wnie\u017c wykorzystywane w blacharstwie, np. przy produkcji rynien, do produkcji samochod\u00f3w.&nbsp;Innym miejscem, gdzie jest to niezb\u0119dna profesja jest praca przy uk\u0142adach scalonych. Po\u0142\u0105czenie lutowane lepiej przewodz\u0105 pr\u0105d ni\u017c spawane, dlatego w miejscach, gdzie przewody nie musz\u0105 niczego d\u017awiga\u0107, a jedynie zapewni\u0107 dobre przewodzenie, najcz\u0119\u015bciej s\u0105 one lutowane.&nbsp; Wybierz szkolenie odpowiednie do Twoich potrzeb. Oferujemy wyk\u0142ady z teorii, r\u00f3wnie\u017c zdalnie. Nast\u0119pnie odb\u0119d\u0105 si\u0119 zaj\u0119cia praktyczne, a po sko\u0144czonym dwu cz\u0119\u015bciowym szkoleniu b\u0119dziesz m\u00f3g\u0142 podej\u015b\u0107 do egzaminu na uprawnienia.&nbsp; Nauczymy Ci\u0119 m.in.:&nbsp; Etapy procesu lutowania (kolejno\u015b\u0107 jest bardzo wa\u017cna):&nbsp; Praktyka nie raz pokaza\u0142a, \u017ce wymienione etapy zaz\u0119biaj\u0105 si\u0119, a czasem przebiegaj\u0105 jednocze\u015bnie.&nbsp; W trakcie szkolenia nauczysz si\u0119 te\u017c trzech wa\u017cnych rzeczy, kt\u00f3re prowadz\u0105 do idealnego efektu lutowania, a s\u0105 to: przygotowanie, cynowanie i na koniec lutowanie.&nbsp; [&hellip;]<\/p>\n","protected":false},"author":1,"featured_media":2793,"parent":2137,"menu_order":0,"comment_status":"closed","ping_status":"closed","template":"","meta":{"sfsi_plus_gutenberg_text_before_share":"","sfsi_plus_gutenberg_show_text_before_share":"","sfsi_plus_gutenberg_icon_type":"","sfsi_plus_gutenberg_icon_alignemt":"","sfsi_plus_gutenburg_max_per_row":"","footnotes":""},"class_list":["post-2792","page","type-page","status-publish","has-post-thumbnail","hentry","has_thumb"],"aioseo_notices":[],"_links":{"self":[{"href":"https:\/\/odk-ergon.pl\/de\/wp-json\/wp\/v2\/pages\/2792","targetHints":{"allow":["GET"]}}],"collection":[{"href":"https:\/\/odk-ergon.pl\/de\/wp-json\/wp\/v2\/pages"}],"about":[{"href":"https:\/\/odk-ergon.pl\/de\/wp-json\/wp\/v2\/types\/page"}],"author":[{"embeddable":true,"href":"https:\/\/odk-ergon.pl\/de\/wp-json\/wp\/v2\/users\/1"}],"replies":[{"embeddable":true,"href":"https:\/\/odk-ergon.pl\/de\/wp-json\/wp\/v2\/comments?post=2792"}],"version-history":[{"count":5,"href":"https:\/\/odk-ergon.pl\/de\/wp-json\/wp\/v2\/pages\/2792\/revisions"}],"predecessor-version":[{"id":3427,"href":"https:\/\/odk-ergon.pl\/de\/wp-json\/wp\/v2\/pages\/2792\/revisions\/3427"}],"up":[{"embeddable":true,"href":"https:\/\/odk-ergon.pl\/de\/wp-json\/wp\/v2\/pages\/2137"}],"wp:featuredmedia":[{"embeddable":true,"href":"https:\/\/odk-ergon.pl\/de\/wp-json\/wp\/v2\/media\/2793"}],"wp:attachment":[{"href":"https:\/\/odk-ergon.pl\/de\/wp-json\/wp\/v2\/media?parent=2792"}],"curies":[{"name":"wp","href":"https:\/\/api.w.org\/{rel}","templated":true}]}}