{"id":2831,"date":"2023-03-24T13:30:13","date_gmt":"2023-03-24T12:30:13","guid":{"rendered":"https:\/\/odk-ergon.pl\/?page_id=2831"},"modified":"2023-03-25T01:42:07","modified_gmt":"2023-03-25T00:42:07","slug":"anspruche-elektrisch-g1-energie-g2-und-gas-g3","status":"publish","type":"page","link":"https:\/\/odk-ergon.pl\/de\/szkolenia\/szkolenia-sep\/uprawnienia-elektryczne-g1-energetyczne-g2-i-gazowe-g3\/","title":{"rendered":"Qualifikationen in den Bereichen Elektrotechnik (G1), Energie (G2) und Gas (G3)\u00a0"},"content":{"rendered":"\n<p>Firma ERGON oferuje profesjonalne szkolenia typu G1, G2 i G3. Kursy s\u0105 skierowane do os\u00f3b chc\u0105cych uzyska\u0107 lub przed\u0142u\u017cy\u0107 wymagane uprawnienia. Nasz o\u015brodek przygotuj\u0119 Ci\u0119 do pracy z r\u00f3\u017cnymi narz\u0119dziami i kot\u0142ami wykorzystywanych w przemy\u015ble. Szkolenia elektryczne, energetyczne i gazowe s\u0105 prowadzone w zakresie dozoru i eksploatacji.&nbsp;&nbsp;<\/p>\n\n\n\n<h2 class=\"wp-block-heading\"><strong>Uprawnienia elektryczne \u2013 G1<\/strong>&nbsp;<\/h2>\n\n\n\n<p>Szkolenie jest przeznaczone g\u0142\u00f3wnie dla os\u00f3b zajmuj\u0105cych si\u0119 eksploatacj\u0105 i dozorem, urz\u0105dze\u0144, sieci i instalacji elektroenergetycznych a tak\u017ce monta\u017cem instalacji fotowoltaicznych. Uczestnicy podczas szkolenia zapoznaj\u0105 si\u0119 z niezb\u0119dnymi zagadnieniami, kt\u00f3re przydadz\u0105 si\u0119 w pracy a nawet \u017cyciu codziennym.&nbsp;<\/p>\n\n\n\n<h3 class=\"wp-block-heading\"><strong>G\u0142\u00f3wne zagadnienia podczas szkolenia elektrycznego to m.in.:<\/strong>&nbsp;<\/h3>\n\n\n\n<ul class=\"wp-block-list\">\n<li>urz\u0105dzenia, instalacje i sieci elektroenergetyczne o napi\u0119ciu poni\u017cej 1 kV,<\/li>\n\n\n\n<li>elektryczna sie\u0107 trakcyjna,&nbsp;<\/li>\n\n\n\n<li>zasady bezpiecznego u\u017cytkowania urz\u0105dze\u0144, sieci i instalacji elektroenergetycznych,&nbsp;<\/li>\n\n\n\n<li>sieci elektrycznego o\u015bwietlenia ulicznego,&nbsp;<\/li>\n\n\n\n<li>zespo\u0142y pr\u0105dotw\u00f3rcze o mocy wy\u017cszej ni\u017c 50 kW,<\/li>\n\n\n\n<li>urz\u0105dzenia do elektrolizy,&nbsp;<\/li>\n\n\n\n<li>urz\u0105dzenia, instalacje i sieci o napi\u0119ciu znamionowym powy\u017cej 1 kV,<\/li>\n\n\n\n<li>budowy i eksploatacji urz\u0105dze\u0144, instalacji i sieci energetycznych,&nbsp;<\/li>\n\n\n\n<li>sterowanie i zabezpieczenie urz\u0105dze\u0144 i instalacji.&nbsp;<\/li>\n<\/ul>\n\n\n\n<h2 class=\"wp-block-heading\"><strong>Uprawnienia energetyczne \u2013 G2<\/strong>&nbsp;<\/h2>\n\n\n<div class=\"wp-block-image\">\n<figure class=\"alignleft size-large is-resized\"><a href=\"https:\/\/odk-ergon.pl\/wp-content\/uploads\/2023\/03\/G2-ok.jpg\"><img loading=\"lazy\" decoding=\"async\" src=\"https:\/\/odk-ergon.pl\/wp-content\/uploads\/2023\/03\/G2-ok-1024x683.jpg\" alt=\"szkolenie z G2\" class=\"wp-image-2835\" width=\"512\" height=\"342\" srcset=\"https:\/\/odk-ergon.pl\/wp-content\/uploads\/2023\/03\/G2-ok-1024x683.jpg 1024w, https:\/\/odk-ergon.pl\/wp-content\/uploads\/2023\/03\/G2-ok-300x200.jpg 300w, https:\/\/odk-ergon.pl\/wp-content\/uploads\/2023\/03\/G2-ok-768x512.jpg 768w, https:\/\/odk-ergon.pl\/wp-content\/uploads\/2023\/03\/G2-ok-18x12.jpg 18w, https:\/\/odk-ergon.pl\/wp-content\/uploads\/2023\/03\/G2-ok-624x416.jpg 624w, https:\/\/odk-ergon.pl\/wp-content\/uploads\/2023\/03\/G2-ok.jpg 1200w\" sizes=\"auto, (max-width: 512px) 100vw, 512px\" \/><\/a><\/figure>\n<\/div>\n\n\n<p>Szkolenia z tej dziedziny s\u0105 przeznaczone dla os\u00f3b zajmuj\u0105cych si\u0119 dozorem i\/lub eksploatacj\u0105 instalacji, urz\u0105dze\u0144 i sieci cieplnych.&nbsp;<\/p>\n\n\n\n<h3 class=\"wp-block-heading\"><strong>G\u0142\u00f3wne zagadnienia podczas szkolenia energetycznego to m.in.:<\/strong>&nbsp;<\/h3>\n\n\n\n<ul class=\"wp-block-list\">\n<li>kot\u0142y parowe oraz wodne na paliwa sta\u0142e, p\u0142ynne i gazowe, o mocy powy\u017cej 50 kW,&nbsp;<\/li>\n\n\n\n<li>budowa i eksploatacja urz\u0105dze\u0144, instalacji i sieci energetycznych,&nbsp;<\/li>\n\n\n\n<li>sieci i instalacje cieplne wraz z urz\u0105dzeniami pomocniczymi,<\/li>\n\n\n\n<li>przemys\u0142owe urz\u0105dzenia odbiorcze pary i gor\u0105cej wody o mocy powy\u017cej 50 kW,&nbsp;<\/li>\n\n\n\n<li>urz\u0105dzenia wentylacji klimatyzacji i ch\u0142odnicze o mocy powy\u017cej 50 kW,&nbsp;<\/li>\n\n\n\n<li>pompy, ssawy, wentylatory i dmuchawy o mocy powy\u017cej 50 kW,&nbsp;<\/li>\n\n\n\n<li>spr\u0119\u017carki o mocy powy\u017cej 20 kW oraz instalacje spr\u0119\u017conego powietrza i gaz\u00f3w technicznych,&nbsp;<\/li>\n\n\n\n<li>urz\u0105dzenia do sk\u0142adowania, magazynowania i roz\u0142adunku paliw, o pojemno\u015bci sk\u0142adowania odpowiadaj\u0105cej masie ponad 100 Mg,&nbsp;<\/li>\n\n\n\n<li>piece przemys\u0142owe o mocy powy\u017cej 50 kW.&nbsp;<\/li>\n<\/ul>\n\n\n\n<h2 class=\"wp-block-heading\"><strong>Uprawnienia gazowe \u2013 G3<\/strong>&nbsp;<\/h2>\n\n\n\n<p>Kursy gazowe s\u0105 przeznaczone dla pracownik\u00f3w chc\u0105cych zaj\u0105\u0107 si\u0119 eksploatacj\u0105 i\/lub dozorem urz\u0105dze\u0144, instalacji i sieci gazowych.&nbsp;<\/p>\n\n\n\n<h3 class=\"wp-block-heading\"><strong>G\u0142\u00f3wne zagadnienia podczas szkolenia gazowego to m.in.:<\/strong>&nbsp;<\/h3>\n\n\n\n<ul class=\"wp-block-list\">\n<li>sieci gazowe przesy\u0142owe o ci\u015bnieniu powy\u017cej 0,5 MPa,&nbsp;<\/li>\n\n\n\n<li>sieci gazowe rozdzielcze o ci\u015bnieniu poni\u017cej 0,5 MPa,&nbsp;<\/li>\n\n\n\n<li>urz\u0105dzenia do produkcji paliw gazowych, generatory gazu,&nbsp;<\/li>\n\n\n\n<li>urz\u0105dzenia do przetwarzania i uzdatniania paliw gazowych,&nbsp;<\/li>\n\n\n\n<li>przemys\u0142owe odbiorniki paliw gazowych o mocy powy\u017cej 50 kW,&nbsp;<\/li>\n\n\n\n<li>rozk\u0142adnie paliw gazowych,<\/li>\n\n\n\n<li>urz\u0105dzenia przer\u00f3bki gazu ziemnego, oczyszczalnie gazu,&nbsp;<\/li>\n\n\n\n<li>rozpr\u0119\u017canie i rozlewnie gazu p\u0142ynnego,&nbsp;<\/li>\n\n\n\n<li>udzielanie pierwszej pomocy,&nbsp;<\/li>\n\n\n\n<li>zasady bezpiecznego u\u017cytku instalacji,&nbsp;<\/li>\n\n\n\n<li>ochrona przeciwpo\u017carowa,<\/li>\n\n\n\n<li>urz\u0105dzenia i instalacje gazowe o ci\u015bnieniu nie wy\u017cszym ni\u017c 5 kPa,&nbsp;<\/li>\n\n\n\n<li>urz\u0105dzenia i instalacje gazowe o ci\u015bnieniu powy\u017cej 5 kPa.&nbsp;<\/li>\n<\/ul>\n\n\n\n<h2 class=\"wp-block-heading\"><strong>Uko\u0144czony kurs nadaje uprawnienia na do:<\/strong>&nbsp;<\/h2>\n\n\n\n<ul class=\"wp-block-list\">\n<li>obs\u0142ugi,<\/li>\n\n\n\n<li>konserwacji,&nbsp;<\/li>\n\n\n\n<li>monta\u017cu,&nbsp;<\/li>\n\n\n\n<li>remontu,&nbsp;<\/li>\n\n\n\n<li>prac kontrolno\u2013pomiarowych.&nbsp;<\/li>\n<\/ul>\n\n\n\n<p>Wy\u017cej wymienione czynno\u015bci odpowiadaj\u0105 uprawnieniom G1, G2 i G3.&nbsp;<\/p>\n\n\n\n<h2 class=\"wp-block-heading\"><strong>Egzamin<\/strong>&nbsp;<\/h2>\n\n\n<div class=\"wp-block-image\">\n<figure class=\"alignleft size-full is-resized\"><a href=\"https:\/\/odk-ergon.pl\/wp-content\/uploads\/2023\/03\/G3-2-1.jpg\"><img loading=\"lazy\" decoding=\"async\" src=\"https:\/\/odk-ergon.pl\/wp-content\/uploads\/2023\/03\/G3-2-1.jpg\" alt=\"egzamin z G2\" class=\"wp-image-2836\" width=\"500\" height=\"400\" srcset=\"https:\/\/odk-ergon.pl\/wp-content\/uploads\/2023\/03\/G3-2-1.jpg 1000w, https:\/\/odk-ergon.pl\/wp-content\/uploads\/2023\/03\/G3-2-1-300x240.jpg 300w, https:\/\/odk-ergon.pl\/wp-content\/uploads\/2023\/03\/G3-2-1-768x614.jpg 768w, https:\/\/odk-ergon.pl\/wp-content\/uploads\/2023\/03\/G3-2-1-15x12.jpg 15w, https:\/\/odk-ergon.pl\/wp-content\/uploads\/2023\/03\/G3-2-1-624x499.jpg 624w\" sizes=\"auto, (max-width: 500px) 100vw, 500px\" \/><\/a><\/figure>\n<\/div>\n\n\n<p>Kursy elektryczne, energetyczne i gazowe ko\u0144cz\u0105 si\u0119 egzaminem w formie ustnej, przed komisj\u0105 SEP. Pozytywny wynik egzaminu nadaje uprawnienia do wykonywania zawodu na okres 5 lat. Po up\u0142ywie czasu nale\u017cy odnowi\u0107 uprawnienia.&nbsp;<\/p>\n\n\n\n<p>Uczestnik przyst\u0119puj\u0105c do szkolenia musi mie\u0107 uko\u0144czone 18 lat i posiada\u0107 wykszta\u0142cenie przynajmniej podstawowe.&nbsp;<\/p>\n\n\n\n<p><\/p>\n\n\n\n<h2 class=\"wp-block-heading\"><strong>W naszym o\u015brodku powadzimy, tak\u017ce inne kursy i szkolenia takie jak:<\/strong>&nbsp;<\/h2>\n\n\n\n<ul class=\"wp-block-list\">\n<li>szkolenia na spr\u0119\u017carki,<\/li>\n\n\n\n<li>kursy na operatora w\u00f3zka wid\u0142owego,&nbsp;<\/li>\n\n\n\n<li>kursy alpinistyczne,&nbsp;<\/li>\n\n\n\n<li>kursy offshore i onshore.&nbsp;<\/li>\n<\/ul>\n\n\n\n<h2 class=\"wp-block-heading\">Pytania i odpowiedzi<\/h2>\n\n\n\t\t<details\t\thelp class=\"sc_fs_faq sc_card    \"\n\t\topen\t\t>\n\t\t\t\t\t<summary>\n\t\t\t\t<h3>Na ile lat s\u0105 wydawane uprawnienia elektryczne? <\/h3>\t\t\t\t\t<\/summary>\n\t\t\t\t<div>\n\t\t\t\t\t\t<div class=\"sc_fs_faq__content\">\n\t\t\t\t\n\n<p>Pozytywny wynik egzaminu nadaj\u0119 uczestnikowi uprawnienia do wykonywania zawodu na okres 5 lat od ich zdobycia.&nbsp;<\/p>\n\n\t\t\t<\/div>\n\t\t<\/div>\n\t\t<\/details>\n\t\t\t\t<details\t\thelp class=\"sc_fs_faq sc_card    \"\n\t\t\t\t>\n\t\t\t\t\t<summary>\n\t\t\t\t<h3>Czy w o\u015brodku s\u0105 prowadzone zaj\u0119cia dozoru instalacji gazowych? <\/h3>\t\t\t\t\t<\/summary>\n\t\t\t\t<div>\n\t\t\t\t\t\t<div class=\"sc_fs_faq__content\">\n\t\t\t\t\n\n<p>Tak, w naszym o\u015brodku przeprowadzamy kursy dozoru i eksploatacji na uprawnienia gazowe, elektryczne i energetyczne.&nbsp;<\/p>\n\n\t\t\t<\/div>\n\t\t<\/div>\n\t\t<\/details>\n\t\t\t\t<details\t\thelp class=\"sc_fs_faq sc_card    \"\n\t\t\t\t>\n\t\t\t\t\t<summary>\n\t\t\t\t<h3>Czy zakres nauczania obejmuje zasady pierwszej pomocy? <\/h3>\t\t\t\t\t<\/summary>\n\t\t\t\t<div>\n\t\t\t\t\t\t<div class=\"sc_fs_faq__content\">\n\t\t\t\t\n\n<p>Tak, w programie nauczania s\u0105 prowadzone zaj\u0119cia z pierwszej pomocy.&nbsp;<\/p>\n\n\t\t\t<\/div>\n\t\t<\/div>\n\t\t<\/details>\n\t\t\t\t<details\t\thelp class=\"sc_fs_faq sc_card    \"\n\t\t\t\t>\n\t\t\t\t\t<summary>\n\t\t\t\t<h3>Czy po uko\u0144czonym kursie elektrycznym mog\u0119 zosta\u0107 konserwatorem sieci? <\/h3>\t\t\t\t\t<\/summary>\n\t\t\t\t<div>\n\t\t\t\t\t\t<div class=\"sc_fs_faq__content\">\n\t\t\t\t\n\n<p>Tak, uprawnienia daj\u0105 na mo\u017cliwo\u015b\u0107 do obs\u0142ugi, konserwacji a tak\u017ce monta\u017cu sieci, urz\u0105dze\u0144 i instalacji elektrycznych, gazowych i energetycznych.&nbsp;<\/p>\n\n\t\t\t<\/div>\n\t\t<\/div>\n\t\t<\/details>\n\t\t\n<script type=\"application\/ld+json\">\n\t{\n\t\t\"@context\": \"https:\/\/schema.org\",\n\t\t\"@type\": \"FAQPage\",\n\t\t\"mainEntity\": [\n\t\t\t\t\t{\n\t\t\t\t\"@type\": \"Question\",\n\t\t\t\t\"name\": \"Na ile lat s\u0105 wydawane uprawnienia elektryczne? \",\n\t\t\t\t\"acceptedAnswer\": {\n\t\t\t\t\t\"@type\": \"Answer\",\n\t\t\t\t\t\"text\": \"<p>Pozytywny wynik egzaminu nadaj\u0119 uczestnikowi uprawnienia do wykonywania zawodu na okres 5 lat od ich zdobycia.&nbsp;<\/p>\"\n\t\t\t\t\t\t\t\t\t}\n\t\t\t}\n\t\t\t,\t\t\t\t{\n\t\t\t\t\"@type\": \"Question\",\n\t\t\t\t\"name\": \"Czy w o\u015brodku s\u0105 prowadzone zaj\u0119cia dozoru instalacji gazowych? \",\n\t\t\t\t\"acceptedAnswer\": {\n\t\t\t\t\t\"@type\": \"Answer\",\n\t\t\t\t\t\"text\": \"<p>Tak, w naszym o\u015brodku przeprowadzamy kursy dozoru i eksploatacji na uprawnienia gazowe, elektryczne i energetyczne.&nbsp;<\/p>\"\n\t\t\t\t\t\t\t\t\t}\n\t\t\t}\n\t\t\t,\t\t\t\t{\n\t\t\t\t\"@type\": \"Question\",\n\t\t\t\t\"name\": \"Czy zakres nauczania obejmuje zasady pierwszej pomocy? \",\n\t\t\t\t\"acceptedAnswer\": {\n\t\t\t\t\t\"@type\": \"Answer\",\n\t\t\t\t\t\"text\": \"<p>Tak, w programie nauczania s\u0105 prowadzone zaj\u0119cia z pierwszej pomocy.&nbsp;<\/p>\"\n\t\t\t\t\t\t\t\t\t}\n\t\t\t}\n\t\t\t,\t\t\t\t{\n\t\t\t\t\"@type\": \"Question\",\n\t\t\t\t\"name\": \"Czy po uko\u0144czonym kursie elektrycznym mog\u0119 zosta\u0107 konserwatorem sieci? \",\n\t\t\t\t\"acceptedAnswer\": {\n\t\t\t\t\t\"@type\": \"Answer\",\n\t\t\t\t\t\"text\": \"<p>Tak, uprawnienia daj\u0105 na mo\u017cliwo\u015b\u0107 do obs\u0142ugi, konserwacji a tak\u017ce monta\u017cu sieci, urz\u0105dze\u0144 i instalacji elektrycznych, gazowych i energetycznych.&nbsp;<\/p>\"\n\t\t\t\t\t\t\t\t\t}\n\t\t\t}\n\t\t\t\t\t\t]\n\t}\n<\/script>\n","protected":false},"excerpt":{"rendered":"<p>ERGON bietet professionelle G1-, G2- und G3-Schulungen an. Die Kurse richten sich an Personen, die die erforderlichen Qualifikationen erwerben oder erneuern m\u00f6chten. Unser Zentrum bereitet Sie auf die Arbeit mit den verschiedenen in der Industrie verwendeten Werkzeugen und Heizkesseln vor. Es werden Schulungen in den Bereichen Elektrik, Strom und Gas f\u00fcr die \u00dcberwachung und Bedienung angeboten.   Elektrische Zulassungen - G1 Die Ausbildung richtet sich vor allem an Personen, die mit dem Betrieb und der \u00dcberwachung von Ger\u00e4ten, Netzen und elektrischen Anlagen sowie mit der Installation von Photovoltaikanlagen befasst sind. W\u00e4hrend der Schulung lernen die Teilnehmer notwendige Themen kennen, die bei der Arbeit und sogar im Alltag n\u00fctzlich sind.  Zu den Hauptthemen der Elektroschulung geh\u00f6ren:  Energiegenehmigungen - G2 Die Ausbildung in diesem Bereich richtet sich an Personen, die mit der \u00dcberwachung und\/oder dem Betrieb von thermischen Anlagen, Ger\u00e4ten und Netzen befasst sind.  Zu den Hauptthemen der Ausbildung im Bereich Energie geh\u00f6ren:  Gasberechtigungen - G3 Gaskurse richten sich an Mitarbeiter, die mit dem Betrieb und\/oder der \u00dcberwachung von Gasanlagen, -einrichtungen und -netzen befasst sind.  Zu den Hauptthemen der Gasschulung geh\u00f6ren:  Der Abschluss des Kurses berechtigt zu:  Die oben aufgef\u00fchrten T\u00e4tigkeiten entsprechen den Lizenzen G1, G2 und G3.  Pr\u00fcfung Die Elektro-, Energie- und Gaskurse schlie\u00dfen mit einer m\u00fcndlichen Pr\u00fcfung vor einer SEP-Kommission ab. Ein positives Ergebnis der Pr\u00fcfung berechtigt zur Aus\u00fcbung des Berufs f\u00fcr einen Zeitraum von 5 Jahren. Nach Ablauf dieser Zeit muss die Berechtigung erneuert werden.  Der Teilnehmer muss zum Zeitpunkt des Kurses mindestens 18 Jahre alt sein und mindestens \u00fcber eine Grundschulausbildung verf\u00fcgen.  In unserem Zentrum bieten wir auch andere Kurse und Schulungen an, wie z. B.: Fragen und Antworten<\/p>","protected":false},"author":1,"featured_media":2833,"parent":1567,"menu_order":0,"comment_status":"closed","ping_status":"closed","template":"","meta":{"sfsi_plus_gutenberg_text_before_share":"","sfsi_plus_gutenberg_show_text_before_share":"","sfsi_plus_gutenberg_icon_type":"","sfsi_plus_gutenberg_icon_alignemt":"","sfsi_plus_gutenburg_max_per_row":"","footnotes":""},"class_list":["post-2831","page","type-page","status-publish","has-post-thumbnail","hentry","has_thumb"],"aioseo_notices":[],"_links":{"self":[{"href":"https:\/\/odk-ergon.pl\/de\/wp-json\/wp\/v2\/pages\/2831","targetHints":{"allow":["GET"]}}],"collection":[{"href":"https:\/\/odk-ergon.pl\/de\/wp-json\/wp\/v2\/pages"}],"about":[{"href":"https:\/\/odk-ergon.pl\/de\/wp-json\/wp\/v2\/types\/page"}],"author":[{"embeddable":true,"href":"https:\/\/odk-ergon.pl\/de\/wp-json\/wp\/v2\/users\/1"}],"replies":[{"embeddable":true,"href":"https:\/\/odk-ergon.pl\/de\/wp-json\/wp\/v2\/comments?post=2831"}],"version-history":[{"count":5,"href":"https:\/\/odk-ergon.pl\/de\/wp-json\/wp\/v2\/pages\/2831\/revisions"}],"predecessor-version":[{"id":3287,"href":"https:\/\/odk-ergon.pl\/de\/wp-json\/wp\/v2\/pages\/2831\/revisions\/3287"}],"up":[{"embeddable":true,"href":"https:\/\/odk-ergon.pl\/de\/wp-json\/wp\/v2\/pages\/1567"}],"wp:featuredmedia":[{"embeddable":true,"href":"https:\/\/odk-ergon.pl\/de\/wp-json\/wp\/v2\/media\/2833"}],"wp:attachment":[{"href":"https:\/\/odk-ergon.pl\/de\/wp-json\/wp\/v2\/media?parent=2831"}],"curies":[{"name":"wp","href":"https:\/\/api.w.org\/{rel}","templated":true}]}}