{"id":2838,"date":"2023-03-24T13:33:29","date_gmt":"2023-03-24T12:33:29","guid":{"rendered":"https:\/\/odk-ergon.pl\/?page_id=2838"},"modified":"2023-03-25T01:42:57","modified_gmt":"2023-03-25T00:42:57","slug":"anspruche-udt-unterhalt-fahrzeug-fahrer","status":"publish","type":"page","link":"https:\/\/odk-ergon.pl\/de\/szkolenia\/uprawnienia-udt-tdt\/uprawnienia-udt-na-konserwatora-wozka-jezdniowego\/","title":{"rendered":"UDT-Genehmigung f\u00fcr Gabelstapler-Wartungspersonal"},"content":{"rendered":"\n<p>Firma ERGON przeprowadza kursy w zakresie Urz\u0105dze\u0144 Transportu Bliskiego (UTB). Szkolimy m.in. operator\u00f3w, konserwator\u00f3w i innych specjalist\u00f3w. Posiadamy niezb\u0119dn\u0105 wiedz\u0119 i kadr\u0119 specjalist\u00f3w do przeprowadzania szkole\u0144 na terenie ca\u0142ej Polski.&nbsp;<\/p>\n\n\n\n<p>Oferujemy szkolenia na konserwator\u00f3w w\u00f3zk\u00f3w jezdniowych podno\u015bnikowych z mechanicznym nap\u0119dem podnoszenia: w\u00f3zki jezdniowe podno\u015bnikowe z wy\u0142\u0105czeniem specjalizowanych.&nbsp;&nbsp;<\/p>\n\n\n\n<h2 class=\"wp-block-heading\"><strong>Szkolenia konserwatora UTB<\/strong>&nbsp;<\/h2>\n\n\n\n<p>Zaj\u0119cia w naszym o\u015brodku s\u0105 przeprowadzane w formie teoretycznej jak i praktycznej, program szkoleniowy jest zgodny z wymogami Urz\u0119du Dozoru Technicznego. Podczas szkolenia konserwatora w\u00f3zk\u00f3w jezdniowych, kursant zapozna si\u0119 z elektryk\u0105, mechanizacj\u0105 i planami konserwacyjnymi.&nbsp;&nbsp;<\/p>\n\n\n\n<h3 class=\"wp-block-heading\"><strong>Program szkoleniowy zawiera takie zagadnienia jak:<\/strong>&nbsp;<\/h3>\n\n\n\n<ul class=\"wp-block-list\">\n<li>dokumentacja techniczna \u2013 om\u00f3wienie dokumentacji i instrukcji urz\u0105dze\u0144;<\/li>\n\n\n\n<li>budowa w\u00f3zk\u00f3w jezdniowych \u2013 zapoznanie si\u0119 z uk\u0142adem hydraulicznym i hamulcowym, instalacj\u0105 elektryczn\u0105 i nap\u0119dem;&nbsp;<\/li>\n\n\n\n<li>zasady czyszczenia i naprawy urz\u0105dze\u0144 \u2013 przeprowadzanie napraw;&nbsp;&nbsp;<\/li>\n\n\n\n<li>plany konserwacji \u2013 wykonywanie plan\u00f3w dzia\u0142ania w zakresie naprawy i konserwacji;<\/li>\n\n\n\n<li>zasady BHP;&nbsp;<\/li>\n\n\n\n<li>przegl\u0105dy konserwacyjne \u2013 zlokalizowanie usterki i jej zlikwidowanie;&nbsp;<\/li>\n\n\n\n<li>obowi\u0105zki i uprawnienia \u2013 om\u00f3wienie aktualnych obowi\u0105zk\u00f3w i uprawnie\u0144 na stanowisku konserwatora w\u00f3zk\u00f3w jezdniowych;&nbsp;&nbsp;<\/li>\n\n\n\n<li>Ksi\u0105\u017cka konserwacji \u2013 zapoznanie si\u0119 z zasadami prowadzenia i obs\u0142ug\u0105.&nbsp;<\/li>\n<\/ul>\n\n\n\n<figure class=\"wp-block-image size-full is-resized\"><a href=\"https:\/\/odk-ergon.pl\/wp-content\/uploads\/2023\/03\/jezdniowy-2.jpg\"><img loading=\"lazy\" decoding=\"async\" src=\"https:\/\/odk-ergon.pl\/wp-content\/uploads\/2023\/03\/jezdniowy-2.jpg\" alt=\"grupa kursant\u00f3w na hali\" class=\"wp-image-2841\" width=\"512\" height=\"342\" srcset=\"https:\/\/odk-ergon.pl\/wp-content\/uploads\/2023\/03\/jezdniowy-2.jpg 1024w, https:\/\/odk-ergon.pl\/wp-content\/uploads\/2023\/03\/jezdniowy-2-300x200.jpg 300w, https:\/\/odk-ergon.pl\/wp-content\/uploads\/2023\/03\/jezdniowy-2-768x512.jpg 768w, https:\/\/odk-ergon.pl\/wp-content\/uploads\/2023\/03\/jezdniowy-2-18x12.jpg 18w, https:\/\/odk-ergon.pl\/wp-content\/uploads\/2023\/03\/jezdniowy-2-624x416.jpg 624w\" sizes=\"auto, (max-width: 512px) 100vw, 512px\" \/><\/a><\/figure>\n\n\n\n<h2 class=\"wp-block-heading\"><strong>Egzamin i certyfikat<\/strong>&nbsp;<\/h2>\n\n\n\n<p>Po zako\u0144czonym szkoleniu w naszym o\u015brodku, kursant podchodzi do egzaminu wewn\u0119trznego, po czym podchodzi do zdania go przed komisja powo\u0142an\u0105 przez UDT. Pozytywny wynik testu daje uczestnikowi za\u015bwiadczenie kwalifikacyjne UDT, kt\u00f3re jest wa\u017cne bezterminowo. Dokument potwierdza znajomo\u015b\u0107 warunk\u00f3w technicznych UDT, obowi\u0105zuj\u0105cych przepis\u00f3w prawnych, a tak\u017ce umiej\u0119tno\u015bci praktycznych w zakresie dzia\u0142ania konserwacji w\u00f3zk\u00f3w jezdniowych podno\u015bnikowych.&nbsp;&nbsp;<\/p>\n\n\n\n<h2 class=\"wp-block-heading\"><strong>Czym zajmuje si\u0119 konserwator w\u00f3zk\u00f3w jezdniowych?<\/strong>&nbsp;<\/h2>\n\n\n\n<p>Zaw\u00f3d konserwatora nie nale\u017cy do naj\u0142atwiejszych i spoczywa na nim du\u017ca odpowiedzialno\u015b\u0107. G\u0142\u00f3wnym zadaniem specjalisty jest naprawa urz\u0105dzenia, szczeg\u00f3lnie odpowiadaj\u0105c za weryfikacje stanu technicznego a tak\u017ce nadz\u00f3r nad danym urz\u0105dzeniem. Konserwator zajmuje si\u0119 tak\u017ce, przygotowaniem sprz\u0119tu do odbioru przez Urz\u0105d Dozoru Technicznego. Ka\u017cda wykonana czynno\u015b\u0107 z urz\u0105dzeniem powinna zosta\u0107 odnotowana i dok\u0142adnie opisana w dzienniku konserwacji.&nbsp;&nbsp;<\/p>\n\n\n\n<h3 class=\"wp-block-heading\"><strong>Podstawowy przegl\u0105d polega m.in. na:<\/strong>&nbsp;<\/h3>\n\n\n\n<ul class=\"wp-block-list\">\n<li>weryfikacji og\u00f3lnego stanu technicznego urz\u0105dzenia,<\/li>\n\n\n\n<li>wykonaniem przegl\u0105du o\u015bwietlenia,&nbsp;<\/li>\n\n\n\n<li>sprawdzeniu zu\u017cycia osprz\u0119tu.&nbsp;<\/li>\n<\/ul>\n\n\n\n<h2 class=\"wp-block-heading\"><strong>Cel szkolenia<\/strong>&nbsp;<\/h2>\n\n\n\n<figure class=\"wp-block-image size-full is-resized\"><a href=\"https:\/\/odk-ergon.pl\/wp-content\/uploads\/2023\/03\/jezdniowy.jpg\"><img loading=\"lazy\" decoding=\"async\" src=\"https:\/\/odk-ergon.pl\/wp-content\/uploads\/2023\/03\/jezdniowy.jpg\" alt=\"przegl\u0105d w\u00f3zka jezdniowego\" class=\"wp-image-2842\" width=\"512\" height=\"342\" srcset=\"https:\/\/odk-ergon.pl\/wp-content\/uploads\/2023\/03\/jezdniowy.jpg 1024w, https:\/\/odk-ergon.pl\/wp-content\/uploads\/2023\/03\/jezdniowy-300x200.jpg 300w, https:\/\/odk-ergon.pl\/wp-content\/uploads\/2023\/03\/jezdniowy-768x512.jpg 768w, https:\/\/odk-ergon.pl\/wp-content\/uploads\/2023\/03\/jezdniowy-18x12.jpg 18w, https:\/\/odk-ergon.pl\/wp-content\/uploads\/2023\/03\/jezdniowy-624x416.jpg 624w\" sizes=\"auto, (max-width: 512px) 100vw, 512px\" \/><\/a><\/figure>\n\n\n\n<p>Celem kursu jest przygotowanie uczestnika do uzyskania kwalifikacji konserwatora w\u00f3zk\u00f3w jezdniowych z mechanicznym nap\u0119dem podnoszenia. Kadra naszych specjalist\u00f3w, pomo\u017ce Ci w zdobyciu wymaganych uprawnie\u0144. Nasz o\u015brodek szkoleniowy posiada bardzo du\u017cy pr\u00f3g zdawalno\u015bci.&nbsp;<\/p>\n\n\n\n<h2 class=\"wp-block-heading\"><strong>Do kogo kierowane jest szkolenie?<\/strong>&nbsp;<\/h2>\n\n\n\n<p>Szkolenie jest adresowane do wszystkich os\u00f3b chc\u0105cych podwy\u017cszy\u0107 swoje kwalifikacje zawodowe. Szczeg\u00f3lnie zach\u0119camy operator\u00f3w w\u00f3zk\u00f3w, elektryk\u00f3w, mechanik\u00f3w i pasjonat\u00f3w wszelkich napraw. Aby zosta\u0107 specjalist\u0105 nie trzeba mie\u0107 specjalnego wykszta\u0142cenia, wystarczy \u017ce zapiszesz si\u0119 na nasz kurs zawodowy.&nbsp;&nbsp;<\/p>\n\n\n\n<h2 class=\"wp-block-heading\"><strong>Warunki przyst\u0105pienia do szkolenia:<\/strong>&nbsp;<\/h2>\n\n\n\n<ul class=\"wp-block-list\">\n<li>uko\u0144czone 18 lat,<\/li>\n\n\n\n<li>wykszta\u0142cenie przynajmniej podstawowe,&nbsp;<\/li>\n\n\n\n<li>za\u015bwiadczenie od lekarza medycyny pracy o braku przeciwwskaza\u0144 lekarskich do wykonywania zawodu.&nbsp;<\/li>\n<\/ul>\n\n\n\n<h2 class=\"wp-block-heading\"><strong>Inne kursy zawodowe:<\/strong>&nbsp;<\/h2>\n\n\n\n<ul class=\"wp-block-list\">\n<li>kurs operatora koparko\u2013\u0142adowarki,&nbsp;<\/li>\n\n\n\n<li>kurs konserwatora rusztowa\u0144,<\/li>\n\n\n\n<li>kurs konserwatora suwnic.&nbsp;<\/li>\n<\/ul>\n\n\n\n<h2 class=\"wp-block-heading\">Pytania i odpowiedzi<\/h2>\n\n\n\t\t<details\t\thelp class=\"sc_fs_faq sc_card    \"\n\t\topen\t\t>\n\t\t\t\t\t<summary>\n\t\t\t\t<h3>Na jaki okres czasu jest wydawane za\u015bwiadczenie kwalifikacyjne konserwatora w\u00f3zka jezdniowego podno\u015bnikowego? <\/h3>\t\t\t\t\t<\/summary>\n\t\t\t\t<div>\n\t\t\t\t\t\t<div class=\"sc_fs_faq__content\">\n\t\t\t\t\n\n<p>Za\u015bwiadczenie kwalifikacyjne na konserwatora UDT w\u00f3zka jezdniowego, jest wydawane bezterminowo.&nbsp;<\/p>\n\n\t\t\t<\/div>\n\t\t<\/div>\n\t\t<\/details>\n\t\t\t\t<details\t\thelp class=\"sc_fs_faq sc_card    \"\n\t\t\t\t>\n\t\t\t\t\t<summary>\n\t\t\t\t<h3>Czy aby zosta\u0107 konserwatorem w\u00f3zk\u00f3w jezdniowych podno\u015bnikowych, trzeba posiada\u0107 wykszta\u0142cenie mechanika? <\/h3>\t\t\t\t\t<\/summary>\n\t\t\t\t<div>\n\t\t\t\t\t\t<div class=\"sc_fs_faq__content\">\n\t\t\t\t\n\n<p>Nie, aby przyst\u0105pi\u0107 do szkolenia na konserwatora w\u00f3zk\u00f3w jezdniowych podno\u015bnikowych, wystarczy posiada\u0107 wykszta\u0142cenie podstawowe.&nbsp;<\/p>\n\n\t\t\t<\/div>\n\t\t<\/div>\n\t\t<\/details>\n\t\t\n<script type=\"application\/ld+json\">\n\t{\n\t\t\"@context\": \"https:\/\/schema.org\",\n\t\t\"@type\": \"FAQPage\",\n\t\t\"mainEntity\": [\n\t\t\t\t\t{\n\t\t\t\t\"@type\": \"Question\",\n\t\t\t\t\"name\": \"Na jaki okres czasu jest wydawane za\u015bwiadczenie kwalifikacyjne konserwatora w\u00f3zka jezdniowego podno\u015bnikowego? \",\n\t\t\t\t\"acceptedAnswer\": {\n\t\t\t\t\t\"@type\": \"Answer\",\n\t\t\t\t\t\"text\": \"<p>Za\u015bwiadczenie kwalifikacyjne na konserwatora UDT w\u00f3zka jezdniowego, jest wydawane bezterminowo.&nbsp;<\/p>\"\n\t\t\t\t\t\t\t\t\t}\n\t\t\t}\n\t\t\t,\t\t\t\t{\n\t\t\t\t\"@type\": \"Question\",\n\t\t\t\t\"name\": \"Czy aby zosta\u0107 konserwatorem w\u00f3zk\u00f3w jezdniowych podno\u015bnikowych, trzeba posiada\u0107 wykszta\u0142cenie mechanika? \",\n\t\t\t\t\"acceptedAnswer\": {\n\t\t\t\t\t\"@type\": \"Answer\",\n\t\t\t\t\t\"text\": \"<p>Nie, aby przyst\u0105pi\u0107 do szkolenia na konserwatora w\u00f3zk\u00f3w jezdniowych podno\u015bnikowych, wystarczy posiada\u0107 wykszta\u0142cenie podstawowe.&nbsp;<\/p>\"\n\t\t\t\t\t\t\t\t\t}\n\t\t\t}\n\t\t\t\t\t\t]\n\t}\n<\/script>\n","protected":false},"excerpt":{"rendered":"<p>Firma ERGON przeprowadza kursy w zakresie Urz\u0105dze\u0144 Transportu Bliskiego (UTB). Szkolimy m.in. operator\u00f3w, konserwator\u00f3w i innych specjalist\u00f3w. Posiadamy niezb\u0119dn\u0105 wiedz\u0119 i kadr\u0119 specjalist\u00f3w do przeprowadzania szkole\u0144 na terenie ca\u0142ej Polski.&nbsp; Oferujemy szkolenia na konserwator\u00f3w w\u00f3zk\u00f3w jezdniowych podno\u015bnikowych z mechanicznym nap\u0119dem podnoszenia: w\u00f3zki jezdniowe podno\u015bnikowe z wy\u0142\u0105czeniem specjalizowanych.&nbsp;&nbsp; Szkolenia konserwatora UTB&nbsp; Zaj\u0119cia w naszym o\u015brodku s\u0105 przeprowadzane w formie teoretycznej jak i praktycznej, program szkoleniowy jest zgodny z wymogami Urz\u0119du Dozoru Technicznego. Podczas szkolenia konserwatora w\u00f3zk\u00f3w jezdniowych, kursant zapozna si\u0119 z elektryk\u0105, mechanizacj\u0105 i planami konserwacyjnymi.&nbsp;&nbsp; Program szkoleniowy zawiera takie zagadnienia jak:&nbsp; Egzamin i certyfikat&nbsp; Po zako\u0144czonym szkoleniu w naszym o\u015brodku, kursant podchodzi do egzaminu wewn\u0119trznego, po czym podchodzi do zdania go przed komisja powo\u0142an\u0105 przez UDT. Pozytywny wynik testu daje uczestnikowi za\u015bwiadczenie kwalifikacyjne UDT, kt\u00f3re jest wa\u017cne bezterminowo. Dokument potwierdza znajomo\u015b\u0107 warunk\u00f3w technicznych UDT, obowi\u0105zuj\u0105cych przepis\u00f3w prawnych, a tak\u017ce umiej\u0119tno\u015bci praktycznych w zakresie dzia\u0142ania konserwacji w\u00f3zk\u00f3w jezdniowych podno\u015bnikowych.&nbsp;&nbsp; Czym zajmuje si\u0119 konserwator w\u00f3zk\u00f3w jezdniowych?&nbsp; Zaw\u00f3d konserwatora nie nale\u017cy do naj\u0142atwiejszych i spoczywa na nim du\u017ca odpowiedzialno\u015b\u0107. G\u0142\u00f3wnym zadaniem specjalisty jest naprawa urz\u0105dzenia, szczeg\u00f3lnie odpowiadaj\u0105c za weryfikacje stanu technicznego a tak\u017ce nadz\u00f3r nad danym urz\u0105dzeniem. Konserwator zajmuje si\u0119 tak\u017ce, przygotowaniem sprz\u0119tu do odbioru przez Urz\u0105d Dozoru Technicznego. Ka\u017cda wykonana czynno\u015b\u0107 z urz\u0105dzeniem powinna zosta\u0107 odnotowana i dok\u0142adnie opisana w dzienniku konserwacji.&nbsp;&nbsp; Podstawowy przegl\u0105d polega m.in. na:&nbsp; Cel szkolenia&nbsp; Celem kursu jest przygotowanie uczestnika do uzyskania kwalifikacji konserwatora w\u00f3zk\u00f3w jezdniowych z mechanicznym nap\u0119dem podnoszenia. Kadra naszych specjalist\u00f3w, pomo\u017ce Ci w zdobyciu wymaganych uprawnie\u0144. Nasz o\u015brodek szkoleniowy posiada bardzo du\u017cy pr\u00f3g zdawalno\u015bci.&nbsp; Do kogo kierowane jest szkolenie?&nbsp; Szkolenie [&hellip;]<\/p>\n","protected":false},"author":1,"featured_media":2840,"parent":1828,"menu_order":0,"comment_status":"closed","ping_status":"closed","template":"","meta":{"sfsi_plus_gutenberg_text_before_share":"","sfsi_plus_gutenberg_show_text_before_share":"","sfsi_plus_gutenberg_icon_type":"","sfsi_plus_gutenberg_icon_alignemt":"","sfsi_plus_gutenburg_max_per_row":"","footnotes":""},"class_list":["post-2838","page","type-page","status-publish","has-post-thumbnail","hentry","has_thumb"],"aioseo_notices":[],"_links":{"self":[{"href":"https:\/\/odk-ergon.pl\/de\/wp-json\/wp\/v2\/pages\/2838","targetHints":{"allow":["GET"]}}],"collection":[{"href":"https:\/\/odk-ergon.pl\/de\/wp-json\/wp\/v2\/pages"}],"about":[{"href":"https:\/\/odk-ergon.pl\/de\/wp-json\/wp\/v2\/types\/page"}],"author":[{"embeddable":true,"href":"https:\/\/odk-ergon.pl\/de\/wp-json\/wp\/v2\/users\/1"}],"replies":[{"embeddable":true,"href":"https:\/\/odk-ergon.pl\/de\/wp-json\/wp\/v2\/comments?post=2838"}],"version-history":[{"count":4,"href":"https:\/\/odk-ergon.pl\/de\/wp-json\/wp\/v2\/pages\/2838\/revisions"}],"predecessor-version":[{"id":3280,"href":"https:\/\/odk-ergon.pl\/de\/wp-json\/wp\/v2\/pages\/2838\/revisions\/3280"}],"up":[{"embeddable":true,"href":"https:\/\/odk-ergon.pl\/de\/wp-json\/wp\/v2\/pages\/1828"}],"wp:featuredmedia":[{"embeddable":true,"href":"https:\/\/odk-ergon.pl\/de\/wp-json\/wp\/v2\/media\/2840"}],"wp:attachment":[{"href":"https:\/\/odk-ergon.pl\/de\/wp-json\/wp\/v2\/media?parent=2838"}],"curies":[{"name":"wp","href":"https:\/\/api.w.org\/{rel}","templated":true}]}}