{"id":2987,"date":"2023-03-24T14:49:54","date_gmt":"2023-03-24T13:49:54","guid":{"rendered":"https:\/\/odk-ergon.pl\/?page_id=2987"},"modified":"2023-03-25T00:33:47","modified_gmt":"2023-03-24T23:33:47","slug":"krane-tragbare-krane","status":"publish","type":"page","link":"https:\/\/odk-ergon.pl\/de\/szkolenia\/uprawnienia-udt-tdt\/zurawie-przenosne-przewozne\/","title":{"rendered":"Ausbildung f\u00fcr Mobil- und Transportkrane - Anspr\u00fcche des Technischen \u00dcberwachungsvereins"},"content":{"rendered":"\n<p>\u017burawie przeno\u015bne, inaczej prze\u0142adunkowe, zwane te\u017c samojezdnymi to maszyny, gdzie mi\u0119dzy kabin\u0105 operatora, a cz\u0119\u015bci\u0105 ci\u0119\u017car\u00f3wkow\u0105 pojazdu zamontowany jest \u017curaw.&nbsp;<\/p>\n\n\n\n<p>S\u0105 to maszyny niezwykle pomocne przy wszelkich pracach prze\u0142adunkowych na budowie, lotniskach, w portach morskich, przy remontach, pracach transportowych czy w logistyce, a wi\u0119c wsz\u0119dzie tam, gdzie mamy do czynienia z wielkogabarytowymi \u0142adunkami, kt\u00f3rych nie da si\u0119 przemie\u015bci\u0107 przy u\u017cyciu ludzkiej si\u0142y.&nbsp;&nbsp;<\/p>\n\n\n\n<h2 class=\"wp-block-heading\"><strong>Maszyny te mo\u017cna podzieli\u0107 na kilka rodzaj\u00f3w<\/strong><strong><\/strong>&nbsp;<\/h2>\n\n\n\n<p>Poza przeno\u015bnymi i przewo\u017anymi, istniej\u0105 r\u00f3wnie\u017c \u017curawie:&nbsp;<\/p>\n\n\n\n<ul class=\"wp-block-list\">\n<li>samochodowe,&nbsp;<\/li>\n\n\n\n<li>g\u0105sienicowe,&nbsp;<\/li>\n\n\n\n<li>jezdniowo \u2013 terenowe,&nbsp;<\/li>\n\n\n\n<li>terenowo \u2013 ko\u0142owe.&nbsp;<\/li>\n<\/ul>\n\n\n\n<p>Ponadto warto wiedzie\u0107, \u017ce w przypadku \u017curawi mo\u017cemy si\u0119 te\u017c spotka\u0107 z trzema r\u00f3\u017cnymi rodzajami nap\u0119du, a s\u0105 to:&nbsp;&nbsp;<\/p>\n\n\n\n<ul class=\"wp-block-list\">\n<li>spalinowo \u2013 mechaniczny,&nbsp;&nbsp;<\/li>\n\n\n\n<li>spalinowo \u2013 hydrauliczny,&nbsp;<\/li>\n\n\n\n<li>spalinowo \u2013 elektryczny.&nbsp;<\/li>\n<\/ul>\n\n\n<div class=\"wp-block-image\">\n<figure class=\"alignleft size-large is-resized\"><a href=\"https:\/\/odk-ergon.pl\/wp-content\/uploads\/2023\/03\/przewozny.jpg\"><img loading=\"lazy\" decoding=\"async\" src=\"https:\/\/odk-ergon.pl\/wp-content\/uploads\/2023\/03\/przewozny-1024x681.jpg\" alt=\"\u017curaw przewo\u017any podczas pracy\" class=\"wp-image-2989\" width=\"512\" height=\"341\" srcset=\"https:\/\/odk-ergon.pl\/wp-content\/uploads\/2023\/03\/przewozny-1024x681.jpg 1024w, https:\/\/odk-ergon.pl\/wp-content\/uploads\/2023\/03\/przewozny-300x199.jpg 300w, https:\/\/odk-ergon.pl\/wp-content\/uploads\/2023\/03\/przewozny-768x511.jpg 768w, https:\/\/odk-ergon.pl\/wp-content\/uploads\/2023\/03\/przewozny-18x12.jpg 18w, https:\/\/odk-ergon.pl\/wp-content\/uploads\/2023\/03\/przewozny-624x415.jpg 624w, https:\/\/odk-ergon.pl\/wp-content\/uploads\/2023\/03\/przewozny.jpg 1170w\" sizes=\"auto, (max-width: 512px) 100vw, 512px\" \/><\/a><\/figure>\n<\/div>\n\n\n<p>Ud\u017awig \u017curawia zale\u017cy natomiast od: d\u0142ugo\u015bci wysi\u0119gu oraz wysi\u0119gnika i jego k\u0105ta nachylenia, rodzaju olinowania i sposob\u00f3w podparcia \u017curawia.&nbsp;<\/p>\n\n\n\n<p>\u017beby jednak m\u00f3c pracowa\u0107 z tymi maszynami, trzeba mie\u0107 kwalifikacje oraz odpowiednie uprawnienia, kt\u00f3re wydaje Urz\u0105d Dozoru Technicznego.&nbsp;<\/p>\n\n\n\n<p>W zwi\u0105zku z tym, warto wzi\u0105\u0107 udzia\u0142 w szkoleniu na obs\u0142ug\u0119 \u017curawi, co daje ogromne mo\u017cliwo\u015bci pracy w rozleg\u0142ych ga\u0142\u0119ziach przemys\u0142u. Na naszych szkoleniach dowiesz si\u0119 wielu przydatnych informacji odno\u015bnie tych urz\u0105dze\u0144, a b\u0119d\u0105 to m.in.:&nbsp;<\/p>\n\n\n\n<ul class=\"wp-block-list\">\n<li>parametry \u017curawia, przyk\u0142adowo: granice ud\u017awigu czy wysi\u0119gu i inne informacje, kt\u00f3rych znajomo\u015b\u0107 jest niezb\u0119dna do w\u0142a\u015bciwego u\u017cywania maszyny,&nbsp;<\/li>\n\n\n\n<li>funkcje i dzia\u0142anie uk\u0142ad\u00f3w,&nbsp;<\/li>\n\n\n\n<li>wszelkie zagadnienia dotycz\u0105ce nap\u0119du hydraulicznego, zar\u00f3wno budowa, jak i dzia\u0142anie,&nbsp;<\/li>\n\n\n\n<li>sterowanie maszyn\u0105 \u2013 sposoby sterowania, stabilne utrzymanie i jak dzia\u0142a\u0107 w wypadku okoliczno\u015bci niebezpiecznych,&nbsp;<\/li>\n\n\n\n<li>zasady bezpiecze\u0144stwa, w tym BHP oraz stabilno\u015bci,&nbsp;<\/li>\n\n\n\n<li>nauka odczytu symboli graficznych dotycz\u0105cych obs\u0142ugi,&nbsp;<\/li>\n\n\n\n<li>uprawnienia pozwalaj\u0105ce na bycie operatorem.&nbsp;<\/li>\n<\/ul>\n\n\n\n<p>Wy\u017cej wymieniona lista zawiera zagadnienia z cz\u0119\u015bci teoretycznej. Oczywi\u015bcie po przyswojeniu teorii, ka\u017cdy uczestnik nauczy si\u0119 wykorzystywa\u0107 j\u0105 w praktyce oraz b\u0119dzie \u0107wiczy\u0142 rzeczywist\u0105 prac\u0119 z \u017curawiami na placu manewrowym.&nbsp;<\/p>\n\n\n\n<h2 class=\"wp-block-heading\"><strong>Nasze szkolenia<\/strong>&nbsp;<\/h2>\n\n\n\n<p>Kurs mo\u017cesz zrobi\u0107 w naszym o\u015brodku lub w wybranym przez Ciebie miejscu \u2013 na \u017cyczenie nasz szkoleniowiec doje\u017cd\u017ca do klienta. &nbsp;<br>Ca\u0142o\u015b\u0107 ko\u0144czy si\u0119 egzaminem zdawanym przed komisj\u0105 UDT. Pozytywny wynik obu cz\u0119\u015bci gwarantuje zdobycie uprawnie\u0144 i otrzymanie certyfikatu potwierdzaj\u0105cego mo\u017cliwo\u015bci pracy na stanowisku operatora \u017curawi przeno\u015bnych i przewo\u017anych.&nbsp;<\/p>\n\n\n\n<h2 class=\"wp-block-heading\">Aby jednak w og\u00f3le przyst\u0105pi\u0107 do szkolenia, trzeba spe\u0142ni\u0107 pewne warunki, a s\u0105 to:&nbsp;<\/h2>\n\n\n\n<ul class=\"wp-block-list\">\n<li>uko\u0144czenie 18 roku \u017cycia,&nbsp;<\/li>\n\n\n\n<li>wykszta\u0142cenie co najmniej podstawowe,&nbsp;<\/li>\n\n\n\n<li>brak zdrowotnych przeciwwskaza\u0144 (udokumentowanych) do pracy na stanowisku,&nbsp;<\/li>\n\n\n\n<li>prawo jazdy kategorii C.&nbsp;<\/li>\n<\/ul>\n\n\n\n<p>Certyfikowany operator mo\u017ce p\u00f3\u017aniej pracowa\u0107 ze wszystkimi typami \u017curawi przeno\u015bnych, bez wzgl\u0119du na: mark\u0119, ud\u017awig czy wysi\u0119g. Wraz z dodatkowym osprz\u0119tem, jaki mo\u017ce by\u0107 zamontowany na poje\u017adzie.&nbsp;<\/p>\n\n\n\n<h2 class=\"wp-block-heading\"><strong>Co otrzymujesz po zdanym egzaminie?<\/strong>&nbsp;<\/h2>\n\n\n\n<ul class=\"wp-block-list\">\n<li>legitymacj\u0119 UDT \u2013 certyfikat uprawniaj\u0105cy do pracy z \u017curawiami przeno\u015bnymi,&nbsp;<\/li>\n\n\n\n<li>za\u015bwiadczenie i uko\u0144czeniu kursu z opisem programu teoretycznego,&nbsp;<\/li>\n\n\n\n<li>za\u015bwiadczenie o zdanych psychotestach niezb\u0119dnych do pracy na tym stanowisku.&nbsp;<\/li>\n<\/ul>\n\n\n\n<p>Uprawnienia otrzymuje si\u0119 na okres 5 lat, jednak w razie konieczno\u015bci mo\u017cna je przed\u0142u\u017cy\u0107. Warunkiem ku temu jest czynne wykonywane tego zawodu przez minimum 3 lata podczas okresu wa\u017cno\u015bci uprawnie\u0144. We wniosku o przed\u0142u\u017cenie, nale\u017cy umie\u015bci\u0107 formu\u0142\u0119:&nbsp;<\/p>\n\n\n\n<p><strong><em>\u201eO\u015bwiadczam, \u017ce wykonywa\u0142em(\u2013\u0142am) czynno\u015bci w zakresie okre\u015blonym we wskazanym w tym wniosku za\u015bwiadczeniu kwalifikacyjnym przez co najmniej trzy lata, w okresie ostatnich 5 lat wa\u017cno\u015bci tego za\u015bwiadczenia. Jestem \u015bwiadomy(\u2013ma) odpowiedzialno\u015bci karnej za z\u0142o\u017cenie fa\u0142szywego o\u015bwiadczenia, wynikaj\u0105cej z art. 233 \u00a7 6 ustawy z dnia 6 czerwca 1997 r. \u2013 Kodeks karny.\u201d&nbsp;<\/em><\/strong>&nbsp;<\/p>\n\n\n\n<p>Wa\u017cn\u0105 informacj\u0105 jest to, \u017ce wniosek mo\u017ce z\u0142o\u017cy\u0107 wy\u0142\u0105cznie osoba, kt\u00f3rej dotycz\u0105 uprawnienia i mo\u017ce zosta\u0107 z\u0142o\u017cony wy\u0142\u0105cznie do jednostki UDT. \u201eNowe\u201d pozwolenie na prac\u0119 jest wa\u017cne kolejne 5 lat. Co r\u00f3wnie\u017c istotne, odnowione uprawnienia s\u0105 niewa\u017cne, dop\u00f3ki od wystawienia pierwotnego dokumentu nie up\u0142yn\u0119\u0142o pe\u0142ne 5 lat. &nbsp;<\/p>\n\n\n\n<h2 class=\"wp-block-heading\"><strong>Szkolenia przypominaj\u0105ce&nbsp;<\/strong>&nbsp;<\/h2>\n\n\n\n<figure class=\"wp-block-image size-large is-resized\"><a href=\"https:\/\/odk-ergon.pl\/wp-content\/uploads\/2023\/03\/przewozny-2.jpg\"><img loading=\"lazy\" decoding=\"async\" src=\"https:\/\/odk-ergon.pl\/wp-content\/uploads\/2023\/03\/przewozny-2-1024x781.jpg\" alt=\"obs\u0142uga \u017curawia przewo\u017anego\" class=\"wp-image-2990\" width=\"512\" height=\"391\" srcset=\"https:\/\/odk-ergon.pl\/wp-content\/uploads\/2023\/03\/przewozny-2-1024x781.jpg 1024w, https:\/\/odk-ergon.pl\/wp-content\/uploads\/2023\/03\/przewozny-2-300x229.jpg 300w, https:\/\/odk-ergon.pl\/wp-content\/uploads\/2023\/03\/przewozny-2-768x586.jpg 768w, https:\/\/odk-ergon.pl\/wp-content\/uploads\/2023\/03\/przewozny-2-1536x1172.jpg 1536w, https:\/\/odk-ergon.pl\/wp-content\/uploads\/2023\/03\/przewozny-2-16x12.jpg 16w, https:\/\/odk-ergon.pl\/wp-content\/uploads\/2023\/03\/przewozny-2-624x476.jpg 624w, https:\/\/odk-ergon.pl\/wp-content\/uploads\/2023\/03\/przewozny-2.jpg 1712w\" sizes=\"auto, (max-width: 512px) 100vw, 512px\" \/><\/a><\/figure>\n\n\n\n<p>Kursy przypominaj\u0105ce dla operator\u00f3w maj\u0105cych ju\u017c w posiadaniu <a href=\"https:\/\/odk-ergon.pl\/de\/szkolenia\/szkolenia-na-suwnice\/uprawnienia\/\">uprawnienia UDT<\/a> pozwalaj\u0105 zaoszcz\u0119dzi\u0107 czas, pieni\u0105dze i, co najwa\u017cniejsze, zwi\u0119kszy\u0107 bezpiecze\u0144stwo pracy.&nbsp;<\/p>\n\n\n\n<p>Mog\u0105 one dotyczy\u0107 r\u00f3\u017cnych kwestii, w zale\u017cno\u015bci od potrzeb klienta. Ich program jest ustalany indywidualnie z kierownikiem zak\u0142adu czy brygadzist\u0105 i odbywa si\u0119 w miejscu pracy.&nbsp;<br>Najcz\u0119\u015bciej jednak poruszane zagadnienia to:&nbsp;<\/p>\n\n\n\n<ul class=\"wp-block-list\">\n<li>\u015brodek ci\u0119\u017cko\u015bci,&nbsp;&nbsp;<\/li>\n\n\n\n<li>bezpiecze\u0144stwo podczas pracy z maszyn\u0105,&nbsp;<\/li>\n\n\n\n<li>bezpiecze\u0144stwo pieszych i widoczno\u015b\u0107 &#8211; nierzadko bowiem si\u0119 zdarza, \u017ce pieszy nie zauwa\u017cy zbli\u017caj\u0105cego si\u0119 \u017curawia, z r\u00f3\u017cnych powod\u00f3w i mo\u017ce doj\u015b\u0107 do wypadku.&nbsp;<\/li>\n<\/ul>\n\n\n\n<p>Szkolenia przypominaj\u0105ce maj\u0105 na celu eliminacje czynnik\u00f3w niebezpiecznych oraz wypadk\u00f3w w pracy.&nbsp;<\/p>\n\n\n\n<p>Masz pytania lub zdecydowa\u0142e\u015b si\u0119 przyst\u0105pi\u0107 do szkolenia? Zapraszamy do kontaktu telefonicznego lub mailowego, aby ustali\u0107 szczeg\u00f3\u0142y.&nbsp;&nbsp;<\/p>\n\n\n\n<h2 class=\"wp-block-heading\">Pytania i odpowiedzi<\/h2>\n\n\n\t\t<details\t\thelp class=\"sc_fs_faq sc_card    \"\n\t\topen\t\t>\n\t\t\t\t\t<summary>\n\t\t\t\t<h3>Jakie s\u0105 wymagania dla operatora \u017curawi?<\/h3>\t\t\t\t\t<\/summary>\n\t\t\t\t<div>\n\t\t\t\t\t\t<div class=\"sc_fs_faq__content\">\n\t\t\t\t\n\n<p>Ka\u017cdy chc\u0105cy wzi\u0105\u0107 udzia\u0142 w szkoleniu musi by\u0107 pe\u0142noletni, mie\u0107 minimum podstawowe wykszta\u0142cenie, brak zdrowotnych przeciwwskaza\u0144 oraz posiada\u0107 prawo jazdy kategorii C.<\/p>\n\n\t\t\t<\/div>\n\t\t<\/div>\n\t\t<\/details>\n\t\t\t\t<details\t\thelp class=\"sc_fs_faq sc_card    \"\n\t\t\t\t>\n\t\t\t\t\t<summary>\n\t\t\t\t<h3>Czy po zdaniu egzaminu otrzymam certyfikat?<\/h3>\t\t\t\t\t<\/summary>\n\t\t\t\t<div>\n\t\t\t\t\t\t<div class=\"sc_fs_faq__content\">\n\t\t\t\t\n\n<p>Ka\u017cdy, kto pozytywnie zda egzamin, dostaje legitymacje UDT b\u0119d\u0105c\u0105 jednocze\u015bnie uprawnieniami oraz za\u015bwiadczenie o odbytym szkoleniu, wraz z psychotestami.<\/p>\n\n\t\t\t<\/div>\n\t\t<\/div>\n\t\t<\/details>\n\t\t\t\t<details\t\thelp class=\"sc_fs_faq sc_card    \"\n\t\t\t\t>\n\t\t\t\t\t<summary>\n\t\t\t\t<h3>Czego dowiem si\u0119 na szkoleniu?<\/h3>\t\t\t\t\t<\/summary>\n\t\t\t\t<div>\n\t\t\t\t\t\t<div class=\"sc_fs_faq__content\">\n\t\t\t\t\n\n<p>Na kursie przeka\u017cemy Ci obszern\u0105 wiedz\u0119 teoretyczn\u0105, na kt\u00f3r\u0105 sk\u0142adaj\u0105 si\u0119 m.in. funkcje i budowa \u017curawi, wszystko o nap\u0119dzie hydraulicznym czy zasady BHP. Ponadto odb\u0119dziesz te\u017c kurs praktyczny, gdzie nauczysz si\u0119 sterowania urz\u0105dzeniem na placu manewrowym.&nbsp;<\/p>\n\n\t\t\t<\/div>\n\t\t<\/div>\n\t\t<\/details>\n\t\t\n<script type=\"application\/ld+json\">\n\t{\n\t\t\"@context\": \"https:\/\/schema.org\",\n\t\t\"@type\": \"FAQPage\",\n\t\t\"mainEntity\": [\n\t\t\t\t\t{\n\t\t\t\t\"@type\": \"Question\",\n\t\t\t\t\"name\": \"Jakie s\u0105 wymagania dla operatora \u017curawi?\",\n\t\t\t\t\"acceptedAnswer\": {\n\t\t\t\t\t\"@type\": \"Answer\",\n\t\t\t\t\t\"text\": \"<p>Ka\u017cdy chc\u0105cy wzi\u0105\u0107 udzia\u0142 w szkoleniu musi by\u0107 pe\u0142noletni, mie\u0107 minimum podstawowe wykszta\u0142cenie, brak zdrowotnych przeciwwskaza\u0144 oraz posiada\u0107 prawo jazdy kategorii C.<\/p>\"\n\t\t\t\t\t\t\t\t\t}\n\t\t\t}\n\t\t\t,\t\t\t\t{\n\t\t\t\t\"@type\": \"Question\",\n\t\t\t\t\"name\": \"Czy po zdaniu egzaminu otrzymam certyfikat?\",\n\t\t\t\t\"acceptedAnswer\": {\n\t\t\t\t\t\"@type\": \"Answer\",\n\t\t\t\t\t\"text\": \"<p>Ka\u017cdy, kto pozytywnie zda egzamin, dostaje legitymacje UDT b\u0119d\u0105c\u0105 jednocze\u015bnie uprawnieniami oraz za\u015bwiadczenie o odbytym szkoleniu, wraz z psychotestami.<\/p>\"\n\t\t\t\t\t\t\t\t\t}\n\t\t\t}\n\t\t\t,\t\t\t\t{\n\t\t\t\t\"@type\": \"Question\",\n\t\t\t\t\"name\": \"Czego dowiem si\u0119 na szkoleniu?\",\n\t\t\t\t\"acceptedAnswer\": {\n\t\t\t\t\t\"@type\": \"Answer\",\n\t\t\t\t\t\"text\": \"<p>Na kursie przeka\u017cemy Ci obszern\u0105 wiedz\u0119 teoretyczn\u0105, na kt\u00f3r\u0105 sk\u0142adaj\u0105 si\u0119 m.in. funkcje i budowa \u017curawi, wszystko o nap\u0119dzie hydraulicznym czy zasady BHP. Ponadto odb\u0119dziesz te\u017c kurs praktyczny, gdzie nauczysz si\u0119 sterowania urz\u0105dzeniem na placu manewrowym.&nbsp;<\/p>\"\n\t\t\t\t\t\t\t\t\t}\n\t\t\t}\n\t\t\t\t\t\t]\n\t}\n<\/script>\n","protected":false},"excerpt":{"rendered":"<p>\u017burawie przeno\u015bne, inaczej prze\u0142adunkowe, zwane te\u017c samojezdnymi to maszyny, gdzie mi\u0119dzy kabin\u0105 operatora, a cz\u0119\u015bci\u0105 ci\u0119\u017car\u00f3wkow\u0105 pojazdu zamontowany jest \u017curaw.&nbsp; S\u0105 to maszyny niezwykle pomocne przy wszelkich pracach prze\u0142adunkowych na budowie, lotniskach, w portach morskich, przy remontach, pracach transportowych czy w logistyce, a wi\u0119c wsz\u0119dzie tam, gdzie mamy do czynienia z wielkogabarytowymi \u0142adunkami, kt\u00f3rych nie da si\u0119 przemie\u015bci\u0107 przy u\u017cyciu ludzkiej si\u0142y.&nbsp;&nbsp; Maszyny te mo\u017cna podzieli\u0107 na kilka rodzaj\u00f3w&nbsp; Poza przeno\u015bnymi i przewo\u017anymi, istniej\u0105 r\u00f3wnie\u017c \u017curawie:&nbsp; Ponadto warto wiedzie\u0107, \u017ce w przypadku \u017curawi mo\u017cemy si\u0119 te\u017c spotka\u0107 z trzema r\u00f3\u017cnymi rodzajami nap\u0119du, a s\u0105 to:&nbsp;&nbsp; Ud\u017awig \u017curawia zale\u017cy natomiast od: d\u0142ugo\u015bci wysi\u0119gu oraz wysi\u0119gnika i jego k\u0105ta nachylenia, rodzaju olinowania i sposob\u00f3w podparcia \u017curawia.&nbsp; \u017beby jednak m\u00f3c pracowa\u0107 z tymi maszynami, trzeba mie\u0107 kwalifikacje oraz odpowiednie uprawnienia, kt\u00f3re wydaje Urz\u0105d Dozoru Technicznego.&nbsp; W zwi\u0105zku z tym, warto wzi\u0105\u0107 udzia\u0142 w szkoleniu na obs\u0142ug\u0119 \u017curawi, co daje ogromne mo\u017cliwo\u015bci pracy w rozleg\u0142ych ga\u0142\u0119ziach przemys\u0142u. Na naszych szkoleniach dowiesz si\u0119 wielu przydatnych informacji odno\u015bnie tych urz\u0105dze\u0144, a b\u0119d\u0105 to m.in.:&nbsp; Wy\u017cej wymieniona lista zawiera zagadnienia z cz\u0119\u015bci teoretycznej. Oczywi\u015bcie po przyswojeniu teorii, ka\u017cdy uczestnik nauczy si\u0119 wykorzystywa\u0107 j\u0105 w praktyce oraz b\u0119dzie \u0107wiczy\u0142 rzeczywist\u0105 prac\u0119 z \u017curawiami na placu manewrowym.&nbsp; Nasze szkolenia&nbsp; Kurs mo\u017cesz zrobi\u0107 w naszym o\u015brodku lub w wybranym przez Ciebie miejscu \u2013 na \u017cyczenie nasz szkoleniowiec doje\u017cd\u017ca do klienta. &nbsp;Ca\u0142o\u015b\u0107 ko\u0144czy si\u0119 egzaminem zdawanym przed komisj\u0105 UDT. Pozytywny wynik obu cz\u0119\u015bci gwarantuje zdobycie uprawnie\u0144 i otrzymanie certyfikatu potwierdzaj\u0105cego mo\u017cliwo\u015bci pracy na stanowisku operatora \u017curawi przeno\u015bnych i przewo\u017anych.&nbsp; Aby jednak w og\u00f3le przyst\u0105pi\u0107 do szkolenia, [&hellip;]<\/p>\n","protected":false},"author":1,"featured_media":2988,"parent":1828,"menu_order":0,"comment_status":"closed","ping_status":"closed","template":"","meta":{"sfsi_plus_gutenberg_text_before_share":"","sfsi_plus_gutenberg_show_text_before_share":"","sfsi_plus_gutenberg_icon_type":"","sfsi_plus_gutenberg_icon_alignemt":"","sfsi_plus_gutenburg_max_per_row":"","footnotes":""},"class_list":["post-2987","page","type-page","status-publish","has-post-thumbnail","hentry","has_thumb"],"aioseo_notices":[],"_links":{"self":[{"href":"https:\/\/odk-ergon.pl\/de\/wp-json\/wp\/v2\/pages\/2987","targetHints":{"allow":["GET"]}}],"collection":[{"href":"https:\/\/odk-ergon.pl\/de\/wp-json\/wp\/v2\/pages"}],"about":[{"href":"https:\/\/odk-ergon.pl\/de\/wp-json\/wp\/v2\/types\/page"}],"author":[{"embeddable":true,"href":"https:\/\/odk-ergon.pl\/de\/wp-json\/wp\/v2\/users\/1"}],"replies":[{"embeddable":true,"href":"https:\/\/odk-ergon.pl\/de\/wp-json\/wp\/v2\/comments?post=2987"}],"version-history":[{"count":5,"href":"https:\/\/odk-ergon.pl\/de\/wp-json\/wp\/v2\/pages\/2987\/revisions"}],"predecessor-version":[{"id":3412,"href":"https:\/\/odk-ergon.pl\/de\/wp-json\/wp\/v2\/pages\/2987\/revisions\/3412"}],"up":[{"embeddable":true,"href":"https:\/\/odk-ergon.pl\/de\/wp-json\/wp\/v2\/pages\/1828"}],"wp:featuredmedia":[{"embeddable":true,"href":"https:\/\/odk-ergon.pl\/de\/wp-json\/wp\/v2\/media\/2988"}],"wp:attachment":[{"href":"https:\/\/odk-ergon.pl\/de\/wp-json\/wp\/v2\/media?parent=2987"}],"curies":[{"name":"wp","href":"https:\/\/api.w.org\/{rel}","templated":true}]}}