{"id":3041,"date":"2023-03-24T15:29:38","date_gmt":"2023-03-24T14:29:38","guid":{"rendered":"https:\/\/odk-ergon.pl\/?page_id=3041"},"modified":"2023-03-25T00:24:11","modified_gmt":"2023-03-24T23:24:11","slug":"lader-teleskope-service-wartung","status":"publish","type":"page","link":"https:\/\/odk-ergon.pl\/de\/zakres-uslug\/naprawa-urzadzen-udt\/ladowarki-teleskopowe-serwis-konserwacja\/","title":{"rendered":"Teleskopstapler - Service, Wartung und Bedienerschulung"},"content":{"rendered":"\n<h2 class=\"wp-block-heading\"><strong>Serwis i konserwacja<\/strong>&nbsp;<\/h2>\n\n\n\n<p>Nasza firma posiadaj\u0105ca g\u0142\u00f3wn\u0105 siedzib\u0119 w Warszawie ma wieloletnie do\u015bwiadczenie w tego typu pracach potwierdzone certyfikatami. Posiadamy wszelkie niezb\u0119dne narz\u0119dzia, kt\u00f3re pomog\u0105 sprawdzi\u0107 stan techniczny Twojej maszyny oraz j\u0105 naprawi\u0107. W przypadku braku mo\u017cliwo\u015bci dostarczenia maszyny do naszego serwisu, oferujemy dojazd do klienta.&nbsp;<\/p>\n\n\n\n<p>Specjalistyczne w\u00f3zki wid\u0142owe, czyli \u0142adowarki teleskopowe to urz\u0105dzenia niezwykle wszechstronne. Pracuj\u0105 w ka\u017cdych warunkach pogodowych i w ka\u017cdym terenie. Radz\u0105 sobie z ka\u017cd\u0105 ci\u0119\u017csz\u0105 prac\u0105 na budowie i s\u0105 pomocne przy pracach, gdzie potrzeba du\u017co si\u0142y, z kt\u00f3r\u0105 o wiele lepiej poradzi sobie specjalistyczne urz\u0105dzenie, ni\u017c sam cz\u0142owiek. Jak ka\u017cda tego typu maszyna, potrzebuj\u0105 okresowych przegl\u0105d\u00f3w, konserwacji oraz napraw.&nbsp;<\/p>\n\n\n\n<h2 class=\"wp-block-heading\"><strong>Szkolenia<\/strong>&nbsp;<\/h2>\n\n\n\n<p>Opr\u00f3cz serwisu oferujemy szkolenia dla operator\u00f3w \u0142adowarek i nie tylko. Zdob\u0105d\u017a uprawnienia potwierdzone certyfikatem i rozpocznij prac\u0119 na budowie, lub gdziekolwiek chcesz, przy obs\u0142udze tych maszyn. R\u00f3wnie\u017c za granic\u0105.&nbsp;<\/p>\n\n\n\n<figure class=\"wp-block-image size-large is-resized\"><a href=\"https:\/\/odk-ergon.pl\/wp-content\/uploads\/2023\/03\/ladowarka-3.webp\"><img loading=\"lazy\" decoding=\"async\" src=\"https:\/\/odk-ergon.pl\/wp-content\/uploads\/2023\/03\/ladowarka-3-1024x576.webp\" alt=\"konserwacja urz\u0105dzenia \" class=\"wp-image-3043\" width=\"512\" height=\"288\" srcset=\"https:\/\/odk-ergon.pl\/wp-content\/uploads\/2023\/03\/ladowarka-3-1024x576.webp 1024w, https:\/\/odk-ergon.pl\/wp-content\/uploads\/2023\/03\/ladowarka-3-300x169.webp 300w, https:\/\/odk-ergon.pl\/wp-content\/uploads\/2023\/03\/ladowarka-3-768x432.webp 768w, https:\/\/odk-ergon.pl\/wp-content\/uploads\/2023\/03\/ladowarka-3-1536x864.webp 1536w, https:\/\/odk-ergon.pl\/wp-content\/uploads\/2023\/03\/ladowarka-3-2048x1152.webp 2048w, https:\/\/odk-ergon.pl\/wp-content\/uploads\/2023\/03\/ladowarka-3-18x10.webp 18w, https:\/\/odk-ergon.pl\/wp-content\/uploads\/2023\/03\/ladowarka-3-624x351.webp 624w\" sizes=\"auto, (max-width: 512px) 100vw, 512px\" \/><\/a><\/figure>\n\n\n\n<h2 class=\"wp-block-heading\"><strong>Doradztwo i pomoc<\/strong>&nbsp;<\/h2>\n\n\n\n<p>A mo\u017ce potrzebujesz porady przed zakupem urz\u0105dzenia? Ch\u0119tnie pomo\u017cemy w wyborze najlepszego dla Ciebie modelu. Nasz cel to Twoje zadowolenie.&nbsp;<\/p>\n\n\n\n<p>Je\u015bli jeszcze nie zarejestrowa\u0142e\u015b swojej \u0142adowarki, dobrze trafi\u0142e\u015b. Proces rejestracji wymaga odpowiedniej procedury i dokument\u00f3w. Pomo\u017cemy Ci przez niego przej\u015b\u0107 oraz wesprzemy w kontakcie z Urz\u0119dem Dozoru Technicznego.&nbsp;<\/p>\n\n\n\n<h2 class=\"wp-block-heading\">Pe\u0142na lista naszych us\u0142ug przedstawia si\u0119 nast\u0119puj\u0105co:&nbsp;<\/h2>\n\n\n\n<ul class=\"wp-block-list\">\n<li>diagnostyka problemu \u2013 dlaczego \u0142adowarka nie dzia\u0142a poprawnie?;&nbsp;<\/li>\n\n\n\n<li>naprawa oraz modernizacja \u0142adowarek niezale\u017cnie od wyst\u0119puj\u0105cej usterki. Naprawiamy i wymieniamy wszystkie cz\u0119\u015bci wymienne;&nbsp;<\/li>\n\n\n\n<li>okresowa konserwacja, aby Twoje urz\u0105dzenie by\u0142o zawsze w pe\u0142ni sprawne;&nbsp;<\/li>\n\n\n\n<li>szkolenia z obs\u0142ugi \u0142adowarek teleskopowych potwierdzone certyfikatem UDT;&nbsp;<\/li>\n\n\n\n<li>pomoc w rejestracji maszyny w Urz\u0119dzie Dozoru Technicznego;&nbsp;<\/li>\n\n\n\n<li>fachowa porada przed zakupem urz\u0105dzenia.&nbsp;<\/li>\n<\/ul>\n\n\n\n<h2 class=\"wp-block-heading\">Pytania i odpowiedzi <\/h2>\n\n\n\t\t<details\t\thelp class=\"sc_fs_faq sc_card    \"\n\t\topen\t\t>\n\t\t\t\t\t<summary>\n\t\t\t\t<h3>Dlaczego w\u0142a\u015bnie nasz serwis?  <\/h3>\t\t\t\t\t<\/summary>\n\t\t\t\t<div>\n\t\t\t\t\t\t<div class=\"sc_fs_faq__content\">\n\t\t\t\t\n\n<p>Nasza firma z g\u0142\u00f3wn\u0105 siedzib\u0105 w Warszawie ma wieloletnie do\u015bwiadczenie w tego typu pracach potwierdzone certyfikatami. Posiadamy wszelkie niezb\u0119dne narz\u0119dzia, kt\u00f3re pomog\u0105 sprawdzi\u0107 stan techniczny Twojej maszyny oraz j\u0105 naprawi\u0107.&nbsp;<\/p>\n\n\t\t\t<\/div>\n\t\t<\/div>\n\t\t<\/details>\n\t\t\t\t<details\t\thelp class=\"sc_fs_faq sc_card    \"\n\t\t\t\t>\n\t\t\t\t\t<summary>\n\t\t\t\t<h3>Czy pomagamy w formalno\u015bciach z UDT?  <\/h3>\t\t\t\t\t<\/summary>\n\t\t\t\t<div>\n\t\t\t\t\t\t<div class=\"sc_fs_faq__content\">\n\t\t\t\t\n\n<p>Proces rejestracji wymaga odpowiedniej procedury i dokument\u00f3w. Pomo\u017cemy Ci przez niego przej\u015b\u0107 oraz wesprzemy w kontakcie z Urz\u0119dem Dozoru Technicznego.&nbsp;<\/p>\n\n\t\t\t<\/div>\n\t\t<\/div>\n\t\t<\/details>\n\t\t\t\t<details\t\thelp class=\"sc_fs_faq sc_card    \"\n\t\t\t\t>\n\t\t\t\t\t<summary>\n\t\t\t\t<h3>Czy naprawa jest mo\u017cliwa tylko w serwisie?  <\/h3>\t\t\t\t\t<\/summary>\n\t\t\t\t<div>\n\t\t\t\t\t\t<div class=\"sc_fs_faq__content\">\n\t\t\t\t\n\n<p>W przypadku braku mo\u017cliwo\u015bci dostarczenia maszyny do naszego serwisu, oferujemy dojazd do klienta. Skontaktuj si\u0119 z nami i poznaj szczeg\u00f3\u0142y naszych us\u0142ug.&nbsp;<\/p>\n\n\t\t\t<\/div>\n\t\t<\/div>\n\t\t<\/details>\n\t\t\n<script type=\"application\/ld+json\">\n\t{\n\t\t\"@context\": \"https:\/\/schema.org\",\n\t\t\"@type\": \"FAQPage\",\n\t\t\"mainEntity\": [\n\t\t\t\t\t{\n\t\t\t\t\"@type\": \"Question\",\n\t\t\t\t\"name\": \"Dlaczego w\u0142a\u015bnie nasz serwis?  \",\n\t\t\t\t\"acceptedAnswer\": {\n\t\t\t\t\t\"@type\": \"Answer\",\n\t\t\t\t\t\"text\": \"<p>Nasza firma z g\u0142\u00f3wn\u0105 siedzib\u0105 w Warszawie ma wieloletnie do\u015bwiadczenie w tego typu pracach potwierdzone certyfikatami. Posiadamy wszelkie niezb\u0119dne narz\u0119dzia, kt\u00f3re pomog\u0105 sprawdzi\u0107 stan techniczny Twojej maszyny oraz j\u0105 naprawi\u0107.&nbsp;<\/p>\"\n\t\t\t\t\t\t\t\t\t}\n\t\t\t}\n\t\t\t,\t\t\t\t{\n\t\t\t\t\"@type\": \"Question\",\n\t\t\t\t\"name\": \"Czy pomagamy w formalno\u015bciach z UDT?  \",\n\t\t\t\t\"acceptedAnswer\": {\n\t\t\t\t\t\"@type\": \"Answer\",\n\t\t\t\t\t\"text\": \"<p>Proces rejestracji wymaga odpowiedniej procedury i dokument\u00f3w. Pomo\u017cemy Ci przez niego przej\u015b\u0107 oraz wesprzemy w kontakcie z Urz\u0119dem Dozoru Technicznego.&nbsp;<\/p>\"\n\t\t\t\t\t\t\t\t\t}\n\t\t\t}\n\t\t\t,\t\t\t\t{\n\t\t\t\t\"@type\": \"Question\",\n\t\t\t\t\"name\": \"Czy naprawa jest mo\u017cliwa tylko w serwisie?  \",\n\t\t\t\t\"acceptedAnswer\": {\n\t\t\t\t\t\"@type\": \"Answer\",\n\t\t\t\t\t\"text\": \"<p>W przypadku braku mo\u017cliwo\u015bci dostarczenia maszyny do naszego serwisu, oferujemy dojazd do klienta. Skontaktuj si\u0119 z nami i poznaj szczeg\u00f3\u0142y naszych us\u0142ug.&nbsp;<\/p>\"\n\t\t\t\t\t\t\t\t\t}\n\t\t\t}\n\t\t\t\t\t\t]\n\t}\n<\/script>\n","protected":false},"excerpt":{"rendered":"<p>Service und Wartung Unser Unternehmen mit Sitz in Warschau verf\u00fcgt \u00fcber eine langj\u00e4hrige Erfahrung in dieser Art von Arbeit, die durch Zertifikate best\u00e4tigt wird. Wir verf\u00fcgen \u00fcber alle notwendigen Werkzeuge, um den technischen Zustand Ihrer Maschine zu \u00fcberpr\u00fcfen und sie zu reparieren. Wenn es nicht m\u00f6glich ist, die Maschine zu unserem Service zu bringen, bieten wir an, zum Kunden zu kommen.  Spezialisierte Gabelstapler oder Telehandler sind \u00e4u\u00dferst vielseitige Maschinen. Sie arbeiten bei jedem Wetter und auf jedem Terrain. Sie bew\u00e4ltigen alle schwereren Arbeiten auf einer Baustelle und sind hilfreich bei Arbeiten, die viel Kraft erfordern, die eine Spezialmaschine viel besser bew\u00e4ltigen kann als ein Mann allein. Wie alle Maschinen dieser Art m\u00fcssen auch sie regelm\u00e4\u00dfig inspiziert, gewartet und repariert werden.  Schulungen Neben dem Service bieten wir auch Schulungen f\u00fcr Laderfahrer und mehr an. Lassen Sie sich zertifizieren und arbeiten Sie auf Baustellen oder wo immer Sie wollen mit diesen Maschinen. Auch im Ausland.  Beratung und Unterst\u00fctzung Vielleicht brauchen Sie vor dem Kauf einer Maschine eine Beratung? Wir helfen Ihnen gerne bei der Auswahl des f\u00fcr Sie besten Modells. Unser Ziel ist Ihre Zufriedenheit.  Wenn Sie Ihren Lader noch nicht angemeldet haben, sind Sie bei uns an der richtigen Adresse. Der Zulassungsprozess erfordert das richtige Verfahren und die richtigen Dokumente. Wir helfen Ihnen dabei und unterst\u00fctzen Sie bei der Kontaktaufnahme mit der Technischen \u00dcberwachungsbeh\u00f6rde.  Die vollst\u00e4ndige Liste unserer Dienstleistungen finden Sie im Folgenden:  Fragen und Antworten<\/p>","protected":false},"author":1,"featured_media":3042,"parent":3403,"menu_order":0,"comment_status":"closed","ping_status":"closed","template":"","meta":{"sfsi_plus_gutenberg_text_before_share":"","sfsi_plus_gutenberg_show_text_before_share":"","sfsi_plus_gutenberg_icon_type":"","sfsi_plus_gutenberg_icon_alignemt":"","sfsi_plus_gutenburg_max_per_row":"","footnotes":""},"class_list":["post-3041","page","type-page","status-publish","has-post-thumbnail","hentry","has_thumb"],"aioseo_notices":[],"_links":{"self":[{"href":"https:\/\/odk-ergon.pl\/de\/wp-json\/wp\/v2\/pages\/3041","targetHints":{"allow":["GET"]}}],"collection":[{"href":"https:\/\/odk-ergon.pl\/de\/wp-json\/wp\/v2\/pages"}],"about":[{"href":"https:\/\/odk-ergon.pl\/de\/wp-json\/wp\/v2\/types\/page"}],"author":[{"embeddable":true,"href":"https:\/\/odk-ergon.pl\/de\/wp-json\/wp\/v2\/users\/1"}],"replies":[{"embeddable":true,"href":"https:\/\/odk-ergon.pl\/de\/wp-json\/wp\/v2\/comments?post=3041"}],"version-history":[{"count":2,"href":"https:\/\/odk-ergon.pl\/de\/wp-json\/wp\/v2\/pages\/3041\/revisions"}],"predecessor-version":[{"id":3238,"href":"https:\/\/odk-ergon.pl\/de\/wp-json\/wp\/v2\/pages\/3041\/revisions\/3238"}],"up":[{"embeddable":true,"href":"https:\/\/odk-ergon.pl\/de\/wp-json\/wp\/v2\/pages\/3403"}],"wp:featuredmedia":[{"embeddable":true,"href":"https:\/\/odk-ergon.pl\/de\/wp-json\/wp\/v2\/media\/3042"}],"wp:attachment":[{"href":"https:\/\/odk-ergon.pl\/de\/wp-json\/wp\/v2\/media?parent=3041"}],"curies":[{"name":"wp","href":"https:\/\/api.w.org\/{rel}","templated":true}]}}